{"id":1018,"date":"2019-02-15T11:14:37","date_gmt":"2019-02-15T10:14:37","guid":{"rendered":"https:\/\/samhallsentreprenor.glokala.net\/2018-2019\/?page_id=1018"},"modified":"2019-02-15T11:14:37","modified_gmt":"2019-02-15T10:14:37","slug":"v8-webinar-uppgift-7","status":"publish","type":"page","link":"https:\/\/samhallsentreprenor.glokala.net\/2018-2019\/modul-3\/v8-webinar-uppgift-7\/","title":{"rendered":"v 8 Webinar om finansiering + uppgift 7"},"content":{"rendered":"\n<h2 class=\"wp-block-heading\"><a href=\"https:\/\/samhallsentreprenor.glokala.net\/2018-2019\/modul-3\/upg7-strategier-finansiering\/\" target=\"_blank\" rel=\"noreferrer noopener\" aria-label=\"Uppgift 7: Strategier f\u00f6r finansiering &amp; h\u00e5llbar ekonomi (opens in a new tab)\">Uppgift 7: Strategier f\u00f6r finansiering &amp; h\u00e5llbar ekonomi<\/a><\/h2>\n\n\n\n<p><strong>Inl\u00e4mning: <\/strong>11 mars.<\/p>\n\n\n\n<p>I den h\u00e4r uppgiften f\u00e5r du v\u00e4lja en av tv\u00e5 m\u00f6jligheter: <strong>Ett<\/strong> <strong>case om S\u00e4tra brunns utveckling<\/strong> eller <strong>research kring finansiering\/budget f\u00f6r ett projekt eller initiativ. <\/strong><a href=\"https:\/\/samhallsentreprenor.glokala.net\/2018-2019\/modul-3\/upg7-strategier-finansiering\/\" target=\"_blank\" rel=\"noreferrer noopener\" aria-label=\"L\u00e4s mer om uppgiften \u2192 (opens in a new tab)\">L\u00e4s mer om uppgiften \u2192<\/a><\/p>\n\n\n\n<p> ::::::::::::::::::::::::::::::::<\/p>\n\n\n\n<h2 class=\"wp-block-heading\">Video &#8211; webbinarium: &#8221;Fr\u00e5n ideell insats till ekonomisk b\u00e4rkraft&#8221;<\/h2>\n\n\n\n<p><a rel=\"noreferrer noopener\" aria-label=\"Inspelning av webbinarium (opens in a new tab)\" href=\"https:\/\/www.youtube.com\/watch?v=IM5W5Z2KAvQ\" target=\"_blank\">Inspelning fr\u00e5n webbinarium<\/a> som h\u00f6lls 12 februari, 2019. Arrang\u00f6rer: <a rel=\"noreferrer noopener\" aria-label=\"Lokalekonomidagarna (opens in a new tab)\" href=\"http:\/\/lokalekonomi.helasverige.se\/\" target=\"_blank\">Lokalekonomidagarna<\/a> och <a rel=\"noreferrer noopener\" aria-label=\"Morgonforum (opens in a new tab)\" href=\"https:\/\/www.socialforum.se\/verksamheter\/morgonforum-2\/\" target=\"_blank\">Morgonforum<\/a>.<\/p>\n\n\n\n<figure class=\"wp-block-embed-youtube wp-block-embed is-type-video is-provider-youtube wp-embed-aspect-16-9 wp-has-aspect-ratio\"><div class=\"wp-block-embed__wrapper\">\n<iframe loading=\"lazy\" title=\"Webbinarium: Fr\u00e5n ideell insats till ekonomisk b\u00e4rkraft\" width=\"500\" height=\"281\" src=\"https:\/\/www.youtube.com\/embed\/IM5W5Z2KAvQ?feature=oembed\" frameborder=\"0\" allow=\"accelerometer; autoplay; clipboard-write; encrypted-media; gyroscope; picture-in-picture; web-share\" referrerpolicy=\"strict-origin-when-cross-origin\" allowfullscreen><\/iframe>\n<\/div><\/figure>\n\n\n\n<p>&#8221;Att fixa finansiering \u00e4r en dans p\u00e5 rosor! Ett p\u00e5st\u00e5ende f\u00e5 i ideella sektorn skulle skriva under p\u00e5. Det tampas ju n\u00e4mligen med knepiga ans\u00f6kningar f\u00f6r bidrag och krav p\u00e5 att f\u00f6rklara f\u00f6rv\u00e4ntad samh\u00e4llsf\u00f6r\u00e4ndring i siffror f\u00f6r att n\u00e4mna n\u00e5gra saker. <\/p>\n\n\n\n<p>Vad finns det d\u00e5 f\u00f6r alternativ till finansiering f\u00f6rutom bidrag? Vilka m\u00f6jliga tillv\u00e4gag\u00e5ngss\u00e4tt finns det f\u00f6r en f\u00f6rening? Kan en f\u00f6rening agera mer likt ett socialt f\u00f6retag? Vilka l\u00e4rdomar finns i glesbygden? <\/p>\n\n\n\n<p>Vi ser detta Morgonforum som en m\u00f6jlighet att l\u00e5ta oss h\u00e4mta tips \u201d\u00f6ver gr\u00e4nserna\u201d. Det g\u00f6r vi genom att bjuda in Jenny Stark Molvin fr\u00e5n Tillv\u00e4xtverket som ber\u00e4ttar om sociala f\u00f6retag och finansiering, med anledning av den kartl\u00e4ggning av sociala f\u00f6retag som Tillv\u00e4xtverket tagit fram p\u00e5 uppdrag av regeringen. <\/p>\n\n\n\n<p>Vi talar med Ylva Lundkvist Fridh som jobbar p\u00e5 Hela Sverige ska leva som projektledare f\u00f6r <a rel=\"noreferrer noopener\" aria-label=\"Mikrofonden Sverige (opens in a new tab)\" href=\"http:\/\/mikrofonden.se\/\" target=\"_blank\">Mikrofonden Sverige<\/a>, som ber\u00e4ttar om deras verksamhet, samt Helena von Bothmer, aktiv inom <a href=\"https:\/\/kosterstradgardar.se\/\" target=\"_blank\" rel=\"noreferrer noopener\" aria-label=\"Kosters tr\u00e4dg\u00e5rdar (opens in a new tab)\">Kosters tr\u00e4dg\u00e5rdar<\/a> och Kostern\u00e4mnden som funnit kreativa v\u00e4gar f\u00f6r att finansiera de lokala f\u00f6reningarna. <\/p>\n\n\n\n<p>Leder samtalet g\u00f6r Anna Ardin fr\u00e5n Forum \u2013 id\u00e9burna organisationer med social inriktning.&#8221;<\/p>\n\n\n\n<h3 class=\"wp-block-heading\">Tips f\u00f6rdjupande l\u00e4sning: <\/h3>\n\n\n\n<p>Under webbinariet n\u00e4mns skriften  <br><a rel=\"noreferrer noopener\" href=\"https:\/\/helasverige.se\/fileadmin\/user_upload\/HSSL_Kansli\/PDF\/Projekten\/lokal_finansiering\/handbok_2015.laett.pdf\" target=\"_blank\">\u201dNya handboken i lokal finansiering\u201d<\/a> (2015) fr\u00e5n Hela Sverige ska leva, som vi tipsade om \u00e4ven f\u00f6rra veckan.<\/p>\n","protected":false},"excerpt":{"rendered":"<p>Uppgift 7: Strategier f\u00f6r finansiering &amp; h\u00e5llbar ekonomi Inl\u00e4mning: 11 mars. I den h\u00e4r uppgiften f\u00e5r du v\u00e4lja en av tv\u00e5 m\u00f6jligheter: Ett case om S\u00e4tra brunns utveckling eller research kring finansiering\/budget f\u00f6r ett projekt eller initiativ. L\u00e4s mer om uppgiften \u2192 :::::::::::::::::::::::::::::::: Video &#8211; webbinarium: &#8221;Fr\u00e5n ideell insats till ekonomisk b\u00e4rkraft&#8221; Inspelning fr\u00e5n webbinarium [&hellip;]<\/p>\n","protected":false},"author":1,"featured_media":0,"parent":850,"menu_order":0,"comment_status":"open","ping_status":"closed","template":"","meta":{"_bbp_topic_count":0,"_bbp_reply_count":0,"_bbp_total_topic_count":0,"_bbp_total_reply_count":0,"_bbp_voice_count":0,"_bbp_anonymous_reply_count":0,"_bbp_topic_count_hidden":0,"_bbp_reply_count_hidden":0,"_bbp_forum_subforum_count":0,"footnotes":""},"class_list":["post-1018","page","type-page","status-publish","hentry"],"_links":{"self":[{"href":"https:\/\/samhallsentreprenor.glokala.net\/2018-2019\/wp-json\/wp\/v2\/pages\/1018","targetHints":{"allow":["GET"]}}],"collection":[{"href":"https:\/\/samhallsentreprenor.glokala.net\/2018-2019\/wp-json\/wp\/v2\/pages"}],"about":[{"href":"https:\/\/samhallsentreprenor.glokala.net\/2018-2019\/wp-json\/wp\/v2\/types\/page"}],"author":[{"embeddable":true,"href":"https:\/\/samhallsentreprenor.glokala.net\/2018-2019\/wp-json\/wp\/v2\/users\/1"}],"replies":[{"embeddable":true,"href":"https:\/\/samhallsentreprenor.glokala.net\/2018-2019\/wp-json\/wp\/v2\/comments?post=1018"}],"version-history":[{"count":3,"href":"https:\/\/samhallsentreprenor.glokala.net\/2018-2019\/wp-json\/wp\/v2\/pages\/1018\/revisions"}],"predecessor-version":[{"id":1035,"href":"https:\/\/samhallsentreprenor.glokala.net\/2018-2019\/wp-json\/wp\/v2\/pages\/1018\/revisions\/1035"}],"up":[{"embeddable":true,"href":"https:\/\/samhallsentreprenor.glokala.net\/2018-2019\/wp-json\/wp\/v2\/pages\/850"}],"wp:attachment":[{"href":"https:\/\/samhallsentreprenor.glokala.net\/2018-2019\/wp-json\/wp\/v2\/media?parent=1018"}],"curies":[{"name":"wp","href":"https:\/\/api.w.org\/{rel}","templated":true}]}}