{"id":1082,"date":"2019-02-25T10:00:28","date_gmt":"2019-02-25T09:00:28","guid":{"rendered":"https:\/\/samhallsentreprenor.glokala.net\/2018-2019\/?page_id=1082"},"modified":"2019-02-25T10:04:36","modified_gmt":"2019-02-25T09:04:36","slug":"v-9-tid-upg-7","status":"publish","type":"page","link":"https:\/\/samhallsentreprenor.glokala.net\/2018-2019\/modul-3\/v-9-tid-upg-7\/","title":{"rendered":"v 9 Tid f\u00f6r upg 7 + inspiration"},"content":{"rendered":"\n<p>Den h\u00e4r veckan finns det tid f\u00f6r <a href=\"https:\/\/samhallsentreprenor.glokala.net\/2018-2019\/modul-3\/upg7-strategier-finansiering\/\"><strong>Uppgift 7: Strategier f\u00f6r finansiering &amp; h\u00e5llbar ekonomi<\/strong><\/a>. <br><strong>Inl\u00e4mning<\/strong> 11 mars.  <\/p>\n\n\n\n<h2 class=\"wp-block-heading\">Inspiration &#8211; simulation: <a href=\"https:\/\/www.nesta.org.uk\/data-visualisation-and-interactive\/sharetown\/\" target=\"_blank\" rel=\"noreferrer noopener\" aria-label=\"ShareTown (opens in a new tab)\">ShareTown<\/a><\/h2>\n\n\n\n<p>Hur kan en mer h\u00e5llbar stad se ut och fungera? Brittiska Nesta har testat att visualisera id\u00e9er &#8211; utforska staden via deras sida!<\/p>\n\n\n\n<figure class=\"wp-block-image\"><a href=\"https:\/\/www.nesta.org.uk\/data-visualisation-and-interactive\/sharetown\/\" target=\"_blank\" rel=\"noreferrer noopener\"><img loading=\"lazy\" decoding=\"async\" width=\"1024\" height=\"453\" src=\"https:\/\/samhallsentreprenor.glokala.net\/2018-2019\/wp-content\/uploads\/2019\/02\/sharetown_nesta-1024x453.jpg\" alt=\"\" class=\"wp-image-1085\" srcset=\"https:\/\/samhallsentreprenor.glokala.net\/2018-2019\/wp-content\/uploads\/2019\/02\/sharetown_nesta-1024x453.jpg 1024w, https:\/\/samhallsentreprenor.glokala.net\/2018-2019\/wp-content\/uploads\/2019\/02\/sharetown_nesta-500x221.jpg 500w, https:\/\/samhallsentreprenor.glokala.net\/2018-2019\/wp-content\/uploads\/2019\/02\/sharetown_nesta-768x340.jpg 768w, https:\/\/samhallsentreprenor.glokala.net\/2018-2019\/wp-content\/uploads\/2019\/02\/sharetown_nesta-624x276.jpg 624w, https:\/\/samhallsentreprenor.glokala.net\/2018-2019\/wp-content\/uploads\/2019\/02\/sharetown_nesta.jpg 1547w\" sizes=\"auto, (max-width: 1024px) 100vw, 1024px\" \/><\/a><\/figure>\n\n\n\n<p><em>&#8221;ShareTown is an imaginary town created to explore a preferred future for the way citizens, technology and local government live and work together.&#8221;<\/em><\/p>\n\n\n\n<h2 class=\"wp-block-heading\">Inspiration &#8211; lyssna: <a href=\"https:\/\/sverigesradio.se\/sida\/artikel.aspx?programid=1637&amp;artikel=7062370\" target=\"_blank\" rel=\"noreferrer noopener\" aria-label=\"Borde fler anst\u00e4llda \u00e4ga det f\u00f6retag de arbetar p\u00e5? (opens in a new tab)\">Borde fler anst\u00e4llda \u00e4ga det f\u00f6retag de arbetar p\u00e5?<\/a><\/h2>\n\n\n\n<p>Tankesmedjan <a rel=\"noreferrer noopener\" href=\"https:\/\/www.globalutmaning.se\" target=\"_blank\">Global utmaning<\/a> gav nyligen ut id\u00e9skriften <a rel=\"noreferrer noopener\" href=\"https:\/\/www.globalutmaning.se\/rapporter\/ett-sverige-dar-anstallda-ager\/\" target=\"_blank\"><strong>Ett Sverige d\u00e4r anst\u00e4llda \u00e4ger<\/strong><\/a><strong>, <\/strong>som sl\u00e5r ett slag f\u00f6r att fler anst\u00e4llda ocks\u00e5 borde vara med och \u00e4ga det f\u00f6retag de arbetar p\u00e5. <\/p>\n\n\n\n<p>Lyssna p\u00e5 12 minuters samtal <a rel=\"noreferrer noopener\" href=\"https:\/\/sverigesradio.se\/sida\/artikel.aspx?programid=1637&amp;artikel=7062370\" target=\"_blank\">i Studio Ett (P1)<\/a> d\u00e4r Sophie Nachemson-Ekwall (id\u00e9skriftens f\u00f6rfattare), Sven Johansson (personalkooperativet Ljuders Nickelsilfverfabrik) och Samuel Engblom (samh\u00e4llspolitisk chef TCO) deltar. Samtalet s\u00e4ndes 9 oktober 2018.<\/p>\n\n\n\n<iframe loading=\"lazy\" src=\"https:\/\/sverigesradio.se\/embed\/publication\/7062370\" width=\"100%\" height=\"150\" frameborder=\"0\"><\/iframe>\n","protected":false},"excerpt":{"rendered":"<p>Den h\u00e4r veckan finns det tid f\u00f6r Uppgift 7: Strategier f\u00f6r finansiering &amp; h\u00e5llbar ekonomi. Inl\u00e4mning 11 mars. Inspiration &#8211; simulation: ShareTown Hur kan en mer h\u00e5llbar stad se ut och fungera? Brittiska Nesta har testat att visualisera id\u00e9er &#8211; utforska staden via deras sida! &#8221;ShareTown is an imaginary town created to explore a preferred [&hellip;]<\/p>\n","protected":false},"author":1,"featured_media":0,"parent":850,"menu_order":0,"comment_status":"open","ping_status":"closed","template":"","meta":{"_bbp_topic_count":0,"_bbp_reply_count":0,"_bbp_total_topic_count":0,"_bbp_total_reply_count":0,"_bbp_voice_count":0,"_bbp_anonymous_reply_count":0,"_bbp_topic_count_hidden":0,"_bbp_reply_count_hidden":0,"_bbp_forum_subforum_count":0,"footnotes":""},"class_list":["post-1082","page","type-page","status-publish","hentry"],"_links":{"self":[{"href":"https:\/\/samhallsentreprenor.glokala.net\/2018-2019\/wp-json\/wp\/v2\/pages\/1082","targetHints":{"allow":["GET"]}}],"collection":[{"href":"https:\/\/samhallsentreprenor.glokala.net\/2018-2019\/wp-json\/wp\/v2\/pages"}],"about":[{"href":"https:\/\/samhallsentreprenor.glokala.net\/2018-2019\/wp-json\/wp\/v2\/types\/page"}],"author":[{"embeddable":true,"href":"https:\/\/samhallsentreprenor.glokala.net\/2018-2019\/wp-json\/wp\/v2\/users\/1"}],"replies":[{"embeddable":true,"href":"https:\/\/samhallsentreprenor.glokala.net\/2018-2019\/wp-json\/wp\/v2\/comments?post=1082"}],"version-history":[{"count":3,"href":"https:\/\/samhallsentreprenor.glokala.net\/2018-2019\/wp-json\/wp\/v2\/pages\/1082\/revisions"}],"predecessor-version":[{"id":1089,"href":"https:\/\/samhallsentreprenor.glokala.net\/2018-2019\/wp-json\/wp\/v2\/pages\/1082\/revisions\/1089"}],"up":[{"embeddable":true,"href":"https:\/\/samhallsentreprenor.glokala.net\/2018-2019\/wp-json\/wp\/v2\/pages\/850"}],"wp:attachment":[{"href":"https:\/\/samhallsentreprenor.glokala.net\/2018-2019\/wp-json\/wp\/v2\/media?parent=1082"}],"curies":[{"name":"wp","href":"https:\/\/api.w.org\/{rel}","templated":true}]}}