{"id":109,"date":"2018-08-24T16:00:30","date_gmt":"2018-08-24T14:00:30","guid":{"rendered":"https:\/\/samhallsentreprenor.glokala.net\/2018-2019\/?page_id=109"},"modified":"2018-10-22T10:07:05","modified_gmt":"2018-10-22T08:07:05","slug":"modul-1","status":"publish","type":"page","link":"https:\/\/samhallsentreprenor.glokala.net\/2018-2019\/modul-1\/","title":{"rendered":"Modul 1"},"content":{"rendered":"<h2>V\u00e4lkommen till f\u00f6rsta delen i kursen \u2013 Modul 1<\/h2>\n<p><img loading=\"lazy\" decoding=\"async\" class=\"alignright size-full wp-image-119\" src=\"https:\/\/samhallsentreprenor.glokala.net\/2018-2019\/wp-content\/uploads\/2018\/08\/P1010528_red_500px.jpg\" alt=\"\" width=\"371\" height=\"500\" \/>Vi kommer veckovis att presentera material, uppgifter och l\u00e4sh\u00e4nvisningar. Under m\u00e5ndagen 27 augusti kommer du kunna ta del av materialet och introduktionen till kursens f\u00f6rsta vecka.<\/p>\n<p>Du v\u00e4ljer sj\u00e4lv vilka tider du vill studera. De tv\u00e5 sp\u00e5r vi v\u00e4xlar mellan f\u00f6r veckorna \u00e4r Samh\u00e4llsentrepren\u00f6rskap (SHE) och Projektledning.<\/p>\n<p>Kursens f\u00f6rsta tr\u00e4ff i Malm\u00f6 genomf\u00f6r vi 17-18 september, boka in dagarna i kalendern ni som har m\u00f6jlighet att komma! Vi \u00e5terkommer snart med mer info om inneh\u00e5llet.<br \/>\nH\u00e5lltider f\u00f6r dagarna \u00e4r:<br \/>\nM\u00e5ndag 17 sept kl 11:00 &#8211; 17:00<br \/>\nTisdag 18 sept kl 9:00 &#8211; 15:30<\/p>\n<p>Kontakta oss g\u00e4rna via <a href=\"https:\/\/samhallsentreprenor.glokala.net\/2018-2019\/grupper\/cafeet-kursforum\/forum\/\">diskussionsforumet<\/a> om du har fr\u00e5gor eller funderingar s\u00e5 h\u00e4r i kursstarten. I m\u00e5nga fall \u00e4r det s\u00e4kert fler som funderar kring samma fr\u00e5gor.<\/p>\n<p>H\u00e4lsningar,<br \/>\nAugust och Fredrik<\/p>\n<p>:::::::::::::::::::<\/p>\n<p><strong>Tidsperiod modul 1:<\/strong> 27 augusti \u2013 28 oktober<\/p>\n<h2>Inneh\u00e5ll under modulen:<\/h2>\n<p><strong>Samh\u00e4llsentrepren\u00f6rskap och social innovation<\/strong><br \/>\nEn v\u00e4rdegrund: H\u00e4r diskuterar vi och unders\u00f6ker vad begreppen betyder, vilka v\u00e4rden som ligger i begreppen och studerar exempel fr\u00e5n olika projekt. Vi f\u00f6rs\u00f6ker ocks\u00e5 koppla detta till den stora diskussionen kring h\u00e5llbar utveckling som finns idag \u2013 vad \u00e4r egentligen h\u00e5llbar utveckling och hur h\u00e4nger det ihop med samh\u00e4llsentrepren\u00f6rskap?<\/p>\n<p><strong>Projekt: Utveckling fr\u00e5n tanke till projektplan<\/strong><br \/>\nInom detta tema studerar vi hur vi skapar ett projektkoncept med utg\u00e5ngspunkt fr\u00e5n en id\u00e9 eller vision. Vi tar utg\u00e5ngspunkt i erfarenheter fr\u00e5n genomf\u00f6rda projekt, och s\u00e4tter detta i f\u00f6rh\u00e5llande till aktuell forskning.<\/p>\n<h4>Studiematerial<\/h4>\n<p>H\u00e4r hittar du det studiematerial som vi kommer att anv\u00e4nda. L\u00e4sanvisningar ges respektive vecka.<br \/>\n<a href=\"https:\/\/samhallsentreprenor.glokala.net\/2018-2019\/modul-1\/studiematerial-modul-1\/\">Studiematerial \u2013 modul 1 \u2192<\/a><\/p>\n<h4>Modulens veckoteman<\/h4>\n<p><strong>Veckoteman augusti\/september<\/strong><br \/>\n<a href=\"https:\/\/samhallsentreprenor.glokala.net\/2018-2019\/modul-1\/v-35-intro-samhallsentreprenorskap\/\" target=\"_blank\" rel=\"noopener\">v 35: Samh\u00e4llsentrepren\u00f6rskap &#8211; intro.<\/a> + Profilbild &amp; kort personlig presentation.<br \/>\n<a href=\"https:\/\/samhallsentreprenor.glokala.net\/2018-2019\/modul-1\/v-36-projektledning-intro\/\">v 36: Projektledning &#8211; intro.<\/a> Uppgift 1: Erfarenheter av projekt\/verksamheter. Inl\u00e4mning 10 sept. <a href=\"https:\/\/samhallsentreprenor.glokala.net\/2018-2019\/grupper\/upg-1-erfarenheter-av-projekt-initiativ\/\" target=\"_blank\" rel=\"noopener\">Forum f\u00f6r uppgift 1 \u2192<\/a><br \/>\n<a href=\"https:\/\/samhallsentreprenor.glokala.net\/2018-2019\/modul-1\/v-37-planering-och-organisation-inom-projektledning\/\">v 37: Planering och organisation inom projektledning.<\/a> Uppgift 2: Skiss projekt\/verksamhet. Inl\u00e4mning 16 sept. <a href=\"https:\/\/samhallsentreprenor.glokala.net\/2018-2019\/grupper\/upg-2-skiss-projekt-verksamhet\/\" target=\"_blank\" rel=\"noopener\">Forum \u2192<\/a><br \/>\n<a href=\"https:\/\/samhallsentreprenor.glokala.net\/2018-2019\/modul-1\/kurstraff-17-18-september\/\">v 38: Kurstr\u00e4ff i Malm\u00f6 17-18 sept.<\/a> Uppgift 3: Perspektiv p\u00e5 samh\u00e4llsentrepren\u00f6rskap. Inl\u00e4mning 22 okt. <a href=\"https:\/\/samhallsentreprenor.glokala.net\/2018-2019\/grupper\/upg-3-perspektiv-pa-samhallsentreprenorskap\/forum\/\" target=\"_blank\" rel=\"noopener\">Forum \u2192<\/a><br \/>\n<a href=\"https:\/\/samhallsentreprenor.glokala.net\/2018-2019\/modul-1\/v-39-active-citizenship\/\">v 39: Active citizenship (samh\u00e4llsentrepren\u00f6rskap)<\/a>. <a href=\"https:\/\/samhallsentreprenor.glokala.net\/2018-2019\/modul-1\/online-samtal-26-september\/\">Online-samtal 26 sept<\/a> f\u00f6r de som inte \u00e4r med p\u00e5 kurstr\u00e4ffen.<\/p>\n<p><strong>Veckoteman oktober<\/strong><br \/>\n<a href=\"https:\/\/samhallsentreprenor.glokala.net\/2018-2019\/modul-1\/v-40-projektledning-intressenter-och-kommunikation\/\">v 40: Projektledning &#8211; intressenter och kommunikation<\/a>. <em>Valbart: Skapa en intressentanalys och\/eller kommunikationsplan.<\/em><br \/>\n<a href=\"https:\/\/samhallsentreprenor.glokala.net\/2018-2019\/modul-1\/v-41-konst-provokation\/\">v 41: Konst &amp; provokation (samh\u00e4llsentrepren\u00f6rskap)<\/a><br \/>\n<a href=\"https:\/\/samhallsentreprenor.glokala.net\/2018-2019\/modul-1\/v-42-social-innovation\/\">v 42: Social innovation (samh\u00e4llsentrepren\u00f6rskap)<\/a><br \/>\n<a href=\"https:\/\/samhallsentreprenor.glokala.net\/2018-2019\/modul-1\/v-43-projektledning-inom-samhallsentreprenorskap\/\" target=\"_blank\" rel=\"noopener\">v 43: Projektledning inom samh\u00e4llsentrepren\u00f6rskap<\/a><\/p>\n<h4>Uppgifter<\/h4>\n<p>Under modul 1 genomf\u00f6r du uppgift 1, 2 och 3.<\/p>\n<p><em><strong>Uppsamlings-datum<\/strong> f\u00f6r uppgifterna under modul 1: 25 november.<\/em><\/p>\n","protected":false},"excerpt":{"rendered":"<p>V\u00e4lkommen till f\u00f6rsta delen i kursen \u2013 Modul 1 Vi kommer veckovis att presentera material, uppgifter och l\u00e4sh\u00e4nvisningar. Under m\u00e5ndagen 27 augusti kommer du kunna ta del av materialet och introduktionen till kursens f\u00f6rsta vecka. Du v\u00e4ljer sj\u00e4lv vilka tider du vill studera. De tv\u00e5 sp\u00e5r vi v\u00e4xlar mellan f\u00f6r veckorna \u00e4r Samh\u00e4llsentrepren\u00f6rskap (SHE) och [&hellip;]<\/p>\n","protected":false},"author":1,"featured_media":0,"parent":0,"menu_order":0,"comment_status":"open","ping_status":"closed","template":"","meta":{"_bbp_topic_count":0,"_bbp_reply_count":0,"_bbp_total_topic_count":0,"_bbp_total_reply_count":0,"_bbp_voice_count":0,"_bbp_anonymous_reply_count":0,"_bbp_topic_count_hidden":0,"_bbp_reply_count_hidden":0,"_bbp_forum_subforum_count":0,"footnotes":""},"class_list":["post-109","page","type-page","status-publish","hentry"],"_links":{"self":[{"href":"https:\/\/samhallsentreprenor.glokala.net\/2018-2019\/wp-json\/wp\/v2\/pages\/109","targetHints":{"allow":["GET"]}}],"collection":[{"href":"https:\/\/samhallsentreprenor.glokala.net\/2018-2019\/wp-json\/wp\/v2\/pages"}],"about":[{"href":"https:\/\/samhallsentreprenor.glokala.net\/2018-2019\/wp-json\/wp\/v2\/types\/page"}],"author":[{"embeddable":true,"href":"https:\/\/samhallsentreprenor.glokala.net\/2018-2019\/wp-json\/wp\/v2\/users\/1"}],"replies":[{"embeddable":true,"href":"https:\/\/samhallsentreprenor.glokala.net\/2018-2019\/wp-json\/wp\/v2\/comments?post=109"}],"version-history":[{"count":14,"href":"https:\/\/samhallsentreprenor.glokala.net\/2018-2019\/wp-json\/wp\/v2\/pages\/109\/revisions"}],"predecessor-version":[{"id":518,"href":"https:\/\/samhallsentreprenor.glokala.net\/2018-2019\/wp-json\/wp\/v2\/pages\/109\/revisions\/518"}],"wp:attachment":[{"href":"https:\/\/samhallsentreprenor.glokala.net\/2018-2019\/wp-json\/wp\/v2\/media?parent=109"}],"curies":[{"name":"wp","href":"https:\/\/api.w.org\/{rel}","templated":true}]}}