{"id":112,"date":"2018-08-24T16:07:34","date_gmt":"2018-08-24T14:07:34","guid":{"rendered":"https:\/\/samhallsentreprenor.glokala.net\/2018-2019\/?page_id=112"},"modified":"2018-09-11T09:05:48","modified_gmt":"2018-09-11T07:05:48","slug":"v-35-intro-samhallsentreprenorskap","status":"publish","type":"page","link":"https:\/\/samhallsentreprenor.glokala.net\/2018-2019\/modul-1\/v-35-intro-samhallsentreprenorskap\/","title":{"rendered":"v 35 Samh\u00e4llsentrepren\u00f6rskap &#8211; introduktion"},"content":{"rendered":"<h3>Praktisk info i kursstarten &#8211; <a href=\"https:\/\/samhallsentreprenor.glokala.net\/2018-2019\/praktisk-info\/\">se h\u00e4r \u2192<\/a><\/h3>\n<h3>F\u00f6rsta veckan \u2013 profilbild &amp; kort personlig presentation:<\/h3>\n<ol>\n<li>Ladda g\u00e4rna upp en bild till din profil. Navigera via menyf\u00e4ltet uppe till h\u00f6ger med \u201dHej, [ditt namn]\u201d och -&gt; \u201dProfil\u201d -&gt; \u201dByt profilbild\u201d (Var ska man klicka? <a href=\"https:\/\/samhallsentreprenor.glokala.net\/2018-2019\/wp-content\/uploads\/2018\/08\/screen_byt_profilbild.png\" target=\"_blank\" rel=\"noopener\">Se en sk\u00e4rmbild \u2192<\/a>)<br \/>\nIntegritet: Profilbilden blir publikt synlig, \u00e4ven f\u00f6r den som inte \u00e4r inloggad p\u00e5 kursplattformen.<\/li>\n<li>Till den 3 september vill vi att du skriver n\u00e5got kort om dig sj\u00e4lv och varf\u00f6r du deltar i kursen (cirka 300 tecken \u2013 t\u00e4nk twitterl\u00e4ngd!). Beskrivningen l\u00e4gger du in som en uppdatering till din profil. G\u00e5 till f\u00f6rstasidan eller till \u201dSenaste h\u00e4ndelser\u201d under fliken \u201dForum\u201d i menyn. Integritet: Syns endast f\u00f6r inloggade inom kursen.<br \/>\n(Var ska man skriva uppdateringen? <a href=\"https:\/\/samhallsentreprenor.glokala.net\/2018-2019\/wp-content\/uploads\/2018\/08\/screen_uppdatering.png\" target=\"_blank\" rel=\"noopener\">Se en sk\u00e4rmbild fr\u00e5n f\u00f6rstasidan \u2192<\/a>)<\/li>\n<\/ol>\n<h2>Veckans tema: Samh\u00e4llsentrepren\u00f6rskap \u2013 intro<\/h2>\n<p><em>Video \u2013 introduktion:<\/em><\/p>\n<p><iframe loading=\"lazy\" title=\"Intro - samh\u00e4llsentrepren\u00f6rskap\" src=\"https:\/\/player.vimeo.com\/video\/286893422?dnt=1&amp;app_id=122963\" width=\"500\" height=\"281\" frameborder=\"0\" allow=\"autoplay; fullscreen; picture-in-picture; clipboard-write\"><\/iframe><\/p>\n<p><strong>Exempel fr\u00e5n tidigare kursdeltagare som omn\u00e4mns i videon:<br \/>\n<\/strong><a href=\"http:\/\/tikitut.se\/\" target=\"_blank\" rel=\"noopener\">Tikitut<\/a>, <a href=\"http:\/\/sfpin.org\/page1.html\" target=\"_blank\" rel=\"noopener\">Permanic<\/a>, <a href=\"http:\/\/www.kollekogbg.se\/\" target=\"_blank\" rel=\"noopener\">Kollaborativ ekonomi G\u00f6teborg<\/a>, <a href=\"https:\/\/www.facebook.com\/hionlife\/\">High on life<\/a>, <a href=\"http:\/\/scenkonstguiden.se\/\">Scenkonstguiden<\/a>, <a href=\"http:\/\/www.storytourist.com\/\" target=\"_blank\" rel=\"noopener\">Story Tourist<\/a><\/p>\n<p><strong>V\u00e4lkommen!<\/strong> Under kursens inledande del (Modul 1) v\u00e4xlar vi mellan att unders\u00f6ka perspektiv p\u00e5 samh\u00e4llsentrepren\u00f6rskap, och introducerande moment kring projektledning.<\/p>\n<p>Vi b\u00f6rjar med att lyssna till forskaren Malin Gawell i en ljudinl\u00e4sning. Hon presenterar sitt s\u00f6kande efter s\u00e4tt att f\u00f6rst\u00e5 och kunna beskriva hur m\u00e4nniskor driver och utvecklar nya verksamheter. Hon beskriver ocks\u00e5 sv\u00e5righeten i att f\u00e5 nya typer av initiativ att passa in, och vikten av att kunna kommunicera, f\u00f6rklara, f\u00f6rmedla nyskapande id\u00e9er.<\/p>\n<p><strong>Att lyssna &#8211; ljudinslag (9:46 min): <a title=\"Malin Gawell: Socialt entrepren\u00f6rskap (mp3)\" href=\"http:\/\/www.ltu.se\/cmsarkiv\/media\/projekt\/ljudbok\/09_Malin_Gawell.mp3\" target=\"_blank\" rel=\"noopener\">Malin Gawell (mp3, klicka f\u00f6r att ladda hem \/ lyssna!)<\/a><\/strong><\/p>\n<audio class=\"wp-audio-shortcode\" id=\"audio-112-1\" preload=\"none\" style=\"width: 100%;\" controls=\"controls\"><source type=\"audio\/mpeg\" src=\"https:\/\/www.ltu.se\/cmsarkiv\/media\/projekt\/ljudbok\/09_Malin_Gawell.mp3?_=1\" \/><a href=\"https:\/\/www.ltu.se\/cmsarkiv\/media\/projekt\/ljudbok\/09_Malin_Gawell.mp3\">https:\/\/www.ltu.se\/cmsarkiv\/media\/projekt\/ljudbok\/09_Malin_Gawell.mp3<\/a><\/audio>\n<p>\/\/<\/p>\n<p><strong>Att l\u00e4sa &#8211; artikel:<\/strong> <a href=\"http:\/\/www.caledonia.org.uk\/papers\/Social-Business-Entrepreneurs-Are-the-Solution-Yunis.doc\" target=\"_blank\" rel=\"noopener\">\u201dSocial Business Entrepreneurs Are the Solution\u201d (Muhammad Yunus) (.doc)<\/a><br \/>\n<a href=\"https:\/\/samhallsentreprenor.glokala.net\/2018-2019\/wp-content\/uploads\/2018\/09\/Social-Business-Entrepreneurs-Are-the-Solution-Yunus.pdf\" target=\"_blank\" rel=\"noopener\">Artikeln som pdf &#8211; l\u00e4nk<\/a><br \/>\nMuhammad Yunus diskuterar socialt f\u00f6retagande, vision\u00e4rt och med f\u00f6rslag p\u00e5 st\u00f6dstrukturer som skulle beh\u00f6vas.<\/p>\n<p>Hur ser ni p\u00e5 Muhammad Yunus tankar, \u00e4r &#8221;social business entrepreneurs&#8221; (en del av) l\u00f6sningen? <a href=\"https:\/\/samhallsentreprenor.glokala.net\/2018-2019\/grupper\/cafeet-kursforum\/forum\/topic\/ar-social-bussines-entrepreneurs-losningen\/\">L\u00e4nk till diskussionsforum \u2192<\/a><\/p>\n<p>\/\/<\/p>\n<p><em><img loading=\"lazy\" decoding=\"async\" class=\"alignright \" src=\"https:\/\/i0.wp.com\/samhallsentreprenor.glokala.net\/2015-2016\/wp-content\/uploads\/2015\/08\/bok-samh%C3%A4llets-entrepren%C3%B6rer-487x600.png\" width=\"270\" height=\"333\" \/>Valbart som f\u00f6rdjupning:<\/em><\/p>\n<p><strong>Inledande del i antologin <a href=\"https:\/\/www.ltu.se\/cms_fs\/1.78817!\/file\/samhallets_entreprenorer.pdf\" target=\"_blank\" rel=\"noopener\"><em>Samh\u00e4llets entrepren\u00f6rer<\/em><\/a><em>, <\/em><\/strong>Gawell, Malin mfl. Sida 7-33.<\/p>\n<p>De texter som inleder antologin \u201dSamh\u00e4llets entrepren\u00f6rer\u201d presenterar ett sammanhang f\u00f6r diskussionen om samh\u00e4llsentrepren\u00f6rskap.<\/p>\n","protected":false},"excerpt":{"rendered":"<p>Praktisk info i kursstarten &#8211; se h\u00e4r \u2192 F\u00f6rsta veckan \u2013 profilbild &amp; kort personlig presentation: Ladda g\u00e4rna upp en bild till din profil. Navigera via menyf\u00e4ltet uppe till h\u00f6ger med \u201dHej, [ditt namn]\u201d och -&gt; \u201dProfil\u201d -&gt; \u201dByt profilbild\u201d (Var ska man klicka? Se en sk\u00e4rmbild \u2192) Integritet: Profilbilden blir publikt synlig, \u00e4ven f\u00f6r [&hellip;]<\/p>\n","protected":false},"author":1,"featured_media":0,"parent":109,"menu_order":0,"comment_status":"open","ping_status":"closed","template":"","meta":{"_bbp_topic_count":0,"_bbp_reply_count":0,"_bbp_total_topic_count":0,"_bbp_total_reply_count":0,"_bbp_voice_count":0,"_bbp_anonymous_reply_count":0,"_bbp_topic_count_hidden":0,"_bbp_reply_count_hidden":0,"_bbp_forum_subforum_count":0,"footnotes":""},"class_list":["post-112","page","type-page","status-publish","hentry"],"_links":{"self":[{"href":"https:\/\/samhallsentreprenor.glokala.net\/2018-2019\/wp-json\/wp\/v2\/pages\/112","targetHints":{"allow":["GET"]}}],"collection":[{"href":"https:\/\/samhallsentreprenor.glokala.net\/2018-2019\/wp-json\/wp\/v2\/pages"}],"about":[{"href":"https:\/\/samhallsentreprenor.glokala.net\/2018-2019\/wp-json\/wp\/v2\/types\/page"}],"author":[{"embeddable":true,"href":"https:\/\/samhallsentreprenor.glokala.net\/2018-2019\/wp-json\/wp\/v2\/users\/1"}],"replies":[{"embeddable":true,"href":"https:\/\/samhallsentreprenor.glokala.net\/2018-2019\/wp-json\/wp\/v2\/comments?post=112"}],"version-history":[{"count":6,"href":"https:\/\/samhallsentreprenor.glokala.net\/2018-2019\/wp-json\/wp\/v2\/pages\/112\/revisions"}],"predecessor-version":[{"id":263,"href":"https:\/\/samhallsentreprenor.glokala.net\/2018-2019\/wp-json\/wp\/v2\/pages\/112\/revisions\/263"}],"up":[{"embeddable":true,"href":"https:\/\/samhallsentreprenor.glokala.net\/2018-2019\/wp-json\/wp\/v2\/pages\/109"}],"wp:attachment":[{"href":"https:\/\/samhallsentreprenor.glokala.net\/2018-2019\/wp-json\/wp\/v2\/media?parent=112"}],"curies":[{"name":"wp","href":"https:\/\/api.w.org\/{rel}","templated":true}]}}