{"id":1122,"date":"2019-03-04T10:05:18","date_gmt":"2019-03-04T09:05:18","guid":{"rendered":"https:\/\/samhallsentreprenor.glokala.net\/2018-2019\/?page_id=1122"},"modified":"2019-03-04T10:05:18","modified_gmt":"2019-03-04T09:05:18","slug":"v-10-arbeta-med-sociala-medier","status":"publish","type":"page","link":"https:\/\/samhallsentreprenor.glokala.net\/2018-2019\/modul-3\/v-10-arbeta-med-sociala-medier\/","title":{"rendered":"v 10 Arbeta med sociala medier"},"content":{"rendered":"\n<p><strong>Intryck fr\u00e5n kurstr\u00e4ffen 10-11 februari.<\/strong> N\u00e5gra bilder och intryck finns nu <a href=\"https:\/\/samhallsentreprenor.glokala.net\/2018-2019\/inspiration\/intryck-bilder-kurstraff-februari\/\">i ett inl\u00e4gg &#8211; l\u00e4s mer!<\/a><\/p>\n\n\n\n<p>:::::::::::<\/p>\n\n\n\n<h2 class=\"wp-block-heading\">Arbeta med sociala medier<\/h2>\n\n\n\n<p><strong>Den h\u00e4r veckan och n\u00e4sta vecka handlar om hur du kan bygga upp en plattform i sociala medier f\u00f6r ditt projekt. Lisa Karinsdotter P\u00e5lsson ger tv\u00e5 f\u00f6rel\u00e4sningar och den f\u00f6rsta handlar om strategier f\u00f6r att n\u00e5 ut med ditt inneh\u00e5ll i sociala medier.<\/strong><\/p>\n\n\n\n<p>Lisa har en bakgrund som formgivare och strategisk kommunikat\u00f6r och har arbetat med flera sociala projekt i Malm\u00f6s utsatta omr\u00e5den. F\u00f6rra kurs\u00e5ret jobbade hon som pedagog i kursen under en del av \u00e5ret.<\/p>\n\n\n\n<iframe loading=\"lazy\" src=\"https:\/\/player.vimeo.com\/video\/258483886\" width=\"640\" height=\"360\" frameborder=\"0\" allowfullscreen=\"allowfullscreen\"><\/iframe>\n\n\n\n<p>H\u00e4r hittar du en <a href=\"https:\/\/samhallsentreprenor.glokala.net\/2018-2019\/wp-content\/uploads\/2019\/03\/1_FORELASNING_SOCIALA_MEDIER.pdf\" target=\"_blank\" rel=\"noreferrer noopener\" aria-label=\"pdf med hela f\u00f6rel\u00e4sningen (opens in a new tab)\">pdf med hela f\u00f6rel\u00e4sningen<\/a>:<\/p>\n\n\n\n<div class=\"wp-block-file\"><a href=\"https:\/\/samhallsentreprenor.glokala.net\/2018-2019\/wp-content\/uploads\/2019\/03\/1_FORELASNING_SOCIALA_MEDIER.pdf\">1_FORELASNING_SOCIALA_MEDIER<\/a><a href=\"https:\/\/samhallsentreprenor.glokala.net\/2018-2019\/wp-content\/uploads\/2019\/03\/1_FORELASNING_SOCIALA_MEDIER.pdf\" class=\"wp-block-file__button\" download>Ladda ner<\/a><\/div>\n\n\n\n<p>Till n\u00e4sta vecka, ta med dig tankarna fr\u00e5n Lisas f\u00f6rel\u00e4sning n\u00e4r du \u00e4r ute p\u00e5 sociala medier. Vilka verksamheter och profiler st\u00e5r ut i ditt fl\u00f6de? Kan du f\u00e5 n\u00e5gon uppfattning om hur de arbetat med sitt inneh\u00e5ll s\u00e5 att det engagerar just dig?<\/p>\n","protected":false},"excerpt":{"rendered":"<p>Intryck fr\u00e5n kurstr\u00e4ffen 10-11 februari. N\u00e5gra bilder och intryck finns nu i ett inl\u00e4gg &#8211; l\u00e4s mer! ::::::::::: Arbeta med sociala medier Den h\u00e4r veckan och n\u00e4sta vecka handlar om hur du kan bygga upp en plattform i sociala medier f\u00f6r ditt projekt. Lisa Karinsdotter P\u00e5lsson ger tv\u00e5 f\u00f6rel\u00e4sningar och den f\u00f6rsta handlar om strategier [&hellip;]<\/p>\n","protected":false},"author":1,"featured_media":0,"parent":850,"menu_order":0,"comment_status":"open","ping_status":"closed","template":"","meta":{"_bbp_topic_count":0,"_bbp_reply_count":0,"_bbp_total_topic_count":0,"_bbp_total_reply_count":0,"_bbp_voice_count":0,"_bbp_anonymous_reply_count":0,"_bbp_topic_count_hidden":0,"_bbp_reply_count_hidden":0,"_bbp_forum_subforum_count":0,"footnotes":""},"class_list":["post-1122","page","type-page","status-publish","hentry"],"_links":{"self":[{"href":"https:\/\/samhallsentreprenor.glokala.net\/2018-2019\/wp-json\/wp\/v2\/pages\/1122","targetHints":{"allow":["GET"]}}],"collection":[{"href":"https:\/\/samhallsentreprenor.glokala.net\/2018-2019\/wp-json\/wp\/v2\/pages"}],"about":[{"href":"https:\/\/samhallsentreprenor.glokala.net\/2018-2019\/wp-json\/wp\/v2\/types\/page"}],"author":[{"embeddable":true,"href":"https:\/\/samhallsentreprenor.glokala.net\/2018-2019\/wp-json\/wp\/v2\/users\/1"}],"replies":[{"embeddable":true,"href":"https:\/\/samhallsentreprenor.glokala.net\/2018-2019\/wp-json\/wp\/v2\/comments?post=1122"}],"version-history":[{"count":1,"href":"https:\/\/samhallsentreprenor.glokala.net\/2018-2019\/wp-json\/wp\/v2\/pages\/1122\/revisions"}],"predecessor-version":[{"id":1124,"href":"https:\/\/samhallsentreprenor.glokala.net\/2018-2019\/wp-json\/wp\/v2\/pages\/1122\/revisions\/1124"}],"up":[{"embeddable":true,"href":"https:\/\/samhallsentreprenor.glokala.net\/2018-2019\/wp-json\/wp\/v2\/pages\/850"}],"wp:attachment":[{"href":"https:\/\/samhallsentreprenor.glokala.net\/2018-2019\/wp-json\/wp\/v2\/media?parent=1122"}],"curies":[{"name":"wp","href":"https:\/\/api.w.org\/{rel}","templated":true}]}}