{"id":116,"date":"2018-08-24T12:14:56","date_gmt":"2018-08-24T10:14:56","guid":{"rendered":"https:\/\/samhallsentreprenor.glokala.net\/2018-2019\/?page_id=116"},"modified":"2018-08-26T23:29:30","modified_gmt":"2018-08-26T21:29:30","slug":"studiematerial-modul-1","status":"publish","type":"page","link":"https:\/\/samhallsentreprenor.glokala.net\/2018-2019\/modul-1\/studiematerial-modul-1\/","title":{"rendered":"Studiematerial \u2013 Modul 1"},"content":{"rendered":"<p>I samband med teman\/f\u00f6rel\u00e4sningar kommer l\u00e4sanvisningar att anges.<\/p>\n<h4>Huvudsakliga b\u00f6cker:<\/h4>\n<p>Bjerke, Bj\u00f6rn mfl. <em>Publikt entrepren\u00f6rskap. Det marginella g\u00f6rs centralt. <\/em>Malm\u00f6 2007<br \/>\nKan laddas ner i sin helhet i pdf-format: <a href=\"http:\/\/www.samhallsentreprenor.glokala.se\/arkiv\/Publikt_entreprenorskap_fbf_bok_small.pdf\">Publikt_entreprenorskap_fbf_bok_small.pdf<\/a><\/p>\n<p>Gawell, Malin mfl. <em>Samh\u00e4llets entrepren\u00f6rer<\/em>. Stockholm 2009<br \/>\nKan laddas ner i sin helhet som <a href=\"https:\/\/www.ltu.se\/cms_fs\/1.78817!\/file\/samhallets_entreprenorer.pdf\" target=\"_blank\" rel=\"noopener\">pdf \u2013 l\u00e4nk<\/a><br \/>\nFinns tillg\u00e4nglig p\u00e5 m\u00e5nga bibliotek: <a href=\"http:\/\/libris.kb.se\/bib\/11364048\" target=\"_blank\" rel=\"noopener\">http:\/\/libris.kb.se\/bib\/11364048<\/a><\/p>\n<h4>Artiklar:<\/h4>\n<p>Muhammed Yunus: \u201dSocial Business Entrepreneurs Are the Solution\u201d<br \/>\n<a href=\"http:\/\/www.caledonia.org.uk\/papers\/Social-Business-Entrepreneurs-Are-the-Solution-Yunis.doc\" target=\"_blank\" rel=\"noopener\">Klicka f\u00f6r att ladda ner!<\/a><\/p>\n<p>Karl Palm\u00e5s: \u201dV\u00e4lf\u00e4rdssamh\u00e4llet efter Den Svenska Modellen\u201d<br \/>\n<a href=\"https:\/\/samhallsentreprenor.glokala.net\/2018-2019\/wp-content\/uploads\/2018\/08\/vaelfaerdsamhaellet-efter-den-svenska-modellen.pdf\" target=\"_blank\" rel=\"noopener\">Klicka f\u00f6r att ladda ner!<\/a><\/p>\n<p>\u201dABC i Design och Social Innovation\u201d (M\u00f6tesplats Social Innovation)<br \/>\n<a href=\"http:\/\/socialinnovation.se\/wp-content\/uploads\/2012\/02\/MSI_ABC_A6_PDF.pdf\" target=\"_blank\" rel=\"noopener\">Klicka f\u00f6r att ladda ner \u2013 pdf<\/a><\/p>\n<h4>F\u00f6rdjupningstexter (f\u00f6r den som vill g\u00e5 ett steg l\u00e4ngre):<\/h4>\n<p>J\u00e9gou, Fran\u00e7ois &amp; Manzini, Ezio. Collaborative Services. Social innovation and design for sustainability. Milano 2008<br \/>\n<a href=\"http:\/\/www.sustainable-everyday-project.net\/blog\/library-collaborative-services\/\" target=\"_blank\" rel=\"noopener\">Klicka h\u00e4r f\u00f6r att l\u00e4sa!<\/a> \/\/ <a href=\"http:\/\/samhallsentreprenor.glokala.net\/2016-2017\/wp-content\/uploads\/2016\/08\/collaborative_services.pdf\" target=\"_blank\" rel=\"noopener\">Ladda ner som pdf \u2192<\/a> (Creative commons Attribution-NonCommercial-NoDerivs 2.5)<\/p>\n<p>Leadbeater, Charles. The Rise of the Social Entrepreneur. London 1997<a href=\"http:\/\/www.demos.co.uk\/publications\/socialentrepreneur\"><br \/>\n<\/a><a href=\"http:\/\/www.demos.co.uk\/files\/theriseofthesocialentrepreneur.pdf\" target=\"_blank\" rel=\"noopener\">Klicka h\u00e4r f\u00f6r att ladda ner!<\/a><\/p>\n<p>Emilson, Anders. Design f\u00f6r social innovation: ett nytt designforskningsomr\u00e5de.<br \/>\n<a href=\"http:\/\/www.designfakulteten.kth.se\/sites\/default\/files\/DesignfsocialInnovRapport_AE_9.6.pdf\" target=\"_blank\" rel=\"noopener\">Klicka f\u00f6r att ladda ner!<\/a><\/p>\n<h4>Kritiska perspektiv p\u00e5 \u201dSocial Entrepreneurship\u201d<\/h4>\n<p>Fredrik O. Andersson: Social entrepreneurship as fetish<br \/>\n<a href=\"https:\/\/nonprofitquarterly.org\/2012\/04\/11\/social-entrepreneurship-as-fetish-2\/\" target=\"_blank\" rel=\"noopener\">Klicka f\u00f6r att l\u00e4sa!<\/a><\/p>\n<p>\u201dSmall Change. Why business Won\u2019t Change The World\u201d \u2013 bok av Michael Edwards<br \/>\n<a href=\"http:\/\/futurepositive.org\/the-big-philanthrocapitalism-debate\/\" target=\"_blank\" rel=\"noopener\">Klicka h\u00e4r f\u00f6r att komma till hans hemsida<\/a> \u2013 hans blogginl\u00e4gg (l\u00e4nkade p\u00e5 denna sida) ger en introduktion.<br \/>\nEn av Michael Edwards senare rapporter har titeln: <a href=\"https:\/\/www.hivos.org\/sites\/default\/files\/m_edwards_beauty_and_the_beast.pdf\" target=\"_blank\" rel=\"noopener\">\u201dBeauty and the Beast: Can Money Ever Foster Social Transformation?\u201d \u2013 l\u00e4nk till nedladdning<\/a><\/p>\n<h4>Tips \u2029p\u00e5\u2029 projektledningsb\u00f6cker<\/h4>\n<p>Det finns egentligen inga <i>riktigt<\/i> bra b\u00f6cker om projektledning p\u00e5 marknaden just nu. Av olika sk\u00e4l. Men h\u00e4r kommer tre tips \u2013 som man brukar kunna hitta p\u00e5 m\u00e5nga bibliotek. De flesta projektb\u00f6cker \u2013 om de inte v\u00e4ljer att fokusera p\u00e5 n\u00e5gon speciell modell (som \u201dagile\u201d eller \u201dscrum\u201d) har i princip samma inneh\u00e5ll:<\/p>\n<ul>\n<li>Anette Hallin, Tina Karrbom Gustavsson: Projektledning , Liber 2012.<\/li>\n<li>Ahlin, Arnesson &amp; Marcusson: R\u00e5d om projekt. Erfarenheter fr\u00e5n projektarbete och projektledning, studentlitteratur 2014<\/li>\n<li>Bengt-Erik Larsson: Projekt i praktiken, Studentlitteratur 2012.<\/li>\n<\/ul>\n","protected":false},"excerpt":{"rendered":"<p>I samband med teman\/f\u00f6rel\u00e4sningar kommer l\u00e4sanvisningar att anges. Huvudsakliga b\u00f6cker: Bjerke, Bj\u00f6rn mfl. Publikt entrepren\u00f6rskap. Det marginella g\u00f6rs centralt. Malm\u00f6 2007 Kan laddas ner i sin helhet i pdf-format: Publikt_entreprenorskap_fbf_bok_small.pdf Gawell, Malin mfl. Samh\u00e4llets entrepren\u00f6rer. Stockholm 2009 Kan laddas ner i sin helhet som pdf \u2013 l\u00e4nk Finns tillg\u00e4nglig p\u00e5 m\u00e5nga bibliotek: http:\/\/libris.kb.se\/bib\/11364048 Artiklar: Muhammed [&hellip;]<\/p>\n","protected":false},"author":1,"featured_media":0,"parent":109,"menu_order":0,"comment_status":"open","ping_status":"closed","template":"","meta":{"_bbp_topic_count":0,"_bbp_reply_count":0,"_bbp_total_topic_count":0,"_bbp_total_reply_count":0,"_bbp_voice_count":0,"_bbp_anonymous_reply_count":0,"_bbp_topic_count_hidden":0,"_bbp_reply_count_hidden":0,"_bbp_forum_subforum_count":0,"footnotes":""},"class_list":["post-116","page","type-page","status-publish","hentry"],"_links":{"self":[{"href":"https:\/\/samhallsentreprenor.glokala.net\/2018-2019\/wp-json\/wp\/v2\/pages\/116","targetHints":{"allow":["GET"]}}],"collection":[{"href":"https:\/\/samhallsentreprenor.glokala.net\/2018-2019\/wp-json\/wp\/v2\/pages"}],"about":[{"href":"https:\/\/samhallsentreprenor.glokala.net\/2018-2019\/wp-json\/wp\/v2\/types\/page"}],"author":[{"embeddable":true,"href":"https:\/\/samhallsentreprenor.glokala.net\/2018-2019\/wp-json\/wp\/v2\/users\/1"}],"replies":[{"embeddable":true,"href":"https:\/\/samhallsentreprenor.glokala.net\/2018-2019\/wp-json\/wp\/v2\/comments?post=116"}],"version-history":[{"count":1,"href":"https:\/\/samhallsentreprenor.glokala.net\/2018-2019\/wp-json\/wp\/v2\/pages\/116\/revisions"}],"predecessor-version":[{"id":121,"href":"https:\/\/samhallsentreprenor.glokala.net\/2018-2019\/wp-json\/wp\/v2\/pages\/116\/revisions\/121"}],"up":[{"embeddable":true,"href":"https:\/\/samhallsentreprenor.glokala.net\/2018-2019\/wp-json\/wp\/v2\/pages\/109"}],"wp:attachment":[{"href":"https:\/\/samhallsentreprenor.glokala.net\/2018-2019\/wp-json\/wp\/v2\/media?parent=116"}],"curies":[{"name":"wp","href":"https:\/\/api.w.org\/{rel}","templated":true}]}}