{"id":1165,"date":"2019-03-11T10:19:43","date_gmt":"2019-03-11T09:19:43","guid":{"rendered":"https:\/\/samhallsentreprenor.glokala.net\/2018-2019\/?page_id=1165"},"modified":"2019-03-11T10:38:29","modified_gmt":"2019-03-11T09:38:29","slug":"v-11-sociala-medier-fordjupning-upg-8","status":"publish","type":"page","link":"https:\/\/samhallsentreprenor.glokala.net\/2018-2019\/modul-3\/v-11-sociala-medier-fordjupning-upg-8\/","title":{"rendered":"v 11 Sociala medier f\u00f6rdjupning + upg 8"},"content":{"rendered":"\n<p>Den h\u00e4r veckan g\u00e5r vi in p\u00e5 det konkreta arbetet med inneh\u00e5llet i en kanal f\u00f6r sociala medier.<\/p>\n\n\n\n<p>Lisa Karinsdotter P\u00e5lsson f\u00f6rel\u00e4ser om olika verktyg och tips och trix f\u00f6r hur du ska n\u00e5 ut med dina inl\u00e4gg:<\/p>\n\n\n\n<iframe loading=\"lazy\" src=\"https:\/\/player.vimeo.com\/video\/258484583\" allowfullscreen=\"allowfullscreen\" width=\"640\" height=\"360\" frameborder=\"0\"><\/iframe>\n\n\n\n<p>L\u00e4nk till f\u00f6rel\u00e4sningen i text, h\u00e4r hittar du \u00e4ven checklistor och exempel p\u00e5 hur olika inl\u00e4gg kan se ut \u2013 pdf:<\/p>\n\n\n\n<div class=\"wp-block-file\"><a href=\"https:\/\/samhallsentreprenor.glokala.net\/2018-2019\/wp-content\/uploads\/2019\/03\/2_FORELASNING_SOCIALA_MEDIER.pdf\" target=\"_blank\" rel=\"noreferrer noopener\">2_FORELASNING_SOCIALA_MEDIER<\/a><a href=\"https:\/\/samhallsentreprenor.glokala.net\/2018-2019\/wp-content\/uploads\/2019\/03\/2_FORELASNING_SOCIALA_MEDIER.pdf\" class=\"wp-block-file__button\" download>Ladda ner<\/a><\/div>\n\n\n\n<h2 class=\"wp-block-heading\">Uppgift 8: Publiceringsplan<\/h2>\n\n\n\n<p>De senaste veckornas f\u00f6rel\u00e4sning ligger till grund f\u00f6r uppgift 8 \u201cPubliceringsplan\u201d. H\u00e4r f\u00e5r du tillf\u00e4lle att planera f\u00f6r inneh\u00e5llet i en sociala medier-kanal.<\/p>\n\n\n\n<p>Beskrivning f\u00f6r uppgiften finner du h\u00e4r \u2013 l\u00e4nk till pdf:<\/p>\n\n\n\n<div class=\"wp-block-file\"><a href=\"https:\/\/samhallsentreprenor.glokala.net\/2018-2019\/wp-content\/uploads\/2019\/03\/Uppgift_Publiceringsplan.pdf\">Uppgift_Publiceringsplan<\/a><a href=\"https:\/\/samhallsentreprenor.glokala.net\/2018-2019\/wp-content\/uploads\/2019\/03\/Uppgift_Publiceringsplan.pdf\" class=\"wp-block-file__button\" download>Ladda ner<\/a><\/div>\n\n\n\n<p><strong>Inl\u00e4mning:<\/strong> 25 mars, <a href=\"https:\/\/samhallsentreprenor.glokala.net\/2018-2019\/grupper\/upg-8-publiceringsplan\/\">i forumet f\u00f6r uppgiften https:\/\/samhallsentreprenor.glokala.net\/2018-2019\/grupper\/upg-8-publiceringsplan\/<\/a><\/p>\n\n\n\n<p><strong>Form:<\/strong> L\u00e4mna in uppgiften som textfil, excel eller pdf<\/p>\n\n\n\n<p><strong>Respons\/kommentarer:<\/strong> En indelning f\u00f6r kommentarer till varandra presenteras 26 mars<\/p>\n\n\n\n<p>Dela g\u00e4rna med dig av dina tankar och id\u00e9er <a href=\"https:\/\/samhallsentreprenor.glokala.net\/2018-2019\/grupper\/cafeet-kursforum\/forum\/topic\/sociala-medier-reaktioner-reflektioner\/\">i kursforumet<\/a> under arbetets g\u00e5ng. Har du redan b\u00f6rjat bygga en plattform i sociala medier eller har en blogg\/hemsida \u2013 anv\u00e4nd dig av uppgiften f\u00f6r att utveckla ditt inneh\u00e5ll.<\/p>\n","protected":false},"excerpt":{"rendered":"<p>Den h\u00e4r veckan g\u00e5r vi in p\u00e5 det konkreta arbetet med inneh\u00e5llet i en kanal f\u00f6r sociala medier. Lisa Karinsdotter P\u00e5lsson f\u00f6rel\u00e4ser om olika verktyg och tips och trix f\u00f6r hur du ska n\u00e5 ut med dina inl\u00e4gg: L\u00e4nk till f\u00f6rel\u00e4sningen i text, h\u00e4r hittar du \u00e4ven checklistor och exempel p\u00e5 hur olika inl\u00e4gg kan [&hellip;]<\/p>\n","protected":false},"author":1,"featured_media":0,"parent":850,"menu_order":0,"comment_status":"open","ping_status":"closed","template":"","meta":{"_bbp_topic_count":0,"_bbp_reply_count":0,"_bbp_total_topic_count":0,"_bbp_total_reply_count":0,"_bbp_voice_count":0,"_bbp_anonymous_reply_count":0,"_bbp_topic_count_hidden":0,"_bbp_reply_count_hidden":0,"_bbp_forum_subforum_count":0,"footnotes":""},"class_list":["post-1165","page","type-page","status-publish","hentry"],"_links":{"self":[{"href":"https:\/\/samhallsentreprenor.glokala.net\/2018-2019\/wp-json\/wp\/v2\/pages\/1165","targetHints":{"allow":["GET"]}}],"collection":[{"href":"https:\/\/samhallsentreprenor.glokala.net\/2018-2019\/wp-json\/wp\/v2\/pages"}],"about":[{"href":"https:\/\/samhallsentreprenor.glokala.net\/2018-2019\/wp-json\/wp\/v2\/types\/page"}],"author":[{"embeddable":true,"href":"https:\/\/samhallsentreprenor.glokala.net\/2018-2019\/wp-json\/wp\/v2\/users\/1"}],"replies":[{"embeddable":true,"href":"https:\/\/samhallsentreprenor.glokala.net\/2018-2019\/wp-json\/wp\/v2\/comments?post=1165"}],"version-history":[{"count":2,"href":"https:\/\/samhallsentreprenor.glokala.net\/2018-2019\/wp-json\/wp\/v2\/pages\/1165\/revisions"}],"predecessor-version":[{"id":1180,"href":"https:\/\/samhallsentreprenor.glokala.net\/2018-2019\/wp-json\/wp\/v2\/pages\/1165\/revisions\/1180"}],"up":[{"embeddable":true,"href":"https:\/\/samhallsentreprenor.glokala.net\/2018-2019\/wp-json\/wp\/v2\/pages\/850"}],"wp:attachment":[{"href":"https:\/\/samhallsentreprenor.glokala.net\/2018-2019\/wp-json\/wp\/v2\/media?parent=1165"}],"curies":[{"name":"wp","href":"https:\/\/api.w.org\/{rel}","templated":true}]}}