{"id":1212,"date":"2019-03-18T12:27:54","date_gmt":"2019-03-18T11:27:54","guid":{"rendered":"https:\/\/samhallsentreprenor.glokala.net\/2018-2019\/?page_id=1212"},"modified":"2019-03-18T12:37:54","modified_gmt":"2019-03-18T11:37:54","slug":"v-12-tid-for-upg-8-inspiration-crowdfunding","status":"publish","type":"page","link":"https:\/\/samhallsentreprenor.glokala.net\/2018-2019\/modul-3\/v-12-tid-for-upg-8-inspiration-crowdfunding\/","title":{"rendered":"v 12 Tid f\u00f6r upg 8 + inspiration crowdfunding"},"content":{"rendered":"\n<p>Den h\u00e4r veckan finns det tid till att arbeta med <a href=\"https:\/\/samhallsentreprenor.glokala.net\/2018-2019\/modul-3\/v-11-sociala-medier-fordjupning-upg-8\/\">uppgift 8 Publiceringsplan<\/a>.<br>Inl\u00e4mning: 25 mars.<\/p>\n\n\n\n<h2 class=\"wp-block-heading\">Inspiration: Intervju med Matkooperativet Helsingborg &#8211; crowdfunding<\/h2>\n\n\n\n<figure class=\"wp-block-image\"><img loading=\"lazy\" decoding=\"async\" width=\"1024\" height=\"768\" src=\"https:\/\/samhallsentreprenor.glokala.net\/2018-2019\/wp-content\/uploads\/2019\/03\/IMG_20190311_134216-1024x768.jpg\" alt=\"Matkooperativet Helsingborg\" class=\"wp-image-1214\" srcset=\"https:\/\/samhallsentreprenor.glokala.net\/2018-2019\/wp-content\/uploads\/2019\/03\/IMG_20190311_134216-1024x768.jpg 1024w, https:\/\/samhallsentreprenor.glokala.net\/2018-2019\/wp-content\/uploads\/2019\/03\/IMG_20190311_134216-500x375.jpg 500w, https:\/\/samhallsentreprenor.glokala.net\/2018-2019\/wp-content\/uploads\/2019\/03\/IMG_20190311_134216-768x576.jpg 768w, https:\/\/samhallsentreprenor.glokala.net\/2018-2019\/wp-content\/uploads\/2019\/03\/IMG_20190311_134216-624x468.jpg 624w\" sizes=\"auto, (max-width: 1024px) 100vw, 1024px\" \/><\/figure>\n\n\n\n<p><strong>Matkooperativet<\/strong> \u00e4r en ideellt driven butik som sedan tv\u00e5 \u00e5r finns i centrala Helsingborg. Hur har de anv\u00e4nt crowdfunding i uppstarten och utvecklingen av butiken? Se en intervju med Ann-Sofie Malmgren fr\u00e5n kooperativet, med fokus p\u00e5 tv\u00e5 Kickstarter-kampanjer de har genomf\u00f6rt med stor framg\u00e5ng:<\/p>\n\n\n\n<p><a href=\"https:\/\/vimeo.com\/324941162\" target=\"_blank\" rel=\"noreferrer noopener\" aria-label=\"Video: (opens in a new tab)\">Video:<\/a><\/p>\n\n\n\n<figure class=\"wp-block-embed-vimeo wp-block-embed is-type-video is-provider-vimeo wp-embed-aspect-16-9 wp-has-aspect-ratio\"><div class=\"wp-block-embed__wrapper\">\n<iframe loading=\"lazy\" title=\"Intervju med Matkooperativet: Crowdfunding\" src=\"https:\/\/player.vimeo.com\/video\/324941162?dnt=1&amp;app_id=122963\" width=\"500\" height=\"281\" frameborder=\"0\" allow=\"autoplay; fullscreen; picture-in-picture; clipboard-write\"><\/iframe>\n<\/div><\/figure>\n\n\n\n<h3 class=\"wp-block-heading\">L\u00e4s mer om deras kampanjer p\u00e5 Kickstarter<\/h3>\n\n\n\n<p>F\u00f6rsta Kickstarter-kampanjen, v\u00e5ren 2017: <a href=\"https:\/\/www.kickstarter.com\/projects\/574401734\/matkooperativet-helsingborg\">https:\/\/www.kickstarter.com\/projects\/574401734\/matkooperativet-helsingborg<\/a><\/p>\n\n\n\n<p>Andra kampanjen v\u00e5ren 2018, &#8221;F\u00f6rpackningsfritt Helsingborg&#8221;: <a href=\"https:\/\/www.kickstarter.com\/projects\/574401734\/forpackningsfritt-helsingborg\">https:\/\/www.kickstarter.com\/projects\/574401734\/forpackningsfritt-helsingborg<\/a><\/p>\n\n\n\n<figure class=\"wp-block-embed-kickstarter wp-block-embed is-type-rich is-provider-kickstarter wp-embed-aspect-16-9 wp-has-aspect-ratio\"><div class=\"wp-block-embed__wrapper\">\nhttps:\/\/www.kickstarter.com\/projects\/574401734\/forpackningsfritt-helsingborg\n<\/div><figcaption><em>Kampanjvideon f\u00f6r F\u00f6rpackningsfritt Helsingborg, v\u00e5ren 2018<\/em><\/figcaption><\/figure>\n\n\n\n<p>L\u00e4s mer om Matkooperativet p\u00e5 <a rel=\"noreferrer noopener\" aria-label=\"matkooperativet.se (opens in a new tab)\" href=\"http:\/\/matkooperativet.se\" target=\"_blank\">matkooperativet.se<\/a>, <a rel=\"noreferrer noopener\" aria-label=\"instagram.com\/matkooperativet (opens in a new tab)\" href=\"https:\/\/www.instagram.com\/matkooperativet\/\" target=\"_blank\">instagram.com\/matkooperativet<\/a> och <a href=\"https:\/\/www.facebook.com\/matkooperativet\/\" target=\"_blank\" rel=\"noreferrer noopener\" aria-label=\"facebook.com\/matkooperativet (opens in a new tab)\">facebook.com\/matkooperativet<\/a><br><\/p>\n","protected":false},"excerpt":{"rendered":"<p>Den h\u00e4r veckan finns det tid till att arbeta med uppgift 8 Publiceringsplan.Inl\u00e4mning: 25 mars. Inspiration: Intervju med Matkooperativet Helsingborg &#8211; crowdfunding Matkooperativet \u00e4r en ideellt driven butik som sedan tv\u00e5 \u00e5r finns i centrala Helsingborg. Hur har de anv\u00e4nt crowdfunding i uppstarten och utvecklingen av butiken? Se en intervju med Ann-Sofie Malmgren fr\u00e5n kooperativet, [&hellip;]<\/p>\n","protected":false},"author":1,"featured_media":0,"parent":850,"menu_order":0,"comment_status":"open","ping_status":"closed","template":"","meta":{"_bbp_topic_count":0,"_bbp_reply_count":0,"_bbp_total_topic_count":0,"_bbp_total_reply_count":0,"_bbp_voice_count":0,"_bbp_anonymous_reply_count":0,"_bbp_topic_count_hidden":0,"_bbp_reply_count_hidden":0,"_bbp_forum_subforum_count":0,"footnotes":""},"class_list":["post-1212","page","type-page","status-publish","hentry"],"_links":{"self":[{"href":"https:\/\/samhallsentreprenor.glokala.net\/2018-2019\/wp-json\/wp\/v2\/pages\/1212","targetHints":{"allow":["GET"]}}],"collection":[{"href":"https:\/\/samhallsentreprenor.glokala.net\/2018-2019\/wp-json\/wp\/v2\/pages"}],"about":[{"href":"https:\/\/samhallsentreprenor.glokala.net\/2018-2019\/wp-json\/wp\/v2\/types\/page"}],"author":[{"embeddable":true,"href":"https:\/\/samhallsentreprenor.glokala.net\/2018-2019\/wp-json\/wp\/v2\/users\/1"}],"replies":[{"embeddable":true,"href":"https:\/\/samhallsentreprenor.glokala.net\/2018-2019\/wp-json\/wp\/v2\/comments?post=1212"}],"version-history":[{"count":4,"href":"https:\/\/samhallsentreprenor.glokala.net\/2018-2019\/wp-json\/wp\/v2\/pages\/1212\/revisions"}],"predecessor-version":[{"id":1279,"href":"https:\/\/samhallsentreprenor.glokala.net\/2018-2019\/wp-json\/wp\/v2\/pages\/1212\/revisions\/1279"}],"up":[{"embeddable":true,"href":"https:\/\/samhallsentreprenor.glokala.net\/2018-2019\/wp-json\/wp\/v2\/pages\/850"}],"wp:attachment":[{"href":"https:\/\/samhallsentreprenor.glokala.net\/2018-2019\/wp-json\/wp\/v2\/media?parent=1212"}],"curies":[{"name":"wp","href":"https:\/\/api.w.org\/{rel}","templated":true}]}}