{"id":1274,"date":"2019-03-25T11:32:05","date_gmt":"2019-03-25T10:32:05","guid":{"rendered":"https:\/\/samhallsentreprenor.glokala.net\/2018-2019\/?page_id=1274"},"modified":"2019-03-25T11:32:05","modified_gmt":"2019-03-25T10:32:05","slug":"v-13-intro-modul-4-inspiration","status":"publish","type":"page","link":"https:\/\/samhallsentreprenor.glokala.net\/2018-2019\/modul-4\/v-13-intro-modul-4-inspiration\/","title":{"rendered":"v 13 Intro Modul 4 + inspiration"},"content":{"rendered":"\n<p><strong>Tid f\u00f6r inl\u00e4mning 25 mars,<\/strong> <a href=\"https:\/\/samhallsentreprenor.glokala.net\/2018-2019\/modul-3\/v-11-sociala-medier-fordjupning-upg-8\/\">uppgift 8 Publiceringsplan \u2013><\/a><\/p>\n\n\n\n<hr class=\"wp-block-separator is-style-dots\"\/>\n\n\n\n<h3 class=\"wp-block-heading\">V\u00e4lkommen till modul 4!<\/h3>\n\n\n\n<p><strong>Planering \u2013 \u00f6versikt:<\/strong> <a href=\"https:\/\/samhallsentreprenor.glokala.net\/2018-2019\/modul-4\/\">Planeringen f\u00f6r modulen finns h\u00e4r tillsammans med tips p\u00e5 evenemang \u2192<\/a><\/p>\n\n\n\n<p><strong><a href=\"https:\/\/vimeo.com\/326294560\/e892002463\" target=\"_blank\" rel=\"noreferrer noopener\" aria-label=\"Introduktion till modulen (opens in a new tab)\">Introduktion till modulen<\/a><\/strong> och veckans material som vi startar med: <\/p>\n\n\n\n<figure class=\"wp-block-embed-vimeo wp-block-embed is-type-video is-provider-vimeo wp-embed-aspect-16-9 wp-has-aspect-ratio\"><div class=\"wp-block-embed__wrapper\">\n<iframe loading=\"lazy\" title=\"Intro till Modul 4\" src=\"https:\/\/player.vimeo.com\/video\/326294560?h=e892002463&amp;dnt=1&amp;app_id=122963\" width=\"500\" height=\"281\" frameborder=\"0\" allow=\"autoplay; fullscreen; picture-in-picture; clipboard-write\"><\/iframe>\n<\/div><\/figure>\n\n\n\n<h3 class=\"wp-block-heading\">Film: <a href=\"https:\/\/www.youtube.com\/watch?v=mWe6Nhn5Crw\" target=\"_blank\" rel=\"noreferrer noopener\" aria-label=\"YALLA! - Vi lever (opens in a new tab)\">YALLA! &#8211; Vi lever<\/a> (46 min, 2018)<\/h3>\n\n\n\n<p>I filmen f\u00e5r vi m\u00f6ta n\u00e5gra av kvinnorna som jobbar i det sociala f\u00f6retaget &amp; kooperativet Yalla Trappan i Malm\u00f6, med varma portr\u00e4tt och inblick i verksamheten.<\/p>\n\n\n\n<p>Vi kan j\u00e4mf\u00f6ra med filmen om Macken som vi s\u00e5g i <a href=\"https:\/\/samhallsentreprenor.glokala.net\/2018-2019\/modul-2\/v-48-organisering-exempel\/\">tidigare moment<\/a>, vilka paralleller kan du se och vad skiljer sig \u00e5t? Vad utel\u00e4mnas i filmen, och vilka unders\u00f6kande fr\u00e5gor hade du velat st\u00e4lla som dokument\u00e4rfilmare?<\/p>\n\n\n\n<figure class=\"wp-block-embed-youtube wp-block-embed is-type-video is-provider-youtube wp-embed-aspect-16-9 wp-has-aspect-ratio\"><div class=\"wp-block-embed__wrapper\">\n<iframe loading=\"lazy\" title=\"YALLA! - Vi lever (Svensk undertext)\" width=\"500\" height=\"281\" src=\"https:\/\/www.youtube.com\/embed\/mWe6Nhn5Crw?feature=oembed\" frameborder=\"0\" allow=\"accelerometer; autoplay; clipboard-write; encrypted-media; gyroscope; picture-in-picture; web-share\" referrerpolicy=\"strict-origin-when-cross-origin\" allowfullscreen><\/iframe>\n<\/div><\/figure>\n\n\n\n<p>Aktuellt om Yalla Trappan: I f\u00f6rra veckan presenterades ett samarbete med H&amp;M, med syverkstad i en av HM:s centrala butiker.<\/p>\n\n\n\n<p>Artikel i Sk\u00e5nska dagbladet 20 mars, <a rel=\"noreferrer noopener\" aria-label=\"&quot;Yalla Trappan p\u00e5 plats i en ny butik&quot; (opens in a new tab)\" href=\"https:\/\/www.skd.se\/2019\/03\/20\/yalla-trappan-pa-plats-i-en-ny-butik\/\" target=\"_blank\">&#8221;Yalla Trappan p\u00e5 plats i en ny butik&#8221;<\/a><\/p>\n\n\n\n<h3 class=\"wp-block-heading\">Podcast: <a href=\"http:\/\/genier.org\/Farnaz_Arbabi.html\" target=\"_blank\" rel=\"noreferrer noopener\">Genier<\/a><\/h3>\n\n\n\n<p>Timmesl\u00e5nga intervjuer med sp\u00e4nnande profiler \u2013 mycket resonemang om kreativa processer och arbetsmetoder!<\/p>\n\n\n\n<figure class=\"wp-block-image\"><a href=\"http:\/\/genier.org\/Farnaz_Arbabi.html\" target=\"_blank\" rel=\"noreferrer noopener\"><img loading=\"lazy\" decoding=\"async\" width=\"1024\" height=\"535\" src=\"https:\/\/samhallsentreprenor.glokala.net\/2018-2019\/wp-content\/uploads\/2019\/03\/genier_screen-1024x535.png\" alt=\"\" class=\"wp-image-1275\" srcset=\"https:\/\/samhallsentreprenor.glokala.net\/2018-2019\/wp-content\/uploads\/2019\/03\/genier_screen-1024x535.png 1024w, https:\/\/samhallsentreprenor.glokala.net\/2018-2019\/wp-content\/uploads\/2019\/03\/genier_screen-500x261.png 500w, https:\/\/samhallsentreprenor.glokala.net\/2018-2019\/wp-content\/uploads\/2019\/03\/genier_screen-768x401.png 768w, https:\/\/samhallsentreprenor.glokala.net\/2018-2019\/wp-content\/uploads\/2019\/03\/genier_screen-624x326.png 624w, https:\/\/samhallsentreprenor.glokala.net\/2018-2019\/wp-content\/uploads\/2019\/03\/genier_screen.png 1235w\" sizes=\"auto, (max-width: 1024px) 100vw, 1024px\" \/><\/a><\/figure>\n","protected":false},"excerpt":{"rendered":"<p>Tid f\u00f6r inl\u00e4mning 25 mars, uppgift 8 Publiceringsplan \u2013> V\u00e4lkommen till modul 4! Planering \u2013 \u00f6versikt: Planeringen f\u00f6r modulen finns h\u00e4r tillsammans med tips p\u00e5 evenemang \u2192 Introduktion till modulen och veckans material som vi startar med: Film: YALLA! &#8211; Vi lever (46 min, 2018) I filmen f\u00e5r vi m\u00f6ta n\u00e5gra av kvinnorna som jobbar [&hellip;]<\/p>\n","protected":false},"author":1,"featured_media":0,"parent":1251,"menu_order":0,"comment_status":"open","ping_status":"closed","template":"","meta":{"_bbp_topic_count":0,"_bbp_reply_count":0,"_bbp_total_topic_count":0,"_bbp_total_reply_count":0,"_bbp_voice_count":0,"_bbp_anonymous_reply_count":0,"_bbp_topic_count_hidden":0,"_bbp_reply_count_hidden":0,"_bbp_forum_subforum_count":0,"footnotes":""},"class_list":["post-1274","page","type-page","status-publish","hentry"],"_links":{"self":[{"href":"https:\/\/samhallsentreprenor.glokala.net\/2018-2019\/wp-json\/wp\/v2\/pages\/1274","targetHints":{"allow":["GET"]}}],"collection":[{"href":"https:\/\/samhallsentreprenor.glokala.net\/2018-2019\/wp-json\/wp\/v2\/pages"}],"about":[{"href":"https:\/\/samhallsentreprenor.glokala.net\/2018-2019\/wp-json\/wp\/v2\/types\/page"}],"author":[{"embeddable":true,"href":"https:\/\/samhallsentreprenor.glokala.net\/2018-2019\/wp-json\/wp\/v2\/users\/1"}],"replies":[{"embeddable":true,"href":"https:\/\/samhallsentreprenor.glokala.net\/2018-2019\/wp-json\/wp\/v2\/comments?post=1274"}],"version-history":[{"count":1,"href":"https:\/\/samhallsentreprenor.glokala.net\/2018-2019\/wp-json\/wp\/v2\/pages\/1274\/revisions"}],"predecessor-version":[{"id":1276,"href":"https:\/\/samhallsentreprenor.glokala.net\/2018-2019\/wp-json\/wp\/v2\/pages\/1274\/revisions\/1276"}],"up":[{"embeddable":true,"href":"https:\/\/samhallsentreprenor.glokala.net\/2018-2019\/wp-json\/wp\/v2\/pages\/1251"}],"wp:attachment":[{"href":"https:\/\/samhallsentreprenor.glokala.net\/2018-2019\/wp-json\/wp\/v2\/media?parent=1274"}],"curies":[{"name":"wp","href":"https:\/\/api.w.org\/{rel}","templated":true}]}}