{"id":1347,"date":"2019-04-05T10:23:33","date_gmt":"2019-04-05T08:23:33","guid":{"rendered":"https:\/\/samhallsentreprenor.glokala.net\/2018-2019\/?page_id=1347"},"modified":"2019-04-08T11:46:06","modified_gmt":"2019-04-08T09:46:06","slug":"v-15-motesmetoder-rollen-som-underlattare","status":"publish","type":"page","link":"https:\/\/samhallsentreprenor.glokala.net\/2018-2019\/modul-4\/v-15-motesmetoder-rollen-som-underlattare\/","title":{"rendered":"v 15 M\u00f6tesmetoder &#038; rollen som underl\u00e4ttare"},"content":{"rendered":"\n<p><strong>M\u00f6jlighet: <\/strong><a rel=\"noreferrer noopener\" href=\"https:\/\/samhallsentreprenor.glokala.net\/2018-2019\/grupper\/cafeet-kursforum\/forum\/topic\/tider-for-samtal-projektutveckling\/\" target=\"_blank\"><strong>Nya tider f\u00f6r samtal \u2013 projektutveckling<\/strong><\/a><br>Funderar du p\u00e5 n\u00e4sta steg i din id\u00e9utveckling eller hur ditt initiativ kan organiseras?<br>August  finns tillg\u00e4nglig f\u00f6r samtal om projekt och id\u00e9er, per   telefon\/digitalt eller p\u00e5 plats i Malm\u00f6 f\u00f6r er som bor i n\u00e4rheten. <a rel=\"noreferrer noopener\" href=\"https:\/\/samhallsentreprenor.glokala.net\/2018-2019\/grupper\/cafeet-kursforum\/forum\/topic\/tider-for-samtal-projektutveckling\/\" target=\"_blank\">L\u00e4s mer och se nya tider h\u00e4r \u2192<\/a><br>Samtalet  kan vara en m\u00f6jlighet f\u00f6r dig att reflektera kring var du befinner dig  just nu och vilka n\u00e4sta steg du planerar i de projekt\/initiativ som du  utvecklar.<\/p>\n\n\n\n<p><strong><a href=\"https:\/\/samhallsentreprenor.glokala.net\/2018-2019\/modul-4\/kurstraff-3-4-maj\/\">Program f\u00f6r kurstr\u00e4ff 3-4 maj<\/a><\/strong> i Malm\u00f6 finns nu presenterat!<\/p>\n\n\n\n<p><strong>Studieresa till Berlin 16-18 maj<\/strong> &#8211; l\u00e4s mer om m\u00f6jligheten att f\u00f6lja med till Berlin i facebook-event h\u00e4r: <a href=\"https:\/\/www.facebook.com\/events\/266308920944748\/\">https:\/\/www.facebook.com\/events\/266308920944748\/<\/a><br>Under tv\u00e5 dagar planerar vi att bes\u00f6ka platser och akt\u00f6rer som arbetar med deltagande stadsutveckling, gr\u00e4srotsaktivism och social f\u00f6r\u00e4ndring.<\/p>\n\n\n\n<hr class=\"wp-block-separator\"\/>\n\n\n\n<p>I veckans tema f\u00e5r du tips att anv\u00e4nda n\u00e4r du planerar och leder m\u00f6ten.<\/p>\n\n\n\n<h3 class=\"wp-block-heading\">En ing\u00e5ng \u2013 om v\u00e4nskap och samarbete:<\/h3>\n\n\n\n<figure class=\"wp-block-embed-vimeo wp-block-embed is-type-video is-provider-vimeo wp-embed-aspect-4-3 wp-has-aspect-ratio\"><div class=\"wp-block-embed__wrapper\">\n<iframe loading=\"lazy\" title=\"Tim Merry on Friendship\" src=\"https:\/\/player.vimeo.com\/video\/21214553?dnt=1&amp;app_id=122963\" width=\"500\" height=\"375\" frameborder=\"0\" allow=\"autoplay; fullscreen; picture-in-picture; clipboard-write\"><\/iframe>\n<\/div><\/figure>\n\n\n\n<p><strong><a rel=\"noreferrer noopener\" href=\"https:\/\/vimeo.com\/21214553\" target=\"_blank\">Tim Merry on Friendship<\/a>.<\/strong>  Om vi \u00e4r klokast tillsammans, hur f\u00e5ngar vi en kollektiv kunskap? Vilka  former beh\u00f6vs f\u00f6r att m\u00f6tas? Orkar vi stanna kvar i samarbeten n\u00e4r vi  tycker olika?<\/p>\n\n\n\n<h3 class=\"wp-block-heading\"><a rel=\"noreferrer noopener\" href=\"https:\/\/vimeo.com\/212203839\" target=\"_blank\">Presentation i video<\/a> till temat:<\/h3>\n\n\n\n<figure class=\"wp-block-embed-vimeo wp-block-embed is-type-video is-provider-vimeo wp-embed-aspect-16-9 wp-has-aspect-ratio\"><div class=\"wp-block-embed__wrapper\">\n<iframe loading=\"lazy\" title=\"Intro: M\u00f6tesmetoder och rollen som underl\u00e4ttare\" src=\"https:\/\/player.vimeo.com\/video\/212203839?dnt=1&amp;app_id=122963\" width=\"500\" height=\"281\" frameborder=\"0\" allow=\"autoplay; fullscreen; picture-in-picture; clipboard-write\"><\/iframe>\n<\/div><\/figure>\n\n\n\n<div class=\"wp-block-file\"><a href=\"https:\/\/samhallsentreprenor.glokala.net\/2018-2019\/wp-content\/uploads\/2019\/04\/motesmetoder_underlattare_she.pdf\">Inspirationsmaterial: M\u00f6tesmetoder &amp; rollen som underl\u00e4ttare (pdf)\ufeff<\/a><a href=\"https:\/\/samhallsentreprenor.glokala.net\/2018-2019\/wp-content\/uploads\/2019\/04\/motesmetoder_underlattare_she.pdf\" class=\"wp-block-file__button\" download>Ladda ner<\/a><\/div>\n\n\n\n<p>Sida 1-2 inneh\u00e5ller n\u00e5gra inledande perspektiv och f\u00f6rslag till deltagande m\u00f6tesformer.<br>Sida 2-3 ger tre f\u00f6rslag p\u00e5 metoder:<br> \u2013 Speed-friending (en l\u00e4ra k\u00e4nna varandra-\u00f6vning)<br> \u2013 Termometern (en v\u00e4rderings\u00f6vning f\u00f6r att starta ig\u00e5ng diskussioner)<br> \u2013 Idea Speed Dating (en \u00f6vning f\u00f6r att utveckla id\u00e9er p\u00e5 ett tema)<br> Sida 4 ger ett f\u00f6rslag p\u00e5 en deltagande m\u00f6tesform: Synergim\u00f6te<\/p>\n\n\n\n<hr class=\"wp-block-separator\"\/>\n\n\n\n<h2 class=\"wp-block-heading\">Inspiration:<\/h2>\n\n\n\n<h3 class=\"wp-block-heading\"><a rel=\"noreferrer noopener\" href=\"https:\/\/transitionnetwork.org\/do-transition\/training\/trainings\/effective-groups\/\" target=\"_blank\">Effective groups \u2013 Transition network<\/a><\/h3>\n\n\n\n<p>Sju korta animerade filmer utvecklade av omst\u00e4llningsr\u00f6relsen i  England! I filmerna beskrivs b\u00e5de en mer traditionell hierarkisk  organisering men ocks\u00e5 olika former f\u00f6r sj\u00e4lvorganisering. I den f\u00f6rsta  filmen f\u00e5r du en liten introduktion:<\/p>\n\n\n\n<figure class=\"wp-block-embed-youtube wp-block-embed is-type-video is-provider-youtube wp-embed-aspect-16-9 wp-has-aspect-ratio\"><div class=\"wp-block-embed__wrapper\">\n<iframe loading=\"lazy\" title=\"Self-Organisation Beyond Hierarchy\" width=\"500\" height=\"281\" src=\"https:\/\/www.youtube.com\/embed\/v-g6pRxkwUI?feature=oembed\" frameborder=\"0\" allow=\"accelerometer; autoplay; clipboard-write; encrypted-media; gyroscope; picture-in-picture; web-share\" referrerpolicy=\"strict-origin-when-cross-origin\" allowfullscreen><\/iframe>\n<\/div><\/figure>\n\n\n\n<h3 class=\"wp-block-heading\"><strong>Att l\u00e4sa: <a href=\"https:\/\/blog.methodkit.com\/the-rise-of-participatory-meetings-755c656f60b8\" target=\"_blank\" rel=\"noreferrer noopener\">\u201dThe rise of participatory meetings\u201d \u2192<\/a><\/strong><\/h3>\n\n\n\n<p>Henrik Johansson\/Yannick Porter (Fantastic Studios) och Ola M\u00f6ller (MethodKit), 27 mars 2017.<br>Mer inspiration f\u00f6r rollen som underl\u00e4ttare\/facilitator, och hur vi kan skapa deltagande m\u00f6ten i artikeln:<\/p>\n\n\n\n<blockquote class=\"wp-block-quote is-layout-flow wp-block-quote-is-layout-flow\"><p>\u201dThis is a post about meetings, about a shift we see in the meeting landscape. And how digital tools are shaping our prioritization of time. We still live in a time where information needs to be shared. But most information meetings are turning into a waste of time, not because we don\u2019t need the information, but rather that we have more effective ways of giving it.\u201d<br>\n<strong><a href=\"https:\/\/blog.methodkit.com\/the-rise-of-participatory-meetings-755c656f60b8\" target=\"_blank\" rel=\"noreferrer noopener\">The rise of participatory meetings \u2013 l\u00e4nk till artikeln \u2192<\/a><\/strong><\/p><\/blockquote>\n\n\n\n<p>I artikeln tipsar de om den h\u00e4r guiden: <strong><a rel=\"noreferrer noopener\" href=\"http:\/\/www.fantasticstudios.com\/meeting-design-guide\" target=\"_blank\">Meeting Design Guide \u2192<\/a><\/strong><\/p>\n\n\n\n<figure class=\"wp-block-image\"><a href=\"https:\/\/blog.methodkit.com\/the-rise-of-participatory-meetings-755c656f60b8\" target=\"_blank\" rel=\"noreferrer noopener\"><img decoding=\"async\" src=\"https:\/\/i0.wp.com\/cdn-images-1.medium.com\/max\/2000\/1*FwcaN0EkK1fZ0d7jdprLJg.jpeg?resize=600%2C315&amp;ssl=1\" alt=\"\"\/><\/a><\/figure>\n\n\n\n<hr class=\"wp-block-separator\"\/>\n\n\n\n<h2 class=\"wp-block-heading\">Vidare f\u00f6rdjupning \u2013 tips:<\/h2>\n\n\n\n<p><a href=\"https:\/\/drive.google.com\/file\/d\/0B5wIEVChc9NXQVNxekdiMzE1dW8\/view\" target=\"_blank\" rel=\"noreferrer noopener\"><strong>\u201dFacilitators Reading List\u201d<\/strong> \u2013 l\u00e4nk<\/a><br>\nSammanst\u00e4lld av Fantastic Studios<\/p>\n\n\n\n<p><strong> <\/strong><a rel=\"noreferrer noopener\" href=\"http:\/\/toolbox.hyperisland.com\/\" target=\"_blank\"><strong>Hyper Island Toolbox<\/strong><\/a><br>Online-bibliotek med metoder f\u00f6r grupprocesser och id\u00e9utveckling.<\/p>\n\n\n\n<p><a href=\"http:\/\/www.seedsforchange.org.uk\/tools.pdf\" target=\"_blank\" rel=\"noreferrer noopener\"><strong>\u201dTools for meetings and workshops\u201d<\/strong> \u2013 l\u00e4nk till pdf<\/a><br>\nIntroducerar ett spektra av \u00f6vningar f\u00f6r ett m\u00f6tes olika delar. Fr\u00e5n <a href=\"http:\/\/www.seedsforchange.org.uk\/\" target=\"_blank\" rel=\"noreferrer noopener\">Seeds for change<\/a>.<\/p>\n\n\n\n<p><a rel=\"noreferrer noopener\" href=\"http:\/\/www.watchit.nu\/metodkit\/\" target=\"_blank\"><strong>Metoder fr\u00e5n Watch it!<\/strong><\/a><br>Watch it! \u00e4r ett processledarkollektiv inom Glokala som utvecklat metoder f\u00f6r att g\u00f6ra demokrati. H\u00e4r \u00e4r n\u00e5gra metoder:<\/p>\n\n\n\n<ul class=\"wp-block-list\"><li><a rel=\"noreferrer noopener\" aria-label=\"Tryggare rum (pdf) (opens in a new tab)\" href=\"https:\/\/samhallsentreprenor.glokala.net\/2018-2019\/wp-content\/uploads\/2019\/04\/Teori-Tryggare_rum.pdf\" target=\"_blank\">Tryggare rum (pdf)<\/a><\/li><li><a rel=\"noreferrer noopener\" aria-label=\"Gemensamma f\u00f6rh\u00e5llningss\u00e4tt (pdf) (opens in a new tab)\" href=\"https:\/\/samhallsentreprenor.glokala.net\/2018-2019\/wp-content\/uploads\/2019\/04\/Ovning-Gemensamma_foorhaallningssatt.pdf\" target=\"_blank\">Gemensamma f\u00f6rh\u00e5llningss\u00e4tt (pdf)<\/a><\/li><li><a rel=\"noreferrer noopener\" aria-label=\"Huvudansvar &amp; pepp (pdf) (opens in a new tab)\" href=\"https:\/\/samhallsentreprenor.glokala.net\/2018-2019\/wp-content\/uploads\/2019\/04\/Instruktion_-Huvudansvar-Pepp_red150116.pdf\" target=\"_blank\">Huvudansvar &amp; pepp (pdf)<\/a><\/li><li><a rel=\"noreferrer noopener\" aria-label=\"Jag i gruppen (pdf) (opens in a new tab)\" href=\"http:\/\/watchit.nu\/wp-content\/uploads\/Jag-i-gruppen.pdf\" target=\"_blank\">Jag i gruppen (pdf)<\/a><\/li><li><a href=\"https:\/\/samhallsentreprenor.glokala.net\/2018-2019\/wp-content\/uploads\/2019\/04\/Filurerna_i_tradet.pdf\" target=\"_blank\" rel=\"noreferrer noopener\" aria-label=\"Filurerna i tr\u00e4det (pdf) (opens in a new tab)\">Filurerna i tr\u00e4det (pdf)<\/a><\/li><\/ul>\n\n\n\n<p><strong>Tre tips p\u00e5 b\u00f6cker:<\/strong><\/p>\n\n\n\n<ul class=\"wp-block-list\"><li><a rel=\"noreferrer noopener\" href=\"http:\/\/www.bokus.com\/bok\/9789187043024\/ideagenten-en-handbok-i-att-leda-kreativa-processer\/\" target=\"_blank\"><em>Id\u00e9agenten \u2013 en handbok i att leda kreativa processer<\/em><\/a>. Breiler, Andr\u00e9as &amp; Michanek, Jonas. 2012.<\/li><li><em><a rel=\"noreferrer noopener\" aria-label=\"Mer kreativa m\u00f6ten (opens in a new tab)\" href=\"http:\/\/libris.kb.se\/bib\/11824251\" target=\"_blank\">Mer kreativa m\u00f6ten<\/a>. <\/em>LSU \u2013 Sveriges ungdomsorganisationer, 2009.<\/li><li><em>M\u00f6teskokboken<\/em>. Mattsson, Erik &amp; J\u00f6born, Anna. G\u00f6teborg 2009.<\/li><\/ul>\n\n\n\n<p><\/p>\n","protected":false},"excerpt":{"rendered":"<p>M\u00f6jlighet: Nya tider f\u00f6r samtal \u2013 projektutvecklingFunderar du p\u00e5 n\u00e4sta steg i din id\u00e9utveckling eller hur ditt initiativ kan organiseras?August finns tillg\u00e4nglig f\u00f6r samtal om projekt och id\u00e9er, per telefon\/digitalt eller p\u00e5 plats i Malm\u00f6 f\u00f6r er som bor i n\u00e4rheten. L\u00e4s mer och se nya tider h\u00e4r \u2192Samtalet kan vara en m\u00f6jlighet f\u00f6r dig [&hellip;]<\/p>\n","protected":false},"author":1,"featured_media":0,"parent":1251,"menu_order":0,"comment_status":"open","ping_status":"closed","template":"","meta":{"_bbp_topic_count":0,"_bbp_reply_count":0,"_bbp_total_topic_count":0,"_bbp_total_reply_count":0,"_bbp_voice_count":0,"_bbp_anonymous_reply_count":0,"_bbp_topic_count_hidden":0,"_bbp_reply_count_hidden":0,"_bbp_forum_subforum_count":0,"footnotes":""},"class_list":["post-1347","page","type-page","status-publish","hentry"],"_links":{"self":[{"href":"https:\/\/samhallsentreprenor.glokala.net\/2018-2019\/wp-json\/wp\/v2\/pages\/1347","targetHints":{"allow":["GET"]}}],"collection":[{"href":"https:\/\/samhallsentreprenor.glokala.net\/2018-2019\/wp-json\/wp\/v2\/pages"}],"about":[{"href":"https:\/\/samhallsentreprenor.glokala.net\/2018-2019\/wp-json\/wp\/v2\/types\/page"}],"author":[{"embeddable":true,"href":"https:\/\/samhallsentreprenor.glokala.net\/2018-2019\/wp-json\/wp\/v2\/users\/1"}],"replies":[{"embeddable":true,"href":"https:\/\/samhallsentreprenor.glokala.net\/2018-2019\/wp-json\/wp\/v2\/comments?post=1347"}],"version-history":[{"count":3,"href":"https:\/\/samhallsentreprenor.glokala.net\/2018-2019\/wp-json\/wp\/v2\/pages\/1347\/revisions"}],"predecessor-version":[{"id":1367,"href":"https:\/\/samhallsentreprenor.glokala.net\/2018-2019\/wp-json\/wp\/v2\/pages\/1347\/revisions\/1367"}],"up":[{"embeddable":true,"href":"https:\/\/samhallsentreprenor.glokala.net\/2018-2019\/wp-json\/wp\/v2\/pages\/1251"}],"wp:attachment":[{"href":"https:\/\/samhallsentreprenor.glokala.net\/2018-2019\/wp-json\/wp\/v2\/media?parent=1347"}],"curies":[{"name":"wp","href":"https:\/\/api.w.org\/{rel}","templated":true}]}}