{"id":1389,"date":"2019-04-25T10:22:55","date_gmt":"2019-04-25T08:22:55","guid":{"rendered":"https:\/\/samhallsentreprenor.glokala.net\/2018-2019\/?page_id=1389"},"modified":"2019-04-25T10:28:54","modified_gmt":"2019-04-25T08:28:54","slug":"v-17-utvardering","status":"publish","type":"page","link":"https:\/\/samhallsentreprenor.glokala.net\/2018-2019\/modul-4\/v-17-utvardering\/","title":{"rendered":"v 17 Utv\u00e4rdering"},"content":{"rendered":"\n<p><strong>Fr\u00e5gor eller funderingar om uppgift 9 eller uppgift 10?<\/strong><br> \u2192 Text-chatt torsdag 25 april kl 19:00 \u2013 20:00, via Zoom.<br>Fredrik och August finns online med m\u00f6jlighet att svara p\u00e5 fr\u00e5gor.<br>Delta via: <a href=\"https:\/\/zoom.us\/j\/940902204\">https:\/\/zoom.us\/j\/940902204<\/a><br>Om du inte har anv\u00e4nt Zoom tidigare kan du testa verktyget via <a href=\"https:\/\/zoom.us\/test\">https:\/\/zoom.us\/test<\/a><\/p>\n\n\n\n<p>Du kan givetvis \u00e4ven maila eller ringa om du vill bolla id\u00e9er eller fr\u00e5gor kring uppgifterna.<\/p>\n\n\n\n<h2 class=\"wp-block-heading\">Vad \u00e4r utv\u00e4rdering \u2013 och hur g\u00f6r man utv\u00e4rderingar? Det \u00e4r temat f\u00f6r denna vecka.<\/h2>\n\n\n\n<p>En anledning till att detta \u00e4r ett viktigt \u00e4mne \u00e4r att det ofta st\u00e4lls krav p\u00e5 att projekt skall utv\u00e4rderas.<\/p>\n\n\n\n<p><strong>H\u00e4r \u00e4r l\u00e4nkar till n\u00e5gra bra texter om utv\u00e4rdering:<\/strong><\/p>\n\n\n\n<p><a rel=\"noreferrer noopener\" href=\"http:\/\/integrationsrapporter.mkcentrum.se\/wp-admin\/wp-content\/uploads\/fido.pdf\" target=\"_blank\"><strong>FIDO: Lathund f\u00f6r sj\u00e4lvutv\u00e4rdering av projekt.<\/strong><\/a><br>Inte alltf\u00f6r avancerad text som beskriver hur man kan g\u00e5 tillv\u00e4ga. Anv\u00e4ndbar.<\/p>\n\n\n\n<p><a rel=\"noreferrer noopener\" href=\"http:\/\/www.samhallsentreprenor.glokala.se\/wp-content\/uploads\/utvrdering-ngragrundbegrepp.pdf\" target=\"_blank\"><strong>UTV\u00c4RDERING \u2013 N\u00c5GRA GRUNDBEGREPP (Av Yours Truly)<\/strong><br><\/a>Intro till central begrepp och tankes\u00e4tt p\u00e5 fyra sidor!<\/p>\n\n\n\n<p>H\u00e4r f\u00f6ljer dessutom en presentation om utv\u00e4rdering, med tillh\u00f6rande video nedan (del 2 kommer om tv\u00e5 veckor):<\/p>\n\n\n\n<div class=\"wp-block-file\"><a href=\"https:\/\/samhallsentreprenor.glokala.net\/2018-2019\/wp-content\/uploads\/2019\/04\/utv\u00e4rdering-1_she_glokala.pptx\" target=\"_blank\" rel=\"noreferrer noopener\"> <strong>Presentation<\/strong> (powerpoint) \u2013 l\u00e4nk <\/a><a href=\"https:\/\/samhallsentreprenor.glokala.net\/2018-2019\/wp-content\/uploads\/2019\/04\/utv\u00e4rdering-1_she_glokala.pptx\" class=\"wp-block-file__button\" download>Ladda ner<\/a><\/div>\n\n\n\n<p><strong><a href=\"https:\/\/vimeo.com\/164760485\" target=\"_blank\" rel=\"noreferrer noopener\">Video \u2013 del 1:<\/a><\/strong><\/p>\n\n\n\n<figure class=\"wp-block-embed-vimeo wp-block-embed is-type-video is-provider-vimeo wp-embed-aspect-16-9 wp-has-aspect-ratio\"><div class=\"wp-block-embed__wrapper\">\n<iframe loading=\"lazy\" title=\"Utv\u00e4rdering del 1\" src=\"https:\/\/player.vimeo.com\/video\/164760485?dnt=1&amp;app_id=122963\" width=\"500\" height=\"281\" frameborder=\"0\" allow=\"autoplay; fullscreen; picture-in-picture; clipboard-write\"><\/iframe>\n<\/div><\/figure>\n","protected":false},"excerpt":{"rendered":"<p>Fr\u00e5gor eller funderingar om uppgift 9 eller uppgift 10? \u2192 Text-chatt torsdag 25 april kl 19:00 \u2013 20:00, via Zoom.Fredrik och August finns online med m\u00f6jlighet att svara p\u00e5 fr\u00e5gor.Delta via: https:\/\/zoom.us\/j\/940902204Om du inte har anv\u00e4nt Zoom tidigare kan du testa verktyget via https:\/\/zoom.us\/test Du kan givetvis \u00e4ven maila eller ringa om du vill bolla [&hellip;]<\/p>\n","protected":false},"author":1,"featured_media":0,"parent":1251,"menu_order":0,"comment_status":"open","ping_status":"closed","template":"","meta":{"_bbp_topic_count":0,"_bbp_reply_count":0,"_bbp_total_topic_count":0,"_bbp_total_reply_count":0,"_bbp_voice_count":0,"_bbp_anonymous_reply_count":0,"_bbp_topic_count_hidden":0,"_bbp_reply_count_hidden":0,"_bbp_forum_subforum_count":0,"footnotes":""},"class_list":["post-1389","page","type-page","status-publish","hentry"],"_links":{"self":[{"href":"https:\/\/samhallsentreprenor.glokala.net\/2018-2019\/wp-json\/wp\/v2\/pages\/1389","targetHints":{"allow":["GET"]}}],"collection":[{"href":"https:\/\/samhallsentreprenor.glokala.net\/2018-2019\/wp-json\/wp\/v2\/pages"}],"about":[{"href":"https:\/\/samhallsentreprenor.glokala.net\/2018-2019\/wp-json\/wp\/v2\/types\/page"}],"author":[{"embeddable":true,"href":"https:\/\/samhallsentreprenor.glokala.net\/2018-2019\/wp-json\/wp\/v2\/users\/1"}],"replies":[{"embeddable":true,"href":"https:\/\/samhallsentreprenor.glokala.net\/2018-2019\/wp-json\/wp\/v2\/comments?post=1389"}],"version-history":[{"count":3,"href":"https:\/\/samhallsentreprenor.glokala.net\/2018-2019\/wp-json\/wp\/v2\/pages\/1389\/revisions"}],"predecessor-version":[{"id":1399,"href":"https:\/\/samhallsentreprenor.glokala.net\/2018-2019\/wp-json\/wp\/v2\/pages\/1389\/revisions\/1399"}],"up":[{"embeddable":true,"href":"https:\/\/samhallsentreprenor.glokala.net\/2018-2019\/wp-json\/wp\/v2\/pages\/1251"}],"wp:attachment":[{"href":"https:\/\/samhallsentreprenor.glokala.net\/2018-2019\/wp-json\/wp\/v2\/media?parent=1389"}],"curies":[{"name":"wp","href":"https:\/\/api.w.org\/{rel}","templated":true}]}}