{"id":1404,"date":"2019-04-29T07:30:52","date_gmt":"2019-04-29T05:30:52","guid":{"rendered":"https:\/\/samhallsentreprenor.glokala.net\/2018-2019\/?page_id=1404"},"modified":"2019-04-25T19:32:18","modified_gmt":"2019-04-25T17:32:18","slug":"v-18","status":"publish","type":"page","link":"https:\/\/samhallsentreprenor.glokala.net\/2018-2019\/modul-4\/v-18\/","title":{"rendered":"v 18 Tid f\u00f6r upg 9 + kurstr\u00e4ff"},"content":{"rendered":"\n<p>Det finns tid den h\u00e4r veckan f\u00f6r att arbeta med <a href=\"https:\/\/samhallsentreprenor.glokala.net\/2018-2019\/modul-4\/upg-9-plan\/\">uppgift 9: Projekt- \/verksamhets- \/aff\u00e4rsplan<\/a>.<br>Inl\u00e4mning m\u00e5ndag 6 maj, i <a rel=\"noreferrer noopener\" aria-label=\"uppgiftens forum (opens in a new tab)\" href=\"https:\/\/samhallsentreprenor.glokala.net\/2018-2019\/grupper\/upg-9-projekt-verksamhets-affarsplan\/\" target=\"_blank\">uppgiftens forum<\/a> eller via mail till August.<\/p>\n\n\n\n<h3 class=\"wp-block-heading\">Kurstr\u00e4ff 3-4 maj i Malm\u00f6<\/h3>\n\n\n\n<p><a href=\"https:\/\/samhallsentreprenor.glokala.net\/2018-2019\/modul-4\/kurstraff-3-4-maj\/\">Se programmet h\u00e4r!<\/a> Meddela din medverkan via:  <br><a rel=\"noreferrer noopener\" href=\"https:\/\/forms.gle\/4piwERQ5zTdGS7929\" target=\"_blank\">https:\/\/forms.gle\/4piwERQ5zTdGS7929<\/a> <\/p>\n\n\n\n<h3 class=\"wp-block-heading\">Studietur till Berlin 16-18 maj<\/h3>\n\n\n\n<p>L\u00e4s mer om m\u00f6jligheten att f\u00f6lja med till Berlin i facebook-event h\u00e4r: <a href=\"https:\/\/www.facebook.com\/events\/266308920944748\/\">https:\/\/www.facebook.com\/events\/266308920944748\/<\/a><br>Under tv\u00e5 dagar planerar vi att bes\u00f6ka platser och akt\u00f6rer som arbetar med  deltagande stadsutveckling, gr\u00e4srotsaktivism och social f\u00f6r\u00e4ndring. <\/p>\n\n\n\n<figure class=\"wp-block-image\"><img loading=\"lazy\" decoding=\"async\" width=\"1920\" height=\"1080\" src=\"https:\/\/i0.wp.com\/samhallsentreprenor.glokala.net\/2018-2019\/wp-content\/uploads\/2019\/04\/berlin_studietur_maj2019_1920.jpg?fit=1024%2C576&amp;ssl=1\" alt=\"\" class=\"wp-image-1405\" srcset=\"https:\/\/samhallsentreprenor.glokala.net\/2018-2019\/wp-content\/uploads\/2019\/04\/berlin_studietur_maj2019_1920.jpg 1920w, https:\/\/samhallsentreprenor.glokala.net\/2018-2019\/wp-content\/uploads\/2019\/04\/berlin_studietur_maj2019_1920-500x281.jpg 500w, https:\/\/samhallsentreprenor.glokala.net\/2018-2019\/wp-content\/uploads\/2019\/04\/berlin_studietur_maj2019_1920-768x432.jpg 768w, https:\/\/samhallsentreprenor.glokala.net\/2018-2019\/wp-content\/uploads\/2019\/04\/berlin_studietur_maj2019_1920-1024x576.jpg 1024w, https:\/\/samhallsentreprenor.glokala.net\/2018-2019\/wp-content\/uploads\/2019\/04\/berlin_studietur_maj2019_1920-624x351.jpg 624w, https:\/\/samhallsentreprenor.glokala.net\/2018-2019\/wp-content\/uploads\/2019\/04\/berlin_studietur_maj2019_1920-128x72.jpg 128w\" sizes=\"auto, (max-width: 1920px) 100vw, 1920px\" \/><\/figure>\n\n\n\n<p><\/p>\n","protected":false},"excerpt":{"rendered":"<p>Det finns tid den h\u00e4r veckan f\u00f6r att arbeta med uppgift 9: Projekt- \/verksamhets- \/aff\u00e4rsplan.Inl\u00e4mning m\u00e5ndag 6 maj, i uppgiftens forum eller via mail till August. Kurstr\u00e4ff 3-4 maj i Malm\u00f6 Se programmet h\u00e4r! Meddela din medverkan via: https:\/\/forms.gle\/4piwERQ5zTdGS7929 Studietur till Berlin 16-18 maj L\u00e4s mer om m\u00f6jligheten att f\u00f6lja med till Berlin i facebook-event [&hellip;]<\/p>\n","protected":false},"author":1,"featured_media":0,"parent":1251,"menu_order":0,"comment_status":"open","ping_status":"closed","template":"","meta":{"_bbp_topic_count":0,"_bbp_reply_count":0,"_bbp_total_topic_count":0,"_bbp_total_reply_count":0,"_bbp_voice_count":0,"_bbp_anonymous_reply_count":0,"_bbp_topic_count_hidden":0,"_bbp_reply_count_hidden":0,"_bbp_forum_subforum_count":0,"footnotes":""},"class_list":["post-1404","page","type-page","status-publish","hentry"],"_links":{"self":[{"href":"https:\/\/samhallsentreprenor.glokala.net\/2018-2019\/wp-json\/wp\/v2\/pages\/1404","targetHints":{"allow":["GET"]}}],"collection":[{"href":"https:\/\/samhallsentreprenor.glokala.net\/2018-2019\/wp-json\/wp\/v2\/pages"}],"about":[{"href":"https:\/\/samhallsentreprenor.glokala.net\/2018-2019\/wp-json\/wp\/v2\/types\/page"}],"author":[{"embeddable":true,"href":"https:\/\/samhallsentreprenor.glokala.net\/2018-2019\/wp-json\/wp\/v2\/users\/1"}],"replies":[{"embeddable":true,"href":"https:\/\/samhallsentreprenor.glokala.net\/2018-2019\/wp-json\/wp\/v2\/comments?post=1404"}],"version-history":[{"count":1,"href":"https:\/\/samhallsentreprenor.glokala.net\/2018-2019\/wp-json\/wp\/v2\/pages\/1404\/revisions"}],"predecessor-version":[{"id":1406,"href":"https:\/\/samhallsentreprenor.glokala.net\/2018-2019\/wp-json\/wp\/v2\/pages\/1404\/revisions\/1406"}],"up":[{"embeddable":true,"href":"https:\/\/samhallsentreprenor.glokala.net\/2018-2019\/wp-json\/wp\/v2\/pages\/1251"}],"wp:attachment":[{"href":"https:\/\/samhallsentreprenor.glokala.net\/2018-2019\/wp-json\/wp\/v2\/media?parent=1404"}],"curies":[{"name":"wp","href":"https:\/\/api.w.org\/{rel}","templated":true}]}}