{"id":1469,"date":"2019-05-09T11:17:00","date_gmt":"2019-05-09T09:17:00","guid":{"rendered":"https:\/\/samhallsentreprenor.glokala.net\/2018-2019\/?page_id=1469"},"modified":"2019-05-09T11:17:00","modified_gmt":"2019-05-09T09:17:00","slug":"kompletterande-uppgift-maj-traff","status":"publish","type":"page","link":"https:\/\/samhallsentreprenor.glokala.net\/2018-2019\/modul-4\/kompletterande-uppgift-maj-traff\/","title":{"rendered":"Kompletterande uppgift maj-tr\u00e4ff"},"content":{"rendered":"\n<p>Kompletterande uppgift f\u00f6r er som inte deltog i <a href=\"https:\/\/samhallsentreprenor.glokala.net\/2018-2019\/modul-4\/kurstraff-3-4-maj\/\">kurstr\u00e4ffen i Malm\u00f6 3-4 maj<\/a>:<\/p>\n\n\n\n<p style=\"text-align:left\">Ni som inte var med p\u00e5 plats g\u00f6r en kort reflektionsuppgift, maila direkt till August senast 3 juni.<\/p>\n\n\n\n<p>Under l\u00f6rdagen i Malm\u00f6 hade vi m\u00f6jlighet att diskutera aktuella utmaningar och n\u00e4sta steg i projektutveckling.<br>Skriv utifr\u00e5n de h\u00e4r tv\u00e5 fr\u00e5gest\u00e4llningarna:<\/p>\n\n\n\n<ul class=\"wp-block-list\"><li>Vilka \u00e4r utmaningarna i ditt engagemang \/ projekt?<\/li><li>Vilka \u00e4r dina n\u00e4sta steg den n\u00e4rmaste tiden och efter kursens slut?<\/li><\/ul>\n\n\n\n<p>Ca 1\/2 A4.<\/p>\n\n\n\n<p>Jag ser fram emot att ta del av era tankar. Det finns ocks\u00e5 m\u00f6jlighet att ha samtal via telefon eller online om du vill bolla id\u00e9er, ta kontakt i s\u00e5 fall!<\/p>\n\n\n\n<p>August<\/p>\n","protected":false},"excerpt":{"rendered":"<p>Kompletterande uppgift f\u00f6r er som inte deltog i kurstr\u00e4ffen i Malm\u00f6 3-4 maj: Ni som inte var med p\u00e5 plats g\u00f6r en kort reflektionsuppgift, maila direkt till August senast 3 juni. Under l\u00f6rdagen i Malm\u00f6 hade vi m\u00f6jlighet att diskutera aktuella utmaningar och n\u00e4sta steg i projektutveckling.Skriv utifr\u00e5n de h\u00e4r tv\u00e5 fr\u00e5gest\u00e4llningarna: Vilka \u00e4r utmaningarna [&hellip;]<\/p>\n","protected":false},"author":1,"featured_media":0,"parent":1251,"menu_order":0,"comment_status":"closed","ping_status":"closed","template":"","meta":{"_bbp_topic_count":0,"_bbp_reply_count":0,"_bbp_total_topic_count":0,"_bbp_total_reply_count":0,"_bbp_voice_count":0,"_bbp_anonymous_reply_count":0,"_bbp_topic_count_hidden":0,"_bbp_reply_count_hidden":0,"_bbp_forum_subforum_count":0,"footnotes":""},"class_list":["post-1469","page","type-page","status-publish","hentry"],"_links":{"self":[{"href":"https:\/\/samhallsentreprenor.glokala.net\/2018-2019\/wp-json\/wp\/v2\/pages\/1469","targetHints":{"allow":["GET"]}}],"collection":[{"href":"https:\/\/samhallsentreprenor.glokala.net\/2018-2019\/wp-json\/wp\/v2\/pages"}],"about":[{"href":"https:\/\/samhallsentreprenor.glokala.net\/2018-2019\/wp-json\/wp\/v2\/types\/page"}],"author":[{"embeddable":true,"href":"https:\/\/samhallsentreprenor.glokala.net\/2018-2019\/wp-json\/wp\/v2\/users\/1"}],"replies":[{"embeddable":true,"href":"https:\/\/samhallsentreprenor.glokala.net\/2018-2019\/wp-json\/wp\/v2\/comments?post=1469"}],"version-history":[{"count":1,"href":"https:\/\/samhallsentreprenor.glokala.net\/2018-2019\/wp-json\/wp\/v2\/pages\/1469\/revisions"}],"predecessor-version":[{"id":1470,"href":"https:\/\/samhallsentreprenor.glokala.net\/2018-2019\/wp-json\/wp\/v2\/pages\/1469\/revisions\/1470"}],"up":[{"embeddable":true,"href":"https:\/\/samhallsentreprenor.glokala.net\/2018-2019\/wp-json\/wp\/v2\/pages\/1251"}],"wp:attachment":[{"href":"https:\/\/samhallsentreprenor.glokala.net\/2018-2019\/wp-json\/wp\/v2\/media?parent=1469"}],"curies":[{"name":"wp","href":"https:\/\/api.w.org\/{rel}","templated":true}]}}