{"id":1478,"date":"2019-05-13T13:14:20","date_gmt":"2019-05-13T11:14:20","guid":{"rendered":"https:\/\/samhallsentreprenor.glokala.net\/2018-2019\/?page_id=1478"},"modified":"2019-05-13T13:14:20","modified_gmt":"2019-05-13T11:14:20","slug":"v-20-tid-for-uppgift-10","status":"publish","type":"page","link":"https:\/\/samhallsentreprenor.glokala.net\/2018-2019\/modul-4\/v-20-tid-for-uppgift-10\/","title":{"rendered":"v 20 Tid f\u00f6r uppgift 10"},"content":{"rendered":"\n<p>Den h\u00e4r veckan \u00e4r vikt \u00e5t arbete med uppgift 10 och respons till varandra p\u00e5 planerna (uppgift 9).<\/p>\n\n\n\n<p><a href=\"https:\/\/samhallsentreprenor.glokala.net\/2018-2019\/modul-4\/upg-10-reflektion-projektledning\/\"><strong>Uppgift 10, Reflektion kring projektledning<\/strong><\/a>, har inl\u00e4mning 27 maj.<\/p>\n\n\n\n<hr class=\"wp-block-separator is-style-dots\"\/>\n\n\n\n<div class=\"wp-block-media-text alignwide has-media-on-the-right is-stacked-on-mobile\"><figure class=\"wp-block-media-text__media\"><img loading=\"lazy\" decoding=\"async\" width=\"1024\" height=\"768\" src=\"https:\/\/samhallsentreprenor.glokala.net\/2018-2019\/wp-content\/uploads\/2019\/05\/IMG_20190503_142830-1024x768.jpg\" alt=\"\" class=\"wp-image-1461\" srcset=\"https:\/\/samhallsentreprenor.glokala.net\/2018-2019\/wp-content\/uploads\/2019\/05\/IMG_20190503_142830-1024x768.jpg 1024w, https:\/\/samhallsentreprenor.glokala.net\/2018-2019\/wp-content\/uploads\/2019\/05\/IMG_20190503_142830-500x375.jpg 500w, https:\/\/samhallsentreprenor.glokala.net\/2018-2019\/wp-content\/uploads\/2019\/05\/IMG_20190503_142830-768x576.jpg 768w, https:\/\/samhallsentreprenor.glokala.net\/2018-2019\/wp-content\/uploads\/2019\/05\/IMG_20190503_142830-624x468.jpg 624w\" sizes=\"auto, (max-width: 1024px) 100vw, 1024px\" \/><\/figure><div class=\"wp-block-media-text__content\">\n<p class=\"has-medium-font-size\"><a href=\"https:\/\/samhallsentreprenor.glokala.net\/2018-2019\/inspiration\/bilder-intryck-3-4-maj\/\">L\u00e4s en resum\u00e9 och se bilder<\/a> fr\u00e5n kurstr\u00e4ffen 3-4 maj!<\/p>\n<\/div><\/div>\n\n\n\n<h3 class=\"wp-block-heading\">Inspiration &#8211; lyssna:<\/h3>\n\n\n\n<p><strong><a href=\"https:\/\/newbooksnetwork.com\/laurence-cox-why-social-movements-matter-an-introduction-rowman-and-littlefield-2018\/\" target=\"_blank\" rel=\"noreferrer noopener\" aria-label=\"Intervju med Laurence Cox, &quot;Why Social Movements Matter&quot; (opens in a new tab)\">Intervju med Laurence Cox, &#8221;Why Social Movements Matter&#8221;<\/a><\/strong><\/p>\n\n\n\n<figure class=\"wp-block-audio\"><audio controls src=\"http:\/\/dcs.megaphone.fm\/LIT3392382837.mp3?key=c0eecf55418b9b8abe8c037f6f281799\"><\/audio><\/figure>\n\n\n\n<p><a rel=\"noreferrer noopener\" aria-label=\"I ett samtal (opens in a new tab)\" href=\"https:\/\/newbooksnetwork.com\/laurence-cox-why-social-movements-matter-an-introduction-rowman-and-littlefield-2018\/\" target=\"_blank\">I ett samtal<\/a> presenterar forskaren Laurence Cox perspektiv fr\u00e5n sin nyligen utgivna bok &#8221;Why Social Movements Matter: An Introduction&#8221; &#8211; som samtidigt \u00e4r ett boktips!<\/p>\n\n\n\n<div class=\"wp-block-image\"><figure class=\"alignright is-resized\"><img loading=\"lazy\" decoding=\"async\" src=\"https:\/\/samhallsentreprenor.glokala.net\/2018-2019\/wp-content\/uploads\/2019\/05\/718EPDUU3mL-333x500.jpg\" alt=\"\" class=\"wp-image-1481\" width=\"250\" height=\"375\" srcset=\"https:\/\/samhallsentreprenor.glokala.net\/2018-2019\/wp-content\/uploads\/2019\/05\/718EPDUU3mL-333x500.jpg 333w, https:\/\/samhallsentreprenor.glokala.net\/2018-2019\/wp-content\/uploads\/2019\/05\/718EPDUU3mL-768x1152.jpg 768w, https:\/\/samhallsentreprenor.glokala.net\/2018-2019\/wp-content\/uploads\/2019\/05\/718EPDUU3mL-683x1024.jpg 683w, https:\/\/samhallsentreprenor.glokala.net\/2018-2019\/wp-content\/uploads\/2019\/05\/718EPDUU3mL-624x936.jpg 624w, https:\/\/samhallsentreprenor.glokala.net\/2018-2019\/wp-content\/uploads\/2019\/05\/718EPDUU3mL.jpg 907w\" sizes=\"auto, (max-width: 250px) 100vw, 250px\" \/><\/figure><\/div>\n\n\n\n<blockquote class=\"wp-block-quote is-layout-flow wp-block-quote-is-layout-flow\"><p>&#8221;In his book Why Social Movements Matter: An Introduction (Rowman and Littlefield, 2018), Senior Lecturer Laurence Cox, from Maynooth University, highlights how social movements have shaped the world we live in and their importance for today\u2019s social struggles. He also explores the complex relationship between progressive social movements and political parties, as well as the interactions between movements and intellectuals. The book is written in an engaging way and will also trigger the interest of the general publics interested in social movements and progressive politics.&#8221;<\/p><\/blockquote>\n\n\n\n<p>En besl\u00e4ktad bok med konkreta exempel p\u00e5 engagemang \u00e4r <a href=\"https:\/\/www.leopardforlag.se\/bok\/tror-du-att-du-kan-forandra-varlden-utan-att-anstranga-dig\/\" target=\"_blank\" rel=\"noreferrer noopener\" aria-label=\"Stina Oscarssons &quot;Tror du att du kan f\u00f6r\u00e4ndra v\u00e4rlden utan att anstr\u00e4nga dig?&quot; (opens in a new tab)\">Stina Oscarssons &#8221;Tror du att du kan f\u00f6r\u00e4ndra v\u00e4rlden utan att anstr\u00e4nga dig?&#8221;<\/a> som kom ut f\u00f6rra \u00e5ret, ocks\u00e5 det ett tips!<\/p>\n","protected":false},"excerpt":{"rendered":"<p>Den h\u00e4r veckan \u00e4r vikt \u00e5t arbete med uppgift 10 och respons till varandra p\u00e5 planerna (uppgift 9). Uppgift 10, Reflektion kring projektledning, har inl\u00e4mning 27 maj. L\u00e4s en resum\u00e9 och se bilder fr\u00e5n kurstr\u00e4ffen 3-4 maj! Inspiration &#8211; lyssna: Intervju med Laurence Cox, &#8221;Why Social Movements Matter&#8221; I ett samtal presenterar forskaren Laurence Cox [&hellip;]<\/p>\n","protected":false},"author":1,"featured_media":0,"parent":1251,"menu_order":0,"comment_status":"open","ping_status":"closed","template":"","meta":{"_bbp_topic_count":0,"_bbp_reply_count":0,"_bbp_total_topic_count":0,"_bbp_total_reply_count":0,"_bbp_voice_count":0,"_bbp_anonymous_reply_count":0,"_bbp_topic_count_hidden":0,"_bbp_reply_count_hidden":0,"_bbp_forum_subforum_count":0,"footnotes":""},"class_list":["post-1478","page","type-page","status-publish","hentry"],"_links":{"self":[{"href":"https:\/\/samhallsentreprenor.glokala.net\/2018-2019\/wp-json\/wp\/v2\/pages\/1478","targetHints":{"allow":["GET"]}}],"collection":[{"href":"https:\/\/samhallsentreprenor.glokala.net\/2018-2019\/wp-json\/wp\/v2\/pages"}],"about":[{"href":"https:\/\/samhallsentreprenor.glokala.net\/2018-2019\/wp-json\/wp\/v2\/types\/page"}],"author":[{"embeddable":true,"href":"https:\/\/samhallsentreprenor.glokala.net\/2018-2019\/wp-json\/wp\/v2\/users\/1"}],"replies":[{"embeddable":true,"href":"https:\/\/samhallsentreprenor.glokala.net\/2018-2019\/wp-json\/wp\/v2\/comments?post=1478"}],"version-history":[{"count":1,"href":"https:\/\/samhallsentreprenor.glokala.net\/2018-2019\/wp-json\/wp\/v2\/pages\/1478\/revisions"}],"predecessor-version":[{"id":1482,"href":"https:\/\/samhallsentreprenor.glokala.net\/2018-2019\/wp-json\/wp\/v2\/pages\/1478\/revisions\/1482"}],"up":[{"embeddable":true,"href":"https:\/\/samhallsentreprenor.glokala.net\/2018-2019\/wp-json\/wp\/v2\/pages\/1251"}],"wp:attachment":[{"href":"https:\/\/samhallsentreprenor.glokala.net\/2018-2019\/wp-json\/wp\/v2\/media?parent=1478"}],"curies":[{"name":"wp","href":"https:\/\/api.w.org\/{rel}","templated":true}]}}