{"id":151,"date":"2018-09-03T15:36:24","date_gmt":"2018-09-03T13:36:24","guid":{"rendered":"https:\/\/samhallsentreprenor.glokala.net\/2018-2019\/?page_id=151"},"modified":"2018-09-11T10:44:31","modified_gmt":"2018-09-11T08:44:31","slug":"v-36-projektledning-intro","status":"publish","type":"page","link":"https:\/\/samhallsentreprenor.glokala.net\/2018-2019\/modul-1\/v-36-projektledning-intro\/","title":{"rendered":"v 36 Projektledning &#8211; intro"},"content":{"rendered":"<h3 class=\"entry-header\"><strong>Uppgift 1: Erfarenheter av projekt\/initiativ<\/strong><\/h3>\n<p>Beskriv dina erfarenheter av att arbeta i projekt eller liknande initiativ (kortfattat).<br \/>\n<em>Vilken roll hade du? Var det bra att arbeta i projekt? Vilka var sv\u00e5righeterna?<br \/>\n<\/em><b>Omfattning:<\/b> Ungef\u00e4r en A4-sida i text.<br \/>\n<b>Inl\u00e4mningsdatum: 10 september. <a href=\"https:\/\/samhallsentreprenor.glokala.net\/2018-2019\/grupper\/upg-1-erfarenheter-av-projekt-initiativ\/\" target=\"_blank\" rel=\"noopener\">Forum f\u00f6r uppgift 1 \u2192<\/a><\/b><br \/>\n\u2013 Skapa din inl\u00e4mning som ett nytt \u00e4mne i <a href=\"https:\/\/samhallsentreprenor.glokala.net\/2018-2019\/grupper\/upg-1-erfarenheter-av-projekt-initiativ\/\" target=\"_blank\" rel=\"noopener\">forumet f\u00f6r uppgift 1 (inloggad)\u00a0\u2192<\/a><br \/>\n\u2013 Skriv en titel som inneh\u00e5ller ditt namn Ex: August &#8211; Erfarenheter av projekt<br \/>\n\u2013 Ladda upp din inl\u00e4mning som en bifogad fil (g\u00e4rna pdf) &#8211; skriv \u00e4ven n\u00e5got som kommentar i textrutan. Eller kopiera in hela texten f\u00f6r uppgiften direkt i inl\u00e4gget.<\/p>\n<p><em>Problem\/fr\u00e5gor om att l\u00e4gga upp din inl\u00e4mning: Praktiska tips finns i <a href=\"https:\/\/samhallsentreprenor.glokala.net\/2018-2019\/guide-till-plattformen\/\">Guide till plattformen<\/a>. H\u00f6r annars av dig till August!<\/em><\/p>\n<p>Inl\u00e4mningsforumet \u00e4r endast \u00f6ppet f\u00f6r inloggade deltagare, s\u00e5 att vi kan ta del av varandras erfarenheter. D\u00e4remot \u00e4r det st\u00e4ngt f\u00f6r andra bes\u00f6kare p\u00e5 kursplattformen.<\/p>\n<p><strong>Gruppindelning f\u00f6r respons: <\/strong>Efter inl\u00e4mningsdatumet kommer de som kommit in med uppgiften bli indelade i en grupp f\u00f6r kommentarer till varandra.<br \/>\n<strong>Respons:<\/strong>\u00a0Ge respons till de andra i din grupp under tiden fram till den 23 september.<\/p>\n<p>:::::::::::::::::::::::::::::<\/p>\n<h3 class=\"entry-header\"><strong>Projektledning med inriktning mot social innovation och samh\u00e4llsentrepren\u00f6rskap<\/strong><strong>\u00a0(H\u00f6gskolemomentet)<\/strong><\/h3>\n<p class=\"entry-header\">Nedan f\u00f6ljer videof\u00f6rel\u00e4sningen \u201cIntroduktion till projektledning\u201d. Med tillh\u00f6rande power point.<\/p>\n<p>De moment kring projektledning som \u00e4r integrerade under folkh\u00f6gskolekursen ges av Malm\u00f6 universitet och utg\u00f6r 7,5 h\u00f6gskolepo\u00e4ng. Efter att ha fullf\u00f6ljt folkh\u00f6gskolekursen och genomf\u00f6rt de examinerande uppgifter som ing\u00e5r f\u00f6r h\u00f6gskolemomentet med godk\u00e4nt betyg, kan man ocks\u00e5 tillgodor\u00e4kna sig dessa h\u00f6gskolepo\u00e4ng.<\/p>\n<p>En inledande kort presentation av Fredrik och h\u00f6gskolemomentet kommer inom kort.<\/p>\n<p>:::::::::::::::::::::::::::::<\/p>\n<h4>Introduktion till projektledning<\/h4>\n<p>Till videon h\u00f6r f\u00f6ljande power point:<a href=\"https:\/\/samhallsentreprenor.glokala.net\/2018-2019\/wp-content\/uploads\/2018\/09\/Projektledning-intro-ppt-Fredrik.ppt\" target=\"_blank\" rel=\"noopener\"><strong> Introduktion till projektledning (ppt)<\/strong><\/a><strong> \/\/ <a href=\"https:\/\/samhallsentreprenor.glokala.net\/2018-2019\/wp-content\/uploads\/2018\/09\/Projektledning-intro-ppt-Fredrik.pdf\" target=\"_blank\" rel=\"noopener\">Introduktion till projektledning (pdf)<\/a><\/strong><\/p>\n<p>https:\/\/vimeo.com\/136437139<\/p>\n","protected":false},"excerpt":{"rendered":"<p>Uppgift 1: Erfarenheter av projekt\/initiativ Beskriv dina erfarenheter av att arbeta i projekt eller liknande initiativ (kortfattat). Vilken roll hade du? Var det bra att arbeta i projekt? Vilka var sv\u00e5righeterna? Omfattning: Ungef\u00e4r en A4-sida i text. Inl\u00e4mningsdatum: 10 september. Forum f\u00f6r uppgift 1 \u2192 \u2013 Skapa din inl\u00e4mning som ett nytt \u00e4mne i forumet [&hellip;]<\/p>\n","protected":false},"author":1,"featured_media":0,"parent":109,"menu_order":0,"comment_status":"open","ping_status":"closed","template":"","meta":{"_bbp_topic_count":0,"_bbp_reply_count":0,"_bbp_total_topic_count":0,"_bbp_total_reply_count":0,"_bbp_voice_count":0,"_bbp_anonymous_reply_count":0,"_bbp_topic_count_hidden":0,"_bbp_reply_count_hidden":0,"_bbp_forum_subforum_count":0,"footnotes":""},"class_list":["post-151","page","type-page","status-publish","hentry"],"_links":{"self":[{"href":"https:\/\/samhallsentreprenor.glokala.net\/2018-2019\/wp-json\/wp\/v2\/pages\/151","targetHints":{"allow":["GET"]}}],"collection":[{"href":"https:\/\/samhallsentreprenor.glokala.net\/2018-2019\/wp-json\/wp\/v2\/pages"}],"about":[{"href":"https:\/\/samhallsentreprenor.glokala.net\/2018-2019\/wp-json\/wp\/v2\/types\/page"}],"author":[{"embeddable":true,"href":"https:\/\/samhallsentreprenor.glokala.net\/2018-2019\/wp-json\/wp\/v2\/users\/1"}],"replies":[{"embeddable":true,"href":"https:\/\/samhallsentreprenor.glokala.net\/2018-2019\/wp-json\/wp\/v2\/comments?post=151"}],"version-history":[{"count":5,"href":"https:\/\/samhallsentreprenor.glokala.net\/2018-2019\/wp-json\/wp\/v2\/pages\/151\/revisions"}],"predecessor-version":[{"id":265,"href":"https:\/\/samhallsentreprenor.glokala.net\/2018-2019\/wp-json\/wp\/v2\/pages\/151\/revisions\/265"}],"up":[{"embeddable":true,"href":"https:\/\/samhallsentreprenor.glokala.net\/2018-2019\/wp-json\/wp\/v2\/pages\/109"}],"wp:attachment":[{"href":"https:\/\/samhallsentreprenor.glokala.net\/2018-2019\/wp-json\/wp\/v2\/media?parent=151"}],"curies":[{"name":"wp","href":"https:\/\/api.w.org\/{rel}","templated":true}]}}