{"id":1513,"date":"2019-05-21T12:13:37","date_gmt":"2019-05-21T10:13:37","guid":{"rendered":"https:\/\/samhallsentreprenor.glokala.net\/2018-2019\/?page_id=1513"},"modified":"2019-05-21T12:13:37","modified_gmt":"2019-05-21T10:13:37","slug":"v-21-aktuella-perspektiv-kursutvardering","status":"publish","type":"page","link":"https:\/\/samhallsentreprenor.glokala.net\/2018-2019\/modul-4\/v-21-aktuella-perspektiv-kursutvardering\/","title":{"rendered":"v 21 Aktuella perspektiv + kursutv\u00e4rdering"},"content":{"rendered":"\n<p>Till den h\u00e4r veckan har vi spelat in en intervju med Nihal Ragab och Christopher Holmb\u00e4ck som driver projektet Spr\u00e5kr\u00e4ttvisa, med Glokala som projekt\u00e4gare. De utvecklar just nu kurser f\u00f6r spr\u00e5kr\u00e4ttvisetolkar &#8211; h\u00f6r mer i intervjun! <\/p>\n\n\n\n<p>Vi plockar ocks\u00e5 in en ny podcast, &#8221;Hur g\u00f6r vi d\u00e5?&#8221; som produceras av Helamalm\u00f6 i samarbete ABF. I det f\u00f6rsta avsnittet intervjuas Nicolas Lunabba, verksamhetsansvarig f\u00f6r <a href=\"https:\/\/www.facebook.com\/helamalmo\/\" target=\"_blank\" rel=\"noreferrer noopener\" aria-label=\"Helamalm\u00f6 (opens in a new tab)\">Helamalm\u00f6<\/a>. De har nyligen startat en <a rel=\"noreferrer noopener\" aria-label=\"social m\u00f6tesplats p\u00e5 Nydala i Malm\u00f6 (opens in a new tab)\" href=\"https:\/\/www.sydsvenskan.se\/2019-03-20\/de-vill-ge-boende-pa-nydala-en-bra-start-pa-dagen\" target=\"_blank\">social m\u00f6tesplats p\u00e5 Nydala i Malm\u00f6<\/a>.<\/p>\n\n\n\n<h2 class=\"wp-block-heading\">Kursutv\u00e4rdering<\/h2>\n\n\n\n<p>Vi n\u00e4rmar oss kursslut 4 juni, och vi vill g\u00e4rna f\u00e5 input p\u00e5 hur du upplever att l\u00e4sa kursen. Samtidigt \u00e4r utv\u00e4rderingen en m\u00f6jlighet att reflektera \u00f6ver ditt eget l\u00e4rande genom kurs\u00e5ret.<\/p>\n\n\n\n<p><a href=\"https:\/\/forms.gle\/cgntcDLP391yWcz58\" target=\"_blank\" rel=\"noreferrer noopener\" aria-label=\"Svara h\u00e4r online \u2192 (opens in a new tab)\">Svara h\u00e4r online \u2192<\/a><\/p>\n\n\n\n<p>Svara s\u00e5 snart som m\u00f6jligt, senast 2 juni.<\/p>\n\n\n\n<p>Utv\u00e4rderingen \u00e4r anonym, och vi kommer att bearbeta sammanst\u00e4llningen av svaren tillsammans med andra kollegor p\u00e5 Glokala de kommande veckorna i juni.<\/p>\n\n\n\n<p>Tack f\u00f6r din hj\u00e4lp!<\/p>\n\n\n\n<hr class=\"wp-block-separator\"\/>\n\n\n\n<h2 class=\"wp-block-heading\">Intervju: Projektet Spr\u00e5kr\u00e4ttvisa<\/h2>\n\n\n\n<p>intervju med Nihal Ragab och Christopher Holmb\u00e4ck som driver projektet Spr\u00e5kr\u00e4ttvisa, med Glokala som projekt\u00e4gare. De utvecklar just nu <a rel=\"noreferrer noopener\" aria-label=\"kurser f\u00f6r spr\u00e5kr\u00e4ttvisetolkar (opens in a new tab)\" href=\"https:\/\/www.glokala.se\/vara-kurser\/sprakrattvisa\/\" target=\"_blank\">kurser f\u00f6r spr\u00e5kr\u00e4ttvisetolkar<\/a> &#8211; h\u00f6r mer i intervjun!<br>Projektet finansieras med medel f\u00f6r demokratiutveckling fr\u00e5n Folkbildningsr\u00e5det, en s\u00e4rskild satsning som gjordes f\u00f6rra \u00e5ret i samband med att den parlamentariska demokratin fyllde 100 \u00e5r.<\/p>\n\n\n\n<blockquote class=\"wp-block-quote is-layout-flow wp-block-quote-is-layout-flow\"><p>Introduktion: &#8221;Vad\u00e5 spr\u00e5kr\u00e4ttvisa?<\/p><p>Spr\u00e5kr\u00e4ttvisetolkar arbetar f\u00f6r att skapa en v\u00e4rld olika spr\u00e5k inte \u00e4r hinder utan demokratiska redskap f\u00f6r kommunikation, kunskapsdelning och planering. Hur ska vi tillsammans kunna skapa ett b\u00e4ttre samh\u00e4lle om vi inte ens kan prata med varandra?<\/p><p>Spr\u00e5kr\u00e4ttvisa kan hj\u00e4lpa grannar m\u00f6tas f\u00f6r att f\u00f6r\u00e4ndra n\u00e5gonting i sitt omr\u00e5de eller protestera mot sin hyresv\u00e4rd. Det kan ocks\u00e5 underl\u00e4tta n\u00e4r organisationer leder konferenser om m\u00e4nskliga r\u00e4ttigheter eller n\u00e4r asylr\u00e4ttsaktivister ordnar m\u00f6ten.&#8221;<\/p><\/blockquote>\n\n\n\n<figure class=\"wp-block-embed-vimeo wp-block-embed is-type-video is-provider-vimeo wp-embed-aspect-4-3 wp-has-aspect-ratio\"><div class=\"wp-block-embed__wrapper\">\n<iframe loading=\"lazy\" title=\"Intervju: Projektet Spr\u00e5kr\u00e4ttvisa\" src=\"https:\/\/player.vimeo.com\/video\/337250353?dnt=1&amp;app_id=122963\" width=\"500\" height=\"333\" frameborder=\"0\" allow=\"autoplay; fullscreen; picture-in-picture; clipboard-write\"><\/iframe>\n<\/div><\/figure>\n\n\n\n<hr class=\"wp-block-separator\"\/>\n\n\n\n<h2 class=\"wp-block-heading\">Podcast: <a href=\"http:\/\/purpleistakingover.libsyn.com\/1-hur-gr-vi-d\" target=\"_blank\" rel=\"noreferrer noopener\" aria-label=\"Hur g\u00f6r vi d\u00e5? Avsnitt 1 (opens in a new tab)\">Hur g\u00f6r vi d\u00e5? Avsnitt 1<\/a><\/h2>\n\n\n\n<figure class=\"wp-block-image\"><img loading=\"lazy\" decoding=\"async\" width=\"960\" height=\"1110\" src=\"https:\/\/i1.wp.com\/samhallsentreprenor.glokala.net\/2018-2019\/wp-content\/uploads\/2019\/05\/58745128_2424983624231283_1464594344836071424_o.jpg?fit=886%2C1024&amp;ssl=1\" alt=\"\" class=\"wp-image-1514\" srcset=\"https:\/\/samhallsentreprenor.glokala.net\/2018-2019\/wp-content\/uploads\/2019\/05\/58745128_2424983624231283_1464594344836071424_o.jpg 960w, https:\/\/samhallsentreprenor.glokala.net\/2018-2019\/wp-content\/uploads\/2019\/05\/58745128_2424983624231283_1464594344836071424_o-432x500.jpg 432w, https:\/\/samhallsentreprenor.glokala.net\/2018-2019\/wp-content\/uploads\/2019\/05\/58745128_2424983624231283_1464594344836071424_o-768x888.jpg 768w, https:\/\/samhallsentreprenor.glokala.net\/2018-2019\/wp-content\/uploads\/2019\/05\/58745128_2424983624231283_1464594344836071424_o-886x1024.jpg 886w, https:\/\/samhallsentreprenor.glokala.net\/2018-2019\/wp-content\/uploads\/2019\/05\/58745128_2424983624231283_1464594344836071424_o-624x722.jpg 624w\" sizes=\"auto, (max-width: 960px) 100vw, 960px\" \/><\/figure>\n\n\n\n<p>I <a href=\"http:\/\/purpleistakingover.libsyn.com\/\" target=\"_blank\" rel=\"noreferrer noopener\" aria-label=\"Hur g\u00f6r vi d\u00e5? (opens in a new tab)\">Hur g\u00f6r vi d\u00e5?<\/a> samtalar programledaren Enrique Perez Arias, fil. dr. i socialantropolog, forskare i socialt arbete och f\u00f6rfattare, med utvalda g\u00e4ster om hur vi i praktiken kan \u00e5stadkomma mer r\u00e4ttvisa och j\u00e4mlikhet f\u00f6r marginaliserade grupper i samh\u00e4llet.<\/p>\n\n\n\n<p>Poddens f\u00f6rsta g\u00e4st \u00e4r Nicolas Lunabba, verksamhetsansvarig f\u00f6r <a href=\"https:\/\/www.facebook.com\/helamalmo\/\" target=\"_blank\" rel=\"noreferrer noopener\" aria-label=\"Helamalm\u00f6 (opens in a new tab)\">Helamalm\u00f6<\/a>. Detta samtal kretsar kring Nicolas erfarenheter av arbetet med Helamalm\u00f6, personliga reflektioner kring social mobilisering och vad vi beh\u00f6ver g\u00f6ra f\u00f6r att skapa en mer sammanh\u00e5llen stad.<\/p>\n\n\n\n<p>Hur g\u00f6r vi d\u00e5? produceras av Helamalm\u00f6 i samarbete ABF och spelas in p\u00e5 M\u00f6tesplats Helamalm\u00f6.<\/p>\n\n\n\n<iframe loading=\"lazy\" style=\"border: none\" src=\"\/\/html5-player.libsyn.com\/embed\/episode\/id\/9266495\/height\/90\/theme\/custom\/thumbnail\/yes\/direction\/forward\/render-playlist\/no\/custom-color\/000000\/\" height=\"90\" width=\"100%\" scrolling=\"no\"  allowfullscreen webkitallowfullscreen mozallowfullscreen oallowfullscreen msallowfullscreen><\/iframe>\n","protected":false},"excerpt":{"rendered":"<p>Till den h\u00e4r veckan har vi spelat in en intervju med Nihal Ragab och Christopher Holmb\u00e4ck som driver projektet Spr\u00e5kr\u00e4ttvisa, med Glokala som projekt\u00e4gare. De utvecklar just nu kurser f\u00f6r spr\u00e5kr\u00e4ttvisetolkar &#8211; h\u00f6r mer i intervjun! Vi plockar ocks\u00e5 in en ny podcast, &#8221;Hur g\u00f6r vi d\u00e5?&#8221; som produceras av Helamalm\u00f6 i samarbete ABF. I [&hellip;]<\/p>\n","protected":false},"author":1,"featured_media":0,"parent":1251,"menu_order":0,"comment_status":"open","ping_status":"closed","template":"","meta":{"_bbp_topic_count":0,"_bbp_reply_count":0,"_bbp_total_topic_count":0,"_bbp_total_reply_count":0,"_bbp_voice_count":0,"_bbp_anonymous_reply_count":0,"_bbp_topic_count_hidden":0,"_bbp_reply_count_hidden":0,"_bbp_forum_subforum_count":0,"footnotes":""},"class_list":["post-1513","page","type-page","status-publish","hentry"],"_links":{"self":[{"href":"https:\/\/samhallsentreprenor.glokala.net\/2018-2019\/wp-json\/wp\/v2\/pages\/1513","targetHints":{"allow":["GET"]}}],"collection":[{"href":"https:\/\/samhallsentreprenor.glokala.net\/2018-2019\/wp-json\/wp\/v2\/pages"}],"about":[{"href":"https:\/\/samhallsentreprenor.glokala.net\/2018-2019\/wp-json\/wp\/v2\/types\/page"}],"author":[{"embeddable":true,"href":"https:\/\/samhallsentreprenor.glokala.net\/2018-2019\/wp-json\/wp\/v2\/users\/1"}],"replies":[{"embeddable":true,"href":"https:\/\/samhallsentreprenor.glokala.net\/2018-2019\/wp-json\/wp\/v2\/comments?post=1513"}],"version-history":[{"count":1,"href":"https:\/\/samhallsentreprenor.glokala.net\/2018-2019\/wp-json\/wp\/v2\/pages\/1513\/revisions"}],"predecessor-version":[{"id":1515,"href":"https:\/\/samhallsentreprenor.glokala.net\/2018-2019\/wp-json\/wp\/v2\/pages\/1513\/revisions\/1515"}],"up":[{"embeddable":true,"href":"https:\/\/samhallsentreprenor.glokala.net\/2018-2019\/wp-json\/wp\/v2\/pages\/1251"}],"wp:attachment":[{"href":"https:\/\/samhallsentreprenor.glokala.net\/2018-2019\/wp-json\/wp\/v2\/media?parent=1513"}],"curies":[{"name":"wp","href":"https:\/\/api.w.org\/{rel}","templated":true}]}}