{"id":1524,"date":"2019-05-27T10:31:01","date_gmt":"2019-05-27T08:31:01","guid":{"rendered":"https:\/\/samhallsentreprenor.glokala.net\/2018-2019\/?page_id=1524"},"modified":"2019-06-03T12:58:39","modified_gmt":"2019-06-03T10:58:39","slug":"v-22-23-framtidsperspektiv-och-kursens-avslutning","status":"publish","type":"page","link":"https:\/\/samhallsentreprenor.glokala.net\/2018-2019\/modul-4\/v-22-23-framtidsperspektiv-och-kursens-avslutning\/","title":{"rendered":"v 22\/23 Framtidsperspektiv och kursens avslutning"},"content":{"rendered":"\n<p><strong>27 maj: Tid f\u00f6r inl\u00e4mning <a href=\"https:\/\/samhallsentreprenor.glokala.net\/2018-2019\/modul-4\/upg-10-reflektion-projektledning\/\">upg 10 Reflektion kring projektledning<\/a><\/strong><\/p>\n\n\n\n<p>Inl\u00e4mning sker i <a href=\"https:\/\/samhallsentreprenor.glokala.net\/2018-2019\/grupper\/upg-10-reflektion-kring-projektledning\/\">kursforumet<\/a> eller via mail till August. <br>H\u00f6r g\u00e4rna av dig till August eller Fredrik om du har fr\u00e5gor!<\/p>\n\n\n\n<h2 class=\"wp-block-heading\">Kursutv\u00e4rdering<\/h2>\n\n\n\n<p>Vi n\u00e4rmar oss kursslut 4 juni, och vi vill \ng\u00e4rna f\u00e5 input p\u00e5 hur du upplever att l\u00e4sa kursen. Samtidigt \u00e4r \nutv\u00e4rderingen en m\u00f6jlighet att reflektera \u00f6ver ditt eget l\u00e4rande genom \nkurs\u00e5ret.<\/p>\n\n\n\n<p><a href=\"https:\/\/forms.gle\/cgntcDLP391yWcz58\" target=\"_blank\" rel=\"noreferrer noopener\">Svara h\u00e4r online \u2192<\/a><\/p>\n\n\n\n<p>Svara s\u00e5 snart som m\u00f6jligt, senast 2 juni.<\/p>\n\n\n\n<p>Utv\u00e4rderingen\n \u00e4r anonym, och vi kommer att bearbeta sammanst\u00e4llningen av svaren \ntillsammans med andra kollegor p\u00e5 Glokala de kommande veckorna i juni.<\/p>\n\n\n\n<p>Tack f\u00f6r din hj\u00e4lp!<\/p>\n\n\n\n<hr class=\"wp-block-separator is-style-dots\"\/>\n\n\n\n<h2 class=\"wp-block-heading\">Framtiden och kursens avslutning<\/h2>\n\n\n\n<p>Vi \u00e4r inne i den sista kursveckan, och sommaren n\u00e4rmar sig. Fortsatt finns m\u00f6jligheten till kompletteringar, ta g\u00e4rna kontakt om du har n\u00e5gra fr\u00e5gor. Ett sista datum f\u00f6r kompletteringar \u00e4r <em>26 augusti<\/em>, men det g\u00e5r givetvis bra att l\u00e4mna in innan dess.<\/p>\n\n\n\n<p>Materialet p\u00e5 den h\u00e4r plattformen kommer att finnas kvar, att \u00e5terv\u00e4nda till och inspireras av. Meddela oss om du vill ta bort din profil p\u00e5 kursplattformen, efter kursens slut. (L\u00e4s mer om hur vi hanterar dina personuppgifter som deltagare i kursen:<a rel=\"noreferrer noopener\" href=\"https:\/\/docs.google.com\/document\/d\/1FvEKZV7Xr_3_jFPUNPw26FLQj2JcsyJEOqJsEqRZdc8\/edit?usp=sharing\" target=\"_blank\"> Information ang\u00e5ende Dataskyddsf\u00f6rordningen \u2192<\/a> )<\/p>\n\n\n\n<p><strong><a href=\"https:\/\/vimeo.com\/339948524\/2a0c278fd9\" target=\"_blank\" rel=\"noreferrer noopener\" aria-label=\"Sommarh\u00e4lsning (opens in a new tab)\">Sommarh\u00e4lsning<\/a> fr\u00e5n August:<\/strong><\/p>\n\n\n\n<figure class=\"wp-block-embed-vimeo wp-block-embed is-type-video is-provider-vimeo wp-embed-aspect-16-9 wp-has-aspect-ratio\"><div class=\"wp-block-embed__wrapper\">\n<iframe loading=\"lazy\" title=\"Sommarh\u00e4lsning - juni 2019\" src=\"https:\/\/player.vimeo.com\/video\/339948524?h=2a0c278fd9&amp;dnt=1&amp;app_id=122963\" width=\"500\" height=\"281\" frameborder=\"0\" allow=\"autoplay; fullscreen; picture-in-picture; clipboard-write\"><\/iframe>\n<\/div><\/figure>\n\n\n\n<hr class=\"wp-block-separator is-style-dots\"\/>\n\n\n\n<h2 class=\"wp-block-heading\">Inspiration: Video \/\/ Angela Oguntala \u2013 Exploring alternative futures<\/h2>\n\n\n\n<figure class=\"wp-block-image\"><a href=\"http:\/\/videos.theconference.se\/angela-oguntala-exploring-alternative-futures\" target=\"_blank\" rel=\"noreferrer noopener\"><img loading=\"lazy\" decoding=\"async\" width=\"847\" height=\"473\" src=\"https:\/\/samhallsentreprenor.glokala.net\/2018-2019\/wp-content\/uploads\/2019\/05\/screen_explore_alt_futures.png\" alt=\"\" class=\"wp-image-1525\" srcset=\"https:\/\/samhallsentreprenor.glokala.net\/2018-2019\/wp-content\/uploads\/2019\/05\/screen_explore_alt_futures.png 847w, https:\/\/samhallsentreprenor.glokala.net\/2018-2019\/wp-content\/uploads\/2019\/05\/screen_explore_alt_futures-500x279.png 500w, https:\/\/samhallsentreprenor.glokala.net\/2018-2019\/wp-content\/uploads\/2019\/05\/screen_explore_alt_futures-768x429.png 768w, https:\/\/samhallsentreprenor.glokala.net\/2018-2019\/wp-content\/uploads\/2019\/05\/screen_explore_alt_futures-624x348.png 624w, https:\/\/samhallsentreprenor.glokala.net\/2018-2019\/wp-content\/uploads\/2019\/05\/screen_explore_alt_futures-128x72.png 128w\" sizes=\"auto, (max-width: 847px) 100vw, 847px\" \/><\/a><\/figure>\n\n\n\n<p><strong>L\u00e4nk till video: <a href=\"http:\/\/videos.theconference.se\/angela-oguntala-exploring-alternative-futures\">http:\/\/videos.theconference.se\/angela-oguntala-exploring-alternative-futures<\/a><\/strong><\/p>\n\n\n\n<blockquote class=\"wp-block-quote is-style-large is-layout-flow wp-block-quote-is-layout-flow\"><p>\u201dVisions are powerful because they inspire us, but also limit us\u201d <\/p><\/blockquote>\n\n\n\n<p>Vilka framtidsber\u00e4ttelser och visioner \u00e4r det vi inspireras av? Hur p\u00e5verkar de v\u00e5rt handlande?<br>Angela Oguntala ger perspektiv p\u00e5 hur vi kan arbeta med framtidsscenarier \u2013 f\u00f6r att medvetet styra mot den framtid vi vill vara  med och skapa. <br><em>Fr\u00e5n The Conference i Malm\u00f6, 17 augusti 2016.<\/em><\/p>\n\n\n\n<hr class=\"wp-block-separator is-style-dots\"\/>\n\n\n\n<h2 class=\"wp-block-heading\">Inspiration: R\u00f6relse f\u00f6r klimatet<\/h2>\n\n\n\n<p>Under det senaste \u00e5ret har en ny v\u00e5g av engagemang f\u00f6r klimatet vuxit fram, med Greta Thunberg som en central inspirat\u00f6r. En kulmen under v\u00e5ren har varit dagar i mars och maj n\u00e4r skolelever i m\u00e5nga l\u00e4nder har strejkat f\u00f6r klimatet. I en kort dokument\u00e4r skildras en del av mobiliseringen!<\/p>\n\n\n\n<p>N\u00e4sta internationella tillf\u00e4lle f\u00f6r klimatstrejk \u00e4r utlyst till 20-27 september &#8211; med en hel vecka som fokus, l\u00e4s mer p\u00e5: <a href=\"https:\/\/globalclimatestrike.net\/\">https:\/\/globalclimatestrike.net\/<\/a><em> <\/em><br><em>&#8221;School strikers are calling on everyone: young people, parents, workers, and all concerned citizens to join massive climate strikes and a week of actions starting on September 20.&#8221;<\/em><\/p>\n\n\n\n<p><strong>Artikel i The Guardian inf\u00f6r september:<\/strong> <a rel=\"noreferrer noopener\" aria-label=\"&quot;Young people have led the climate strikes. Now we need adults to join us too&quot; (opens in a new tab)\" href=\"https:\/\/www.theguardian.com\/commentisfree\/2019\/may\/23\/greta-thunberg-young-people-climate-strikes-20-september\" target=\"_blank\">&#8221;Young people have led the climate strikes. Now we need adults to join us too&#8221;<\/a> (23 maj 2019, Greta Thunberg med 46 andra unga aktivister)<br><strong>Svar fr\u00e5n namnkunniga engagerade: <\/strong><a rel=\"noreferrer noopener\" aria-label=\"&quot;We\u2019re stepping up \u2013 join us for a day to halt this climate crisis&quot; (opens in a new tab)\" href=\"https:\/\/www.theguardian.com\/commentisfree\/2019\/may\/24\/climate-crisis-global-strike\" target=\"_blank\">&#8221;We\u2019re stepping up \u2013 join us for a day to halt this climate crisis&#8221;<\/a> (24 maj 2019, Margaret Atwood, Maggie Gyllenhaal med flera)<\/p>\n\n\n\n<p><strong>Kort dokument\u00e4r: <\/strong><a rel=\"noreferrer noopener\" aria-label=\"Make The World Greta Again (Vice Specials) (opens in a new tab)\" href=\"https:\/\/video.vice.com\/en_us\/video\/vice-make-the-world-greta-again\/5ca5f6cbbe40770ec567d7b7\" target=\"_blank\"><strong>Make The World Greta Again<\/strong> (Vice Specials)<\/a><\/p>\n\n\n\n<iframe loading=\"lazy\" width=\"560\" height=\"315\" src=\"https:\/\/video.vice.com\/en_us\/embed\/5ca5f6cbbe40770ec567d7b7\" frameBorder=\"0\" scrolling=\"no\" allowfullscreen><\/iframe>\n\n\n\n<blockquote class=\"wp-block-quote is-layout-flow wp-block-quote-is-layout-flow\"><p>&#8221;Upon realising her generation won\u2019t have a future unless the world\u2019s politicians act now on climate change, 15-year-old Greta Thunberg skipped school in August 2018 to protest outside the Swedish parliament. What started as a one person strike soon gained global momentum. We follow Greta and the organisers of the school strikes for climate as they are cementing a worldwide movement ahead of their first global protest that took place on March 15th, 2019. It was the biggest climate strike in history with up to 1.6 million students in more than 125 countries.&#8221;<\/p><\/blockquote>\n\n\n\n<hr class=\"wp-block-separator is-style-dots\"\/>\n\n\n\n<h2 class=\"wp-block-heading\">Tips till sommaren:<\/h2>\n\n\n\n<p><strong>Kika in i <a href=\"https:\/\/samhallsentreprenor.glokala.net\/2018-2019\/evenemang\/\">evenemangskalendern!<\/a><\/strong><br>Vi listar l\u00f6pande tips p\u00e5 evenemang som ser sp\u00e4nnande ut, <a rel=\"noreferrer noopener\" aria-label=\"f\u00f6lj g\u00e4rna kalendern (opens in a new tab)\" href=\"https:\/\/calendar.google.com\/calendar?cid=aDM4bGpvMGVvbGhpa21iamNjcHJpcWZmZmNAZ3JvdXAuY2FsZW5kYXIuZ29vZ2xlLmNvbQ\" target=\"_blank\">f\u00f6lj g\u00e4rna kalendern<\/a> \u00e4ven efter kursen slut.<\/p>\n\n\n\n<p><strong>Fortsatt l\u00e4rande \u2013 onlinekurser<\/strong><br>Det skapas en hel del kortare onlinekurser som \u00e4r tillg\u00e4ngliga att  registrera sig f\u00f6r. H\u00e4r \u00e4r n\u00e5gra exempel, som kan fungera som en  p\u00e5byggnad till Samh\u00e4llsentrepren\u00f6r:<\/p>\n\n\n\n<p><a href=\"https:\/\/www.plusacumen.org\/courses\" target=\"_blank\" rel=\"noreferrer noopener\" aria-label=\"+Acumen (opens in a new tab)\">+<\/a><strong><a href=\"https:\/\/www.plusacumen.org\/courses\" target=\"_blank\" rel=\"noreferrer noopener\" aria-label=\"+Acumen (opens in a new tab)\">Acumen<\/a><\/strong> har ett g\u00e4ng kurser med olika teman. Deras uppmaning \u00e4r att ta kurserna tillsammans med en eller flera kollegor, f\u00f6r att f\u00e5 ut mer av inneh\u00e5llet och uppgifterna.<\/p>\n\n\n\n<figure class=\"wp-block-image\"><a href=\"https:\/\/www.plusacumen.org\/courses\" target=\"_blank\" rel=\"noreferrer noopener\"><img loading=\"lazy\" decoding=\"async\" width=\"1024\" height=\"382\" src=\"https:\/\/samhallsentreprenor.glokala.net\/2018-2019\/wp-content\/uploads\/2019\/06\/acumen_screen-1024x382.jpg\" alt=\"\" class=\"wp-image-1553\" srcset=\"https:\/\/samhallsentreprenor.glokala.net\/2018-2019\/wp-content\/uploads\/2019\/06\/acumen_screen-1024x382.jpg 1024w, https:\/\/samhallsentreprenor.glokala.net\/2018-2019\/wp-content\/uploads\/2019\/06\/acumen_screen-500x187.jpg 500w, https:\/\/samhallsentreprenor.glokala.net\/2018-2019\/wp-content\/uploads\/2019\/06\/acumen_screen-768x287.jpg 768w, https:\/\/samhallsentreprenor.glokala.net\/2018-2019\/wp-content\/uploads\/2019\/06\/acumen_screen-624x233.jpg 624w, https:\/\/samhallsentreprenor.glokala.net\/2018-2019\/wp-content\/uploads\/2019\/06\/acumen_screen.jpg 1463w\" sizes=\"auto, (max-width: 1024px) 100vw, 1024px\" \/><\/a><\/figure>\n\n\n\n<p><strong>MITx: <a rel=\"noreferrer noopener\" aria-label=\"u.lab: Leading Change in Times of Disruption (opens in a new tab)\" href=\"https:\/\/www.edx.org\/course\/ulab-leading-change-in-times-of-disruption\" target=\"_blank\">u.lab: Leading Change in Times of Disruption<\/a><\/strong><br>Introduktion till &#8221;<a rel=\"noreferrer noopener\" aria-label=\"Teori U (opens in a new tab)\" href=\"https:\/\/www.presencing.org\/aboutus\/theory-u\" target=\"_blank\">Teori U<\/a>&#8221; genom en onlinekurs, du kan sedan f\u00f6rdjupa dig genom <a rel=\"noreferrer noopener\" aria-label=\"u.lab: Leading From the Emerging Future (opens in a new tab)\" href=\"https:\/\/www.edx.org\/course\/ulab-leading-from-the-emerging-future-15-671-1x-1\" target=\"_blank\">u.lab: Leading From the Emerging Future<\/a>. Sp\u00e4nnande och viktiga perspektiv p\u00e5 ledarskap f\u00f6r f\u00f6r\u00e4ndring!<\/p>\n\n\n\n<p><strong>Samh\u00e4llsentrepren\u00f6r f\u00f6rdjupning \u2013 resan forts\u00e4tter!<\/strong><br>Vi planerar \u00e4ven f\u00f6r n\u00e4sta start med <a href=\"https:\/\/www.glokala.se\/vara-kurser\/samhallsentreprenor-fordjupning-distans\/\" target=\"_blank\" rel=\"noreferrer noopener\" aria-label=\"Samh\u00e4llsentrepren\u00f6r f\u00f6rdjupning (opens in a new tab)\">Samh\u00e4llsentrepren\u00f6r f\u00f6rdjupning<\/a> till h\u00f6sten. Det g\u00e5r fortfarande bra att <a rel=\"noreferrer noopener\" aria-label=\"s\u00f6ka till kursen (opens in a new tab)\" href=\"https:\/\/www.glokala.se\/vara-kurser\/samhallsentreprenor-fordjupning-distans\/\" target=\"_blank\">s\u00f6ka till kursen<\/a>, v\u00e4lkommen med ans\u00f6kan eller fr\u00e5gor!<\/p>\n","protected":false},"excerpt":{"rendered":"<p>27 maj: Tid f\u00f6r inl\u00e4mning upg 10 Reflektion kring projektledning Inl\u00e4mning sker i kursforumet eller via mail till August. H\u00f6r g\u00e4rna av dig till August eller Fredrik om du har fr\u00e5gor! Kursutv\u00e4rdering Vi n\u00e4rmar oss kursslut 4 juni, och vi vill g\u00e4rna f\u00e5 input p\u00e5 hur du upplever att l\u00e4sa kursen. Samtidigt \u00e4r utv\u00e4rderingen en [&hellip;]<\/p>\n","protected":false},"author":1,"featured_media":0,"parent":1251,"menu_order":0,"comment_status":"open","ping_status":"closed","template":"","meta":{"_bbp_topic_count":0,"_bbp_reply_count":0,"_bbp_total_topic_count":0,"_bbp_total_reply_count":0,"_bbp_voice_count":0,"_bbp_anonymous_reply_count":0,"_bbp_topic_count_hidden":0,"_bbp_reply_count_hidden":0,"_bbp_forum_subforum_count":0,"footnotes":""},"class_list":["post-1524","page","type-page","status-publish","hentry"],"_links":{"self":[{"href":"https:\/\/samhallsentreprenor.glokala.net\/2018-2019\/wp-json\/wp\/v2\/pages\/1524","targetHints":{"allow":["GET"]}}],"collection":[{"href":"https:\/\/samhallsentreprenor.glokala.net\/2018-2019\/wp-json\/wp\/v2\/pages"}],"about":[{"href":"https:\/\/samhallsentreprenor.glokala.net\/2018-2019\/wp-json\/wp\/v2\/types\/page"}],"author":[{"embeddable":true,"href":"https:\/\/samhallsentreprenor.glokala.net\/2018-2019\/wp-json\/wp\/v2\/users\/1"}],"replies":[{"embeddable":true,"href":"https:\/\/samhallsentreprenor.glokala.net\/2018-2019\/wp-json\/wp\/v2\/comments?post=1524"}],"version-history":[{"count":5,"href":"https:\/\/samhallsentreprenor.glokala.net\/2018-2019\/wp-json\/wp\/v2\/pages\/1524\/revisions"}],"predecessor-version":[{"id":1556,"href":"https:\/\/samhallsentreprenor.glokala.net\/2018-2019\/wp-json\/wp\/v2\/pages\/1524\/revisions\/1556"}],"up":[{"embeddable":true,"href":"https:\/\/samhallsentreprenor.glokala.net\/2018-2019\/wp-json\/wp\/v2\/pages\/1251"}],"wp:attachment":[{"href":"https:\/\/samhallsentreprenor.glokala.net\/2018-2019\/wp-json\/wp\/v2\/media?parent=1524"}],"curies":[{"name":"wp","href":"https:\/\/api.w.org\/{rel}","templated":true}]}}