{"id":177,"date":"2018-09-05T11:41:40","date_gmt":"2018-09-05T09:41:40","guid":{"rendered":"https:\/\/samhallsentreprenor.glokala.net\/2018-2019\/?page_id=177"},"modified":"2018-09-26T12:23:34","modified_gmt":"2018-09-26T10:23:34","slug":"online-samtal-26-september","status":"publish","type":"page","link":"https:\/\/samhallsentreprenor.glokala.net\/2018-2019\/modul-1\/online-samtal-26-september\/","title":{"rendered":"Online-samtal 26 september"},"content":{"rendered":"<p>Hej!<\/p>\n<p>Med er som inte kan vara med p\u00e5 kurstr\u00e4ffen i Malm\u00f6 g\u00f6r vi ett samtal via <a href=\"https:\/\/zoom.us\/\" target=\"_blank\" rel=\"noopener\">Zoom<\/a> (ett verktyg f\u00f6r att ha video- eller telefonkonferens), som en m\u00f6jlighet att h\u00f6ras live. B\u00e5de f\u00f6r att diskutera n\u00e5gra av de saker vi tog upp p\u00e5 tr\u00e4ffen, och f\u00f6r att f\u00e5 lite mer personlig kontakt.<\/p>\n<p><strong>Samtalet \u00e4r inplanerat onsdag 26 september, kl 19:00 \u2013 21:00. Vi anv\u00e4nder bara ljud i samtalet.<br \/>\n<\/strong><\/p>\n<p><span style=\"text-decoration: underline;\">Att anv\u00e4nda Zoom:<\/span><br \/>\n&#8211; Anslut till onlinem\u00f6tet med l\u00e4nken <a href=\"https:\/\/zoom.us\/j\/349740858\" target=\"_blank\" rel=\"noopener\">https:\/\/zoom.us\/j\/349740858<\/a><br \/>\n&#8211; Du blir ombedd att ladda ner och installera programvara f\u00f6r att delta (du kan <a href=\"https:\/\/zoom.us\/download#client_4meeting\" target=\"_blank\" rel=\"noopener\">ladda ner i f\u00f6rv\u00e4g h\u00e4r \u2192<\/a>)<br \/>\n&#8211; N\u00e4r m\u00f6tet har startat v\u00e4ljer du &#8221;Join Audio Conference by Computer&#8221;<br \/>\nSe instruktionsvideo f\u00f6r hur du ansluter till m\u00f6tet: <a href=\"https:\/\/www.youtube.com\/watch?v=vFhAEoCF7jg\" target=\"_blank\" rel=\"noopener\">https:\/\/www.youtube.com\/watch?v=vFhAEoCF7jg<\/a><\/p>\n<p><strong>Program f\u00f6r online-samtalet:<\/strong><\/p>\n<ul>\n<li>Introduktion till samtalet, August presenterar agendan<\/li>\n<li>Presentationsrunda<\/li>\n<li>Vad h\u00e4nde p\u00e5 kurstr\u00e4ffen? En kort sammanfattning fr\u00e5n August<\/li>\n<li>Runda i gruppen med kort presentation av skiss f\u00f6r projekt\/id\u00e9 fr\u00e5n var och en (uppgift 2). Fr\u00e5gor kopplade till uppgiften.<\/li>\n<li>Tid f\u00f6r fr\u00e5gor kring kursen och diskussion kring f\u00f6rv\u00e4ntningar p\u00e5 kurs\u00e5ret<\/li>\n<li>Avslutning av samtalet<\/li>\n<\/ul>\n<p>Att t\u00e4nka p\u00e5 under samtalet:<\/p>\n<p>\u2013 Anv\u00e4nd g\u00e4rna headset \/ h\u00f6rlurar f\u00f6r att h\u00f6ra bra, och undvika st\u00f6rande ljud under samtalet.<\/p>\n<p>\u2013 N\u00e4r du inte sj\u00e4lv pratar \u00e4r det bra att st\u00e4nga av ljudet p\u00e5 din mikrofon via \u201dmute\u201d-funktionen. Det minskar risken f\u00f6r rundg\u00e5ng och st\u00f6rande bakgrundsljud. <a href=\"https:\/\/www.youtube.com\/watch?v=4w_pRMBEALE\" target=\"_blank\" rel=\"noopener\">Se instruktionsvideo f\u00f6r funktioner \u2192<\/a><\/p>\n<p>\u2013 Klicka upp chattdelen d\u00e4r text kan skrivas, s\u00e5 kan vi st\u00e4lla fr\u00e5gor, tipsa om l\u00e4nkar mm direkt i chatten samtidigt som vi pratar.<\/p>\n<p>Maila eller ring g\u00e4rna om du har fr\u00e5gor, om uppl\u00e4gget eller tekniska fr\u00e5gor kring Zoom!<\/p>\n","protected":false},"excerpt":{"rendered":"<p>Hej! Med er som inte kan vara med p\u00e5 kurstr\u00e4ffen i Malm\u00f6 g\u00f6r vi ett samtal via Zoom (ett verktyg f\u00f6r att ha video- eller telefonkonferens), som en m\u00f6jlighet att h\u00f6ras live. B\u00e5de f\u00f6r att diskutera n\u00e5gra av de saker vi tog upp p\u00e5 tr\u00e4ffen, och f\u00f6r att f\u00e5 lite mer personlig kontakt. Samtalet \u00e4r [&hellip;]<\/p>\n","protected":false},"author":1,"featured_media":0,"parent":109,"menu_order":0,"comment_status":"open","ping_status":"closed","template":"","meta":{"_bbp_topic_count":0,"_bbp_reply_count":0,"_bbp_total_topic_count":0,"_bbp_total_reply_count":0,"_bbp_voice_count":0,"_bbp_anonymous_reply_count":0,"_bbp_topic_count_hidden":0,"_bbp_reply_count_hidden":0,"_bbp_forum_subforum_count":0,"footnotes":""},"class_list":["post-177","page","type-page","status-publish","hentry"],"_links":{"self":[{"href":"https:\/\/samhallsentreprenor.glokala.net\/2018-2019\/wp-json\/wp\/v2\/pages\/177","targetHints":{"allow":["GET"]}}],"collection":[{"href":"https:\/\/samhallsentreprenor.glokala.net\/2018-2019\/wp-json\/wp\/v2\/pages"}],"about":[{"href":"https:\/\/samhallsentreprenor.glokala.net\/2018-2019\/wp-json\/wp\/v2\/types\/page"}],"author":[{"embeddable":true,"href":"https:\/\/samhallsentreprenor.glokala.net\/2018-2019\/wp-json\/wp\/v2\/users\/1"}],"replies":[{"embeddable":true,"href":"https:\/\/samhallsentreprenor.glokala.net\/2018-2019\/wp-json\/wp\/v2\/comments?post=177"}],"version-history":[{"count":4,"href":"https:\/\/samhallsentreprenor.glokala.net\/2018-2019\/wp-json\/wp\/v2\/pages\/177\/revisions"}],"predecessor-version":[{"id":410,"href":"https:\/\/samhallsentreprenor.glokala.net\/2018-2019\/wp-json\/wp\/v2\/pages\/177\/revisions\/410"}],"up":[{"embeddable":true,"href":"https:\/\/samhallsentreprenor.glokala.net\/2018-2019\/wp-json\/wp\/v2\/pages\/109"}],"wp:attachment":[{"href":"https:\/\/samhallsentreprenor.glokala.net\/2018-2019\/wp-json\/wp\/v2\/media?parent=177"}],"curies":[{"name":"wp","href":"https:\/\/api.w.org\/{rel}","templated":true}]}}