{"id":182,"date":"2018-09-18T15:56:17","date_gmt":"2018-09-18T13:56:17","guid":{"rendered":"https:\/\/samhallsentreprenor.glokala.net\/2018-2019\/?page_id=182"},"modified":"2018-09-18T15:56:17","modified_gmt":"2018-09-18T13:56:17","slug":"kurstraffen-september-kompletterande-uppgift","status":"publish","type":"page","link":"https:\/\/samhallsentreprenor.glokala.net\/2018-2019\/modul-1\/kurstraff-17-18-september\/kurstraffen-september-kompletterande-uppgift\/","title":{"rendered":"Kurstr\u00e4ffen september: Kompletterande uppgift"},"content":{"rendered":"<p><strong>Kompletterande uppgift f\u00f6r dig som inte deltog i kurstr\u00e4ffen 17-18 september:<\/strong><\/p>\n<p>Du som inte deltog i tr\u00e4ffen i Malm\u00f6 g\u00f6r en kort skriftlig reflektionsuppgift som mailas till August senast 30 september.<\/p>\n<p>Nu har vi kommit n\u00e5gra veckor in i kursen och du b\u00f6rjar bli bekant med dess former. F\u00f6r att ge dig tillf\u00e4lle att fundera \u00f6ver kursen och dina egna m\u00e5ls\u00e4ttningar ber jag dig skriva utifr\u00e5n de h\u00e4r fr\u00e5gorna:<\/p>\n<blockquote><p>Vilka \u00e4r dina f\u00f6rv\u00e4ntningar p\u00e5 kursen? Vilket \u00e4r ditt\/dina m\u00e5l med kursen och det h\u00e4r \u00e5ret?<\/p>\n<p>Omfattning: Upp till 1\/2 A4-sida.<\/p>\n<p>Maila till August senast 30 september.<\/p><\/blockquote>\n<p>Jag ser fram emot att ta del av era tankar!<\/p>\n<p>August<\/p>\n","protected":false},"excerpt":{"rendered":"<p>Kompletterande uppgift f\u00f6r dig som inte deltog i kurstr\u00e4ffen 17-18 september: Du som inte deltog i tr\u00e4ffen i Malm\u00f6 g\u00f6r en kort skriftlig reflektionsuppgift som mailas till August senast 30 september. Nu har vi kommit n\u00e5gra veckor in i kursen och du b\u00f6rjar bli bekant med dess former. F\u00f6r att ge dig tillf\u00e4lle att fundera [&hellip;]<\/p>\n","protected":false},"author":1,"featured_media":0,"parent":147,"menu_order":0,"comment_status":"open","ping_status":"closed","template":"","meta":{"_bbp_topic_count":0,"_bbp_reply_count":0,"_bbp_total_topic_count":0,"_bbp_total_reply_count":0,"_bbp_voice_count":0,"_bbp_anonymous_reply_count":0,"_bbp_topic_count_hidden":0,"_bbp_reply_count_hidden":0,"_bbp_forum_subforum_count":0,"footnotes":""},"class_list":["post-182","page","type-page","status-publish","hentry"],"_links":{"self":[{"href":"https:\/\/samhallsentreprenor.glokala.net\/2018-2019\/wp-json\/wp\/v2\/pages\/182","targetHints":{"allow":["GET"]}}],"collection":[{"href":"https:\/\/samhallsentreprenor.glokala.net\/2018-2019\/wp-json\/wp\/v2\/pages"}],"about":[{"href":"https:\/\/samhallsentreprenor.glokala.net\/2018-2019\/wp-json\/wp\/v2\/types\/page"}],"author":[{"embeddable":true,"href":"https:\/\/samhallsentreprenor.glokala.net\/2018-2019\/wp-json\/wp\/v2\/users\/1"}],"replies":[{"embeddable":true,"href":"https:\/\/samhallsentreprenor.glokala.net\/2018-2019\/wp-json\/wp\/v2\/comments?post=182"}],"version-history":[{"count":3,"href":"https:\/\/samhallsentreprenor.glokala.net\/2018-2019\/wp-json\/wp\/v2\/pages\/182\/revisions"}],"predecessor-version":[{"id":346,"href":"https:\/\/samhallsentreprenor.glokala.net\/2018-2019\/wp-json\/wp\/v2\/pages\/182\/revisions\/346"}],"up":[{"embeddable":true,"href":"https:\/\/samhallsentreprenor.glokala.net\/2018-2019\/wp-json\/wp\/v2\/pages\/147"}],"wp:attachment":[{"href":"https:\/\/samhallsentreprenor.glokala.net\/2018-2019\/wp-json\/wp\/v2\/media?parent=182"}],"curies":[{"name":"wp","href":"https:\/\/api.w.org\/{rel}","templated":true}]}}