{"id":200,"date":"2018-09-07T11:17:46","date_gmt":"2018-09-07T09:17:46","guid":{"rendered":"https:\/\/samhallsentreprenor.glokala.net\/2018-2019\/?page_id=200"},"modified":"2018-09-11T08:56:39","modified_gmt":"2018-09-11T06:56:39","slug":"v-37-planering-och-organisation-inom-projektledning","status":"publish","type":"page","link":"https:\/\/samhallsentreprenor.glokala.net\/2018-2019\/modul-1\/v-37-planering-och-organisation-inom-projektledning\/","title":{"rendered":"v 37 Planering och organisation inom projektledning"},"content":{"rendered":"<h4><strong><a href=\"https:\/\/samhallsentreprenor.glokala.net\/2018-2019\/modul-1\/uppgift-2-skiss\/\">Uppgift 2: Skiss f\u00f6r projekt eller verksamhet<\/a><br \/>\n<\/strong><\/h4>\n<p><strong>Inl\u00e4mning s\u00f6ndag 16 september.<\/strong><br \/>\n<a href=\"https:\/\/samhallsentreprenor.glokala.net\/2018-2019\/modul-1\/uppgift-2-skiss\/\">Beskrivning av uppgiften \u2192<\/a><br \/>\n<a href=\"https:\/\/samhallsentreprenor.glokala.net\/2018-2019\/grupper\/upg-2-skiss-projekt-verksamhet\/\" target=\"_blank\" rel=\"noopener\">Forum f\u00f6r inl\u00e4mning (inloggad) \u2192<\/a><\/p>\n<p>:::::::::::::::::::::<\/p>\n<p>H\u00e4r f\u00f6ljer veckans tema med tv\u00e5 videof\u00f6rel\u00e4sningar, och tillh\u00f6rande powerpoints.<\/p>\n<p>Har du fr\u00e5gor om det som Fredrik presenterar, eller n\u00e5got som beh\u00f6ver tydligg\u00f6ras? <a href=\"https:\/\/samhallsentreprenor.glokala.net\/2018-2019\/grupper\/cafeet-kursforum\/forum\/topic\/projektledning-fragor-tankar\/\" target=\"_blank\" rel=\"noopener\">Skriv g\u00e4rna i kursforumet \u2192<\/a><\/p>\n<h4>Fr\u00e5n id\u00e9 till projekt<\/h4>\n<p>Till videon h\u00f6r f\u00f6ljande power point:<a href=\"https:\/\/samhallsentreprenor.glokala.net\/2018-2019\/wp-content\/uploads\/2018\/09\/Ide-till-projekt-PPT.ppt\" target=\"_blank\" rel=\"noopener\"><strong> Id\u00e9 till projekt (ppt)<\/strong><\/a><strong> \/\/ <a href=\"https:\/\/samhallsentreprenor.glokala.net\/2018-2019\/wp-content\/uploads\/2018\/09\/Ide-till-projekt-PPT.pdf\" target=\"_blank\" rel=\"noopener\">Id\u00e9 till projekt (pdf)<\/a><\/strong><\/p>\n<p><iframe loading=\"lazy\" title=\"Fr\u00e5n id\u00e9 till projekt\" src=\"https:\/\/player.vimeo.com\/video\/137066332?dnt=1&amp;app_id=122963\" width=\"500\" height=\"281\" frameborder=\"0\" allow=\"autoplay; fullscreen; picture-in-picture; clipboard-write\"><\/iframe><\/p>\n<p>:::::::::::::::::::::::::::::::::::::::::::::::::::::::::::::::::::<\/p>\n<h4>Planering och organisering<\/h4>\n<p>Till videon h\u00f6r f\u00f6ljande power point:<a href=\"https:\/\/samhallsentreprenor.glokala.net\/2018-2019\/wp-content\/uploads\/2018\/09\/planering-och-organisation-PPT.ppt\" target=\"_blank\" rel=\"noopener\"><strong> Planering och organisering (ppt)<\/strong><\/a><strong> \/\/ <a href=\"https:\/\/samhallsentreprenor.glokala.net\/2018-2019\/wp-content\/uploads\/2018\/09\/planering-och-organisation-PPT.pdf\" target=\"_blank\" rel=\"noopener\">Planering och organisering (pdf)<\/a><\/strong><\/p>\n<p><iframe loading=\"lazy\" title=\"planering och organisation\" src=\"https:\/\/player.vimeo.com\/video\/137068035?dnt=1&amp;app_id=122963\" width=\"500\" height=\"281\" frameborder=\"0\" allow=\"autoplay; fullscreen; picture-in-picture; clipboard-write\"><\/iframe><\/p>\n","protected":false},"excerpt":{"rendered":"<p>Uppgift 2: Skiss f\u00f6r projekt eller verksamhet Inl\u00e4mning s\u00f6ndag 16 september. Beskrivning av uppgiften \u2192 Forum f\u00f6r inl\u00e4mning (inloggad) \u2192 ::::::::::::::::::::: H\u00e4r f\u00f6ljer veckans tema med tv\u00e5 videof\u00f6rel\u00e4sningar, och tillh\u00f6rande powerpoints. Har du fr\u00e5gor om det som Fredrik presenterar, eller n\u00e5got som beh\u00f6ver tydligg\u00f6ras? Skriv g\u00e4rna i kursforumet \u2192 Fr\u00e5n id\u00e9 till projekt Till videon [&hellip;]<\/p>\n","protected":false},"author":1,"featured_media":0,"parent":109,"menu_order":0,"comment_status":"open","ping_status":"closed","template":"","meta":{"_bbp_topic_count":0,"_bbp_reply_count":0,"_bbp_total_topic_count":0,"_bbp_total_reply_count":0,"_bbp_voice_count":0,"_bbp_anonymous_reply_count":0,"_bbp_topic_count_hidden":0,"_bbp_reply_count_hidden":0,"_bbp_forum_subforum_count":0,"footnotes":""},"class_list":["post-200","page","type-page","status-publish","hentry"],"_links":{"self":[{"href":"https:\/\/samhallsentreprenor.glokala.net\/2018-2019\/wp-json\/wp\/v2\/pages\/200","targetHints":{"allow":["GET"]}}],"collection":[{"href":"https:\/\/samhallsentreprenor.glokala.net\/2018-2019\/wp-json\/wp\/v2\/pages"}],"about":[{"href":"https:\/\/samhallsentreprenor.glokala.net\/2018-2019\/wp-json\/wp\/v2\/types\/page"}],"author":[{"embeddable":true,"href":"https:\/\/samhallsentreprenor.glokala.net\/2018-2019\/wp-json\/wp\/v2\/users\/1"}],"replies":[{"embeddable":true,"href":"https:\/\/samhallsentreprenor.glokala.net\/2018-2019\/wp-json\/wp\/v2\/comments?post=200"}],"version-history":[{"count":5,"href":"https:\/\/samhallsentreprenor.glokala.net\/2018-2019\/wp-json\/wp\/v2\/pages\/200\/revisions"}],"predecessor-version":[{"id":1627,"href":"https:\/\/samhallsentreprenor.glokala.net\/2018-2019\/wp-json\/wp\/v2\/pages\/200\/revisions\/1627"}],"up":[{"embeddable":true,"href":"https:\/\/samhallsentreprenor.glokala.net\/2018-2019\/wp-json\/wp\/v2\/pages\/109"}],"wp:attachment":[{"href":"https:\/\/samhallsentreprenor.glokala.net\/2018-2019\/wp-json\/wp\/v2\/media?parent=200"}],"curies":[{"name":"wp","href":"https:\/\/api.w.org\/{rel}","templated":true}]}}