{"id":204,"date":"2018-09-06T14:50:11","date_gmt":"2018-09-06T12:50:11","guid":{"rendered":"https:\/\/samhallsentreprenor.glokala.net\/2018-2019\/?page_id=204"},"modified":"2018-09-07T11:37:59","modified_gmt":"2018-09-07T09:37:59","slug":"uppgift-2-skiss","status":"publish","type":"page","link":"https:\/\/samhallsentreprenor.glokala.net\/2018-2019\/modul-1\/uppgift-2-skiss\/","title":{"rendered":"Uppgift 2: Skiss f\u00f6r projekt eller verksamhet"},"content":{"rendered":"<p><strong>Inl\u00e4mning: S\u00f6ndag 16 september<\/strong><\/p>\n<p class=\"entry-content\"><a href=\"https:\/\/samhallsentreprenor.glokala.net\/2018-2019\/grupper\/upg-2-skiss-projekt-verksamhet\/\" target=\"_blank\" rel=\"noopener\">Forum f\u00f6r inl\u00e4mning (inloggad) \u2192<\/a><br \/>\n<strong><br \/>\n<\/strong>I den delen av kursen som handlar om projektledning \u00e4r en av examinationsuppgifterna i slutet av \u00e5ret att g\u00f6ra en hel projektplan (eller verksamhetsplan\/aff\u00e4rsplan) som i princip skall kunna s\u00e4ttas i verket direkt. Det h\u00e4r \u00e4r f\u00f6rsta steget, en skiss.<br \/>\nDet kan vara ett projekt eller initiativ som ni faktiskt h\u00e5ller p\u00e5 att s\u00e4tta ig\u00e5ng eller ett som ligger lite l\u00e4ngre in i framtiden. Generellt kan man s\u00e4ga att det brukar bli b\u00e4ttre om man k\u00e4nner sig mer engagerad i projektet.<br \/>\n<span style=\"text-decoration: underline;\">Viktigt att n\u00e4mna:<\/span> Du \u00e4r fri att byta projekt\/id\u00e9 under kurs\u00e5ret.<\/p>\n<p><strong>Vad skall d\u00e5 den h\u00e4r f\u00f6rsta skissen inneh\u00e5lla?<\/strong> Ta utg\u00e5ngspunkt i presentationen \u201dId\u00e9 till projekt\u201d som du hittar p\u00e5 <a href=\"https:\/\/samhallsentreprenor.glokala.net\/2018-2019\/modul-1\/v-37-planering-och-organisation-inom-projektledning\/\">sidan f\u00f6r v 37<\/a> och ta inte in allt f\u00f6r mycket detaljer \u2013 men lite kort:<br \/>\n1) Vad skall ske?<br \/>\n2) Varf\u00f6r? (problem\/m\u00f6jlighet)<br \/>\n3) Hur? (metod)<br \/>\n4) F\u00f6r vem? (m\u00e5lgrupp)<\/p>\n<p><strong>Omfattning: <\/strong>1-2 sidor.<br \/>\n<strong>Inl\u00e4mning:<\/strong> 16 september<br \/>\n\u2013 Skapa ett nytt \u00e4mne i <a href=\"https:\/\/samhallsentreprenor.glokala.net\/2018-2019\/grupper\/upg-2-skiss-projekt-verksamhet\/\" target=\"_blank\" rel=\"noopener\">uppgiftens forum<\/a> (du beh\u00f6ver vara inloggad)<br \/>\n\u2013 Ladda g\u00e4rna upp din skiss som en bifogad fil.<br \/>\n\u2013\u00a0Skriv en titel som inneh\u00e5ller ditt namn Ex: Annika &#8211; skiss f\u00f6r ett projekt<\/p>\n<p>Inl\u00e4mningsforumet \u00e4r \u00f6ppet f\u00f6r alla inloggade deltagare, men st\u00e4ngt f\u00f6r andra bes\u00f6kare.<\/p>\n<h4 class=\"entry-content\"><strong>Respons\/feedback:<br \/>\n<\/strong><\/h4>\n<p class=\"entry-content\">Under kurstr\u00e4ffen 17-18 september kommer vi som \u00e4r d\u00e4r att jobba kring projektskisserna i grupper.<\/p>\n<p><strong>F\u00f6r dig som inte kan komma p\u00e5 kurstr\u00e4ffen: <\/strong>Efter den 18 september blir du indelad i en grupp f\u00f6r respons. L\u00e4s de andra skisserna i din grupp, och l\u00e4gg in kommentarer i forumet till respektive skiss.<br \/>\n<em>Reflektera i korthet kring m\u00f6jligheter och utmaningar med den f\u00f6reslagna id\u00e9n. Vilka tankar och id\u00e9er f\u00e5r du? Ge g\u00e4rna tips och f\u00f6rslag. Vilka fr\u00e5gor v\u00e4cks n\u00e4r du tar del av id\u00e9n?<\/em><\/p>\n<p><strong>Sista dag f\u00f6r kommentarer till varandra:<\/strong> 30 september.<\/p>\n<p>Du kommer \u00e4ven att f\u00e5 feedback fr\u00e5n pedagog.<\/p>\n","protected":false},"excerpt":{"rendered":"<p>Inl\u00e4mning: S\u00f6ndag 16 september Forum f\u00f6r inl\u00e4mning (inloggad) \u2192 I den delen av kursen som handlar om projektledning \u00e4r en av examinationsuppgifterna i slutet av \u00e5ret att g\u00f6ra en hel projektplan (eller verksamhetsplan\/aff\u00e4rsplan) som i princip skall kunna s\u00e4ttas i verket direkt. Det h\u00e4r \u00e4r f\u00f6rsta steget, en skiss. Det kan vara ett projekt eller [&hellip;]<\/p>\n","protected":false},"author":1,"featured_media":0,"parent":109,"menu_order":0,"comment_status":"open","ping_status":"closed","template":"","meta":{"_bbp_topic_count":0,"_bbp_reply_count":0,"_bbp_total_topic_count":0,"_bbp_total_reply_count":0,"_bbp_voice_count":0,"_bbp_anonymous_reply_count":0,"_bbp_topic_count_hidden":0,"_bbp_reply_count_hidden":0,"_bbp_forum_subforum_count":0,"footnotes":""},"class_list":["post-204","page","type-page","status-publish","hentry"],"_links":{"self":[{"href":"https:\/\/samhallsentreprenor.glokala.net\/2018-2019\/wp-json\/wp\/v2\/pages\/204","targetHints":{"allow":["GET"]}}],"collection":[{"href":"https:\/\/samhallsentreprenor.glokala.net\/2018-2019\/wp-json\/wp\/v2\/pages"}],"about":[{"href":"https:\/\/samhallsentreprenor.glokala.net\/2018-2019\/wp-json\/wp\/v2\/types\/page"}],"author":[{"embeddable":true,"href":"https:\/\/samhallsentreprenor.glokala.net\/2018-2019\/wp-json\/wp\/v2\/users\/1"}],"replies":[{"embeddable":true,"href":"https:\/\/samhallsentreprenor.glokala.net\/2018-2019\/wp-json\/wp\/v2\/comments?post=204"}],"version-history":[{"count":4,"href":"https:\/\/samhallsentreprenor.glokala.net\/2018-2019\/wp-json\/wp\/v2\/pages\/204\/revisions"}],"predecessor-version":[{"id":216,"href":"https:\/\/samhallsentreprenor.glokala.net\/2018-2019\/wp-json\/wp\/v2\/pages\/204\/revisions\/216"}],"up":[{"embeddable":true,"href":"https:\/\/samhallsentreprenor.glokala.net\/2018-2019\/wp-json\/wp\/v2\/pages\/109"}],"wp:attachment":[{"href":"https:\/\/samhallsentreprenor.glokala.net\/2018-2019\/wp-json\/wp\/v2\/media?parent=204"}],"curies":[{"name":"wp","href":"https:\/\/api.w.org\/{rel}","templated":true}]}}