{"id":425,"date":"2018-10-01T09:50:44","date_gmt":"2018-10-01T07:50:44","guid":{"rendered":"https:\/\/samhallsentreprenor.glokala.net\/2018-2019\/?page_id=425"},"modified":"2018-10-01T10:19:22","modified_gmt":"2018-10-01T08:19:22","slug":"v-40-projektledning-intressenter-och-kommunikation","status":"publish","type":"page","link":"https:\/\/samhallsentreprenor.glokala.net\/2018-2019\/modul-1\/v-40-projektledning-intressenter-och-kommunikation\/","title":{"rendered":"v 40 Projektledning \u2013 intressenter och kommunikation"},"content":{"rendered":"<p><img loading=\"lazy\" decoding=\"async\" class=\"alignright wp-image-431\" src=\"https:\/\/samhallsentreprenor.glokala.net\/2018-2019\/wp-content\/uploads\/2018\/10\/6864766417_1dc36a14ce_o_500px-500x375.jpg\" alt=\"\" width=\"300\" height=\"225\" \/>Denna vecka \u00e4gnar vi oss \u00e5t projektledning, med temat intressenter och kommunikation.<\/p>\n<ul>\n<li>Vilka akt\u00f6rer och samarbetspartners (intressenter) \u00e4r viktiga att f\u00f6rh\u00e5lla sig till?<\/li>\n<li>Hur kan man arbeta med kommunikation i projekt?<\/li>\n<\/ul>\n<p>Till veckans tema finns ocks\u00e5 m\u00f6jligheten (frivilligt) att g\u00f6ra en intressentanalys och\/eller kommunikationsplan. Det kan vara ett anv\u00e4ndbart n\u00e4sta steg f\u00f6r att utveckla det projekt\/initiativ du arbetar med!<\/p>\n<h4>:::::::::::::::::::<\/h4>\n<h3>Intressenter (ljudf\u00f6rel\u00e4sning)<\/h3>\n<p>H\u00e4r hittar du en <a href=\"https:\/\/samhallsentreprenor.glokala.net\/2018-2019\/wp-content\/uploads\/2018\/10\/Intressenter_ht2018_OL108A.pptx\" target=\"_blank\" rel=\"noopener\">powerpoint om intressenter (pptx)<\/a>.\u00a0 L\u00e4nk till <a href=\"https:\/\/samhallsentreprenor.glokala.net\/2018-2019\/wp-content\/uploads\/2018\/10\/Intressenter_ht2018_OL108A.pdf\" target=\"_blank\" rel=\"noopener\">version som pdf<\/a>.<\/p>\n<p>Lyssna till Fredriks kommentarer i ljud i tv\u00e5 delar:<\/p>\n<p><a href=\"https:\/\/samhallsentreprenor.glokala.net\/2018-2019\/wp-content\/uploads\/2018\/10\/PL_intress_1.mp3\" target=\"_blank\" rel=\"noopener\"><strong>Projektledning \u2013 <\/strong><strong>Intressenter del 1.mp3<\/strong><\/a><\/p>\n<audio class=\"wp-audio-shortcode\" id=\"audio-425-1\" preload=\"none\" style=\"width: 100%;\" controls=\"controls\"><source type=\"audio\/mpeg\" src=\"https:\/\/samhallsentreprenor.glokala.net\/2018-2019\/wp-content\/uploads\/2018\/10\/PL_intress_1.mp3?_=1\" \/><a href=\"https:\/\/samhallsentreprenor.glokala.net\/2018-2019\/wp-content\/uploads\/2018\/10\/PL_intress_1.mp3\">https:\/\/samhallsentreprenor.glokala.net\/2018-2019\/wp-content\/uploads\/2018\/10\/PL_intress_1.mp3<\/a><\/audio>\n<p>&nbsp;<\/p>\n<p><a href=\"https:\/\/samhallsentreprenor.glokala.net\/2018-2019\/wp-content\/uploads\/2018\/10\/PL_INTRESS_2.mp3\" target=\"_blank\" rel=\"noopener\"><strong>Projektledning \u2013 <\/strong><strong>Intressenter del 2.mp3<\/strong><\/a><\/p>\n<audio class=\"wp-audio-shortcode\" id=\"audio-425-2\" preload=\"none\" style=\"width: 100%;\" controls=\"controls\"><source type=\"audio\/mpeg\" src=\"https:\/\/samhallsentreprenor.glokala.net\/2018-2019\/wp-content\/uploads\/2018\/10\/PL_INTRESS_2.mp3?_=2\" \/><a href=\"https:\/\/samhallsentreprenor.glokala.net\/2018-2019\/wp-content\/uploads\/2018\/10\/PL_INTRESS_2.mp3\">https:\/\/samhallsentreprenor.glokala.net\/2018-2019\/wp-content\/uploads\/2018\/10\/PL_INTRESS_2.mp3<\/a><\/audio>\n<p>&nbsp;<\/p>\n<p>H\u00e4r hittar du \u00e4ven en liten guide till hur man kan g\u00f6ra en SWOT-analys: <a href=\"http:\/\/samhallsentreprenor.glokala.net\/2016-2017\/wp-content\/uploads\/2016\/10\/SWOT-matris.pdf\">swot-matris.pdf<\/a>.<\/p>\n<h4>:::::::::::::::::::<\/h4>\n<h3>Kommunikation (ljudf\u00f6rel\u00e4sning)<\/h3>\n<p>H\u00e4r hittar du en <a href=\"https:\/\/samhallsentreprenor.glokala.net\/2018-2019\/wp-content\/uploads\/2018\/10\/Kommunikation_ht2018_OL108A.pptx\" target=\"_blank\" rel=\"noopener\">powerpoint om kommunikation (pptx)<\/a>. L\u00e4nk till <a href=\"https:\/\/samhallsentreprenor.glokala.net\/2018-2019\/wp-content\/uploads\/2018\/10\/Kommunikation_ht2018_OL108A.pdf\" target=\"_blank\" rel=\"noopener\">version som pdf<\/a>.<\/p>\n<p>Lyssna till Fredriks kommentarer i f\u00f6ljande ljudfil:<\/p>\n<p><a href=\"https:\/\/samhallsentreprenor.glokala.net\/2018-2019\/wp-content\/uploads\/2018\/10\/PL_kommunik.mp3\" target=\"_blank\" rel=\"noopener\"><strong>Projektledning \u2013 Kommunikation.mp3<\/strong><\/a><\/p>\n<audio class=\"wp-audio-shortcode\" id=\"audio-425-3\" preload=\"none\" style=\"width: 100%;\" controls=\"controls\"><source type=\"audio\/mpeg\" src=\"https:\/\/samhallsentreprenor.glokala.net\/2018-2019\/wp-content\/uploads\/2018\/10\/PL_kommunik.mp3?_=3\" \/><a href=\"https:\/\/samhallsentreprenor.glokala.net\/2018-2019\/wp-content\/uploads\/2018\/10\/PL_kommunik.mp3\">https:\/\/samhallsentreprenor.glokala.net\/2018-2019\/wp-content\/uploads\/2018\/10\/PL_kommunik.mp3<\/a><\/audio>\n<h4>:::::::::::::::::::<\/h4>\n<h3>M\u00f6jlighet: Skapa en intressentanalys och\/eller kommunikationsplan<\/h3>\n<p>Till veckans tema finns m\u00f6jligheten (frivilligt) att g\u00f6ra en intressentanalys och\/eller kommunikationsplan. Det kan vara ett anv\u00e4ndbart n\u00e4sta steg f\u00f6r att utveckla det projekt\/initiativ du arbetar med! Vi ger g\u00e4rna feedback.<br \/>\nDu kan maila direkt till August eller l\u00e4gga upp i <a href=\"https:\/\/samhallsentreprenor.glokala.net\/2018-2019\/grupper\/cafeet-kursforum\/forum\/topic\/intressentanalyser-kommunikationsplaner\/\">den h\u00e4r forumtr\u00e5den i caf\u00e9et\/kursforumet \u2192<\/a><\/p>\n<h4>:::::::::::::::::::<\/h4>\n<h3>Lust att inspireras mer?<\/h3>\n<p>Tv\u00e5 f\u00f6rdjupningstips:<\/p>\n<p><strong>1. ) Sveriges kommunikat\u00f6rer tipsar om podcasts<\/strong><br \/>\nP\u00e5 deras lista finns allt fr\u00e5n nischade podcasts om h\u00e5llbarhet, digital kommunikation eller retorik till f\u00f6rdjupade samtal med aktuella g\u00e4ster:\u00a0<a href=\"https:\/\/sverigeskommunikatorer.se\/fakta-och-verktyg\/om-yrket-kommunikator\/podcasts\/\" target=\"_blank\" rel=\"noopener\">https:\/\/sverigeskommunikatorer.se\/fakta-och-verktyg\/om-yrket-kommunikator\/podcasts\/<\/a><\/p>\n<p><strong>2. ) Kommunikationsn\u00e4tverk f\u00f6r ideella sektorn<\/strong><br \/>\nI Facebookgruppen Kommunikationsn\u00e4tverk f\u00f6r ideella sektorn finns \u00f6ver 3000 medlemmar. H\u00e4r kan du st\u00e4lla fr\u00e5gor och dela erfarenheter med andra som har intresse f\u00f6r kommunikation:\u00a0<a href=\"https:\/\/www.facebook.com\/groups\/234031006644236\/\" target=\"_blank\" rel=\"noopener\">https:\/\/www.facebook.com\/groups\/234031006644236\/<\/a><\/p>\n","protected":false},"excerpt":{"rendered":"<p>Denna vecka \u00e4gnar vi oss \u00e5t projektledning, med temat intressenter och kommunikation. Vilka akt\u00f6rer och samarbetspartners (intressenter) \u00e4r viktiga att f\u00f6rh\u00e5lla sig till? Hur kan man arbeta med kommunikation i projekt? Till veckans tema finns ocks\u00e5 m\u00f6jligheten (frivilligt) att g\u00f6ra en intressentanalys och\/eller kommunikationsplan. Det kan vara ett anv\u00e4ndbart n\u00e4sta steg f\u00f6r att utveckla det [&hellip;]<\/p>\n","protected":false},"author":1,"featured_media":0,"parent":109,"menu_order":0,"comment_status":"open","ping_status":"closed","template":"","meta":{"_bbp_topic_count":0,"_bbp_reply_count":0,"_bbp_total_topic_count":0,"_bbp_total_reply_count":0,"_bbp_voice_count":0,"_bbp_anonymous_reply_count":0,"_bbp_topic_count_hidden":0,"_bbp_reply_count_hidden":0,"_bbp_forum_subforum_count":0,"footnotes":""},"class_list":["post-425","page","type-page","status-publish","hentry"],"_links":{"self":[{"href":"https:\/\/samhallsentreprenor.glokala.net\/2018-2019\/wp-json\/wp\/v2\/pages\/425","targetHints":{"allow":["GET"]}}],"collection":[{"href":"https:\/\/samhallsentreprenor.glokala.net\/2018-2019\/wp-json\/wp\/v2\/pages"}],"about":[{"href":"https:\/\/samhallsentreprenor.glokala.net\/2018-2019\/wp-json\/wp\/v2\/types\/page"}],"author":[{"embeddable":true,"href":"https:\/\/samhallsentreprenor.glokala.net\/2018-2019\/wp-json\/wp\/v2\/users\/1"}],"replies":[{"embeddable":true,"href":"https:\/\/samhallsentreprenor.glokala.net\/2018-2019\/wp-json\/wp\/v2\/comments?post=425"}],"version-history":[{"count":5,"href":"https:\/\/samhallsentreprenor.glokala.net\/2018-2019\/wp-json\/wp\/v2\/pages\/425\/revisions"}],"predecessor-version":[{"id":442,"href":"https:\/\/samhallsentreprenor.glokala.net\/2018-2019\/wp-json\/wp\/v2\/pages\/425\/revisions\/442"}],"up":[{"embeddable":true,"href":"https:\/\/samhallsentreprenor.glokala.net\/2018-2019\/wp-json\/wp\/v2\/pages\/109"}],"wp:attachment":[{"href":"https:\/\/samhallsentreprenor.glokala.net\/2018-2019\/wp-json\/wp\/v2\/media?parent=425"}],"curies":[{"name":"wp","href":"https:\/\/api.w.org\/{rel}","templated":true}]}}