{"id":444,"date":"2018-10-08T12:39:28","date_gmt":"2018-10-08T10:39:28","guid":{"rendered":"https:\/\/samhallsentreprenor.glokala.net\/2018-2019\/?page_id=444"},"modified":"2018-10-08T12:45:50","modified_gmt":"2018-10-08T10:45:50","slug":"v-41-konst-provokation","status":"publish","type":"page","link":"https:\/\/samhallsentreprenor.glokala.net\/2018-2019\/modul-1\/v-41-konst-provokation\/","title":{"rendered":"v 41 Konst &#038; provokation"},"content":{"rendered":"<h2>Samh\u00e4llsentrepren\u00f6rskap: Konst &amp; provokation<\/h2>\n<p><strong>Introduktion, video:<\/strong><\/p>\n<p><iframe loading=\"lazy\" src=\"https:\/\/player.vimeo.com\/video\/293916107?byline=0&amp;portrait=0\" width=\"640\" height=\"360\" frameborder=\"0\" allowfullscreen=\"allowfullscreen\"><\/iframe><\/p>\n<h3><strong>Att l\u00e4sa:<\/strong><\/h3>\n<p>L\u00e4s Lasse Ekstrands och Monika Wallmons kapitel i antologin <a href=\"https:\/\/www.ltu.se\/cms_fs\/1.78817!\/file\/samhallets_entreprenorer.pdf\" target=\"_blank\" rel=\"noopener\">Samh\u00e4llets entrepren\u00f6rer.<\/a><\/p>\n<p><strong>Uppbrottet fr\u00e5n bruksmentalitet och inl\u00e4rd hj\u00e4lpl\u00f6shet \u2013 eller konsten att tankeprovocera<\/strong> (s 174-191)<\/p>\n<p>::::::::::::::::::::::<\/p>\n<h3>Inspiration<\/h3>\n<h3>Frihetsf\u00f6rmedlingen<\/h3>\n<p><a href=\"http:\/\/www.frihetsformedlingen.se\/\" target=\"_blank\" rel=\"noopener\">Bes\u00f6k deras hemsida \u2192<\/a><\/p>\n<p><a href=\"http:\/\/www.frihetsformedlingen.se\/\" target=\"_blank\" rel=\"noopener\"><img loading=\"lazy\" decoding=\"async\" class=\"alignnone wp-image-445 size-large\" src=\"https:\/\/samhallsentreprenor.glokala.net\/2018-2019\/wp-content\/uploads\/2018\/10\/screen_frihetsform-1024x462.jpg\" alt=\"\" width=\"1024\" height=\"462\" srcset=\"https:\/\/samhallsentreprenor.glokala.net\/2018-2019\/wp-content\/uploads\/2018\/10\/screen_frihetsform-1024x462.jpg 1024w, https:\/\/samhallsentreprenor.glokala.net\/2018-2019\/wp-content\/uploads\/2018\/10\/screen_frihetsform-500x226.jpg 500w, https:\/\/samhallsentreprenor.glokala.net\/2018-2019\/wp-content\/uploads\/2018\/10\/screen_frihetsform-768x346.jpg 768w, https:\/\/samhallsentreprenor.glokala.net\/2018-2019\/wp-content\/uploads\/2018\/10\/screen_frihetsform-624x281.jpg 624w, https:\/\/samhallsentreprenor.glokala.net\/2018-2019\/wp-content\/uploads\/2018\/10\/screen_frihetsform.jpg 1317w\" sizes=\"auto, (max-width: 1024px) 100vw, 1024px\" \/><\/a><\/p>\n<p><a href=\"https:\/\/www.svt.se\/kultur\/konstprojektet-som-vill-fa-dig-att-arbeta-mindre\" target=\"_blank\" rel=\"noopener\"><strong>Se inslag i SVT:s kulturnyheter<\/strong> om konstprojektet \u2192<\/a><\/p>\n<p><a href=\"https:\/\/www.svt.se\/kultur\/konstprojektet-som-vill-fa-dig-att-arbeta-mindre\" target=\"_blank\" rel=\"noopener\"><img loading=\"lazy\" decoding=\"async\" class=\"alignnone size-medium wp-image-446\" src=\"https:\/\/samhallsentreprenor.glokala.net\/2018-2019\/wp-content\/uploads\/2018\/10\/svtkultur_frihetsform-371x500.jpg\" alt=\"\" width=\"371\" height=\"500\" srcset=\"https:\/\/samhallsentreprenor.glokala.net\/2018-2019\/wp-content\/uploads\/2018\/10\/svtkultur_frihetsform-371x500.jpg 371w, https:\/\/samhallsentreprenor.glokala.net\/2018-2019\/wp-content\/uploads\/2018\/10\/svtkultur_frihetsform-624x841.jpg 624w, https:\/\/samhallsentreprenor.glokala.net\/2018-2019\/wp-content\/uploads\/2018\/10\/svtkultur_frihetsform.jpg 694w\" sizes=\"auto, (max-width: 371px) 100vw, 371px\" \/><\/a><\/p>\n<h4><strong>Video: <a href=\"http:\/\/vimeo.com\/47515816\" target=\"_blank\" rel=\"noopener\">Gatan som instrument<\/a><\/strong><\/h4>\n<p><iframe loading=\"lazy\" title=\"GADEN SOM INSTRUMENT\" src=\"https:\/\/player.vimeo.com\/video\/47515816?dnt=1&amp;app_id=122963\" width=\"500\" height=\"281\" frameborder=\"0\" allow=\"autoplay; fullscreen; picture-in-picture; clipboard-write\"><\/iframe><\/p>\n<h3>Anna Odell<\/h3>\n<p>Med konstverket \u201cOk\u00e4nd kvinna\u201d skapade Anna Odell stor debatt b\u00e5de om om psykv\u00e5rden och konstens roll, n\u00e4r det st\u00e4lldes ut 2009. Konstprojektet bestod av\u00a0en installation d\u00e4r Anna Odell rekonstruerade sitt eget insjuknande -95 (psykos) ute p\u00e5 en bro i Stockholm. V\u00e5rdpersonal tillkallades och ingrep.\u00a0Det hela filmades p\u00e5 avst\u00e5nd och hennes motiv var att synligg\u00f6ra maktstrukturer inom psykiatrin och v\u00e5rden. Men \u00e4ven samh\u00e4llet negativa syn p\u00e5 psykisk sjuka.<\/p>\n<p>Anna blev st\u00e4md och f\u00e4lld f\u00f6r sitt konstprojekt \u2013 f\u00f6r att ha tagit samh\u00e4llets resurser i anspr\u00e5k. Se Anna Odells tankar kring det:<\/p>\n<p><iframe loading=\"lazy\" title=\"Anna Odell om domen\" width=\"500\" height=\"281\" src=\"https:\/\/www.youtube.com\/embed\/nPJTv4rh_Ec?feature=oembed\" frameborder=\"0\" allow=\"accelerometer; autoplay; clipboard-write; encrypted-media; gyroscope; picture-in-picture; web-share\" referrerpolicy=\"strict-origin-when-cross-origin\" allowfullscreen><\/iframe><\/p>\n<p>H\u00e4r kan du se ett kort\u00a0<a href=\"https:\/\/youtu.be\/CUtF_gBt2Zg\" target=\"_blank\" rel=\"noopener\">reportage fr\u00e5n DN<\/a>\u00a0fr\u00e5n n\u00e4r verket st\u00e4lldes ut.<br \/>\nOch h\u00e4r\u00a0<a href=\"https:\/\/youtu.be\/g2j_4BzCLwg\" target=\"_blank\" rel=\"noopener\">en snabb reaktion p\u00e5 utst\u00e4llningen<\/a>, en person tycker till om vad som \u00e4r konst och inte (fr\u00e5n SVT:s program Skandal! som s\u00e4ndes 2014).<\/p>\n<p>::::::::::::::::::::::<\/p>\n<h3>F\u00f6rdjupning<\/h3>\n<p><strong>Samh\u00e4llsentrepren\u00f6ren som provokat\u00f6r<\/strong> (s 140-156 i antologin <a href=\"https:\/\/www.ltu.se\/cms_fs\/1.78817!\/file\/samhallets_entreprenorer.pdf\" target=\"_blank\" rel=\"noopener\">Samh\u00e4llets entrepren\u00f6rer<\/a>)<\/p>\n<p>F\u00f6r dig som vill f\u00e5 mer inramning finns ocks\u00e5 Bengt Johannisons och Caroline Wigrens kapitel \u201dSamh\u00e4llsentrepren\u00f6ren som provokat\u00f6r\u201d d\u00e4r de illustrerar med fem korta exempel p\u00e5 entrepren\u00f6rer som p\u00e5 olika s\u00e4tt provocerar. Bert Karlsson och Lars Vilks \u00e4r de tv\u00e5 mest k\u00e4nda av de entrepren\u00f6rer som lyfts fram. I kapitlet diskuterar de vikten av att irritera och utmana v\u00e4rderingar, och att ibland \u00e4ven utmana lagen.<\/p>\n","protected":false},"excerpt":{"rendered":"<p>Samh\u00e4llsentrepren\u00f6rskap: Konst &amp; provokation Introduktion, video: Att l\u00e4sa: L\u00e4s Lasse Ekstrands och Monika Wallmons kapitel i antologin Samh\u00e4llets entrepren\u00f6rer. Uppbrottet fr\u00e5n bruksmentalitet och inl\u00e4rd hj\u00e4lpl\u00f6shet \u2013 eller konsten att tankeprovocera (s 174-191) :::::::::::::::::::::: Inspiration Frihetsf\u00f6rmedlingen Bes\u00f6k deras hemsida \u2192 Se inslag i SVT:s kulturnyheter om konstprojektet \u2192 Video: Gatan som instrument Anna Odell Med konstverket [&hellip;]<\/p>\n","protected":false},"author":1,"featured_media":0,"parent":109,"menu_order":0,"comment_status":"open","ping_status":"closed","template":"","meta":{"_bbp_topic_count":0,"_bbp_reply_count":0,"_bbp_total_topic_count":0,"_bbp_total_reply_count":0,"_bbp_voice_count":0,"_bbp_anonymous_reply_count":0,"_bbp_topic_count_hidden":0,"_bbp_reply_count_hidden":0,"_bbp_forum_subforum_count":0,"footnotes":""},"class_list":["post-444","page","type-page","status-publish","hentry"],"_links":{"self":[{"href":"https:\/\/samhallsentreprenor.glokala.net\/2018-2019\/wp-json\/wp\/v2\/pages\/444","targetHints":{"allow":["GET"]}}],"collection":[{"href":"https:\/\/samhallsentreprenor.glokala.net\/2018-2019\/wp-json\/wp\/v2\/pages"}],"about":[{"href":"https:\/\/samhallsentreprenor.glokala.net\/2018-2019\/wp-json\/wp\/v2\/types\/page"}],"author":[{"embeddable":true,"href":"https:\/\/samhallsentreprenor.glokala.net\/2018-2019\/wp-json\/wp\/v2\/users\/1"}],"replies":[{"embeddable":true,"href":"https:\/\/samhallsentreprenor.glokala.net\/2018-2019\/wp-json\/wp\/v2\/comments?post=444"}],"version-history":[{"count":4,"href":"https:\/\/samhallsentreprenor.glokala.net\/2018-2019\/wp-json\/wp\/v2\/pages\/444\/revisions"}],"predecessor-version":[{"id":452,"href":"https:\/\/samhallsentreprenor.glokala.net\/2018-2019\/wp-json\/wp\/v2\/pages\/444\/revisions\/452"}],"up":[{"embeddable":true,"href":"https:\/\/samhallsentreprenor.glokala.net\/2018-2019\/wp-json\/wp\/v2\/pages\/109"}],"wp:attachment":[{"href":"https:\/\/samhallsentreprenor.glokala.net\/2018-2019\/wp-json\/wp\/v2\/media?parent=444"}],"curies":[{"name":"wp","href":"https:\/\/api.w.org\/{rel}","templated":true}]}}