{"id":509,"date":"2018-10-22T10:03:04","date_gmt":"2018-10-22T08:03:04","guid":{"rendered":"https:\/\/samhallsentreprenor.glokala.net\/2018-2019\/?page_id=509"},"modified":"2018-10-22T10:03:04","modified_gmt":"2018-10-22T08:03:04","slug":"v-43-projektledning-inom-samhallsentreprenorskap","status":"publish","type":"page","link":"https:\/\/samhallsentreprenor.glokala.net\/2018-2019\/modul-1\/v-43-projektledning-inom-samhallsentreprenorskap\/","title":{"rendered":"v 43 Projektledning inom samh\u00e4llsentrepren\u00f6rskap"},"content":{"rendered":"<h3>Tid f\u00f6r inl\u00e4mning, uppgift 3:<\/h3>\n<p><strong>Idag 22 oktober<\/strong> \u00e4r det tid f\u00f6r inl\u00e4mning av <a href=\"https:\/\/samhallsentreprenor.glokala.net\/2018-2019\/modul-1\/upg3-perspektiv-pa-she\/\">upg 3 Perspektiv p\u00e5 samh\u00e4llsentrepren\u00f6rskap<\/a>.<br \/>\n<a href=\"https:\/\/samhallsentreprenor.glokala.net\/2018-2019\/grupper\/upg-3-perspektiv-pa-samhallsentreprenorskap\/forum\/\" target=\"_blank\" rel=\"noopener\">Till forumet f\u00f6r uppgiften \u2192<\/a><\/p>\n<p>Imorgon tisdag \u00e5terkommer vi med en indelning f\u00f6r kommentarer till varandra.<\/p>\n<p>:::::::::::::::::::::::::::<\/p>\n<h2>Projektledning inom samh\u00e4llsentrepren\u00f6rskap<\/h2>\n<p>I veckans tema lyssnar vi p\u00e5 n\u00e5gra r\u00f6ster om projektledning och l\u00e4ser om exempel p\u00e5 projekt, och de utmaningar som projekten st\u00f6tte p\u00e5!<\/p>\n<h3>Video: Tre r\u00f6ster<\/h3>\n<p>I f\u00f6ljande video (6:43min) ger tre personer sitt perspektiv p\u00e5 just projektledning inom samh\u00e4llsentrepren\u00f6rskap. Vad \u00e4r utm\u00e4rkande? Vad \u00e4r centralt?<\/p>\n<p><iframe loading=\"lazy\" title=\"R\u00f6ster om projektledning inom she\" src=\"https:\/\/player.vimeo.com\/video\/6879519?dnt=1&amp;app_id=122963\" width=\"500\" height=\"275\" frameborder=\"0\" allow=\"autoplay; fullscreen; picture-in-picture; clipboard-write\"><\/iframe><\/p>\n<h3>Att l\u00e4sa: Hur har andra g\u00e5tt till v\u00e4ga?<\/h3>\n<p>I boken &#8221;Publikt entrepren\u00f6rskap &#8211; det marginella g\u00f6rs centralt&#8221; f\u00e5r vi m\u00f6ta ett antal olika id\u00e9er som blivit verklighet. Hur gjorde de? Vilka motg\u00e5ngar m\u00f6tte de? Hur finansierades projekten?<\/p>\n<p><strong>Kapitel 2 &#8221;N\u00e5gra utflykter&#8221;, sida 51-95, i:<\/strong><br \/>\n<strong><a href=\"http:\/\/www.samhallsentreprenor.glokala.se\/arkiv\/Publikt_entreprenorskap_fbf_bok_small.pdf\" target=\"_blank\" rel=\"noopener\">Publikt entrepren\u00f6rskap \u2013 det marginella g\u00f6rs centralt (pdf)<\/a><\/strong>\u00a0(2007), Bjerke, Bj\u00f6rn mfl.<\/p>\n<figure id=\"attachment_510\" aria-describedby=\"caption-attachment-510\" style=\"width: 800px\" class=\"wp-caption alignnone\"><img loading=\"lazy\" decoding=\"async\" class=\"size-full wp-image-510\" src=\"https:\/\/samhallsentreprenor.glokala.net\/2018-2019\/wp-content\/uploads\/2018\/10\/stapelb\u00e4ddsparken.jpg\" alt=\"\" width=\"800\" height=\"450\" srcset=\"https:\/\/samhallsentreprenor.glokala.net\/2018-2019\/wp-content\/uploads\/2018\/10\/stapelb\u00e4ddsparken.jpg 800w, https:\/\/samhallsentreprenor.glokala.net\/2018-2019\/wp-content\/uploads\/2018\/10\/stapelb\u00e4ddsparken-500x281.jpg 500w, https:\/\/samhallsentreprenor.glokala.net\/2018-2019\/wp-content\/uploads\/2018\/10\/stapelb\u00e4ddsparken-768x432.jpg 768w, https:\/\/samhallsentreprenor.glokala.net\/2018-2019\/wp-content\/uploads\/2018\/10\/stapelb\u00e4ddsparken-624x351.jpg 624w, https:\/\/samhallsentreprenor.glokala.net\/2018-2019\/wp-content\/uploads\/2018\/10\/stapelb\u00e4ddsparken-128x72.jpg 128w\" sizes=\"auto, (max-width: 800px) 100vw, 800px\" \/><figcaption id=\"caption-attachment-510\" class=\"wp-caption-text\">Stapelb\u00e4ddsparken, Malm\u00f6<\/figcaption><\/figure>\n<h4>Diskussion: Vilka \u00e4r v\u00e5ra\u00a0perspektiv?<\/h4>\n<p>Vilka tankar och fr\u00e5gor v\u00e4cks hos dig i l\u00e4sningen om de olika exemplen? <a href=\"https:\/\/samhallsentreprenor.glokala.net\/2018-2019\/grupper\/cafeet-kursforum\/forum\/topic\/perspektiv-fran-projektexemplen-publikt-entreprenorskap\/#post-514\" target=\"_blank\" rel=\"noopener\">Tr\u00e5d i kursforumet \u2192<\/a><\/p>\n<h4>Utm\u00e4rkande drag i bokens sex olika exempel<\/h4>\n<p>F\u00f6r reflektion kopplat till l\u00e4sningen &#8211; en sammanst\u00e4llning av utm\u00e4rkande drag i bokens sex olika exempel p\u00e5 publikt entrepren\u00f6rskap:<br \/>\n<a href=\"http:\/\/www.samhallsentreprenor.glokala.se\/wp-content\/uploads\/Projektledning_inom_she_exempel_publikt_entreprenorskap.pdf\" target=\"_blank\" rel=\"noopener\">Projektledning_inom_samh\u00e4llsentrepren\u00f6rskap,\u00a0exemplen i boken (pdf)<\/a><\/p>\n<h4>Vanliga utmaningar f\u00f6r projektledning inom SHE (samh\u00e4llsentrepren\u00f6rskap)<\/h4>\n<p>F\u00f6r reflektion &#8211; utmaningar kopplat till projektledning inom denna typ av organisationer. Power Point fr\u00e5n Fredrik:<br \/>\n<a href=\"https:\/\/samhallsentreprenor.glokala.net\/2018-2019\/wp-content\/uploads\/2018\/10\/GL_PL_inom-_she.pdf\" target=\"_blank\" rel=\"noopener\">Utmaningar: projektledning \u2013 och\u00a0samh\u00e4llsentrepren\u00f6rskap?\u00a0(pdf)<\/a><\/p>\n","protected":false},"excerpt":{"rendered":"<p>Tid f\u00f6r inl\u00e4mning, uppgift 3: Idag 22 oktober \u00e4r det tid f\u00f6r inl\u00e4mning av upg 3 Perspektiv p\u00e5 samh\u00e4llsentrepren\u00f6rskap. Till forumet f\u00f6r uppgiften \u2192 Imorgon tisdag \u00e5terkommer vi med en indelning f\u00f6r kommentarer till varandra. ::::::::::::::::::::::::::: Projektledning inom samh\u00e4llsentrepren\u00f6rskap I veckans tema lyssnar vi p\u00e5 n\u00e5gra r\u00f6ster om projektledning och l\u00e4ser om exempel p\u00e5 projekt, [&hellip;]<\/p>\n","protected":false},"author":1,"featured_media":0,"parent":109,"menu_order":0,"comment_status":"open","ping_status":"closed","template":"","meta":{"_bbp_topic_count":0,"_bbp_reply_count":0,"_bbp_total_topic_count":0,"_bbp_total_reply_count":0,"_bbp_voice_count":0,"_bbp_anonymous_reply_count":0,"_bbp_topic_count_hidden":0,"_bbp_reply_count_hidden":0,"_bbp_forum_subforum_count":0,"footnotes":""},"class_list":["post-509","page","type-page","status-publish","hentry"],"_links":{"self":[{"href":"https:\/\/samhallsentreprenor.glokala.net\/2018-2019\/wp-json\/wp\/v2\/pages\/509","targetHints":{"allow":["GET"]}}],"collection":[{"href":"https:\/\/samhallsentreprenor.glokala.net\/2018-2019\/wp-json\/wp\/v2\/pages"}],"about":[{"href":"https:\/\/samhallsentreprenor.glokala.net\/2018-2019\/wp-json\/wp\/v2\/types\/page"}],"author":[{"embeddable":true,"href":"https:\/\/samhallsentreprenor.glokala.net\/2018-2019\/wp-json\/wp\/v2\/users\/1"}],"replies":[{"embeddable":true,"href":"https:\/\/samhallsentreprenor.glokala.net\/2018-2019\/wp-json\/wp\/v2\/comments?post=509"}],"version-history":[{"count":2,"href":"https:\/\/samhallsentreprenor.glokala.net\/2018-2019\/wp-json\/wp\/v2\/pages\/509\/revisions"}],"predecessor-version":[{"id":1636,"href":"https:\/\/samhallsentreprenor.glokala.net\/2018-2019\/wp-json\/wp\/v2\/pages\/509\/revisions\/1636"}],"up":[{"embeddable":true,"href":"https:\/\/samhallsentreprenor.glokala.net\/2018-2019\/wp-json\/wp\/v2\/pages\/109"}],"wp:attachment":[{"href":"https:\/\/samhallsentreprenor.glokala.net\/2018-2019\/wp-json\/wp\/v2\/media?parent=509"}],"curies":[{"name":"wp","href":"https:\/\/api.w.org\/{rel}","templated":true}]}}