{"id":560,"date":"2018-10-29T10:21:45","date_gmt":"2018-10-29T09:21:45","guid":{"rendered":"https:\/\/samhallsentreprenor.glokala.net\/2018-2019\/?page_id=560"},"modified":"2018-10-29T10:21:45","modified_gmt":"2018-10-29T09:21:45","slug":"studiematerial-modul-2","status":"publish","type":"page","link":"https:\/\/samhallsentreprenor.glokala.net\/2018-2019\/modul-2\/studiematerial-modul-2\/","title":{"rendered":"Studiematerial \u2013 Modul 2"},"content":{"rendered":"<p>I samband med teman\/f\u00f6rel\u00e4sningar kommer l\u00e4sanvisningar att anges.<\/p>\n<h4>Artiklar:<\/h4>\n<p>Anneline Sander &amp; Thomas Jordan: <a href=\"http:\/\/www.perspectus.se\/tj\/publikationer\/Fanzingo.pdf\" target=\"_blank\" rel=\"noopener\">Fanzingo \u2013 Entrepren\u00f6r i samh\u00e4llsf\u00f6r\u00e4ndringsarbete: Fr\u00e5n krigare till barnmorska (pdf)<\/a><\/p>\n<p>Smith, M. K. (2005): <a href=\"http:\/\/infed.org\/mobi\/bruce-w-tuckman-forming-storming-norming-and-performing-in-groups\/\" target=\"_blank\" rel=\"noopener\">&#8221;Bruce W. Tuckman \u2013 forming, storming, norming and performing in groups&#8221;<\/a><\/p>\n<p>Thomas Jordan: <a href=\"https:\/\/www.socav.gu.se\/digitalAssets\/1421\/1421210_7tumregler.pdf\" target=\"_blank\" rel=\"noopener\">\u201dSju tumregler f\u00f6r konstruktiv konflikthantering\u201d \u2013 pdf<\/a><\/p>\n<h4>Metodbok:<\/h4>\n<p>Ashoka Scandinavia: <a href=\"https:\/\/www.ashoka.org\/en\/story\/metodguiden-det-har-aldrig-varit-l%C3%A4ttare-att-f%C3%B6r%C3%A4ndra-v%C3%A4rlden\">Metodguide \u2013 Det har aldrig varit l\u00e4ttare att f\u00f6r\u00e4ndra v\u00e4rlden (pdf)<\/a>. Oktober, 2016.<\/p>\n<h4>F\u00f6rdjupningstexter \/ b\u00f6cker (f\u00f6r den som vill g\u00e5 ett steg l\u00e4ngre):<\/h4>\n<p>Bolman, Lee G. &amp; Deal, Terrence E., <em>Nya perspektiv p\u00e5 organisation och ledarskap<\/em> (5:e reviderade och uppdaterade upplagan). Lund: Studentlitteratur, 2015.<br \/>\n<a href=\"http:\/\/libris.kb.se\/bib\/17208293\" target=\"_blank\" rel=\"noopener\">Tillg\u00e4nglig vid bibliotek \u2013 l\u00e4nk till libris \u2192<\/a><\/p>\n<p>Leopold, Christer, <a href=\"http:\/\/www.voluntarius.com\/Boktips.htm\" target=\"_blank\" rel=\"noopener\"><em>Professionell ideell: om att verka med ideell logik<\/em><\/a>. Stockholm: Sober, 2006<\/p>\n<p>Elmqvist, Cecilia, <em><a href=\"http:\/\/idealistas.se\/bocker\/andamalsparagrafen\/\" target=\"_blank\" rel=\"noopener\">\u00c4ndam\u00e5lsparagrafen: ledarskap i folkr\u00f6relse<\/a>r.<\/em> Stockholm:\u00a0Idealistas f\u00f6rlag, 2013<\/p>\n<p>Moraeus, Lisa, <em><a href=\"http:\/\/www.lisamoraeus.se\/brinna\/\" target=\"_blank\" rel=\"noopener\">Brinna!: att g\u00f6ra skillnad som ledare i en ideell organisation<\/a>.<\/em> Stockholm: Room for us 2012<\/p>\n<p>Iwarsson, Anna,<a href=\"http:\/\/idealistas.se\/bocker\/ram-och-kram\/\" target=\"_blank\" rel=\"noopener\"><em> Ram och Kram: ledarskapets betydelse f\u00f6r organisationskulturen<\/em><\/a>. Stockholm: Idealistas f\u00f6rlag, 2015<\/p>\n<p>Hannah Ohm &amp; Per Eklund (red): <a href=\"http:\/\/www.ekolivs.se\/wp-content\/uploads\/2016\/10\/Sektor3-antologi_2012_web_enkel.pdf\" target=\"_blank\" rel=\"noopener\">F\u00f6rdomar, form och framtid \u2013 reflektioner om kooperation fr\u00e5n unga politiker och kooperat\u00f6rer (pdf)<\/a><\/p>\n<p>Bert Spector: \u201cBusiness Responsibilities in a Divided World\u201d: The Cold War Roots of the Corporate Social Responsibility Movement\u201d<a href=\"http:\/\/webzone.ts.mah.se\/projects\/gl_she09_10\/Folder\/index.aspx?file=263&amp;function=board\" target=\"_blank\" rel=\"noopener\"><br \/>\n<\/a><a href=\"http:\/\/www.samhallsentreprenor.glokala.se\/wp-content\/uploads\/314.pdf\" target=\"_blank\" rel=\"noopener\">L\u00e4nk \u2013 klicka h\u00e4r (pdf)<\/a><\/p>\n<p>H\u00e4ggblom, Anna, <a href=\"http:\/\/www.alfabeta.se\/nedladdning\/gor-nagot-enkelsidigt.pdf\" target=\"_blank\" rel=\"noopener\">G\u00f6r n\u00e5got! (pdf)<\/a>. Alfabeta 2011.<\/p>\n","protected":false},"excerpt":{"rendered":"<p>I samband med teman\/f\u00f6rel\u00e4sningar kommer l\u00e4sanvisningar att anges. Artiklar: Anneline Sander &amp; Thomas Jordan: Fanzingo \u2013 Entrepren\u00f6r i samh\u00e4llsf\u00f6r\u00e4ndringsarbete: Fr\u00e5n krigare till barnmorska (pdf) Smith, M. K. (2005): &#8221;Bruce W. Tuckman \u2013 forming, storming, norming and performing in groups&#8221; Thomas Jordan: \u201dSju tumregler f\u00f6r konstruktiv konflikthantering\u201d \u2013 pdf Metodbok: Ashoka Scandinavia: Metodguide \u2013 Det har [&hellip;]<\/p>\n","protected":false},"author":1,"featured_media":0,"parent":557,"menu_order":0,"comment_status":"open","ping_status":"closed","template":"","meta":{"_bbp_topic_count":0,"_bbp_reply_count":0,"_bbp_total_topic_count":0,"_bbp_total_reply_count":0,"_bbp_voice_count":0,"_bbp_anonymous_reply_count":0,"_bbp_topic_count_hidden":0,"_bbp_reply_count_hidden":0,"_bbp_forum_subforum_count":0,"footnotes":""},"class_list":["post-560","page","type-page","status-publish","hentry"],"_links":{"self":[{"href":"https:\/\/samhallsentreprenor.glokala.net\/2018-2019\/wp-json\/wp\/v2\/pages\/560","targetHints":{"allow":["GET"]}}],"collection":[{"href":"https:\/\/samhallsentreprenor.glokala.net\/2018-2019\/wp-json\/wp\/v2\/pages"}],"about":[{"href":"https:\/\/samhallsentreprenor.glokala.net\/2018-2019\/wp-json\/wp\/v2\/types\/page"}],"author":[{"embeddable":true,"href":"https:\/\/samhallsentreprenor.glokala.net\/2018-2019\/wp-json\/wp\/v2\/users\/1"}],"replies":[{"embeddable":true,"href":"https:\/\/samhallsentreprenor.glokala.net\/2018-2019\/wp-json\/wp\/v2\/comments?post=560"}],"version-history":[{"count":1,"href":"https:\/\/samhallsentreprenor.glokala.net\/2018-2019\/wp-json\/wp\/v2\/pages\/560\/revisions"}],"predecessor-version":[{"id":561,"href":"https:\/\/samhallsentreprenor.glokala.net\/2018-2019\/wp-json\/wp\/v2\/pages\/560\/revisions\/561"}],"up":[{"embeddable":true,"href":"https:\/\/samhallsentreprenor.glokala.net\/2018-2019\/wp-json\/wp\/v2\/pages\/557"}],"wp:attachment":[{"href":"https:\/\/samhallsentreprenor.glokala.net\/2018-2019\/wp-json\/wp\/v2\/media?parent=560"}],"curies":[{"name":"wp","href":"https:\/\/api.w.org\/{rel}","templated":true}]}}