{"id":569,"date":"2018-10-29T11:54:42","date_gmt":"2018-10-29T10:54:42","guid":{"rendered":"https:\/\/samhallsentreprenor.glokala.net\/2018-2019\/?page_id=569"},"modified":"2018-10-29T11:57:29","modified_gmt":"2018-10-29T10:57:29","slug":"v-44-intro-till-modul-2","status":"publish","type":"page","link":"https:\/\/samhallsentreprenor.glokala.net\/2018-2019\/modul-2\/v-44-intro-till-modul-2\/","title":{"rendered":"v 44 Intro till modul 2"},"content":{"rendered":"<h3>V\u00e4lkommen till modul 2 &#8211; kursens andra del!<\/h3>\n<p>De kommande veckorna f\u00f6rdjupar vi oss inom omr\u00e5den som handlar om ledarskap och l\u00e4rande, gruppdynamik och organisering.<\/p>\n<p>Vilken typ ledarskap beh\u00f6vs inom samh\u00e4llsentrepren\u00f6rskap? Hur kan vi hitta verktyg f\u00f6r att bottna i v\u00e5rt eget ledarskap? \u00c4r ledarskapet bara en fr\u00e5ga f\u00f6r den formellt utn\u00e4mnda ledaren \u2013 eller b\u00f6r vi se ansvaret f\u00f6r ledarskapet som en fr\u00e5ga f\u00f6r hela gruppen?<\/p>\n<p>Hur kan vi skapa v\u00e4l fungerande samarbete i de grupper vi finns i? Vad g\u00f6r vi n\u00e4r det inte fungerar?<br \/>\nHur organiserar sig verksamheter inom samh\u00e4llsentrepren\u00f6rskap?<\/p>\n<p>Parallellt med att vi f\u00f6rdjupar oss inom dessa omr\u00e5den, kopplar vi det till de id\u00e9er och initiativ som ni jobbar med i era projekt. Du f\u00e5r g\u00e4rna ta kontakt med oss om du vill ha st\u00f6d i ditt projektutvecklande. Vi l\u00e4gger ut en rad tider d\u00e5 August finns <a href=\"https:\/\/samhallsentreprenor.glokala.net\/2018-2019\/grupper\/cafeet-kursforum\/forum\/topic\/tider-for-samtal-projektutveckling\/\" target=\"_blank\" rel=\"noopener\">tillg\u00e4nglig f\u00f6r samtal, l\u00e4s mer \u2192<\/a><\/p>\n<p>Den h\u00e4r f\u00f6rsta veckan i modul 2 finns det tid f\u00f6r att ge kommentarer till <a href=\"https:\/\/samhallsentreprenor.glokala.net\/2018-2019\/modul-1\/upg3-perspektiv-pa-she\/\">uppgift 3, Perspektiv p\u00e5 samh\u00e4llsentrepren\u00f6rskap<\/a>.<\/p>\n<p><a href=\"https:\/\/samhallsentreprenor.glokala.net\/2018-2019\/wp-content\/uploads\/2018\/10\/unnamed.jpg\"><img loading=\"lazy\" decoding=\"async\" class=\"alignright wp-image-571 size-medium\" src=\"https:\/\/samhallsentreprenor.glokala.net\/2018-2019\/wp-content\/uploads\/2018\/10\/unnamed-500x281.jpg\" alt=\"\" width=\"500\" height=\"281\" srcset=\"https:\/\/samhallsentreprenor.glokala.net\/2018-2019\/wp-content\/uploads\/2018\/10\/unnamed-500x281.jpg 500w, https:\/\/samhallsentreprenor.glokala.net\/2018-2019\/wp-content\/uploads\/2018\/10\/unnamed-768x432.jpg 768w, https:\/\/samhallsentreprenor.glokala.net\/2018-2019\/wp-content\/uploads\/2018\/10\/unnamed-1024x576.jpg 1024w, https:\/\/samhallsentreprenor.glokala.net\/2018-2019\/wp-content\/uploads\/2018\/10\/unnamed-624x351.jpg 624w, https:\/\/samhallsentreprenor.glokala.net\/2018-2019\/wp-content\/uploads\/2018\/10\/unnamed-128x72.jpg 128w, https:\/\/samhallsentreprenor.glokala.net\/2018-2019\/wp-content\/uploads\/2018\/10\/unnamed.jpg 1280w\" sizes=\"auto, (max-width: 500px) 100vw, 500px\" \/><\/a>Vi vill ocks\u00e5 tipsa om ett onlinesamtal som <a href=\"http:\/\/lokalekonomi.helasverige.se\/\" target=\"_blank\" rel=\"noopener\">Lokalekonomidagarna<\/a> arrangerar <strong>tisdag 30 oktober kl 15:00:<br \/>\n<\/strong><strong>Neighbourhood economics <\/strong>\u2013 s\u00e5 kan grannskap transformeras, finansiera sin utveckling och skapa nya jobb.<br \/>\nKaj Embr\u00e9n, h\u00e5llbarhetsexpert med fokus p\u00e5 gr\u00f6n ekonomi samt verksamhetsledare f\u00f6r Crowd Sourcing Week Europe, ber\u00e4ttar om ett stadsutvecklingskoncept som \u00e4ven kan anv\u00e4ndas p\u00e5 landet.<br \/>\nL\u00e4s mer p\u00e5 <a href=\"http:\/\/lokalekonomi.helasverige.se\/valkommen-pa-lokalekonomidagarna\/webbinarier\/\" target=\"_blank\" rel=\"noopener\">http:\/\/lokalekonomi.helasverige.se\/valkommen-pa-lokalekonomidagarna\/webbinarier\/<\/a>.<br \/>\nDelta via <a href=\"https:\/\/zoom.us\/j\/816389579\" target=\"_blank\" rel=\"noopener\">https:\/\/zoom.us\/j\/816389579<\/a><\/p>\n<p>Vi ser fram emot att g\u00e5 in i modul 2 med er!<\/p>\n<p>August &amp; Fredrik<\/p>\n<p>:::::::::::::::::::::::::::<\/p>\n<h3>Enk\u00e4t &#8211; datum f\u00f6r kurstr\u00e4ff i Malm\u00f6<\/h3>\n<p>I slutet av januari eller b\u00f6rjan av februari planerar vi att h\u00e5lla n\u00e4sta kurstr\u00e4ff i Malm\u00f6. Vilka datum passar dig? Svara fram till 5 november. Efter detta bekr\u00e4ftar vi datum f\u00f6r kurstr\u00e4ffen. Ett prelimin\u00e4rt program presenteras i b\u00f6rjan av december!<\/p>\n<p><iframe loading=\"lazy\" src=\"https:\/\/docs.google.com\/forms\/d\/e\/1FAIpQLSfPQNUMMBM0Dad4KSrKBwyof0wt7QY8cJWqaFPL9sAJKaUiCA\/viewform?embedded=true\" width=\"640\" height=\"644\" frameborder=\"0\" marginwidth=\"0\" marginheight=\"0\">L\u00e4ser in&#8230;<\/iframe><\/p>\n<p>:::::::::::::::::::::::::::<\/p>\n<h3>M\u00f6jlighet: <a href=\"https:\/\/samhallsentreprenor.glokala.net\/2018-2019\/grupper\/cafeet-kursforum\/forum\/topic\/tider-for-samtal-projektutveckling\/\" target=\"_blank\" rel=\"noopener\">Tider f\u00f6r samtal &#8211; projektutveckling<\/a><\/h3>\n<p>August finns tillg\u00e4nglig f\u00f6r samtal om projekt och id\u00e9er, per telefon\/digitalt eller p\u00e5 plats i Malm\u00f6 f\u00f6r er som bor i n\u00e4rheten. <a href=\"https:\/\/samhallsentreprenor.glokala.net\/2018-2019\/grupper\/cafeet-kursforum\/forum\/topic\/tider-for-samtal-projektutveckling\/\" target=\"_blank\" rel=\"noopener\">L\u00e4s mer och se tider h\u00e4r \u2192<\/a><br \/>\nPassar ingen av tiderna hittar vi s\u00e5klart en annan tid som passar, h\u00f6r av dig!<\/p>\n<p>Samtalet kan vara en m\u00f6jlighet f\u00f6r dig att reflektera kring var du befinner dig just nu och vilka n\u00e4sta steg du planerar i de projekt\/initiativ som du utvecklar.<\/p>\n<h3>Tips! S\u00e5 h\u00e4r kommer du ig\u00e5ng med modul 2:<\/h3>\n<p><a href=\"https:\/\/samhallsentreprenor.glokala.net\/2018-2019\/modul-2\/\"><strong>1. L\u00e4s planering \u2013 \u00f6versikt modul 2. <\/strong><\/a><br \/>\nH\u00e4r kan du ta del av modulens inneh\u00e5ll, m\u00e5l och uppl\u00e4gg.<\/p>\n<p><strong><a href=\"https:\/\/samhallsentreprenor.glokala.net\/2018-2019\/modul-2\/studiematerial-modul-2\/\">2. Kolla studiematerialet.<\/a> <\/strong><br \/>\nUnder modulen anv\u00e4nder vi n\u00e5gra texter som du redan nu kan unders\u00f6ka om du \u00e4r nyfiken. L\u00e4sanvisningar g\u00f6rs respektive vecka.<br \/>\nVideo- och ljudmaterial finns inte i listan \u00f6ver studiematerial, utan presenteras vecka f\u00f6r vecka.<\/p>\n<p><a href=\"https:\/\/samhallsentreprenor.glokala.net\/2018-2019\/modul-2\/\"><strong>3. Planera in tid f\u00f6r modulens veckoteman. <\/strong><\/a><br \/>\nDatumen finns i planering \u2013 \u00f6versikt.<\/p>\n<p><strong>4. Planera in tid f\u00f6r uppgifterna.<\/strong><br \/>\nS\u00e5 h\u00e4r ligger de olika uppgifternas inl\u00e4mningsdatum:<\/p>\n<p>Uppgift 4: Reflektion kring ledarskap &amp; gruppdynamik. Presenteras 5 november.<br \/>\nInl\u00e4mning: 19 november.<\/p>\n<p>Uppgift 5: Exempel p\u00e5 organisering. Presenteras 19 november.<br \/>\nInl\u00e4mning: 21 januari.<\/p>\n<p><strong>5. Fundera p\u00e5 hur du vill att dina veckor ska se ut.<\/strong><br \/>\nVad har varit l\u00e4tt under modul 1, vad har varit sv\u00e5rt? Fundera g\u00e4rna vad du beh\u00f6ver f\u00f6r att forts\u00e4ttningen p\u00e5 kursen ska k\u00e4nnas kul och utvecklande. \u00c4r du lagom utmanad? Hur ser en bra vecka ut? Ta g\u00e4rna \u00f6vningarna i Ashokas metodbok till hj\u00e4lp.<\/p>\n<p><a href=\"https:\/\/drive.google.com\/file\/d\/0Bz9BvMpwLPLHV21DcGJPRnNJbVU\/view\" target=\"_blank\" rel=\"noopener\">Ashokas metodguide: Det har aldrig varit l\u00e4ttare att f\u00f6r\u00e4ndra v\u00e4rlden (ladda ner pdf)<\/a><br \/>\n\u00d6vning 1: Min perfekta dag\/vecka \u2013 s. 118-119.<br \/>\n\u00d6vning 2: Lagom utmanad? \u2013 s. 120-121.<\/p>\n","protected":false},"excerpt":{"rendered":"<p>V\u00e4lkommen till modul 2 &#8211; kursens andra del! De kommande veckorna f\u00f6rdjupar vi oss inom omr\u00e5den som handlar om ledarskap och l\u00e4rande, gruppdynamik och organisering. Vilken typ ledarskap beh\u00f6vs inom samh\u00e4llsentrepren\u00f6rskap? Hur kan vi hitta verktyg f\u00f6r att bottna i v\u00e5rt eget ledarskap? \u00c4r ledarskapet bara en fr\u00e5ga f\u00f6r den formellt utn\u00e4mnda ledaren \u2013 eller [&hellip;]<\/p>\n","protected":false},"author":1,"featured_media":0,"parent":557,"menu_order":0,"comment_status":"open","ping_status":"closed","template":"","meta":{"_bbp_topic_count":0,"_bbp_reply_count":0,"_bbp_total_topic_count":0,"_bbp_total_reply_count":0,"_bbp_voice_count":0,"_bbp_anonymous_reply_count":0,"_bbp_topic_count_hidden":0,"_bbp_reply_count_hidden":0,"_bbp_forum_subforum_count":0,"footnotes":""},"class_list":["post-569","page","type-page","status-publish","hentry"],"_links":{"self":[{"href":"https:\/\/samhallsentreprenor.glokala.net\/2018-2019\/wp-json\/wp\/v2\/pages\/569","targetHints":{"allow":["GET"]}}],"collection":[{"href":"https:\/\/samhallsentreprenor.glokala.net\/2018-2019\/wp-json\/wp\/v2\/pages"}],"about":[{"href":"https:\/\/samhallsentreprenor.glokala.net\/2018-2019\/wp-json\/wp\/v2\/types\/page"}],"author":[{"embeddable":true,"href":"https:\/\/samhallsentreprenor.glokala.net\/2018-2019\/wp-json\/wp\/v2\/users\/1"}],"replies":[{"embeddable":true,"href":"https:\/\/samhallsentreprenor.glokala.net\/2018-2019\/wp-json\/wp\/v2\/comments?post=569"}],"version-history":[{"count":3,"href":"https:\/\/samhallsentreprenor.glokala.net\/2018-2019\/wp-json\/wp\/v2\/pages\/569\/revisions"}],"predecessor-version":[{"id":1637,"href":"https:\/\/samhallsentreprenor.glokala.net\/2018-2019\/wp-json\/wp\/v2\/pages\/569\/revisions\/1637"}],"up":[{"embeddable":true,"href":"https:\/\/samhallsentreprenor.glokala.net\/2018-2019\/wp-json\/wp\/v2\/pages\/557"}],"wp:attachment":[{"href":"https:\/\/samhallsentreprenor.glokala.net\/2018-2019\/wp-json\/wp\/v2\/media?parent=569"}],"curies":[{"name":"wp","href":"https:\/\/api.w.org\/{rel}","templated":true}]}}