{"id":57,"date":"2018-08-20T15:11:20","date_gmt":"2018-08-20T13:11:20","guid":{"rendered":"http:\/\/samhallsentreprenor.glokala.net\/2018-2019\/?page_id=57"},"modified":"2018-08-20T15:11:20","modified_gmt":"2018-08-20T13:11:20","slug":"evenemang","status":"publish","type":"page","link":"https:\/\/samhallsentreprenor.glokala.net\/2018-2019\/evenemang\/","title":{"rendered":"Evenemang"},"content":{"rendered":"<h3>Tips p\u00e5 sp\u00e4nnande evenemang och utbildningar.<\/h3>\n<p>Bidra g\u00e4rna med tips, maila till August, august [at] glokala.se<\/p>\n<p><iframe loading=\"lazy\" style=\"border-width: 0;\" src=\"https:\/\/www.google.com\/calendar\/embed?showTitle=0&amp;showPrint=0&amp;mode=AGENDA&amp;height=600&amp;wkst=2&amp;hl=sv&amp;bgcolor=%23FFFFFF&amp;src=h38ljo0eolhikmbjccpriqfffc%40group.calendar.google.com&amp;color=%231B887A&amp;ctz=Europe%2FStockholm\" width=\"720\" height=\"600\" frameborder=\"0\" scrolling=\"no\"><\/iframe><\/p>\n","protected":false},"excerpt":{"rendered":"<p>Tips p\u00e5 sp\u00e4nnande evenemang och utbildningar. Bidra g\u00e4rna med tips, maila till August, august [at] glokala.se<\/p>\n","protected":false},"author":1,"featured_media":0,"parent":0,"menu_order":0,"comment_status":"closed","ping_status":"closed","template":"","meta":{"_bbp_topic_count":0,"_bbp_reply_count":0,"_bbp_total_topic_count":0,"_bbp_total_reply_count":0,"_bbp_voice_count":0,"_bbp_anonymous_reply_count":0,"_bbp_topic_count_hidden":0,"_bbp_reply_count_hidden":0,"_bbp_forum_subforum_count":0,"footnotes":""},"class_list":["post-57","page","type-page","status-publish","hentry"],"_links":{"self":[{"href":"https:\/\/samhallsentreprenor.glokala.net\/2018-2019\/wp-json\/wp\/v2\/pages\/57","targetHints":{"allow":["GET"]}}],"collection":[{"href":"https:\/\/samhallsentreprenor.glokala.net\/2018-2019\/wp-json\/wp\/v2\/pages"}],"about":[{"href":"https:\/\/samhallsentreprenor.glokala.net\/2018-2019\/wp-json\/wp\/v2\/types\/page"}],"author":[{"embeddable":true,"href":"https:\/\/samhallsentreprenor.glokala.net\/2018-2019\/wp-json\/wp\/v2\/users\/1"}],"replies":[{"embeddable":true,"href":"https:\/\/samhallsentreprenor.glokala.net\/2018-2019\/wp-json\/wp\/v2\/comments?post=57"}],"version-history":[{"count":2,"href":"https:\/\/samhallsentreprenor.glokala.net\/2018-2019\/wp-json\/wp\/v2\/pages\/57\/revisions"}],"predecessor-version":[{"id":1604,"href":"https:\/\/samhallsentreprenor.glokala.net\/2018-2019\/wp-json\/wp\/v2\/pages\/57\/revisions\/1604"}],"wp:attachment":[{"href":"https:\/\/samhallsentreprenor.glokala.net\/2018-2019\/wp-json\/wp\/v2\/media?parent=57"}],"curies":[{"name":"wp","href":"https:\/\/api.w.org\/{rel}","templated":true}]}}