{"id":598,"date":"2018-11-05T13:07:02","date_gmt":"2018-11-05T12:07:02","guid":{"rendered":"https:\/\/samhallsentreprenor.glokala.net\/2018-2019\/?page_id=598"},"modified":"2018-11-05T13:08:49","modified_gmt":"2018-11-05T12:08:49","slug":"v-45-ledarskap","status":"publish","type":"page","link":"https:\/\/samhallsentreprenor.glokala.net\/2018-2019\/modul-2\/v-45-ledarskap\/","title":{"rendered":"v 45 Ledarskap"},"content":{"rendered":"<p>Den h\u00e4r veckan fokuserar p\u00e5 ledarskap, med perspektiv fr\u00e5n Fredrik i en videof\u00f6rel\u00e4sning. Samtidigt presenterar vi n\u00e4sta uppgift i kursen som knyter till an till den h\u00e4r och n\u00e4sta veckas tema: <strong>Uppgift 4 Reflektion kring ledarskap och gruppdynamik.<\/strong> Inl\u00e4mning 19 november.<\/p>\n<h2>Ledarskap!?<\/h2>\n<p>Videof\u00f6rel\u00e4sning med tillh\u00f6rande presentation, ladda ner antingen som PowerPoint eller pdf-fil:<br \/>\n<a href=\"https:\/\/samhallsentreprenor.glokala.net\/2018-2019\/wp-content\/uploads\/2018\/11\/SHE_OL108A_ledarskap.pptx\" target=\"_blank\" rel=\"noopener\">Presentation ledarskap (PPT-presentation)<\/a><br \/>\n<a href=\"https:\/\/samhallsentreprenor.glokala.net\/2018-2019\/wp-content\/uploads\/2018\/11\/SHE_OL108A_ledarskap.pdf\" target=\"_blank\" rel=\"noopener\">Presentation ledarskap (pdf)<\/a><\/p>\n<p><iframe loading=\"lazy\" title=\"Ledarskap 1\" src=\"https:\/\/player.vimeo.com\/video\/7328588?dnt=1&amp;app_id=122963\" width=\"500\" height=\"375\" frameborder=\"0\" allow=\"autoplay; fullscreen; picture-in-picture; clipboard-write\"><\/iframe><\/p>\n<p>&nbsp;<\/p>\n<p><iframe loading=\"lazy\" title=\"Ledarskap 2\" src=\"https:\/\/player.vimeo.com\/video\/7329392?dnt=1&amp;app_id=122963\" width=\"500\" height=\"375\" frameborder=\"0\" allow=\"autoplay; fullscreen; picture-in-picture; clipboard-write\"><\/iframe><\/p>\n<p>&nbsp;<\/p>\n<p><iframe loading=\"lazy\" title=\"Ledarskap 3\" src=\"https:\/\/player.vimeo.com\/video\/7329466?dnt=1&amp;app_id=122963\" width=\"500\" height=\"375\" frameborder=\"0\" allow=\"autoplay; fullscreen; picture-in-picture; clipboard-write\"><\/iframe><\/p>\n<p>&nbsp;<\/p>\n<p><iframe loading=\"lazy\" title=\"Ledarskap 4\" src=\"https:\/\/player.vimeo.com\/video\/7329601?dnt=1&amp;app_id=122963\" width=\"500\" height=\"375\" frameborder=\"0\" allow=\"autoplay; fullscreen; picture-in-picture; clipboard-write\"><\/iframe><\/p>\n<p>:::::::::::::::::::::::<\/p>\n<h2>Uppgift 4: Reflektion kring ledarskap och gruppdynamik<\/h2>\n<p><strong>Inl\u00e4mning:<\/strong> 19 november <a href=\"https:\/\/samhallsentreprenor.glokala.net\/2018-2019\/grupper\/upg-4-reflektion-ledarskap-grupp\/\" target=\"_blank\" rel=\"noopener\">i forum f\u00f6r uppgiften.<\/a><\/p>\n<p><strong>Uppgift:<\/strong> Dela en reflektion i relation till Fredriks f\u00f6rel\u00e4sning om ledarskap (v 45) och materialet om gruppdynamik (v 46).<br \/>\nHur ser ledarskapet ut i de sammanhang du finns och arbetar i?<br \/>\nVilka \u00e4r dina erfarenheter av samspel i grupper\/teams (positiva eller negativa)? Det kan vara i ett nuvarande sammanhang eller tidigare erfarenheter (i projekt, jobb, skola, frivilliguppdrag eller andra situationer).<\/p>\n<p><strong>Omfattning och inl\u00e4mning:<\/strong> Skriv ca 1 A4-sida eller spela in ljud\/video, ca 5 min.<br \/>\n\u2013 L\u00e4gg till ett nytt \u00e4mne i uppgiftens forum: <a href=\"https:\/\/samhallsentreprenor.glokala.net\/2018-2019\/grupper\/upg-4-reflektion-ledarskap-grupp\/\" target=\"_blank\" rel=\"noopener\">https:\/\/samhallsentreprenor.glokala.net\/2018-2019\/grupper\/upg-4-reflektion-ledarskap-grupp\/<\/a><br \/>\n\u2013 Skriv en titel som inneh\u00e5ller ditt namn Ex: August \u2013 Reflektion<br \/>\n\u2013 L\u00e4mnar du in p\u00e5 annat s\u00e4tt \u00e4n genom text vill vi att du ocks\u00e5 kort beskriver hur man tar del av din presentation, i inl\u00e4gget eller med en bifogad fil.<br \/>\nKontakta August om du har n\u00e5gon fr\u00e5ga om hur du kan g\u00e5 tillv\u00e4ga f\u00f6r att l\u00e4mna in!<br \/>\nInl\u00e4mningsforumet \u00e4r \u00f6ppet f\u00f6r alla deltagare, men st\u00e4ngt f\u00f6r andra bes\u00f6kare.<\/p>\n<p><strong>Respons\/kommentarer:<\/strong> En indelning i grupper f\u00f6r kommentarer till varandra presenteras tisdag f\u00f6rmiddag 20 november.<br \/>\nTid f\u00f6r kommentarer 20 nov &#8211; 2 dec.<\/p>\n","protected":false},"excerpt":{"rendered":"<p>Den h\u00e4r veckan fokuserar p\u00e5 ledarskap, med perspektiv fr\u00e5n Fredrik i en videof\u00f6rel\u00e4sning. Samtidigt presenterar vi n\u00e4sta uppgift i kursen som knyter till an till den h\u00e4r och n\u00e4sta veckas tema: Uppgift 4 Reflektion kring ledarskap och gruppdynamik. Inl\u00e4mning 19 november. Ledarskap!? Videof\u00f6rel\u00e4sning med tillh\u00f6rande presentation, ladda ner antingen som PowerPoint eller pdf-fil: Presentation ledarskap [&hellip;]<\/p>\n","protected":false},"author":1,"featured_media":0,"parent":557,"menu_order":0,"comment_status":"open","ping_status":"closed","template":"","meta":{"_bbp_topic_count":0,"_bbp_reply_count":0,"_bbp_total_topic_count":0,"_bbp_total_reply_count":0,"_bbp_voice_count":0,"_bbp_anonymous_reply_count":0,"_bbp_topic_count_hidden":0,"_bbp_reply_count_hidden":0,"_bbp_forum_subforum_count":0,"footnotes":""},"class_list":["post-598","page","type-page","status-publish","hentry"],"_links":{"self":[{"href":"https:\/\/samhallsentreprenor.glokala.net\/2018-2019\/wp-json\/wp\/v2\/pages\/598","targetHints":{"allow":["GET"]}}],"collection":[{"href":"https:\/\/samhallsentreprenor.glokala.net\/2018-2019\/wp-json\/wp\/v2\/pages"}],"about":[{"href":"https:\/\/samhallsentreprenor.glokala.net\/2018-2019\/wp-json\/wp\/v2\/types\/page"}],"author":[{"embeddable":true,"href":"https:\/\/samhallsentreprenor.glokala.net\/2018-2019\/wp-json\/wp\/v2\/users\/1"}],"replies":[{"embeddable":true,"href":"https:\/\/samhallsentreprenor.glokala.net\/2018-2019\/wp-json\/wp\/v2\/comments?post=598"}],"version-history":[{"count":4,"href":"https:\/\/samhallsentreprenor.glokala.net\/2018-2019\/wp-json\/wp\/v2\/pages\/598\/revisions"}],"predecessor-version":[{"id":1641,"href":"https:\/\/samhallsentreprenor.glokala.net\/2018-2019\/wp-json\/wp\/v2\/pages\/598\/revisions\/1641"}],"up":[{"embeddable":true,"href":"https:\/\/samhallsentreprenor.glokala.net\/2018-2019\/wp-json\/wp\/v2\/pages\/557"}],"wp:attachment":[{"href":"https:\/\/samhallsentreprenor.glokala.net\/2018-2019\/wp-json\/wp\/v2\/media?parent=598"}],"curies":[{"name":"wp","href":"https:\/\/api.w.org\/{rel}","templated":true}]}}