{"id":647,"date":"2018-11-19T08:06:28","date_gmt":"2018-11-19T07:06:28","guid":{"rendered":"https:\/\/samhallsentreprenor.glokala.net\/2018-2019\/?page_id=647"},"modified":"2018-11-18T23:37:23","modified_gmt":"2018-11-18T22:37:23","slug":"v-47-orgteori","status":"publish","type":"page","link":"https:\/\/samhallsentreprenor.glokala.net\/2018-2019\/modul-2\/v-47-orgteori\/","title":{"rendered":"v 47 Organisationsteori &#038; l\u00e4rande i organisationer"},"content":{"rendered":"<h3><a href=\"https:\/\/samhallsentreprenor.glokala.net\/2018-2019\/modul-2\/uppgift-5-exempel-pa-organisering\/\">Uppgift 5: Exempel p\u00e5 organisering<\/a><\/h3>\n<p>Unders\u00f6k ett projekt eller en verksamhet som du finner intressant. Hur har man organiserat sin verksamhet och varf\u00f6r? Att intervjua en eller flera personer fr\u00e5n det projekt\/verksamhet som du v\u00e4ljer att titta p\u00e5 \u00e4r ett bra s\u00e4tt att f\u00e5 underlag.<\/p>\n<p><strong>L\u00e4s hela <a href=\"https:\/\/samhallsentreprenor.glokala.net\/2018-2019\/modul-2\/uppgift-5-exempel-pa-organisering\/\">beskrivningen f\u00f6r uppgiften \u2192<\/a><\/strong><a href=\"http:\/\/samhallsentreprenor.glokala.net\/2016-2017\/planering-oversikt-for-modul-2\/beskrivning-av-uppgift-7\/\" target=\"_blank\" rel=\"noopener\"><br \/>\n<\/a><strong>Inl\u00e4mning:<\/strong> 21 januari.<\/p>\n<p>:::::::::::::::::::::::::::::::::::::::::::::::::::::::::::::::<\/p>\n<p><em>Denna vecka fokuserar p\u00e5 temat organisationsteori och l\u00e4rande i organisationer. Vi tar del av Fredriks f\u00f6rel\u00e4sningar och h\u00e4mtar \u00e4ven inspiration fr\u00e5n Pete Senge som pratar om systemt\u00e4nkande och kollektiv intelligens\/l\u00e4rande.<\/em><\/p>\n<h3>Organisationsteori<\/h3>\n<p>H\u00e4r hittar du Fredriks presentation om organisationsteori med tillh\u00f6rande videopresentationer:<br \/>\n<a href=\"https:\/\/samhallsentreprenor.glokala.net\/2018-2019\/wp-content\/uploads\/2018\/11\/SHE_OL108A_org-teori.pptx\" target=\"_blank\" rel=\"noopener\">Organisationsteori (powerpoint-fil)<\/a><br \/>\n<a href=\"https:\/\/samhallsentreprenor.glokala.net\/2018-2019\/wp-content\/uploads\/2018\/11\/SHE_OL108A_org-teori.pdf\" target=\"_blank\" rel=\"noopener\">Organisationsteori (pdf)<\/a><\/p>\n<p>Presentation av slide 1-10:<\/p>\n<p>https:\/\/vimeo.com\/32072706<\/p>\n<p>Presentation av slide 11-16:<\/p>\n<p>https:\/\/vimeo.com\/32073537<\/p>\n<h3>L\u00e4rande i organisationer<\/h3>\n<p>H\u00e4r hittar du Fredriks presentation kring l\u00e4rande i organisationer\u00a0med tillh\u00f6rande videopresentationer:<br \/>\n<a href=\"https:\/\/samhallsentreprenor.glokala.net\/2018-2019\/wp-content\/uploads\/2018\/11\/SHE_OL108A_l\u00e4rande.pptx\" target=\"_blank\" rel=\"noopener\">L\u00e4rande (powerpoint-fil)<\/a><br \/>\n<a href=\"https:\/\/samhallsentreprenor.glokala.net\/2018-2019\/wp-content\/uploads\/2018\/11\/SHE_OL108A_l\u00e4rande.pdf\" target=\"_blank\" rel=\"noopener\">L\u00e4rande (pdf)<\/a><\/p>\n<p>Presentation av slide 1-6:<\/p>\n<p>https:\/\/vimeo.com\/53846505<\/p>\n<p>Presentation av slide 7-11:<\/p>\n<p>https:\/\/vimeo.com\/32075372<\/p>\n<p>Presentation av slide 12-13:<\/p>\n<p>https:\/\/vimeo.com\/32077168<\/p>\n<h3>F\u00f6rdjupning &#8211; inspiration: Systemt\u00e4nkande och kollektiv intelligens\/l\u00e4rande<\/h3>\n<p>Lyssna till\u00a0Pete Senge som pratar om systemt\u00e4nkande och kollektiv intelligens\/l\u00e4rande.<\/p>\n<p>https:\/\/www.youtube.com\/watch?v=HOPfVVMCwYg<\/p>\n","protected":false},"excerpt":{"rendered":"<p>Uppgift 5: Exempel p\u00e5 organisering Unders\u00f6k ett projekt eller en verksamhet som du finner intressant. Hur har man organiserat sin verksamhet och varf\u00f6r? Att intervjua en eller flera personer fr\u00e5n det projekt\/verksamhet som du v\u00e4ljer att titta p\u00e5 \u00e4r ett bra s\u00e4tt att f\u00e5 underlag. L\u00e4s hela beskrivningen f\u00f6r uppgiften \u2192 Inl\u00e4mning: 21 januari. ::::::::::::::::::::::::::::::::::::::::::::::::::::::::::::::: [&hellip;]<\/p>\n","protected":false},"author":1,"featured_media":0,"parent":557,"menu_order":0,"comment_status":"open","ping_status":"closed","template":"","meta":{"_bbp_topic_count":0,"_bbp_reply_count":0,"_bbp_total_topic_count":0,"_bbp_total_reply_count":0,"_bbp_voice_count":0,"_bbp_anonymous_reply_count":0,"_bbp_topic_count_hidden":0,"_bbp_reply_count_hidden":0,"_bbp_forum_subforum_count":0,"footnotes":""},"class_list":["post-647","page","type-page","status-publish","hentry"],"_links":{"self":[{"href":"https:\/\/samhallsentreprenor.glokala.net\/2018-2019\/wp-json\/wp\/v2\/pages\/647","targetHints":{"allow":["GET"]}}],"collection":[{"href":"https:\/\/samhallsentreprenor.glokala.net\/2018-2019\/wp-json\/wp\/v2\/pages"}],"about":[{"href":"https:\/\/samhallsentreprenor.glokala.net\/2018-2019\/wp-json\/wp\/v2\/types\/page"}],"author":[{"embeddable":true,"href":"https:\/\/samhallsentreprenor.glokala.net\/2018-2019\/wp-json\/wp\/v2\/users\/1"}],"replies":[{"embeddable":true,"href":"https:\/\/samhallsentreprenor.glokala.net\/2018-2019\/wp-json\/wp\/v2\/comments?post=647"}],"version-history":[{"count":5,"href":"https:\/\/samhallsentreprenor.glokala.net\/2018-2019\/wp-json\/wp\/v2\/pages\/647\/revisions"}],"predecessor-version":[{"id":670,"href":"https:\/\/samhallsentreprenor.glokala.net\/2018-2019\/wp-json\/wp\/v2\/pages\/647\/revisions\/670"}],"up":[{"embeddable":true,"href":"https:\/\/samhallsentreprenor.glokala.net\/2018-2019\/wp-json\/wp\/v2\/pages\/557"}],"wp:attachment":[{"href":"https:\/\/samhallsentreprenor.glokala.net\/2018-2019\/wp-json\/wp\/v2\/media?parent=647"}],"curies":[{"name":"wp","href":"https:\/\/api.w.org\/{rel}","templated":true}]}}