{"id":718,"date":"2018-11-26T08:56:26","date_gmt":"2018-11-26T07:56:26","guid":{"rendered":"https:\/\/samhallsentreprenor.glokala.net\/2018-2019\/?page_id=718"},"modified":"2018-11-26T08:56:26","modified_gmt":"2018-11-26T07:56:26","slug":"v-48-organisering-exempel","status":"publish","type":"page","link":"https:\/\/samhallsentreprenor.glokala.net\/2018-2019\/modul-2\/v-48-organisering-exempel\/","title":{"rendered":"v 48 Organisering &#8211; exempel inom samh\u00e4llsentrepren\u00f6rskap"},"content":{"rendered":"<p>I veckans tema m\u00f6ter vi exempel p\u00e5 verksamheter &amp; initiativ.<br \/>\n\u2192 Ta del av dokument\u00e4ren om kooperativet Macken och de tv\u00e5 videopresentationerna (Better Blocks &amp; Cycling without age).<br \/>\n\u2192 Fr\u00e5gor f\u00f6r reflektion: Vilka l\u00e4rdomar g\u00e5r det att dra av hur de h\u00e4r olika verksamheterna har startats och hur de organiseras? Vilka intryck tar du fasta p\u00e5 n\u00e4r du ser videomaterialet?<\/p>\n<h2>Krokiga v\u00e4gen till Lyckliga gatan (dokument\u00e4r om Macken)<\/h2>\n<p><a href=\"http:\/\/www.macken.coop\/\" target=\"_blank\" rel=\"noopener\">Kooperativet Macken<\/a> i V\u00e4xj\u00f6 har utvecklats som socialt f\u00f6retag sedan 2004, med inriktning p\u00e5 \u00e5terbruk och integration.<\/p>\n<blockquote><p>&#8221;Macken tar vara p\u00e5 resurser som m\u00e4nniskor inte l\u00e4ngre vill ha eller samh\u00e4llet inte riktigt beh\u00f6ver. Vi \u00e4r ett kooperativ, \u00e4gt av medarbetarna. Genom v\u00e5ra utbildningar och produkter visar vi att man kan kombinera h\u00e5llbarhet och integration med design och entrepren\u00f6rskap. M\u00e5nga s\u00e4ger att f\u00f6retag ska g\u00f6ras renodlade, bli bra p\u00e5 en sak, p\u00e5 sin sak. Vi har inte s\u00e5dana gr\u00e4nser. Vi \u00e4r Macken.&#8221; (<em>Fr\u00e5n hemsidan <a href=\"http:\/\/www.macken.coop\/\" target=\"_blank\" rel=\"noopener\">macken.coop<\/a><\/em>)<\/p><\/blockquote>\n<p>Se Tom Alandhs dokument\u00e4r (60 min) som f\u00f6ljer n\u00e5gra av medarbetarna, <a href=\"https:\/\/www.svtplay.se\/video\/8566804\/krokiga-vagen-till-lyckliga-gatan\" target=\"_blank\" rel=\"noopener\">SVT Play: <strong>Krokiga v\u00e4gen till Lyckliga gatan<\/strong><\/a><\/p>\n<p><a href=\"https:\/\/www.svtplay.se\/video\/8566804\/krokiga-vagen-till-lyckliga-gatan\" target=\"_blank\" rel=\"noopener\"><img loading=\"lazy\" decoding=\"async\" class=\"alignnone size-large wp-image-720\" src=\"https:\/\/samhallsentreprenor.glokala.net\/2018-2019\/wp-content\/uploads\/2018\/11\/krokiga-vagen-doku-1024x463.png\" alt=\"\" width=\"1024\" height=\"463\" srcset=\"https:\/\/samhallsentreprenor.glokala.net\/2018-2019\/wp-content\/uploads\/2018\/11\/krokiga-vagen-doku-1024x463.png 1024w, https:\/\/samhallsentreprenor.glokala.net\/2018-2019\/wp-content\/uploads\/2018\/11\/krokiga-vagen-doku-500x226.png 500w, https:\/\/samhallsentreprenor.glokala.net\/2018-2019\/wp-content\/uploads\/2018\/11\/krokiga-vagen-doku-768x347.png 768w, https:\/\/samhallsentreprenor.glokala.net\/2018-2019\/wp-content\/uploads\/2018\/11\/krokiga-vagen-doku-624x282.png 624w, https:\/\/samhallsentreprenor.glokala.net\/2018-2019\/wp-content\/uploads\/2018\/11\/krokiga-vagen-doku.png 1733w\" sizes=\"auto, (max-width: 1024px) 100vw, 1024px\" \/><\/a><\/p>\n<h2>Better Block &#8211; Jason Roberts<\/h2>\n<blockquote><p><strong>\u201dYou don\u2019t have to have everything worked out\u201d<\/strong>, s\u00e4ger Jason Robert, grundare av projektet <a href=\"http:\/\/teambetterblock.com\/\" target=\"_blank\" rel=\"noopener\">Team Better Block<\/a>. \u201cFirst and foremost: Show up! The thing is \u2013 nobody shows up, you learn that really fast. It\u2019s just the same people. So if you keep showing up, your idea is probaly going to work!\u201d<\/p><\/blockquote>\n<p>Jason Roberts b\u00f6rjade g\u00f6ra projekt p\u00e5 egen hand och tillsammans med v\u00e4nner, med kort startstr\u00e4cka, och har f\u00e5tt se flera stora id\u00e9er ta form. Kanske \u00e4r det ibland enklast att helt enkelt bara b\u00f6rja g\u00f6ra? <a href=\"https:\/\/www.youtube.com\/watch?v=ntwqVDzdqAU\" target=\"_blank\" rel=\"noopener\">Video 18 min<\/a>:<\/p>\n<p><iframe loading=\"lazy\" title=\"How to build a better block: Jason Roberts at TEDxOU\" width=\"500\" height=\"281\" src=\"https:\/\/www.youtube.com\/embed\/ntwqVDzdqAU?feature=oembed\" frameborder=\"0\" allow=\"accelerometer; autoplay; clipboard-write; encrypted-media; gyroscope; picture-in-picture; web-share\" referrerpolicy=\"strict-origin-when-cross-origin\" allowfullscreen><\/iframe><\/p>\n<h2>Cycling Without Age &#8211; &#8221;Changing the system, one ride at a time&#8221;<\/h2>\n<p>Drivande personer bakom det danska initiativet <a href=\"https:\/\/cyclingwithoutage.org\/\" target=\"_blank\" rel=\"noopener\">\u201ccykling utan \u00e5lder\u201d<\/a> ber\u00e4ttar om sin verksamhet \u2013 om hur den uppstod, hur de jobbar och vad de g\u00f6r. Det hela b\u00f6rjade som ett samarbete mellan en anst\u00e4lld p\u00e5 ett \u00e5lderdomshem och en cykelintresserad granne med en cykelriksha (en form av cykeltaxi). Deras verksamhetskoncept har nu spridit sig till m\u00e5nga olika platser. Lyssna till Dorthe Pedersen och Ole Kassow, <a href=\"https:\/\/www.youtube.com\/watch?v=ixIXyN4ZrU4\" target=\"_blank\" rel=\"noopener\">video 20 min<\/a>:<\/p>\n<p><iframe loading=\"lazy\" title=\"CYKLING UTAN \u00c5LDER \u2013 R\u00d6RELSEN SOM RULLAR UT \u00d6VER V\u00c4RLDEN\" width=\"500\" height=\"281\" src=\"https:\/\/www.youtube.com\/embed\/ixIXyN4ZrU4?feature=oembed\" frameborder=\"0\" allow=\"accelerometer; autoplay; clipboard-write; encrypted-media; gyroscope; picture-in-picture; web-share\" referrerpolicy=\"strict-origin-when-cross-origin\" allowfullscreen><\/iframe><\/p>\n<p>:::::::::::::::::::::::::::<\/p>\n<h2>M\u00f6jlighet: <a href=\"https:\/\/samhallsentreprenor.glokala.net\/2018-2019\/grupper\/cafeet-kursforum\/forum\/topic\/tider-for-samtal-projektutveckling\/\" target=\"_blank\" rel=\"noopener\">Tider f\u00f6r samtal \u2013 projektutveckling<\/a><\/h2>\n<p>Funderar du p\u00e5 n\u00e4sta steg i din id\u00e9utveckling eller hur ditt initiativ kan organiseras?<br \/>\nAugust finns tillg\u00e4nglig f\u00f6r samtal om projekt och id\u00e9er, per telefon\/digitalt eller p\u00e5 plats i Malm\u00f6 f\u00f6r er som bor i n\u00e4rheten. <a href=\"https:\/\/samhallsentreprenor.glokala.net\/2018-2019\/grupper\/cafeet-kursforum\/forum\/topic\/tider-for-samtal-projektutveckling\/\" target=\"_blank\" rel=\"noopener\">L\u00e4s mer och se tider h\u00e4r \u2192<\/a><br \/>\nPassar ingen av tiderna hittar vi s\u00e5klart en annan tid som passar, h\u00f6r av dig!<\/p>\n<p>Samtalet kan vara en m\u00f6jlighet f\u00f6r dig att reflektera kring var du befinner dig just nu och vilka n\u00e4sta steg du planerar i de projekt\/initiativ som du utvecklar.<\/p>\n<p>:::::::::::::::::::::::::::<\/p>\n<h2>F\u00f6rdjupning: Olika organisationsformer<\/h2>\n<p>I Ashokas metodguide <strong><a href=\"https:\/\/drive.google.com\/file\/d\/0Bz9BvMpwLPLHV21DcGJPRnNJbVU\/view\" target=\"_blank\" rel=\"noopener\">\u201dDet har aldrig varit l\u00e4ttare att f\u00f6r\u00e4ndra v\u00e4rlden\u201d<\/a><\/strong> (s. 84-87) hittar du en sammanfattning av olika juridiska organisationsformer i Sverige, och st\u00f6d f\u00f6r att fundera p\u00e5 om n\u00e5gon av dessa former passar ditt initiativ.<\/p>\n<blockquote><p>Kommentarer (fr\u00e5n August) till metodguidens sammanst\u00e4llning:<br \/>\n&#8211; En kommentar till texten i metodguiden \u00e4r att det g\u00e5r utm\u00e4rkt att ha anst\u00e4llda i en ideell f\u00f6rening.<br \/>\n&#8211; Informell organisering n\u00e4mns inte men kan vara anv\u00e4ndbart: I en del fall passar det kanske b\u00e4ttre att organisera initiativ som ett n\u00e4tverk utan en formell organisation.<\/p><\/blockquote>\n","protected":false},"excerpt":{"rendered":"<p>I veckans tema m\u00f6ter vi exempel p\u00e5 verksamheter &amp; initiativ. \u2192 Ta del av dokument\u00e4ren om kooperativet Macken och de tv\u00e5 videopresentationerna (Better Blocks &amp; Cycling without age). \u2192 Fr\u00e5gor f\u00f6r reflektion: Vilka l\u00e4rdomar g\u00e5r det att dra av hur de h\u00e4r olika verksamheterna har startats och hur de organiseras? Vilka intryck tar du fasta [&hellip;]<\/p>\n","protected":false},"author":1,"featured_media":0,"parent":557,"menu_order":0,"comment_status":"open","ping_status":"closed","template":"","meta":{"_bbp_topic_count":0,"_bbp_reply_count":0,"_bbp_total_topic_count":0,"_bbp_total_reply_count":0,"_bbp_voice_count":0,"_bbp_anonymous_reply_count":0,"_bbp_topic_count_hidden":0,"_bbp_reply_count_hidden":0,"_bbp_forum_subforum_count":0,"footnotes":""},"class_list":["post-718","page","type-page","status-publish","hentry"],"_links":{"self":[{"href":"https:\/\/samhallsentreprenor.glokala.net\/2018-2019\/wp-json\/wp\/v2\/pages\/718","targetHints":{"allow":["GET"]}}],"collection":[{"href":"https:\/\/samhallsentreprenor.glokala.net\/2018-2019\/wp-json\/wp\/v2\/pages"}],"about":[{"href":"https:\/\/samhallsentreprenor.glokala.net\/2018-2019\/wp-json\/wp\/v2\/types\/page"}],"author":[{"embeddable":true,"href":"https:\/\/samhallsentreprenor.glokala.net\/2018-2019\/wp-json\/wp\/v2\/users\/1"}],"replies":[{"embeddable":true,"href":"https:\/\/samhallsentreprenor.glokala.net\/2018-2019\/wp-json\/wp\/v2\/comments?post=718"}],"version-history":[{"count":5,"href":"https:\/\/samhallsentreprenor.glokala.net\/2018-2019\/wp-json\/wp\/v2\/pages\/718\/revisions"}],"predecessor-version":[{"id":1645,"href":"https:\/\/samhallsentreprenor.glokala.net\/2018-2019\/wp-json\/wp\/v2\/pages\/718\/revisions\/1645"}],"up":[{"embeddable":true,"href":"https:\/\/samhallsentreprenor.glokala.net\/2018-2019\/wp-json\/wp\/v2\/pages\/557"}],"wp:attachment":[{"href":"https:\/\/samhallsentreprenor.glokala.net\/2018-2019\/wp-json\/wp\/v2\/media?parent=718"}],"curies":[{"name":"wp","href":"https:\/\/api.w.org\/{rel}","templated":true}]}}