{"id":765,"date":"2018-12-05T10:59:47","date_gmt":"2018-12-05T09:59:47","guid":{"rendered":"https:\/\/samhallsentreprenor.glokala.net\/2018-2019\/?page_id=765"},"modified":"2018-12-10T10:15:45","modified_gmt":"2018-12-10T09:15:45","slug":"v-49-ledarskap-som-samhallsentreprenor","status":"publish","type":"page","link":"https:\/\/samhallsentreprenor.glokala.net\/2018-2019\/modul-2\/v-49-ledarskap-som-samhallsentreprenor\/","title":{"rendered":"v 49 Ledarskap som samh\u00e4llsentrepren\u00f6r"},"content":{"rendered":"<p><strong>Utv\u00e4rdering h\u00f6stterminen<\/strong><br \/>\nEn kort avst\u00e4mning n\u00e4r vi n\u00e4rmar oss halvtid i kursen &#8211; svara senast 12 december via: <a href=\"https:\/\/goo.gl\/forms\/PAPAkQ86fdC2EJhv2\">https:\/\/goo.gl\/forms\/PAPAkQ86fdC2EJhv2<\/a><br \/>\nTack!<\/p>\n<p>::::::::::::::::::::::::<\/p>\n<p><strong><a href=\"https:\/\/vimeo.com\/304532474\/0c0a6799f2\" target=\"_blank\" rel=\"noopener\">Video<\/a> <\/strong>med tillh\u00f6rande presentation: <strong><a href=\"https:\/\/samhallsentreprenor.glokala.net\/2018-2019\/wp-content\/uploads\/2018\/12\/Ledarskap_she.pdf\" target=\"_blank\" rel=\"noopener\">Ledarskap inom samh\u00e4llsentrepren\u00f6rskap (pdf)<\/a><\/strong><\/p>\n<p><iframe loading=\"lazy\" src=\"https:\/\/player.vimeo.com\/video\/304532474?byline=0&amp;portrait=0\" width=\"640\" height=\"360\" frameborder=\"0\" allowfullscreen=\"allowfullscreen\"><\/iframe><\/p>\n<p><em>Material\/l\u00e4nkar fr\u00e5n f\u00f6rel\u00e4sningen:<\/em><\/p>\n<p><a href=\"http:\/\/vimeo.com\/32751462\" target=\"_blank\" rel=\"noopener\"><strong>R\u00f6ster \u2013 video: <\/strong><\/a><strong>Vilken typ av ledarskap \u00e4r viktigt f\u00f6r en samh\u00e4llsentrepren\u00f6r?<br \/>\n<\/strong>Vi st\u00e4llde fr\u00e5gan till:<br \/>\n\u2013 Peter Bjerg, bl a tidigare initiativtagare till <a href=\"http:\/\/www.kph-projects.dk\/\" target=\"_blank\" rel=\"noopener\">KPH Projects<\/a>, ett projekthus i K\u00f6penhamn<br \/>\n\u2013 Magdalena Musiala, processledare med bakgrund i bland annat Entrepreneurs Sans Fronti\u00e8res i Paris<\/p>\n<p><strong>Ljudinslag kring n\u00e4tverkande:<\/strong> <a href=\"http:\/\/www.ltu.se\/cmsarkiv\/media\/projekt\/ljudbok\/05_Mats_Westerberg.mp3\" target=\"_blank\" rel=\"noopener\">\u201dEn entrepren\u00f6r \u00e4r ingen \u00f6\u201d \u2013 klicka h\u00e4r (mp3)<\/a><br \/>\nInspelning kring n\u00e4tverkande med Mats Westerberg, forskare i entrepren\u00f6rskap vid Lule\u00e5 tekniska universitet.<\/p>\n<p><strong>Video, Simon Sinek:<\/strong> <a href=\"https:\/\/www.ted.com\/talks\/simon_sinek_how_great_leaders_inspire_action?language=sv\" target=\"_blank\" rel=\"noopener\">\u201dHow great leaders inspire action\u201d<\/a><\/p>\n<p><strong>Att l\u00e4sa: <\/strong><a href=\"http:\/\/www.perspectus.se\/tj\/publikationer\/Fanzingo.pdf\" target=\"_blank\" rel=\"noopener\">Fanzingo \u2013 Entrepren\u00f6r i samh\u00e4llsf\u00f6r\u00e4ndringsarbete: Fr\u00e5n krigare till barnmorska (pdf)<\/a><em> (Anneline Sander &amp; Thomas Jordan)\u00a0<\/em><strong>Om reflekterande praktik,<\/strong> kapitel 6, s 70-75.\u00a0(introduktion till mediehuset <a href=\"http:\/\/fanzingo.se\/\" target=\"_blank\" rel=\"noopener\">Fanzingo<\/a> ges i kapitel 1.3 \u201dFanzingo som samh\u00e4llsentrepren\u00f6r\u201d, s 3.)<\/p>\n<p><strong>Artikel:<\/strong> <a href=\"http:\/\/socialinnovationskane.se\/100-sociala-innovationer-\/mollans-basement\/\" target=\"_blank\" rel=\"noopener\">M\u00f6llans Basement<\/a><\/p>\n<p><strong>Video:<\/strong> <a href=\"https:\/\/www.youtube.com\/watch?v=fW8amMCVAJQ\" target=\"_blank\" rel=\"noopener\">\u201dFirst Follower: Leadership Lessons from Dancing Guy\u201d<\/a><br \/>\n<iframe loading=\"lazy\" src=\"https:\/\/www.youtube.com\/embed\/fW8amMCVAJQ\" width=\"560\" height=\"315\" frameborder=\"0\" allowfullscreen=\"allowfullscreen\"><\/iframe><\/p>\n<p><strong>Kommentarer till veckans material eller fr\u00e5gor?<\/strong> Kommentera g\u00e4rna h\u00e4r p\u00e5 sidan eller maila!<\/p>\n<p>::::::::::::::::::::::::<\/p>\n<h2>F\u00f6rdjupning<\/h2>\n<p><strong>Artikel:<\/strong> <a href=\"https:\/\/ssir.org\/articles\/entry\/tackling_heropreneurship\" target=\"_blank\" rel=\"noopener\">&#8221;Tackling Heropreneurship&#8221;<\/a> (Daniela Papi-Thornton)<\/p>\n<p><a href=\"https:\/\/samhallsentreprenor.glokala.net\/2018-2019\/wp-content\/uploads\/2018\/12\/tackling-heropreneurship-hero.jpeg\"><img loading=\"lazy\" decoding=\"async\" class=\"size-medium wp-image-767 alignnone\" src=\"https:\/\/samhallsentreprenor.glokala.net\/2018-2019\/wp-content\/uploads\/2018\/12\/tackling-heropreneurship-hero-500x400.jpeg\" alt=\"\" width=\"500\" height=\"400\" srcset=\"https:\/\/samhallsentreprenor.glokala.net\/2018-2019\/wp-content\/uploads\/2018\/12\/tackling-heropreneurship-hero-500x400.jpeg 500w, https:\/\/samhallsentreprenor.glokala.net\/2018-2019\/wp-content\/uploads\/2018\/12\/tackling-heropreneurship-hero-768x615.jpeg 768w, https:\/\/samhallsentreprenor.glokala.net\/2018-2019\/wp-content\/uploads\/2018\/12\/tackling-heropreneurship-hero-1024x820.jpeg 1024w, https:\/\/samhallsentreprenor.glokala.net\/2018-2019\/wp-content\/uploads\/2018\/12\/tackling-heropreneurship-hero-624x500.jpeg 624w, https:\/\/samhallsentreprenor.glokala.net\/2018-2019\/wp-content\/uploads\/2018\/12\/tackling-heropreneurship-hero.jpeg 1200w\" sizes=\"auto, (max-width: 500px) 100vw, 500px\" \/><\/a><\/p>\n<p><strong>L\u00e4stips \u2013 b\u00f6cker:<\/strong><\/p>\n<ul>\n<li>Leopold, Christer, <a href=\"http:\/\/www.voluntarius.com\/Boktips.htm\" target=\"_blank\" rel=\"noopener\"><em>Professionell ideell: om att verka med ideell logik<\/em><\/a>. Stockholm: Sober, 2006<\/li>\n<li>Elmqvist, Cecilia, <em><a href=\"http:\/\/idealistas.se\/bocker\/andamalsparagrafen\/\" target=\"_blank\" rel=\"noopener\">\u00c4ndam\u00e5lsparagrafen: ledarskap i folkr\u00f6relser<\/a>.<\/em> Stockholm:\u00a0Idealistas f\u00f6rlag, 2013<\/li>\n<li>Moraeus, Lisa, <em><a href=\"http:\/\/www.lisamoraeus.se\/brinna\/\" target=\"_blank\" rel=\"noopener\">Brinna!: att g\u00f6ra skillnad som ledare i en ideell organisation<\/a>.<\/em> Stockholm: Room for us, 2012<\/li>\n<li>Iwarsson, Anna,<a href=\"http:\/\/idealistas.se\/bocker\/ram-och-kram\/\" target=\"_blank\" rel=\"noopener\"><em> Ram och Kram: ledarskapets betydelse f\u00f6r organisationskulturen<\/em><\/a>. Stockholm: Idealistas f\u00f6rlag, 2015<\/li>\n<li>Praszkier, Ryszard, <em><a href=\"http:\/\/libris.kb.se\/bib\/22546748\" target=\"_blank\" rel=\"noopener\">Empowering leadership of tomorrow<\/a><\/em>. Cambridge: Cambridge University Press, 2018<\/li>\n<\/ul>\n<p><strong>L\u00e4stips:<\/strong> <a href=\"http:\/\/www.alfabeta.se\/gor-nagot.html\" target=\"_blank\" rel=\"noopener\">G\u00f6r n\u00e5got!<\/a> (Anna H\u00e4ggblom-St\u00e5lhammar, Alfabeta 2011). Tips \u00e4r ex intervjun med Bj\u00f6rn S\u00f6derberg, s 11-20.<br \/>\n<a href=\"http:\/\/www.alfabeta.se\/nedladdning\/gor-nagot-enkelsidigt.pdf\" target=\"_blank\" rel=\"noopener\">Direktl\u00e4nk till pdf.<\/a><\/p>\n","protected":false},"excerpt":{"rendered":"<p>Utv\u00e4rdering h\u00f6stterminen En kort avst\u00e4mning n\u00e4r vi n\u00e4rmar oss halvtid i kursen &#8211; svara senast 12 december via: https:\/\/goo.gl\/forms\/PAPAkQ86fdC2EJhv2 Tack! :::::::::::::::::::::::: Video med tillh\u00f6rande presentation: Ledarskap inom samh\u00e4llsentrepren\u00f6rskap (pdf) Material\/l\u00e4nkar fr\u00e5n f\u00f6rel\u00e4sningen: R\u00f6ster \u2013 video: Vilken typ av ledarskap \u00e4r viktigt f\u00f6r en samh\u00e4llsentrepren\u00f6r? Vi st\u00e4llde fr\u00e5gan till: \u2013 Peter Bjerg, bl a tidigare initiativtagare [&hellip;]<\/p>\n","protected":false},"author":1,"featured_media":0,"parent":557,"menu_order":0,"comment_status":"open","ping_status":"closed","template":"","meta":{"_bbp_topic_count":0,"_bbp_reply_count":0,"_bbp_total_topic_count":0,"_bbp_total_reply_count":0,"_bbp_voice_count":0,"_bbp_anonymous_reply_count":0,"_bbp_topic_count_hidden":0,"_bbp_reply_count_hidden":0,"_bbp_forum_subforum_count":0,"footnotes":""},"class_list":["post-765","page","type-page","status-publish","hentry"],"_links":{"self":[{"href":"https:\/\/samhallsentreprenor.glokala.net\/2018-2019\/wp-json\/wp\/v2\/pages\/765","targetHints":{"allow":["GET"]}}],"collection":[{"href":"https:\/\/samhallsentreprenor.glokala.net\/2018-2019\/wp-json\/wp\/v2\/pages"}],"about":[{"href":"https:\/\/samhallsentreprenor.glokala.net\/2018-2019\/wp-json\/wp\/v2\/types\/page"}],"author":[{"embeddable":true,"href":"https:\/\/samhallsentreprenor.glokala.net\/2018-2019\/wp-json\/wp\/v2\/users\/1"}],"replies":[{"embeddable":true,"href":"https:\/\/samhallsentreprenor.glokala.net\/2018-2019\/wp-json\/wp\/v2\/comments?post=765"}],"version-history":[{"count":4,"href":"https:\/\/samhallsentreprenor.glokala.net\/2018-2019\/wp-json\/wp\/v2\/pages\/765\/revisions"}],"predecessor-version":[{"id":1650,"href":"https:\/\/samhallsentreprenor.glokala.net\/2018-2019\/wp-json\/wp\/v2\/pages\/765\/revisions\/1650"}],"up":[{"embeddable":true,"href":"https:\/\/samhallsentreprenor.glokala.net\/2018-2019\/wp-json\/wp\/v2\/pages\/557"}],"wp:attachment":[{"href":"https:\/\/samhallsentreprenor.glokala.net\/2018-2019\/wp-json\/wp\/v2\/media?parent=765"}],"curies":[{"name":"wp","href":"https:\/\/api.w.org\/{rel}","templated":true}]}}