{"id":77,"date":"2018-08-21T09:44:05","date_gmt":"2018-08-21T07:44:05","guid":{"rendered":"https:\/\/samhallsentreprenor.glokala.net\/2018-2019\/?page_id=77"},"modified":"2018-08-21T09:44:34","modified_gmt":"2018-08-21T07:44:34","slug":"studieteknik","status":"publish","type":"page","link":"https:\/\/samhallsentreprenor.glokala.net\/2018-2019\/studieteknik\/","title":{"rendered":"Studieteknik och personlig arbetsmilj\u00f6"},"content":{"rendered":"<p><strong>Att l\u00e4sa en distanskurs ger m\u00f6jlighet att sj\u00e4lv planera n\u00e4r och hur du studerar. Den stora sj\u00e4lvst\u00e4ndigheten kan samtidigt vara en utmaning. Hur hittar en studiero och fokus? Vad \u00e4r viktigt att t\u00e4nka p\u00e5 n\u00e4r en sitter l\u00e5nga stunder framf\u00f6r en sk\u00e4rm? H\u00e4r \u00e4r n\u00e5gra tips som kan vara ett st\u00f6d under \u00e5ret:<\/strong><\/p>\n<h2>Studieteknik<\/h2>\n<p><strong>Tips fr\u00e5n Ume\u00e5 universitet: <a href=\"https:\/\/www.umu.se\/globalassets\/centralwebb\/studentwebben\/dokument\/vi-hjalper-dig\/198085_plugga-smart.pdf\" target=\"_blank\" rel=\"noopener\">Effektivare studievanor<\/a><\/strong><br \/>\nAnv\u00e4ndbara tips f\u00f6r att hitta struktur och motivation!<\/p>\n<p><strong>\u00d6vningar \u2013 utveckla din studievardag:<\/strong> Fundera g\u00e4rna p\u00e5 vad du beh\u00f6ver f\u00f6r att kursen ska k\u00e4nnas kul och utvecklande. \u00c4r du lagom utmanad? Hur ser en bra vecka ut? Ta g\u00e4rna \u00f6vningarna i Ashokas metodbok till hj\u00e4lp.<br \/>\n<a href=\"https:\/\/www.ashoka.org\/en\/story\/metodguiden-det-har-aldrig-varit-l%C3%A4ttare-att-f%C3%B6r%C3%A4ndra-v%C3%A4rlden\" target=\"_blank\" rel=\"noopener\">Ashokas metodguide: Det har aldrig varit l\u00e4ttare att f\u00f6r\u00e4ndra v\u00e4rlden (ladda ner pdf)<\/a><br \/>\n\u00d6vning 1: Min perfekta dag\/vecka \u2013 s. 118-119.<br \/>\n\u00d6vning 2: Lagom utmanad? \u2013 s. 120-121.<\/p>\n<h2>Personlig arbetsmilj\u00f6<\/h2>\n<p><strong>Arbete framf\u00f6r bildsk\u00e4rmar \u2013 att t\u00e4nka p\u00e5<\/strong><br \/>\n<a href=\"http:\/\/www.prevent.se\/amnesomrade\/arbetsutrustning\/bildskarmar\/\" target=\"_blank\" rel=\"noopener\">Kortfattade rekommendationer finns h\u00e4r \u2192<\/a><\/p>\n<p><strong>L\u00e4s vidare:<\/strong><\/p>\n<ul>\n<li><a href=\"https:\/\/www.1177.se\/Skane\/Tema\/Halsa\/Fysisk-aktivitet\/Ergonomi\/#section-1\" target=\"_blank\" rel=\"noopener\">V\u00e5rdguiden om datorarbete \u2192<\/a><\/li>\n<li><a href=\"http:\/\/www.kollega.se\/10-ovningar-som-forebygger-kontorsskador#\" target=\"_blank\" rel=\"noopener\">Kollega.se: 10 \u00f6vningar som f\u00f6rebygger kontorsskador \u2192<\/a><\/li>\n<\/ul>\n","protected":false},"excerpt":{"rendered":"<p>Att l\u00e4sa en distanskurs ger m\u00f6jlighet att sj\u00e4lv planera n\u00e4r och hur du studerar. Den stora sj\u00e4lvst\u00e4ndigheten kan samtidigt vara en utmaning. Hur hittar en studiero och fokus? Vad \u00e4r viktigt att t\u00e4nka p\u00e5 n\u00e4r en sitter l\u00e5nga stunder framf\u00f6r en sk\u00e4rm? H\u00e4r \u00e4r n\u00e5gra tips som kan vara ett st\u00f6d under \u00e5ret: Studieteknik Tips [&hellip;]<\/p>\n","protected":false},"author":1,"featured_media":0,"parent":0,"menu_order":0,"comment_status":"open","ping_status":"closed","template":"","meta":{"_bbp_topic_count":0,"_bbp_reply_count":0,"_bbp_total_topic_count":0,"_bbp_total_reply_count":0,"_bbp_voice_count":0,"_bbp_anonymous_reply_count":0,"_bbp_topic_count_hidden":0,"_bbp_reply_count_hidden":0,"_bbp_forum_subforum_count":0,"footnotes":""},"class_list":["post-77","page","type-page","status-publish","hentry"],"_links":{"self":[{"href":"https:\/\/samhallsentreprenor.glokala.net\/2018-2019\/wp-json\/wp\/v2\/pages\/77","targetHints":{"allow":["GET"]}}],"collection":[{"href":"https:\/\/samhallsentreprenor.glokala.net\/2018-2019\/wp-json\/wp\/v2\/pages"}],"about":[{"href":"https:\/\/samhallsentreprenor.glokala.net\/2018-2019\/wp-json\/wp\/v2\/types\/page"}],"author":[{"embeddable":true,"href":"https:\/\/samhallsentreprenor.glokala.net\/2018-2019\/wp-json\/wp\/v2\/users\/1"}],"replies":[{"embeddable":true,"href":"https:\/\/samhallsentreprenor.glokala.net\/2018-2019\/wp-json\/wp\/v2\/comments?post=77"}],"version-history":[{"count":1,"href":"https:\/\/samhallsentreprenor.glokala.net\/2018-2019\/wp-json\/wp\/v2\/pages\/77\/revisions"}],"predecessor-version":[{"id":78,"href":"https:\/\/samhallsentreprenor.glokala.net\/2018-2019\/wp-json\/wp\/v2\/pages\/77\/revisions\/78"}],"wp:attachment":[{"href":"https:\/\/samhallsentreprenor.glokala.net\/2018-2019\/wp-json\/wp\/v2\/media?parent=77"}],"curies":[{"name":"wp","href":"https:\/\/api.w.org\/{rel}","templated":true}]}}