{"id":794,"date":"2018-12-17T13:50:17","date_gmt":"2018-12-17T12:50:17","guid":{"rendered":"https:\/\/samhallsentreprenor.glokala.net\/2018-2019\/?page_id=794"},"modified":"2018-12-17T13:56:04","modified_gmt":"2018-12-17T12:56:04","slug":"v-51-csr","status":"publish","type":"page","link":"https:\/\/samhallsentreprenor.glokala.net\/2018-2019\/modul-2\/v-51-csr\/","title":{"rendered":"v 51 CSR &#8211; f\u00f6retags samh\u00e4llsansvar"},"content":{"rendered":"\n<p>Denna vecka har vi fokus p\u00e5 f\u00f6retags h\u00e5llbarhetsarbete. Vi f\u00f6rdjupar oss i f\u00f6retags samh\u00e4llsansvar och l\u00e4r oss mer om Corporate Social Responsibility (CSR) som begrepp. Intro till temat i ljudfilen nedan:<\/p>\n\n\n\n<figure class=\"wp-block-embed-soundcloud wp-block-embed is-type-rich is-provider-soundcloud wp-embed-aspect-4-3 wp-has-aspect-ratio\"><div class=\"wp-block-embed__wrapper\">\n<iframe loading=\"lazy\" title=\"Intro - CSR, h\u00e5llbart f\u00f6retagande? by augustnilsson\" width=\"500\" height=\"400\" scrolling=\"no\" frameborder=\"no\" src=\"https:\/\/w.soundcloud.com\/player\/?visual=true&#038;url=https%3A%2F%2Fapi.soundcloud.com%2Ftracks%2F179007449&#038;show_artwork=true&#038;maxheight=750&#038;maxwidth=500\"><\/iframe>\n<\/div><\/figure>\n\n\n\n<p><strong>Ett lokalt exempel<\/strong> i Malm\u00f6 \u00e4r <a href=\"http:\/\/www.yallatrappan.se\/verksamheter\/sy-atelje-18405666\">Yalla Trappan<\/a> som \u00e4r ett av f\u00e5 sociala f\u00f6retag som inlett samarbete med IKEA.<br>Sedan 2014&nbsp;har de en egen atelj\u00e9 med syservice inne p\u00e5 IKEA Sv\u00e5gertorps varuhus i Malm\u00f6.<\/p>\n\n\n\n<div class=\"wp-block-image\"><figure class=\"alignright\"><img decoding=\"async\" src=\"http:\/\/samhallsentreprenor.glokala.net\/2016-2017\/wp-content\/uploads\/2016\/11\/Yvon-TH-Radio.jpg\" alt=\"yvon-th-radio\" class=\"wp-image-1227\"\/><\/figure><\/div>\n\n\n\n<p>&nbsp;<strong>Att lyssna till, radioinslag: \u201dThe TH interview: Yvon Chouinard, founder of Patagonia\u201d<\/strong><br>\u201dThere\u2019s no such thing as sustainability.\u201d, s\u00e4ger Yvon Chouinard bland annat i intervjun. Patagonia \u00e4r ett globalt modef\u00f6retag som \u00e4r popul\u00e4rt i h\u00e5llbarhetsdiskussionen. I tv\u00e5 delar m\u00f6ter vi grundaren Yvon Chouinard som bland annat ber\u00e4ttar om sitt perspektiv p\u00e5 tillv\u00e4xt och f\u00f6retags ansvar. Fr\u00e5n <a rel=\"noopener\" href=\"http:\/\/www.treehugger.com\/treehugger_radio\/\" target=\"_blank\">Treehugger Radio<\/a>.<\/p>\n\n\n\n<figure class=\"wp-block-audio\"><audio controls src=\"https:\/\/samhallsentreprenor.glokala.net\/2018-2019\/wp-content\/uploads\/2018\/12\/The_TH_Interview_Yvon_Chouinard.mp3\"><\/audio><\/figure>\n\n\n\n<p><a href=\"http:\/\/samhallsentreprenor.glokala.se\/arkiv\/The_TH_Interview_Yvon_Chouinard.mp3\" target=\"_blank\" rel=\"noopener\">Part One \u2013 klicka h\u00e4r (mp3)<\/a> \u2013 <a href=\"http:\/\/www.treehugger.com\/files\/2008\/02\/the_th_interview_yvon_chouinard.php\" target=\"_blank\" rel=\"noopener\">Textversion<\/a><\/p>\n\n\n\n<figure class=\"wp-block-audio\"><audio controls src=\"https:\/\/samhallsentreprenor.glokala.net\/2018-2019\/wp-content\/uploads\/2018\/12\/The_TH_Interview_-Yvon_Chouinard_Part2.mp3\"><\/audio><\/figure>\n\n\n\n<p><a href=\"http:\/\/samhallsentreprenor.glokala.se\/arkiv\/The_TH_Interview_%20Yvon_Chouinard_Part2.mp3\" target=\"_blank\" rel=\"noopener\">Part Two \u2013 klick h\u00e4r (mp3)<\/a> \u2013 <a href=\"http:\/\/www.treehugger.com\/files\/2008\/02\/the_th_interview_yvon_chouinard_2.php\" target=\"_blank\" rel=\"noopener\">Textversion<\/a><\/p>\n\n\n\n<h2 class=\"wp-block-heading\">F\u00f6rdjupning<\/h2>\n\n\n\n<p><strong>Att l\u00e4sa: R\u00f6ster fr\u00e5n svenska storf\u00f6retag <a href=\"http:\/\/socialinnovation.se\/wp-content\/uploads\/2013\/10\/MSI_CSR-hallbarhet_A4_131007_2.1.pdf\" target=\"_blank\" rel=\"noreferrer noopener\">\u201dFramtidsspaning: CSR\/H\u00e5llbarhet\u201d (pdf)<br>\n<\/a><\/strong>Det \u00e4r en&nbsp;<a href=\"http:\/\/socialinnovation.se\/sv\/framtidsspaning-csrhallbarhet\/\" target=\"_blank\" rel=\"noreferrer noopener\">sammanst\u00e4llning<\/a>&nbsp;fr\u00e5n 2013 med reflektioner fr\u00e5n en rad f\u00f6retag, som ger en bild av hur fr\u00e5gorna diskuteras.<\/p>\n\n\n\n<p><strong>Att l\u00e4sa, artikel: <\/strong><a rel=\"noreferrer noopener\" href=\"http:\/\/www.samhallsentreprenor.glokala.se\/wp-content\/uploads\/314.pdf\" target=\"_blank\"><strong>\u201cBusiness Responsibilities in a Divided World\u201d: The Cold War Roots of the Corporate Social Responsibility Movement \u2013 klicka h\u00e4r (pdf)<\/strong><br><\/a>En f\u00f6rdjupande artikel av Bert Spector, d\u00e4r de historiska r\u00f6tterna till begreppet diskuteras.<\/p>\n\n\n\n<div class=\"wp-block-image\"><figure class=\"alignright\"><img decoding=\"async\" src=\"https:\/\/i2.wp.com\/samhallsentreprenor.glokala.net\/2016-2017\/wp-content\/uploads\/2016\/11\/csrpod.png?resize=350%2C163\" alt=\"csrpod\" class=\"wp-image-1222\"\/><\/figure><\/div>\n\n\n\n<p><a href=\"http:\/\/www.csrpod.se\/\" target=\"_blank\" rel=\"noreferrer noopener\"><strong>CSR Pod<\/strong><\/a>\n g\u00f6r samtal med fullt fokus p\u00e5 vad f\u00f6retags samh\u00e4llsansvar kan handla \nom. \u00c5sa Stenborg och Torbj\u00f6rn Olofsson leder samtalen utifr\u00e5n sina egna \nerfarenheter. Premi\u00e4rprogrammet #1 d\u00e4r de introducerar sig och CSR kan \nvi&nbsp;rekommendera, liksom avsnitt #4 d\u00e4r de pratar med Marianne Bogle fr\u00e5n\n <a href=\"http:\/\/www.csrsweden.se\/\" target=\"_blank\" rel=\"noreferrer noopener\">CSR Sweden<\/a>\n \u2013 ett n\u00e4tverk f\u00f6r intresserade f\u00f6retag. Det ger b\u00e5de ett historiskt \nperspektiv p\u00e5 samlande initiativ f\u00f6r CSR-fr\u00e5gor i Sverige, och de \ndiskuterar det komplexa i vad samh\u00e4llsansvar kan handla om. I avsnitt \n#26 kan den som vill l\u00e4ra sig mer om IKEAs CSR-arbete genom \nh\u00e5llbarhetschef&nbsp;Jonas Carlehed.<\/p>\n","protected":false},"excerpt":{"rendered":"<p>Denna vecka har vi fokus p\u00e5 f\u00f6retags h\u00e5llbarhetsarbete. Vi f\u00f6rdjupar oss i f\u00f6retags samh\u00e4llsansvar och l\u00e4r oss mer om Corporate Social Responsibility (CSR) som begrepp. Intro till temat i ljudfilen nedan: Ett lokalt exempel i Malm\u00f6 \u00e4r Yalla Trappan som \u00e4r ett av f\u00e5 sociala f\u00f6retag som inlett samarbete med IKEA.Sedan 2014&nbsp;har de en egen [&hellip;]<\/p>\n","protected":false},"author":1,"featured_media":0,"parent":557,"menu_order":0,"comment_status":"open","ping_status":"closed","template":"","meta":{"_bbp_topic_count":0,"_bbp_reply_count":0,"_bbp_total_topic_count":0,"_bbp_total_reply_count":0,"_bbp_voice_count":0,"_bbp_anonymous_reply_count":0,"_bbp_topic_count_hidden":0,"_bbp_reply_count_hidden":0,"_bbp_forum_subforum_count":0,"footnotes":""},"class_list":["post-794","page","type-page","status-publish","hentry"],"_links":{"self":[{"href":"https:\/\/samhallsentreprenor.glokala.net\/2018-2019\/wp-json\/wp\/v2\/pages\/794","targetHints":{"allow":["GET"]}}],"collection":[{"href":"https:\/\/samhallsentreprenor.glokala.net\/2018-2019\/wp-json\/wp\/v2\/pages"}],"about":[{"href":"https:\/\/samhallsentreprenor.glokala.net\/2018-2019\/wp-json\/wp\/v2\/types\/page"}],"author":[{"embeddable":true,"href":"https:\/\/samhallsentreprenor.glokala.net\/2018-2019\/wp-json\/wp\/v2\/users\/1"}],"replies":[{"embeddable":true,"href":"https:\/\/samhallsentreprenor.glokala.net\/2018-2019\/wp-json\/wp\/v2\/comments?post=794"}],"version-history":[{"count":3,"href":"https:\/\/samhallsentreprenor.glokala.net\/2018-2019\/wp-json\/wp\/v2\/pages\/794\/revisions"}],"predecessor-version":[{"id":803,"href":"https:\/\/samhallsentreprenor.glokala.net\/2018-2019\/wp-json\/wp\/v2\/pages\/794\/revisions\/803"}],"up":[{"embeddable":true,"href":"https:\/\/samhallsentreprenor.glokala.net\/2018-2019\/wp-json\/wp\/v2\/pages\/557"}],"wp:attachment":[{"href":"https:\/\/samhallsentreprenor.glokala.net\/2018-2019\/wp-json\/wp\/v2\/media?parent=794"}],"curies":[{"name":"wp","href":"https:\/\/api.w.org\/{rel}","templated":true}]}}