{"id":805,"date":"2018-12-21T14:57:13","date_gmt":"2018-12-21T13:57:13","guid":{"rendered":"https:\/\/samhallsentreprenor.glokala.net\/2018-2019\/?page_id=805"},"modified":"2018-12-21T15:13:42","modified_gmt":"2018-12-21T14:13:42","slug":"v-52-inspiration","status":"publish","type":"page","link":"https:\/\/samhallsentreprenor.glokala.net\/2018-2019\/modul-2\/v-52-inspiration\/","title":{"rendered":"v 52 Inspiration till helgerna"},"content":{"rendered":"\n<p>Vi n\u00e5r snart \u00e5rets slut, och helgerna inneb\u00e4r en lite lugnare period i kursen (v 51 &#8211; v 1). Samtidigt som vi presenterar n\u00e5got inspirerande finns det tid f\u00f6r att arbeta med <a href=\"https:\/\/samhallsentreprenor.glokala.net\/2018-2019\/modul-2\/uppgift-5-exempel-pa-organisering\/\">uppgift 5<\/a> eller att kompletta tidigare uppgifter fr\u00e5n h\u00f6sten.<\/p>\n\n\n\n<p>\u00d6nskar er sk\u00f6na helger!<\/p>\n\n\n\n<h2 class=\"wp-block-heading\">Inspiration &#8211; video: <a href=\"https:\/\/www.youtube.com\/watch?v=EHXbGdRtdtI\" target=\"_blank\" rel=\"noreferrer noopener\" aria-label=\"Indy Johar, Social innovation \u2013 from grassroot to system change (opens in a new tab)\">Indy Johar, Social innovation \u2013 from grassroot to system change<\/a><\/h2>\n\n\n\n<p>Fr\u00e5n Social Innovation Summit som h\u00f6lls i november i Malm\u00f6 h\u00e4mtar vi en filmad presentation att ta del av:<\/p>\n\n\n\n<figure class=\"wp-block-embed-youtube wp-block-embed is-type-video is-provider-youtube wp-embed-aspect-16-9 wp-has-aspect-ratio\"><div class=\"wp-block-embed__wrapper\">\n<iframe loading=\"lazy\" title=\"sisummit18_intro-keynote3-Indy-Johar-\" width=\"500\" height=\"281\" src=\"https:\/\/www.youtube.com\/embed\/EHXbGdRtdtI?feature=oembed\" frameborder=\"0\" allow=\"accelerometer; autoplay; clipboard-write; encrypted-media; gyroscope; picture-in-picture; web-share\" referrerpolicy=\"strict-origin-when-cross-origin\" allowfullscreen><\/iframe>\n<\/div><\/figure>\n\n\n\n<p><em>Vad pratar han egentligen om?<\/em> Ett tips f\u00f6r att h\u00e4nga med i videon \u00e4r att l\u00e4sa den h\u00e4r sammanfattning p\u00e5 svenska, av Fredrik Olausson: <a href=\"http:\/\/www.fornyelselabbet.se\/2018\/11\/20\/den-trakiga-revolutionen-indy-johar-om-byrakratin\/\" target=\"_blank\" rel=\"noreferrer noopener\" aria-label=\"&quot;Den tr\u00e5kiga revolutionen. Indy Johar om byr\u00e5kratin&quot; (opens in a new tab)\">&#8221;Den tr\u00e5kiga revolutionen. Indy Johar om byr\u00e5kratin&#8221;<\/a><\/p>\n\n\n\n<p><em>Om Indy Johar: &#8221;Indy Johar is an architect, founder of 00 (project00.cc) and is Senior Innovation Associate at Young Foundation and guest professor at the University of Sheffield. Indy is co-founder of several social companies from Impact Hub Westminster to Impact Hub Birmingham and HubLaunchpad Accelerator, while working with major global multinational companies and institutions to support their transition to a positive system economy. Indy has taught and lectured at various institutions from the University of Bath, TU-Berlin; Architectural Association, University College London, Princeton. Indy Johan will during his key note lift the need for system innovation and future spanning around next-generation social innovations.&#8221;<\/em><br><\/p>\n\n\n\n<p><br><\/p>\n","protected":false},"excerpt":{"rendered":"<p>Vi n\u00e5r snart \u00e5rets slut, och helgerna inneb\u00e4r en lite lugnare period i kursen (v 51 &#8211; v 1). Samtidigt som vi presenterar n\u00e5got inspirerande finns det tid f\u00f6r att arbeta med uppgift 5 eller att kompletta tidigare uppgifter fr\u00e5n h\u00f6sten. \u00d6nskar er sk\u00f6na helger! Inspiration &#8211; video: Indy Johar, Social innovation \u2013 from grassroot [&hellip;]<\/p>\n","protected":false},"author":1,"featured_media":0,"parent":557,"menu_order":0,"comment_status":"open","ping_status":"closed","template":"","meta":{"_bbp_topic_count":0,"_bbp_reply_count":0,"_bbp_total_topic_count":0,"_bbp_total_reply_count":0,"_bbp_voice_count":0,"_bbp_anonymous_reply_count":0,"_bbp_topic_count_hidden":0,"_bbp_reply_count_hidden":0,"_bbp_forum_subforum_count":0,"footnotes":""},"class_list":["post-805","page","type-page","status-publish","hentry"],"_links":{"self":[{"href":"https:\/\/samhallsentreprenor.glokala.net\/2018-2019\/wp-json\/wp\/v2\/pages\/805","targetHints":{"allow":["GET"]}}],"collection":[{"href":"https:\/\/samhallsentreprenor.glokala.net\/2018-2019\/wp-json\/wp\/v2\/pages"}],"about":[{"href":"https:\/\/samhallsentreprenor.glokala.net\/2018-2019\/wp-json\/wp\/v2\/types\/page"}],"author":[{"embeddable":true,"href":"https:\/\/samhallsentreprenor.glokala.net\/2018-2019\/wp-json\/wp\/v2\/users\/1"}],"replies":[{"embeddable":true,"href":"https:\/\/samhallsentreprenor.glokala.net\/2018-2019\/wp-json\/wp\/v2\/comments?post=805"}],"version-history":[{"count":2,"href":"https:\/\/samhallsentreprenor.glokala.net\/2018-2019\/wp-json\/wp\/v2\/pages\/805\/revisions"}],"predecessor-version":[{"id":809,"href":"https:\/\/samhallsentreprenor.glokala.net\/2018-2019\/wp-json\/wp\/v2\/pages\/805\/revisions\/809"}],"up":[{"embeddable":true,"href":"https:\/\/samhallsentreprenor.glokala.net\/2018-2019\/wp-json\/wp\/v2\/pages\/557"}],"wp:attachment":[{"href":"https:\/\/samhallsentreprenor.glokala.net\/2018-2019\/wp-json\/wp\/v2\/media?parent=805"}],"curies":[{"name":"wp","href":"https:\/\/api.w.org\/{rel}","templated":true}]}}