{"id":812,"date":"2019-01-08T15:38:35","date_gmt":"2019-01-08T14:38:35","guid":{"rendered":"https:\/\/samhallsentreprenor.glokala.net\/2018-2019\/?page_id=812"},"modified":"2019-01-08T15:41:31","modified_gmt":"2019-01-08T14:41:31","slug":"v-2-aktuella-perspektiv","status":"publish","type":"page","link":"https:\/\/samhallsentreprenor.glokala.net\/2018-2019\/modul-2\/v-2-aktuella-perspektiv\/","title":{"rendered":"v 2 Aktuella perspektiv"},"content":{"rendered":"\n<p>Vi mjukstartar \u00e5ret med tv\u00e5 artiklar att l\u00e4sa &#8211; och f\u00f6r dig som vill utforska vad det nya \u00e5ret kan inneb\u00e4ra tipsar vi om ett guidande blogginl\u00e4gg, l\u00e4nk nedan. <\/p>\n\n\n\n<p>Till att b\u00f6rja med en artikel som lyfter n\u00e5gra tankar om trender internationellt inom samh\u00e4llsentrepren\u00f6rskap. Skriver g\u00f6r Katherine Milligan, chef f\u00f6r stiftelsen Schwab Foundation som ger st\u00f6d till samh\u00e4llsentrepren\u00f6rer:<\/p>\n\n\n\n<h2 class=\"wp-block-heading\"><a rel=\"noreferrer noopener\" aria-label=\"Artikel: 3 Trends That Will Influence the Social Entrepreneurship Sector in 2019 (opens in a new tab)\" href=\"https:\/\/socialimpactaward.net\/3-trends-social-entrepreneurship-2019\/\" target=\"_blank\">Artikel: 3 Trends That Will Influence the Social Entrepreneurship Sector in 2019<\/a><\/h2>\n\n\n\n<p>Vi vill ocks\u00e5 bjuda in er att l\u00e4sa en kort intervju med Emma \u00d6hrwall, tidigare kursdeltagare och drivande bakom f\u00f6reningen Kollaborativ Ekonomi G\u00f6teborg. Numera p\u00e5 G\u00f6teborgs stad i initiativet <a rel=\"noreferrer noopener\" aria-label=\"&quot;Sharing City G\u00f6teborg&quot; (opens in a new tab)\" href=\"https:\/\/goteborg.se\/wps\/portal\/start\/miljo\/det-gor-goteborgs-stad\/dela-och-lana\/sharing-city-goteborg\/!ut\/p\/z1\/hY5BC4IwHMU_jdf9_5tLZ7cROLCgOmm7hMpSQZ3oatCnz45B0bs93u_xHmgoQI_lo2tK19mx7Fd_0dGVM4U043SvjqcUz4KlYqdUKCMG-T9ArzH-kETIQHfVQHw9ECR0w2gikjjkgsdRnETvfTlWoWhAz-ZmZjOT-7zeap2blm2AAXrvSWNt0xtS2yHAb5XWLg6KTxKmoXgeTC5fwGDwEA!!\/dz\/d5\/L2dBISEvZ0FBIS9nQSEh\/\" target=\"_blank\">&#8221;Sharing City G\u00f6teborg&#8221;<\/a>. H\u00e4r artikel p\u00e5 shareable.net:<\/p>\n\n\n\n<h2 class=\"wp-block-heading\"><a rel=\"noreferrer noopener\" aria-label=\"Artikel: Meet 'supersharer' Emma \u00d6hrwall in Gothenburg, Sweden (opens in a new tab)\" href=\"https:\/\/www.shareable.net\/blog\/meet-supersharer-emma-ohrwall-in-gothenburg-sweden\" target=\"_blank\">Artikel: Meet &#8217;supersharer&#8217; Emma \u00d6hrwall in Gothenburg, Sweden<\/a><\/h2>\n\n\n\n<blockquote class=\"wp-block-quote is-layout-flow wp-block-quote-is-layout-flow\"><p><em>&#8221;I&#8217;ve been a part of the collaborative movement since 2014. I co-founded the nonprofit Kollaborativ Ekonomi G\u00f6teborg that runs <a href=\"http:\/\/smartakartan.se\/\" target=\"_blank\" rel=\"noreferrer noopener\" aria-label=\"smartakartan.se (opens in a new tab)\">smartakartan.se<\/a>, a map and website, in collaboration with the City of Gothenburg.&#8221;<\/em><\/p><\/blockquote>\n\n\n\n<figure class=\"wp-block-image\"><a href=\"https:\/\/www.shareable.net\/blog\/meet-supersharer-emma-ohrwall-in-gothenburg-sweden\" target=\"_blank\" rel=\"noreferrer noopener\"><img loading=\"lazy\" decoding=\"async\" width=\"686\" height=\"594\" src=\"https:\/\/samhallsentreprenor.glokala.net\/2018-2019\/wp-content\/uploads\/2019\/01\/shareable_screen.png\" alt=\"\" class=\"wp-image-813\" srcset=\"https:\/\/samhallsentreprenor.glokala.net\/2018-2019\/wp-content\/uploads\/2019\/01\/shareable_screen.png 686w, https:\/\/samhallsentreprenor.glokala.net\/2018-2019\/wp-content\/uploads\/2019\/01\/shareable_screen-500x433.png 500w, https:\/\/samhallsentreprenor.glokala.net\/2018-2019\/wp-content\/uploads\/2019\/01\/shareable_screen-624x540.png 624w\" sizes=\"auto, (max-width: 686px) 100vw, 686px\" \/><\/a><\/figure>\n\n\n\n<h2 class=\"wp-block-heading\">Tips! Utforska ditt 2019<\/h2>\n\n\n\n<p>Vi har precis g\u00e5tt in i det nya \u00e5ret. Vad v\u00e4ntar, vart \u00e4r du p\u00e5 v\u00e4g? Utforska ditt 2019 med fr\u00e5gor som Lisa Moraeus (utbildare, f\u00f6rel\u00e4sare) st\u00e4ller <a rel=\"noreferrer noopener\" aria-label=\"i ett blogginl\u00e4gg: Vilket \u00e4r ditt tema f\u00f6r 2019? (opens in a new tab)\" href=\"https:\/\/www.lisamoraeus.se\/blogg\/vilket-r-ditt-tema-fr-2019\" target=\"_blank\"><strong>i ett blogginl\u00e4gg: <\/strong><\/a><\/p>\n\n\n\n<p><a rel=\"noreferrer noopener\" aria-label=\"i ett blogginl\u00e4gg: Vilket \u00e4r ditt tema f\u00f6r 2019? (opens in a new tab)\" href=\"https:\/\/www.lisamoraeus.se\/blogg\/vilket-r-ditt-tema-fr-2019\" target=\"_blank\"><strong>Vilket \u00e4r ditt tema f\u00f6r 2019?<\/strong><\/a><\/p>\n\n\n\n<blockquote class=\"wp-block-quote is-layout-flow wp-block-quote-is-layout-flow\"><p><em>&#8221;H\u00e4r kommer tv\u00e5 pusselbitar n\u00e4r det g\u00e4ller planering f\u00f6r det nya \u00e5ret. Det handlar om vem du vill planera tillsammans med (det kan vara dig sj\u00e4lv) och om att komma i kontakt med vad du verkligen vill.<\/em><\/p><p><em>N\u00e4sta steg i en planering \u00e4r f\u00f6rst\u00e5s att bryta ner visionerna, dr\u00f6mmarna, \u00e5rets tema, till konkreta m\u00e5l och planer. Det kommer tips f\u00f6r det ocks\u00e5, s\u00e5 sm\u00e5ningom. I det h\u00e4r inl\u00e4gget vill jag prata om det \u00f6vergripande, det lite mer abstrakta men kanske \u00e4nnu viktigare \u00e4n m\u00e4tbara m\u00e5l. <\/em><\/p><p><em>Det \u00e4r s\u00e5 l\u00e4tt att hoppa \u00f6ver den grunden, att kasta sig rakt in i ny\u00e5rsl\u00f6ften och checklistor utan att stanna upp och fr\u00e5ga sig varf\u00f6r. Vad \u00e4r det du vill egentligen? Vart \u00e4r du p\u00e5 v\u00e4g?&#8221;<\/em><\/p><p><a rel=\"noreferrer noopener\" aria-label=\"L\u00e4s vidare --> (opens in a new tab)&#8221; href=&#8221;https:\/\/www.lisamoraeus.se\/blogg\/vilket-r-ditt-tema-fr-2019&#8243; target=&#8221;_blank&#8221;>L\u00e4s vidare &#8211;&gt;<\/a><\/p><\/blockquote>\n","protected":false},"excerpt":{"rendered":"<p>Vi mjukstartar \u00e5ret med tv\u00e5 artiklar att l\u00e4sa &#8211; och f\u00f6r dig som vill utforska vad det nya \u00e5ret kan inneb\u00e4ra tipsar vi om ett guidande blogginl\u00e4gg, l\u00e4nk nedan. Till att b\u00f6rja med en artikel som lyfter n\u00e5gra tankar om trender internationellt inom samh\u00e4llsentrepren\u00f6rskap. Skriver g\u00f6r Katherine Milligan, chef f\u00f6r stiftelsen Schwab Foundation som ger [&hellip;]<\/p>\n","protected":false},"author":1,"featured_media":0,"parent":557,"menu_order":0,"comment_status":"open","ping_status":"closed","template":"","meta":{"_bbp_topic_count":0,"_bbp_reply_count":0,"_bbp_total_topic_count":0,"_bbp_total_reply_count":0,"_bbp_voice_count":0,"_bbp_anonymous_reply_count":0,"_bbp_topic_count_hidden":0,"_bbp_reply_count_hidden":0,"_bbp_forum_subforum_count":0,"footnotes":""},"class_list":["post-812","page","type-page","status-publish","hentry"],"_links":{"self":[{"href":"https:\/\/samhallsentreprenor.glokala.net\/2018-2019\/wp-json\/wp\/v2\/pages\/812","targetHints":{"allow":["GET"]}}],"collection":[{"href":"https:\/\/samhallsentreprenor.glokala.net\/2018-2019\/wp-json\/wp\/v2\/pages"}],"about":[{"href":"https:\/\/samhallsentreprenor.glokala.net\/2018-2019\/wp-json\/wp\/v2\/types\/page"}],"author":[{"embeddable":true,"href":"https:\/\/samhallsentreprenor.glokala.net\/2018-2019\/wp-json\/wp\/v2\/users\/1"}],"replies":[{"embeddable":true,"href":"https:\/\/samhallsentreprenor.glokala.net\/2018-2019\/wp-json\/wp\/v2\/comments?post=812"}],"version-history":[{"count":3,"href":"https:\/\/samhallsentreprenor.glokala.net\/2018-2019\/wp-json\/wp\/v2\/pages\/812\/revisions"}],"predecessor-version":[{"id":817,"href":"https:\/\/samhallsentreprenor.glokala.net\/2018-2019\/wp-json\/wp\/v2\/pages\/812\/revisions\/817"}],"up":[{"embeddable":true,"href":"https:\/\/samhallsentreprenor.glokala.net\/2018-2019\/wp-json\/wp\/v2\/pages\/557"}],"wp:attachment":[{"href":"https:\/\/samhallsentreprenor.glokala.net\/2018-2019\/wp-json\/wp\/v2\/media?parent=812"}],"curies":[{"name":"wp","href":"https:\/\/api.w.org\/{rel}","templated":true}]}}