{"id":82,"date":"2018-08-21T09:50:31","date_gmt":"2018-08-21T07:50:31","guid":{"rendered":"https:\/\/samhallsentreprenor.glokala.net\/2018-2019\/?page_id=82"},"modified":"2018-08-27T23:18:15","modified_gmt":"2018-08-27T21:18:15","slug":"larare","status":"publish","type":"page","link":"https:\/\/samhallsentreprenor.glokala.net\/2018-2019\/larare\/","title":{"rendered":"L\u00e4rare"},"content":{"rendered":"<p><strong>August Nilsson<\/strong><br \/>\nProjektledare och pedagog. Kursansvarig f\u00f6r Samh\u00e4llsentrepren\u00f6r.<br \/>\nP\u00e5g\u00e5ende erfarenheter \u00e4r bland annat <a href=\"http:\/\/stadsodlingmalmo.se\/\" target=\"_blank\" rel=\"noopener\">Stadsodling Malm\u00f6<\/a>, <a title=\"Ronnebygatans Ekolivs\" href=\"http:\/\/www.ekolivs.se\/\" target=\"_blank\" rel=\"noopener\">Ronnebygatans Ekolivs<\/a> och <a href=\"http:\/\/www.publiktentreprenorskap.se\/\" target=\"_blank\" rel=\"noopener\">Centrum f\u00f6r Publikt Entrepren\u00f6rskap<\/a><\/p>\n<p><img loading=\"lazy\" decoding=\"async\" class=\"alignnone size-thumbnail wp-image-5231\" src=\"https:\/\/samhallsentreprenor.glokala.net\/she2\/wp-content\/uploads\/2011\/09\/august_100-100x150-100x150.jpg\" alt=\"\" width=\"100\" height=\"150\" data-attachment-id=\"5231\" data-permalink=\"https:\/\/samhallsentreprenor.glokala.net\/she2\/larare\/august_100-100x150\/\" data-orig-file=\"https:\/\/samhallsentreprenor.glokala.net\/she2\/wp-content\/uploads\/2011\/09\/august_100-100x150.jpg\" data-orig-size=\"100,150\" data-comments-opened=\"1\" data-image-meta=\"{&quot;aperture&quot;:&quot;0&quot;,&quot;credit&quot;:&quot;&quot;,&quot;camera&quot;:&quot;&quot;,&quot;caption&quot;:&quot;&quot;,&quot;created_timestamp&quot;:&quot;0&quot;,&quot;copyright&quot;:&quot;&quot;,&quot;focal_length&quot;:&quot;0&quot;,&quot;iso&quot;:&quot;0&quot;,&quot;shutter_speed&quot;:&quot;0&quot;,&quot;title&quot;:&quot;&quot;,&quot;orientation&quot;:&quot;0&quot;}\" data-image-title=\"august_100-100\u00d7150\" data-image-description=\"\" data-medium-file=\"https:\/\/samhallsentreprenor.glokala.net\/she2\/wp-content\/uploads\/2011\/09\/august_100-100x150.jpg\" data-large-file=\"https:\/\/samhallsentreprenor.glokala.net\/she2\/wp-content\/uploads\/2011\/09\/august_100-100x150.jpg\" \/><br \/>\naugust (at) glokala.se<br \/>\n+46 (0) 73 698 25 57<\/p>\n<p><iframe loading=\"lazy\" title=\"August s\u00e4ger hej\" src=\"https:\/\/player.vimeo.com\/video\/286951351?dnt=1&amp;app_id=122963\" width=\"500\" height=\"281\" frameborder=\"0\" allow=\"autoplay; fullscreen; picture-in-picture; clipboard-write\"><\/iframe><\/p>\n<p>\/\/<\/p>\n<p><strong>Fredrik Bj\u00f6rk<\/strong><br \/>\nL\u00e4rare &amp; forskare vid Malm\u00f6 universitet inom bl a Milj\u00f6vetenskap, Ledarskap och organisation samt Samh\u00e4llsentrepren\u00f6rskap.<\/p>\n<p><a href=\"https:\/\/i0.wp.com\/www.samhallsentreprenor.glokala.se\/2012-2013\/wp-content\/uploads\/2012\/08\/297985_10150333400468951_2145399739_n.jpg\"><img loading=\"lazy\" decoding=\"async\" title=\"297985_10150333400468951_2145399739_n\" src=\"https:\/\/i0.wp.com\/www.samhallsentreprenor.glokala.se\/2012-2013\/wp-content\/uploads\/2012\/08\/297985_10150333400468951_2145399739_n-263x300.jpg?resize=140%2C160\" alt=\"\" width=\"140\" height=\"160\" \/><\/a><br \/>\nfredrik.bjork (at) mau.se<\/p>\n","protected":false},"excerpt":{"rendered":"<p>August Nilsson Projektledare och pedagog. Kursansvarig f\u00f6r Samh\u00e4llsentrepren\u00f6r. P\u00e5g\u00e5ende erfarenheter \u00e4r bland annat Stadsodling Malm\u00f6, Ronnebygatans Ekolivs och Centrum f\u00f6r Publikt Entrepren\u00f6rskap august (at) glokala.se +46 (0) 73 698 25 57 \/\/ Fredrik Bj\u00f6rk L\u00e4rare &amp; forskare vid Malm\u00f6 universitet inom bl a Milj\u00f6vetenskap, Ledarskap och organisation samt Samh\u00e4llsentrepren\u00f6rskap. fredrik.bjork (at) mau.se<\/p>\n","protected":false},"author":1,"featured_media":0,"parent":0,"menu_order":0,"comment_status":"closed","ping_status":"closed","template":"","meta":{"_bbp_topic_count":0,"_bbp_reply_count":0,"_bbp_total_topic_count":0,"_bbp_total_reply_count":0,"_bbp_voice_count":0,"_bbp_anonymous_reply_count":0,"_bbp_topic_count_hidden":0,"_bbp_reply_count_hidden":0,"_bbp_forum_subforum_count":0,"footnotes":""},"class_list":["post-82","page","type-page","status-publish","hentry"],"_links":{"self":[{"href":"https:\/\/samhallsentreprenor.glokala.net\/2018-2019\/wp-json\/wp\/v2\/pages\/82","targetHints":{"allow":["GET"]}}],"collection":[{"href":"https:\/\/samhallsentreprenor.glokala.net\/2018-2019\/wp-json\/wp\/v2\/pages"}],"about":[{"href":"https:\/\/samhallsentreprenor.glokala.net\/2018-2019\/wp-json\/wp\/v2\/types\/page"}],"author":[{"embeddable":true,"href":"https:\/\/samhallsentreprenor.glokala.net\/2018-2019\/wp-json\/wp\/v2\/users\/1"}],"replies":[{"embeddable":true,"href":"https:\/\/samhallsentreprenor.glokala.net\/2018-2019\/wp-json\/wp\/v2\/comments?post=82"}],"version-history":[{"count":4,"href":"https:\/\/samhallsentreprenor.glokala.net\/2018-2019\/wp-json\/wp\/v2\/pages\/82\/revisions"}],"predecessor-version":[{"id":1606,"href":"https:\/\/samhallsentreprenor.glokala.net\/2018-2019\/wp-json\/wp\/v2\/pages\/82\/revisions\/1606"}],"wp:attachment":[{"href":"https:\/\/samhallsentreprenor.glokala.net\/2018-2019\/wp-json\/wp\/v2\/media?parent=82"}],"curies":[{"name":"wp","href":"https:\/\/api.w.org\/{rel}","templated":true}]}}