{"id":828,"date":"2019-01-14T11:26:46","date_gmt":"2019-01-14T10:26:46","guid":{"rendered":"https:\/\/samhallsentreprenor.glokala.net\/2018-2019\/?page_id=828"},"modified":"2019-01-14T11:26:46","modified_gmt":"2019-01-14T10:26:46","slug":"v-3","status":"publish","type":"page","link":"https:\/\/samhallsentreprenor.glokala.net\/2018-2019\/modul-2\/v-3\/","title":{"rendered":"v 3 Tid f\u00f6r uppgift 5 + inspiration"},"content":{"rendered":"\n<p>Den h\u00e4r veckan finns det tid f\u00f6r <a href=\"https:\/\/samhallsentreprenor.glokala.net\/2018-2019\/modul-2\/uppgift-5-exempel-pa-organisering\/\">uppgift 5 Exempel p\u00e5 organisering, l\u00e4s hela beskrivningen f\u00f6r uppgiften &#8211;><\/a><br><strong>Inl\u00e4mning<\/strong> kommande m\u00e5ndag: 21 januari.<br><strong>Respons\/kommentarer:<\/strong> 22 januari \u2013 3 februari. En indelning i grupper  presenteras 22 januari. <\/p>\n\n\n\n<h2 class=\"wp-block-heading\">Inspiration &#8211; video: <a href=\"https:\/\/www.youtube.com\/watch?v=5kjWzyu2F4Y\" target=\"_blank\" rel=\"noreferrer noopener\" aria-label=\"Robin Teigland, \u201cPeniche Ocean Watch: Exploring new value creation activities for social impact\u201d (opens in a new tab)\">Robin Teigland, \u201cPeniche Ocean Watch: Exploring new value creation activities for social impact\u201d<\/a><\/h2>\n\n\n\n<p>Vi h\u00e4mtar en till filmad presentation fr\u00e5n Social Innovation Summit i Malm\u00f6 (november 2018). <a rel=\"noreferrer noopener\" aria-label=\"Robin Teigland (opens in a new tab)\" href=\"http:\/\/www.robinteigland.com\/om-robin-teigland\/\" target=\"_blank\">Robin Teigland<\/a> \u00e4r forskare men ocks\u00e5 drivande som entrepren\u00f6r. Lyssna till hennes ber\u00e4ttelse som kretsar kring hur resurser kan kombineras p\u00e5 nya s\u00e4tt &#8211; med ett <a href=\"https:\/\/www.facebook.com\/PenicheOceanWatch\/\" target=\"_blank\" rel=\"noreferrer noopener\" aria-label=\"p\u00e5g\u00e5ende case (opens in a new tab)\">p\u00e5g\u00e5ende case<\/a> i kuststaden Peniche, Portugal:<\/p>\n\n\n\n<figure class=\"wp-block-embed-youtube wp-block-embed is-type-video is-provider-youtube wp-embed-aspect-16-9 wp-has-aspect-ratio\"><div class=\"wp-block-embed__wrapper\">\n<iframe loading=\"lazy\" title=\"sisummit18_intro-keynote4-Robin-Teigland\" width=\"500\" height=\"281\" src=\"https:\/\/www.youtube.com\/embed\/5kjWzyu2F4Y?feature=oembed\" frameborder=\"0\" allow=\"accelerometer; autoplay; clipboard-write; encrypted-media; gyroscope; picture-in-picture; web-share\" referrerpolicy=\"strict-origin-when-cross-origin\" allowfullscreen><\/iframe>\n<\/div><\/figure>\n\n\n\n<p><a href=\"http:\/\/www.socialinnovation.se\/wp-content\/uploads\/2018\/11\/1330-Robin-Teigland_ok.pdf\" target=\"_blank\" rel=\"noreferrer noopener\" aria-label=\"Robin Teiglands slides - l\u00e4nk (opens in a new tab)\">Robin Teiglands slides &#8211; l\u00e4nk<\/a><\/p>\n\n\n\n<p><em>Fr\u00e5gor f\u00f6r reflektion till presentationen:<\/em><\/p>\n\n\n\n<ul class=\"wp-block-list\"><li> Vad gillar du i Robin Teiglands presentation, vad fascinerar? <\/li><li>Vilka fr\u00e5gor v\u00e4cks n\u00e4r du lyssnar? Finns det delar som provocerar dig?<\/li><\/ul>\n\n\n\n<p><em>Om presentationen:<\/em><br>Utg\u00e5ngspunkten i f\u00f6rel\u00e4sningen \u00e4r en ekonomi i f\u00f6r\u00e4ndring, och hur resurser kan kombineras p\u00e5 nya s\u00e4tt. Ekonomin beh\u00f6ver hj\u00e4lpa oss n\u00e5 de <a rel=\"noreferrer noopener\" aria-label=\"Globala m\u00e5len (opens in a new tab)\" href=\"http:\/\/www.globalamalen.se\/\" target=\"_blank\">Globala m\u00e5len<\/a> och hantera klimatkrisen &#8211; kan vi experimentera med konkreta initiativ f\u00f6r att m\u00f6ta utmaningarna? <br>Fokus \u00e4r p\u00e5 platsen Peniche och de resurser som finns lokalt, hur den lokala ekonomin kan omformas n\u00e4r fiskeindustrin helt har stagnerat. Robin Teigland ber\u00e4ttar om de resurser som finns i form av b\u00e5tar, lokaler och kompetenser som \u00e4r ett arv fr\u00e5n fiskeindustrin. Samtidigt f\u00f6ruts\u00e4ttningarna f\u00f6r surfing som finns, och utmaning\/m\u00f6jlighet med allt skr\u00e4p som d\u00f6ljer sig p\u00e5 havsbottnen.<br><em>&#8221;Build relationships before you need them&#8221;.\u00a0<\/em>I en intressant passage i f\u00f6rel\u00e4sningen ber\u00e4ttar Robin Teigland om v\u00e4rdet av att vara p\u00e5 plats och skapa kontakter, som sedan kan \u00f6ppna upp f\u00f6r spontana m\u00f6jligheter och sammantr\u00e4ffanden.<\/p>\n\n\n\n<p>:::::::::::::::::::::::::::<\/p>\n\n\n\n<h2 class=\"wp-block-heading\">M\u00f6jlighet: <a rel=\"noreferrer noopener\" href=\"https:\/\/samhallsentreprenor.glokala.net\/2018-2019\/grupper\/cafeet-kursforum\/forum\/topic\/tider-for-samtal-projektutveckling\/\" target=\"_blank\">Nya tider f\u00f6r samtal \u2013 projektutveckling<\/a><\/h2>\n\n\n\n<p>Funderar du p\u00e5 n\u00e4sta steg i din id\u00e9utveckling eller hur ditt initiativ kan organiseras?<br>August finns tillg\u00e4nglig f\u00f6r samtal om projekt och id\u00e9er, per  telefon\/digitalt eller p\u00e5 plats i Malm\u00f6 f\u00f6r er som bor i n\u00e4rheten. <a rel=\"noreferrer noopener\" href=\"https:\/\/samhallsentreprenor.glokala.net\/2018-2019\/grupper\/cafeet-kursforum\/forum\/topic\/tider-for-samtal-projektutveckling\/\" target=\"_blank\">L\u00e4s mer och se nya tider h\u00e4r \u2192<\/a><br> Passar ingen av tiderna hittar vi s\u00e5klart en annan tid som passar, h\u00f6r av dig!<\/p>\n\n\n\n<p>Samtalet\n kan vara en m\u00f6jlighet f\u00f6r dig att reflektera kring var du befinner dig \njust nu och vilka n\u00e4sta steg du planerar i de projekt\/initiativ som du \nutvecklar.<\/p>\n","protected":false},"excerpt":{"rendered":"<p>Den h\u00e4r veckan finns det tid f\u00f6r uppgift 5 Exempel p\u00e5 organisering, l\u00e4s hela beskrivningen f\u00f6r uppgiften &#8211;>Inl\u00e4mning kommande m\u00e5ndag: 21 januari.Respons\/kommentarer: 22 januari \u2013 3 februari. En indelning i grupper presenteras 22 januari. Inspiration &#8211; video: Robin Teigland, \u201cPeniche Ocean Watch: Exploring new value creation activities for social impact\u201d Vi h\u00e4mtar en till filmad [&hellip;]<\/p>\n","protected":false},"author":1,"featured_media":0,"parent":557,"menu_order":0,"comment_status":"open","ping_status":"closed","template":"","meta":{"_bbp_topic_count":0,"_bbp_reply_count":0,"_bbp_total_topic_count":0,"_bbp_total_reply_count":0,"_bbp_voice_count":0,"_bbp_anonymous_reply_count":0,"_bbp_topic_count_hidden":0,"_bbp_reply_count_hidden":0,"_bbp_forum_subforum_count":0,"footnotes":""},"class_list":["post-828","page","type-page","status-publish","hentry"],"_links":{"self":[{"href":"https:\/\/samhallsentreprenor.glokala.net\/2018-2019\/wp-json\/wp\/v2\/pages\/828","targetHints":{"allow":["GET"]}}],"collection":[{"href":"https:\/\/samhallsentreprenor.glokala.net\/2018-2019\/wp-json\/wp\/v2\/pages"}],"about":[{"href":"https:\/\/samhallsentreprenor.glokala.net\/2018-2019\/wp-json\/wp\/v2\/types\/page"}],"author":[{"embeddable":true,"href":"https:\/\/samhallsentreprenor.glokala.net\/2018-2019\/wp-json\/wp\/v2\/users\/1"}],"replies":[{"embeddable":true,"href":"https:\/\/samhallsentreprenor.glokala.net\/2018-2019\/wp-json\/wp\/v2\/comments?post=828"}],"version-history":[{"count":2,"href":"https:\/\/samhallsentreprenor.glokala.net\/2018-2019\/wp-json\/wp\/v2\/pages\/828\/revisions"}],"predecessor-version":[{"id":830,"href":"https:\/\/samhallsentreprenor.glokala.net\/2018-2019\/wp-json\/wp\/v2\/pages\/828\/revisions\/830"}],"up":[{"embeddable":true,"href":"https:\/\/samhallsentreprenor.glokala.net\/2018-2019\/wp-json\/wp\/v2\/pages\/557"}],"wp:attachment":[{"href":"https:\/\/samhallsentreprenor.glokala.net\/2018-2019\/wp-json\/wp\/v2\/media?parent=828"}],"curies":[{"name":"wp","href":"https:\/\/api.w.org\/{rel}","templated":true}]}}