{"id":847,"date":"2019-01-16T11:51:11","date_gmt":"2019-01-16T10:51:11","guid":{"rendered":"https:\/\/samhallsentreprenor.glokala.net\/2018-2019\/?page_id=847"},"modified":"2019-02-27T15:55:13","modified_gmt":"2019-02-27T14:55:13","slug":"kurstraff-februari","status":"publish","type":"page","link":"https:\/\/samhallsentreprenor.glokala.net\/2018-2019\/modul-3\/kurstraff-februari\/","title":{"rendered":"Kurstr\u00e4ff 10-11 februari"},"content":{"rendered":"\n<p><a href=\"https:\/\/samhallsentreprenor.glokala.net\/2018-2019\/inspiration\/intryck-bilder-kurstraff-februari\/\"><strong>Intryck &amp; bilder fr\u00e5n dagarna finns h\u00e4r &#8211; l\u00e4nk<\/strong><\/a><strong>!<\/strong><\/p>\n\n\n\n<p>V\u00e4lkommen till kursens andra tr\u00e4ff, med studietur \u00f6ver till K\u00f6penhamn!<br><br>Vi m\u00f6ts tillsammans deltagare fr\u00e5n b\u00e5da kurserna Samh\u00e4llsentrepren\u00f6r &amp; <a rel=\"noreferrer noopener\" aria-label=\"Samh\u00e4llsentrepren\u00f6r f\u00f6rdjupning (opens in a new tab)\" href=\"https:\/\/samhallsentreprenor.glokala.net\/she2\/\" target=\"_blank\">Samh\u00e4llsentrepren\u00f6r f\u00f6rdjupning<\/a>.<\/p>\n\n\n\n<p>S\u00f6ndagen 10 februari tr\u00e4ffas vi i Malm\u00f6 och har mer fokus p\u00e5 utvecklingen f\u00f6r id\u00e9er och initiativ i gruppen. P\u00e5 m\u00e5ndagen tar vi t\u00e5get \u00f6ver till K\u00f6penhamn och m\u00f6ter inspirerande verksamheter d\u00e4r. Programmet formas \u00e4nnu, men jag skickar ut det med detaljer s\u00e5 snart det finns klart!<\/p>\n\n\n\n<p><strong>Tidsramar:<\/strong><br>S\u00f6ndag 10 februari 13:00 &#8211; 18:00<br>M\u00e5ndag 11 februari 8:00 &#8211; 16:30<\/p>\n\n\n\n<p><strong>Anm\u00e4l dig till kurstr\u00e4ffen<\/strong><br>Meddela oss din medverkan senast m\u00e5ndag 4 februari, via formul\u00e4ret: <a rel=\"noreferrer noopener\" aria-label=\"https:\/\/goo.gl\/forms\/JdV77c9ZA3PhFSFl1 (opens in a new tab)\" href=\"https:\/\/goo.gl\/forms\/JdV77c9ZA3PhFSFl1\" target=\"_blank\">https:\/\/goo.gl\/forms\/JdV77c9ZA3PhFSFl1<\/a><\/p>\n\n\n\n<p><strong>Resa till Malm\u00f6<\/strong><br>F\u00f6r l\u00e4ngre resor ger vi ett st\u00f6d f\u00f6r kostnader upp till 750 kr, mot inl\u00e4mning av kvitto\/biljetter.<\/p>\n\n\n\n<p><strong>Resan \u00f6ver till K\u00f6penhamn<\/strong><br>Skolan st\u00e5r f\u00f6r resekostnaden f\u00f6r studiebes\u00f6k i K\u00f6penhamn 11 februari. Gl\u00f6m inte att ta med en gilitig id-handling, d\u00e5 vi kommer att passera id-kontrollen vid bron.<\/p>\n\n\n\n<p><strong>Boende<\/strong><br> Ett alternativ till v\u00e4nner eller kontakter i Malm\u00f6 kan vara:<\/p>\n\n\n\n<ul class=\"wp-block-list\"><li>Turistf\u00f6reningens vandrarhem i city: <a href=\"https:\/\/www.svenskaturistforeningen.se\/anlaggningar\/stf-malmo-city-vandrarhem\/\">https:\/\/www.svenskaturistforeningen.se\/anlaggningar\/stf-malmo-city-vandrarhem\/<\/a><\/li><li>Rut och Rangnars vandrarhem&nbsp;<a href=\"http:\/\/www.rutochragnars.se\/\">http:\/\/www.rutochragnars.se\/<\/a><\/li><li>H\u00f6r av dig om du beh\u00f6ver andra tips eller hj\u00e4lp med \u00f6vernattning.<\/li><\/ul>\n\n\n\n<p><strong>Mat under dagarna<\/strong><br>S\u00f6ndag bjuder vi p\u00e5 lunch &amp; fika. Under m\u00e5ndagen bjuder vi p\u00e5 fika men lunch st\u00e5r du sj\u00e4lv f\u00f6r.<\/p>\n\n\n\n<p><strong>Hitta hit<br><\/strong>Vi m\u00f6ts s\u00f6ndag kl 13:00 i Glokalas lokaler <a rel=\"noreferrer noopener\" href=\"http:\/\/glokala.se\/underverket\" target=\"_blank\">\u201dUnderverket\u201d<\/a>, ing\u00e5ng genom garagenedfart i korsningen Hasselgatan och Bokgatan. Karta: <a rel=\"noreferrer noopener\" href=\"https:\/\/goo.gl\/maps\/cFN4MQuBvo72\" target=\"_blank\">https:\/\/goo.gl\/maps\/cFN4MQuBvo72<\/a><\/p>\n\n\n\n<p>Fr\u00e5n Malm\u00f6 central g\u00e5r buss 32 som stannar n\u00e4ra, med h\u00e5llplats \u201dMalm\u00f6 Ystadsgatan\u201d.<br>Fr\u00e5n station Triangeln g\u00e5r buss 35 med h\u00e5llplats \u201dMalm\u00f6 Rolfsgatan\u201d. F\u00f6r busstider se: <a rel=\"noreferrer noopener\" href=\"http:\/\/www.skanetrafiken.se\/\" target=\"_blank\">http:\/\/www.skanetrafiken.se\/<\/a><\/p>\n\n\n\n<p>:::::::::::::::::::::::::::::<\/p>\n\n\n\n<p><strong>Prelimin\u00e4rt program f\u00f6r dagarna:<\/strong><\/p>\n\n\n\n<h3 class=\"wp-block-heading\"><strong>S\u00f6ndag 10 februari<\/strong><\/h3>\n\n\n\n<div class=\"wp-block-image\"><figure class=\"alignright is-resized\"><a href=\"https:\/\/glokala.se\/underverket\" target=\"_blank\" rel=\"noreferrer noopener\"><img loading=\"lazy\" decoding=\"async\" src=\"https:\/\/samhallsentreprenor.glokala.net\/2018-2019\/wp-content\/uploads\/2019\/01\/underverket-600x222-500x185.jpg\" alt=\"\" class=\"wp-image-897\" width=\"300\" height=\"111\" srcset=\"https:\/\/samhallsentreprenor.glokala.net\/2018-2019\/wp-content\/uploads\/2019\/01\/underverket-600x222-500x185.jpg 500w, https:\/\/samhallsentreprenor.glokala.net\/2018-2019\/wp-content\/uploads\/2019\/01\/underverket-600x222.jpg 600w\" sizes=\"auto, (max-width: 300px) 100vw, 300px\" \/><\/a><\/figure><\/div>\n\n\n\n<p>Samling i <a href=\"http:\/\/glokala.se\/underverket\" target=\"_blank\" rel=\"noreferrer noopener\" aria-label=\"\u201dUnderverket\u201d (opens in a new tab)\">\u201dUnderverket\u201d<\/a>, ing\u00e5ng genom garagenedfart i korsningen Hasselgatan och Bokgatan. Karta: <a href=\"https:\/\/goo.gl\/maps\/cFN4MQuBvo72\">https:\/\/goo.gl\/maps\/cFN4MQuBvo72<\/a><\/p>\n\n\n\n<p><strong>13:00 V\u00e4lkomna, med lunch!<\/strong> Intro till dagarna.<\/p>\n\n\n\n<p><strong>(13:30 Reflektions\u00f6vning:<\/strong> Vilken tid \u00e4r det i v\u00e4rlden?)<\/p>\n\n\n<p><strong>13:45 Bes\u00f6k i &#8221;Vardagsrummet&#8221;<\/strong> (n\u00e4ra Underverket)<br \/>Tanu i kursen (Samh\u00e4llsentrepren\u00f6r) ber\u00e4ttar om p\u00e5g\u00e5ende process med kvarterslokalen Vardagsrummet d\u00e4r boende involveras, och samarbetet med MKB (Malm\u00f6s kommunala bostadsbolag).<br \/><a href=\"https:\/\/www.sydsvenskan.se\/2015-01-28\/alla-under-samma-tak--var-for-sig\" target=\"_blank\" rel=\"noreferrer noopener\" aria-label=\"L\u00e4s en \u00e4ldre artikel fr\u00e5n 2015 om kvarteret och lokalen Vardagsrummet --&gt; (opens in a new tab)\"><em>L\u00e4s en \u00e4ldre artikel fr\u00e5n 2015 om kvarteret och lokalen Vardagsrummet &#8211;&gt;<\/em><\/a><\/p>\n<p><strong>14:20 ca Fika<\/strong> i Underverket<\/p>\n<p><strong><img loading=\"lazy\" decoding=\"async\" class=\"alignright \" src=\"https:\/\/sqisyd.files.wordpress.com\/2017\/08\/tumblr_o4tud2wvga1s63j1co1_1280.jpg?w=840\" width=\"201\" height=\"134\" \/>14:45 M\u00f6te med <a href=\"https:\/\/sqisyd.wordpress.com\/\" target=\"_blank\" rel=\"noreferrer noopener\" aria-label=\"Svenskt HBTQ Initiativ - SQI Syd (opens in a new tab)\">Svenskt HBTQ Initiativ &#8211; SQI Syd<\/a><\/strong><br \/>&#8221;We are a group of queer people of color who wants to speak out, to represent and to be there for each other.&#8221; <br \/>Presentation och samtal med en av de drivande i initiativet. Hur startade initiativet och vilken verksamhet \u00e4r det som de utvecklar?<\/p>\n<p><strong>15:45 \u2013 ca 17:30 Fokus p\u00e5 utvecklingen i initiativ\/projekt i gruppen<\/strong><br \/>Presentation fr\u00e5n var och en, gemensam feedback. F\u00f6rbered g\u00e4rna fr\u00e5gor, saker du funderar \u00f6ver i din utveckling, som du g\u00e4rna vill f\u00e5 input p\u00e5.<\/p>\n<p>\/\/ Fri kv\u00e4ll! \/\/<\/p>\n<h3><strong>M\u00e5ndag 11 februari<\/strong><\/h3>\n<p><strong>Samlingsplats 8:00:<\/strong><br \/>Vi samlas vid t\u00e5gstation Triangeln 8.00, i markplan vid s\u00f6dra uppg\u00e5ngen mot Smedjegatan (Bo Widerbergs plats, Tandl\u00e4karh\u00f6gskolan). Karta: <a href=\"https:\/\/goo.gl\/maps\/pxUDxU5VGPB2\">https:\/\/goo.gl\/maps\/pxUDxU5VGPB2<\/a><\/p>\n<p><strong>8:00 Samling vid station Triangeln<\/strong> och resa \u00f6ver till K\u00f6penhamn<\/p>\n<p><strong><img loading=\"lazy\" decoding=\"async\" class=\"alignright \" src=\"https:\/\/kph-projects.dk\/wp-content\/uploads\/2018\/09\/KPH-Projects-45.jpg\" width=\"360\" height=\"240\" \/>9:30 &#8211; 11:00 Bes\u00f6k hos <a href=\"https:\/\/kph-projects.dk\/\">KPH Projects<\/a><\/strong><\/p>\n<p>KPH \u00e4r ett projekthus och en gemenskap f\u00f6r sociala och innovativa startups och sm\u00e5<br \/>v\u00e4xande f\u00f6retag. KPH verkar f\u00f6r att f\u00f6rb\u00e4ttra samh\u00e4llet, och de verksamheter, organisationer och f\u00f6retag som ing\u00e5r i KPH jobbar mot sociala, kulturella eller mijl\u00f6m\u00e4ssiga m\u00e5l.<\/p>\n<p>Vi m\u00f6ter Conor som \u00e4r &#8221;Head of Innovation&#8221; och tre verksamheter som sitter p\u00e5 KPH:<\/p>\n<ul>\n<li><a href=\"https:\/\/www.kaffebueno.com\/\">Kaffe Bueno<\/a> &#8211; creating a circular economy around coffee by, Recycling coffee grounds to extract oil and nutrients into beauty and health products.<\/li>\n<li><a href=\"https:\/\/beta.asosio.com\/\">Asosio<\/a> &#8211; An online platform that helps bring communities together and allows them to create positive action, through collaboration and social cohesion.<\/li>\n<li><a href=\"https:\/\/kph-projects.dk\/da\/pf\/kunst-ud-til-folket\/\">Culture to the people<\/a> &#8211; Rethinking the way soceity interacts with art and culture &#8211; encouraging more people to think creatively and outside the box.<\/li>\n<\/ul>\n<p><strong>12:00 &#8211; 13:00 Bes\u00f6k hos <a href=\"http:\/\/bybi.dk\/\">Bybi<\/a> &#8211; biodlingar p\u00e5 K\u00f6penhamns tak<\/strong><\/p>\n<p><strong><img loading=\"lazy\" decoding=\"async\" class=\"size-medium alignnone\" src=\"https:\/\/bybi.dk\/wp-content\/themes\/bybi\/img\/bee\/logo.png\" width=\"206\" height=\"167\" \/><\/strong><\/p>\n<p>Sedan 2011 har <a href=\"http:\/\/bybi.dk\/\" target=\"_blank\" rel=\"noopener noreferrer\">Bybi<\/a> involverat heml\u00f6sa och asyls\u00f6kande i att jobba med utplacerade bikupor p\u00e5 olika platser i K\u00f6penhamn. Genom f\u00f6rs\u00e4ljning, samarbeten och sponsorskap utvecklas verksamhetsmodellen.<\/p>\n<p><img loading=\"lazy\" decoding=\"async\" class=\"\" src=\"https:\/\/i2.wp.com\/bybi.dk\/wp-content\/themes\/bybi\/img\/bee\/team\/team.png?resize=664%2C594\" alt=\"\" width=\"491\" height=\"439\" \/><\/p>\n<p><strong>13:00 Lunchpaus<\/strong><\/p>\n<p><strong>14:30 &#8211; 15:30 <del><a href=\"http:\/\/www.creativeactions.com\/\">Creative Actions<\/a> &#8211; Local empowerment with participatory arts<\/del><\/strong><\/p>\n<p><del>Vid Bl\u00e5g\u00e5rds plads (<span class=\"st\">N\u00f8rrebro<\/span>) m\u00f6ter vi Karoline H Larsen som arbetar med deltagande konst i stadsrummet.<\/del><\/p>\n<p>F\u00f6r\u00e4ndring: <a href=\"https:\/\/www.beyondcoffee.dk\/\" target=\"_blank\" rel=\"noopener noreferrer\"><strong>Bes\u00f6k hos Beyond Coffee<\/strong><\/a> som odlar svamp i kaffesump, i containers mitt i K\u00f6penhamn.<\/p>\n<p><strong>15:30 &#8211; 16:30 Resa tillbaka till Malm\u00f6<\/strong><\/p>","protected":false},"excerpt":{"rendered":"<p>Intryck &amp; bilder fr\u00e5n dagarna finns h\u00e4r &#8211; l\u00e4nk! V\u00e4lkommen till kursens andra tr\u00e4ff, med studietur \u00f6ver till K\u00f6penhamn! Vi m\u00f6ts tillsammans deltagare fr\u00e5n b\u00e5da kurserna Samh\u00e4llsentrepren\u00f6r &amp; Samh\u00e4llsentrepren\u00f6r f\u00f6rdjupning. S\u00f6ndagen 10 februari tr\u00e4ffas vi i Malm\u00f6 och har mer fokus p\u00e5 utvecklingen f\u00f6r id\u00e9er och initiativ i gruppen. P\u00e5 m\u00e5ndagen tar vi t\u00e5get \u00f6ver [&hellip;]<\/p>\n","protected":false},"author":1,"featured_media":0,"parent":850,"menu_order":0,"comment_status":"open","ping_status":"closed","template":"","meta":{"_bbp_topic_count":0,"_bbp_reply_count":0,"_bbp_total_topic_count":0,"_bbp_total_reply_count":0,"_bbp_voice_count":0,"_bbp_anonymous_reply_count":0,"_bbp_topic_count_hidden":0,"_bbp_reply_count_hidden":0,"_bbp_forum_subforum_count":0,"footnotes":""},"class_list":["post-847","page","type-page","status-publish","hentry"],"_links":{"self":[{"href":"https:\/\/samhallsentreprenor.glokala.net\/2018-2019\/wp-json\/wp\/v2\/pages\/847","targetHints":{"allow":["GET"]}}],"collection":[{"href":"https:\/\/samhallsentreprenor.glokala.net\/2018-2019\/wp-json\/wp\/v2\/pages"}],"about":[{"href":"https:\/\/samhallsentreprenor.glokala.net\/2018-2019\/wp-json\/wp\/v2\/types\/page"}],"author":[{"embeddable":true,"href":"https:\/\/samhallsentreprenor.glokala.net\/2018-2019\/wp-json\/wp\/v2\/users\/1"}],"replies":[{"embeddable":true,"href":"https:\/\/samhallsentreprenor.glokala.net\/2018-2019\/wp-json\/wp\/v2\/comments?post=847"}],"version-history":[{"count":12,"href":"https:\/\/samhallsentreprenor.glokala.net\/2018-2019\/wp-json\/wp\/v2\/pages\/847\/revisions"}],"predecessor-version":[{"id":1112,"href":"https:\/\/samhallsentreprenor.glokala.net\/2018-2019\/wp-json\/wp\/v2\/pages\/847\/revisions\/1112"}],"up":[{"embeddable":true,"href":"https:\/\/samhallsentreprenor.glokala.net\/2018-2019\/wp-json\/wp\/v2\/pages\/850"}],"wp:attachment":[{"href":"https:\/\/samhallsentreprenor.glokala.net\/2018-2019\/wp-json\/wp\/v2\/media?parent=847"}],"curies":[{"name":"wp","href":"https:\/\/api.w.org\/{rel}","templated":true}]}}