{"id":850,"date":"2019-01-16T14:44:22","date_gmt":"2019-01-16T13:44:22","guid":{"rendered":"https:\/\/samhallsentreprenor.glokala.net\/2018-2019\/?page_id=850"},"modified":"2019-03-18T12:34:24","modified_gmt":"2019-03-18T11:34:24","slug":"modul-3","status":"publish","type":"page","link":"https:\/\/samhallsentreprenor.glokala.net\/2018-2019\/modul-3\/","title":{"rendered":"Modul 3"},"content":{"rendered":"\n<p><strong>Tidsperiod modul 3:<\/strong> 21 januari \u2013 24 mars<\/p>\n\n\n\n<h2 class=\"wp-block-heading\">Inneh\u00e5ll under modulen:<\/h2>\n\n\n\n<p><strong>Ekonomi och finansiering<\/strong><br>Det kan tyckas paradoxalt, men trots att det handlar om verksamhet som  saknar personligt vinstintresse m\u00e5ste man \u00e4gna stort intresse \u00e5t  ekonomiska fr\u00e5gor. Skillnaden \u00e4r naturligtvis att man har annat fokus \u00e4n  i en vinstdrivande verksamhet, och \u00e4ven andra m\u00f6jligheter. Men utan en  ordentlig budget l\u00e4r man inte f\u00e5 igenom en projektans\u00f6kan och om man  inte tagit med alla kostnader i sin offert, kanske man inte kan  genomf\u00f6ra det hela som man t\u00e4nkt. I det h\u00e4r momentet tittar vi \u00e4ven p\u00e5 nya innovativa initiativ f\u00f6r en mer h\u00e5llbar ekonomi. <\/p>\n\n\n\n<p><strong>F\u00e5nga intresset<\/strong><br>Vi tittar p\u00e5 hur man kan kommunicera f\u00f6r att p\u00e5 b\u00e4sta s\u00e4tt f\u00f6rmedla sin vision, och f\u00f6rdjupar oss \u00e4ven i strategiskt arbete med sociala medier.<\/p>\n\n\n\n<h4 class=\"wp-block-heading\">Studiematerial<\/h4>\n\n\n\n<p>H\u00e4r hittar du det studiematerial i text som vi planerar att anv\u00e4nda. L\u00e4sanvisningar ges respektive vecka.<br><a href=\"https:\/\/samhallsentreprenor.glokala.net\/2018-2019\/modul-3\/studiematerial-modul-3\/\">Studiematerial \u2013 modul 3 \u2192<\/a><\/p>\n\n\n\n<h4 class=\"wp-block-heading\">Modulens veckoteman<\/h4>\n\n\n\n<p><strong>Veckoteman jan\/februari<\/strong><\/p>\n\n\n\n<p><a href=\"https:\/\/samhallsentreprenor.glokala.net\/2018-2019\/modul-3\/v-4-intro-modul-3\/\">v 4: Introduktion modul 3<\/a><br><a href=\"https:\/\/samhallsentreprenor.glokala.net\/2018-2019\/modul-3\/v-5-fanga-intresset\/\">v 5: F\u00e5nga intresset.<\/a> <a href=\"https:\/\/samhallsentreprenor.glokala.net\/2018-2019\/grupper\/upg-6-pitch\/\">Uppgift 6: Pitch!<\/a> Inl\u00e4mning 13 feb.<br><a href=\"https:\/\/samhallsentreprenor.glokala.net\/2018-2019\/modul-3\/v6-resurser\/\">v 6: Resurser f\u00f6r samh\u00e4llsentrepren\u00f6rskap <\/a><br><a href=\"https:\/\/samhallsentreprenor.glokala.net\/2018-2019\/modul-3\/kurstraff-februari\/\">Kurstr\u00e4ff 10-11 februari, Malm\u00f6\/K\u00f6penhamn<\/a>.<br><a href=\"https:\/\/samhallsentreprenor.glokala.net\/2018-2019\/modul-3\/v-7-soka-pengar-projektbudget-och-sociala-bokslut\/\">v 7: S\u00f6ka pengar, projektbudget och sociala bokslut<\/a><br><a rel=\"noreferrer noopener\" aria-label=\"v 8: Webinar om finansiering (opens in a new tab)\" href=\"https:\/\/samhallsentreprenor.glokala.net\/2018-2019\/modul-3\/v8-webinar-uppgift-7\/\" target=\"_blank\">v 8: Webinar om finansiering<\/a>. <a href=\"https:\/\/samhallsentreprenor.glokala.net\/2018-2019\/modul-3\/upg7-strategier-finansiering\/\">Uppgift 7: Strategier f\u00f6r finansiering &amp; h\u00e5llbar ekonomi<\/a>. Inl\u00e4mning 11 mars. <br><a href=\"https:\/\/samhallsentreprenor.glokala.net\/2018-2019\/modul-3\/v-9-tid-upg-7\/\">v 9: Tid f\u00f6r uppgift 7 + inspiration<\/a><\/p>\n\n\n\n<p><strong>Veckoteman mars<\/strong><\/p>\n\n\n\n<p><a href=\"https:\/\/samhallsentreprenor.glokala.net\/2018-2019\/modul-3\/v-10-arbeta-med-sociala-medier\/\">v 10: Arbeta med sociala medier<\/a><br><a href=\"https:\/\/samhallsentreprenor.glokala.net\/2018-2019\/modul-3\/v-11-sociala-medier-fordjupning-upg-8\/\">v 11: Arbeta med sociala medier, f\u00f6rdjupning.<\/a> <a href=\"https:\/\/samhallsentreprenor.glokala.net\/2018-2019\/grupper\/upg-8-publiceringsplan\/\">Uppgift 8: Publiceringsplan<\/a>. Inl\u00e4mning 25 mars.<br><a href=\"https:\/\/samhallsentreprenor.glokala.net\/2018-2019\/modul-3\/v-12-tid-for-upg-8-inspiration-crowdfunding\/\">v 12: Tid f\u00f6r uppgift + inspiration crowdfunding<\/a><\/p>\n\n\n\n<h4 class=\"wp-block-heading\">Uppgifter<\/h4>\n\n\n\n<p>Under modul 3 genomf\u00f6r du uppgift 6, 7 och 8.<\/p>\n\n\n\n<p><em><strong>Uppsamlings-datum<\/strong> f\u00f6r uppgifterna under modul 3: 29 april.<\/em><\/p>\n\n\n\n<figure class=\"wp-block-image\"><img loading=\"lazy\" decoding=\"async\" width=\"1024\" height=\"768\" src=\"https:\/\/samhallsentreprenor.glokala.net\/2018-2019\/wp-content\/uploads\/2019\/01\/photo-1024x768-1024x768.jpg\" alt=\"\" class=\"wp-image-853\" srcset=\"https:\/\/samhallsentreprenor.glokala.net\/2018-2019\/wp-content\/uploads\/2019\/01\/photo-1024x768.jpg 1024w, https:\/\/samhallsentreprenor.glokala.net\/2018-2019\/wp-content\/uploads\/2019\/01\/photo-1024x768-500x375.jpg 500w, https:\/\/samhallsentreprenor.glokala.net\/2018-2019\/wp-content\/uploads\/2019\/01\/photo-1024x768-768x576.jpg 768w, https:\/\/samhallsentreprenor.glokala.net\/2018-2019\/wp-content\/uploads\/2019\/01\/photo-1024x768-624x468.jpg 624w\" sizes=\"auto, (max-width: 1024px) 100vw, 1024px\" \/><\/figure>\n","protected":false},"excerpt":{"rendered":"<p>Tidsperiod modul 3: 21 januari \u2013 24 mars Inneh\u00e5ll under modulen: Ekonomi och finansieringDet kan tyckas paradoxalt, men trots att det handlar om verksamhet som saknar personligt vinstintresse m\u00e5ste man \u00e4gna stort intresse \u00e5t ekonomiska fr\u00e5gor. Skillnaden \u00e4r naturligtvis att man har annat fokus \u00e4n i en vinstdrivande verksamhet, och \u00e4ven andra m\u00f6jligheter. Men utan [&hellip;]<\/p>\n","protected":false},"author":1,"featured_media":0,"parent":0,"menu_order":0,"comment_status":"open","ping_status":"closed","template":"","meta":{"_bbp_topic_count":0,"_bbp_reply_count":0,"_bbp_total_topic_count":0,"_bbp_total_reply_count":0,"_bbp_voice_count":0,"_bbp_anonymous_reply_count":0,"_bbp_topic_count_hidden":0,"_bbp_reply_count_hidden":0,"_bbp_forum_subforum_count":0,"footnotes":""},"class_list":["post-850","page","type-page","status-publish","hentry"],"_links":{"self":[{"href":"https:\/\/samhallsentreprenor.glokala.net\/2018-2019\/wp-json\/wp\/v2\/pages\/850","targetHints":{"allow":["GET"]}}],"collection":[{"href":"https:\/\/samhallsentreprenor.glokala.net\/2018-2019\/wp-json\/wp\/v2\/pages"}],"about":[{"href":"https:\/\/samhallsentreprenor.glokala.net\/2018-2019\/wp-json\/wp\/v2\/types\/page"}],"author":[{"embeddable":true,"href":"https:\/\/samhallsentreprenor.glokala.net\/2018-2019\/wp-json\/wp\/v2\/users\/1"}],"replies":[{"embeddable":true,"href":"https:\/\/samhallsentreprenor.glokala.net\/2018-2019\/wp-json\/wp\/v2\/comments?post=850"}],"version-history":[{"count":13,"href":"https:\/\/samhallsentreprenor.glokala.net\/2018-2019\/wp-json\/wp\/v2\/pages\/850\/revisions"}],"predecessor-version":[{"id":1216,"href":"https:\/\/samhallsentreprenor.glokala.net\/2018-2019\/wp-json\/wp\/v2\/pages\/850\/revisions\/1216"}],"wp:attachment":[{"href":"https:\/\/samhallsentreprenor.glokala.net\/2018-2019\/wp-json\/wp\/v2\/media?parent=850"}],"curies":[{"name":"wp","href":"https:\/\/api.w.org\/{rel}","templated":true}]}}