{"id":854,"date":"2019-01-16T14:46:59","date_gmt":"2019-01-16T13:46:59","guid":{"rendered":"https:\/\/samhallsentreprenor.glokala.net\/2018-2019\/?page_id=854"},"modified":"2019-02-25T10:05:51","modified_gmt":"2019-02-25T09:05:51","slug":"studiematerial-modul-3","status":"publish","type":"page","link":"https:\/\/samhallsentreprenor.glokala.net\/2018-2019\/modul-3\/studiematerial-modul-3\/","title":{"rendered":"Studiematerial &#8211; Modul 3"},"content":{"rendered":"\n<p> I samband med teman\/f\u00f6rel\u00e4sningar kommer l\u00e4sanvisningar att anges. <\/p>\n\n\n\n<h4 class=\"wp-block-heading\">Artiklar:<\/h4>\n\n\n\n<p>\u201d<a href=\"http:\/\/www.helasverige.se\/fileadmin\/user_upload\/HSSL_Kansli\/PDF\/Skriftserien\/lokap_2012_low.pdf\">Lokal finansiering \u2013 S\u00e5 gjorde vi<\/a>\u201d (2012)<br> Fr\u00e5n <a rel=\"noreferrer noopener\" href=\"http:\/\/www.helasverige.se\/om-oss\/det-haer-aer-vi\/\" target=\"_blank\">Hela Sverige ska leva<\/a>.<\/p>\n\n\n\n<p>\u201d<a href=\"http:\/\/www.seedsforchange.org.uk\/funding.pdf\">Fundraising for activists<\/a>\u201d<br>\nFr\u00e5n <a href=\"http:\/\/www.seedsforchange.org.uk\/resources\" target=\"_blank\" rel=\"noreferrer noopener\">Seeds for Change<\/a>.<\/p>\n\n\n\n<p><a href=\"http:\/\/www.samhallsentreprenor.glokala.se\/2013-2014\/wp-content\/uploads\/2014\/03\/Handbok-Att-lyckas-med-finansieringen.pdf\" target=\"_blank\" rel=\"noreferrer noopener\">Handbok \u2013 Att lyckas med finansieringen \u2013 pdf<br>\n<\/a>Praktisk guide f\u00f6r sociala entrepren\u00f6rer (CSES, 2013)<\/p>\n\n\n\n<p><a href=\"http:\/\/www.kulturanalys.se\/wp-content\/uploads\/2013\/02\/Omvarldsanalys_-Crowdfunding_2013.pdf\" target=\"_blank\" rel=\"noreferrer noopener\">\u201dJakten p\u00e5 medborgarfinansiering: en omv\u00e4rldsanalys av crowdfunding\u201d \u2013 l\u00e4nk till pdf<\/a> (2013)<\/p>\n\n\n\n<p><a href=\"http:\/\/socialinnovation.se\/wp-content\/uploads\/2012\/07\/ABC_web.pdf\" target=\"_blank\" rel=\"noreferrer noopener\">\u201dABC i social innovation och finansiering\u201d (pdf)<\/a>Fr\u00e5n M\u00f6tesplatsen f\u00f6r social innovation &amp; samh\u00e4llsentrepren\u00f6rskap (2012)<\/p>\n\n\n\n<p><em>Westanders pr-handbok 2019<\/em>. <a rel=\"noreferrer noopener\" href=\"http:\/\/www.westander.se\/pr-handboken\/ladda-ner-pr-handboken\/\" target=\"_blank\">L\u00e4nk till nedladdningssida \u2013 westander.se<\/a><\/p>\n\n\n\n<h4 class=\"wp-block-heading\">F\u00f6rdjupningstexter \/ b\u00f6cker (f\u00f6r den som vill g\u00e5 ett steg l\u00e4ngre):<\/h4>\n\n\n\n<p><a href=\"https:\/\/helasverige.se\/fileadmin\/user_upload\/HSSL_Kansli\/PDF\/Projekten\/lokal_finansiering\/handbok_2015.laett.pdf\" target=\"_blank\" rel=\"noreferrer noopener\" aria-label=\"\u201dNya handboken i lokal finansiering\u201d (opens in a new tab)\">\u201dNya handboken i lokal finansiering\u201d<\/a> (2015)<br> Fr\u00e5n Hela Sverige ska leva!<\/p>\n\n\n\n<p><a href=\"http:\/\/socialinnovation.se\/wp-content\/uploads\/2014\/12\/MSI_Impact-investing_A4_LowRes_141211.pdf\" target=\"_blank\" rel=\"noreferrer noopener\">\u201cNya finansieringsformer f\u00f6r social innovation \u2013 En internationell utblick om impact investment\u201d \u2013 pdf<\/a><br>\nM\u00f6tesplats Social Innovation, 2014<\/p>\n\n\n\n<p>\u201c<a href=\"http:\/\/idealistas.se\/utgivet\/gilla\/\"><em>Gilla! \u2013 dela engagemang, passion och id\u00e9er via sociala medier<\/em><\/a>\u201d<br>\nBrit Stakston, 2016. Idealistas f\u00f6rlag.<\/p>\n\n\n\n<p><em>The Crowdfunding Bible<\/em><br>\nScott Steinberg, 2012. <a href=\"http:\/\/www.crowdfundingguides.com\/The%20Crowdfunding%20Bible.pdf\" target=\"_blank\" rel=\"noreferrer noopener\">L\u00e4nk till pdf.<\/a><\/p>\n\n\n\n<p>\u201dSocialt bokslut. Ett v\u00e4gledningsmaterial f\u00f6r att synligg\u00f6ra f\u00f6reningens sociala v\u00e4rden.\u201d<br>\nFr\u00e5n MIP och MISO, samarbetsorganisationer f\u00f6r f\u00f6reningslivet i Malm\u00f6. <a href=\"http:\/\/www.samhallsentreprenor.glokala.se\/2011-2012\/wp-content\/uploads\/2012\/01\/socialtbokslut.pdf\" target=\"_blank\" rel=\"noreferrer noopener\">L\u00e4nk till pdf \u2013 klicka h\u00e4r!<\/a><\/p>\n\n\n\n<p>David Roodman: \u201dWhat Do We Really Know About Microfinance\u2019s Impact?\u201d<br> <a rel=\"noreferrer noopener\" href=\"http:\/\/www.microfinancegateway.org\/p\/site\/m\/template.rc\/1.26.11408\/\" target=\"_blank\">L\u00e4nk till artikel \u2013 klicka h\u00e4r!<\/a><\/p>\n\n\n\n<p><a href=\"https:\/\/www.globalutmaning.se\/rapporter\/ett-sverige-dar-anstallda-ager\/\" target=\"_blank\" rel=\"noreferrer noopener\" aria-label=\"&quot;Ett Sverige d\u00e4r anst\u00e4llda \u00e4ger&quot; (opens in a new tab)\">&#8221;Ett Sverige d\u00e4r anst\u00e4llda \u00e4ger&#8221;<\/a> (2018)<br>Sophie Nachemson-Ekwall, Global Utmaning<\/p>\n","protected":false},"excerpt":{"rendered":"<p>I samband med teman\/f\u00f6rel\u00e4sningar kommer l\u00e4sanvisningar att anges. Artiklar: \u201dLokal finansiering \u2013 S\u00e5 gjorde vi\u201d (2012) Fr\u00e5n Hela Sverige ska leva. \u201dFundraising for activists\u201d Fr\u00e5n Seeds for Change. Handbok \u2013 Att lyckas med finansieringen \u2013 pdf Praktisk guide f\u00f6r sociala entrepren\u00f6rer (CSES, 2013) \u201dJakten p\u00e5 medborgarfinansiering: en omv\u00e4rldsanalys av crowdfunding\u201d \u2013 l\u00e4nk till pdf (2013) [&hellip;]<\/p>\n","protected":false},"author":1,"featured_media":0,"parent":850,"menu_order":0,"comment_status":"open","ping_status":"closed","template":"","meta":{"_bbp_topic_count":0,"_bbp_reply_count":0,"_bbp_total_topic_count":0,"_bbp_total_reply_count":0,"_bbp_voice_count":0,"_bbp_anonymous_reply_count":0,"_bbp_topic_count_hidden":0,"_bbp_reply_count_hidden":0,"_bbp_forum_subforum_count":0,"footnotes":""},"class_list":["post-854","page","type-page","status-publish","hentry"],"_links":{"self":[{"href":"https:\/\/samhallsentreprenor.glokala.net\/2018-2019\/wp-json\/wp\/v2\/pages\/854","targetHints":{"allow":["GET"]}}],"collection":[{"href":"https:\/\/samhallsentreprenor.glokala.net\/2018-2019\/wp-json\/wp\/v2\/pages"}],"about":[{"href":"https:\/\/samhallsentreprenor.glokala.net\/2018-2019\/wp-json\/wp\/v2\/types\/page"}],"author":[{"embeddable":true,"href":"https:\/\/samhallsentreprenor.glokala.net\/2018-2019\/wp-json\/wp\/v2\/users\/1"}],"replies":[{"embeddable":true,"href":"https:\/\/samhallsentreprenor.glokala.net\/2018-2019\/wp-json\/wp\/v2\/comments?post=854"}],"version-history":[{"count":3,"href":"https:\/\/samhallsentreprenor.glokala.net\/2018-2019\/wp-json\/wp\/v2\/pages\/854\/revisions"}],"predecessor-version":[{"id":1090,"href":"https:\/\/samhallsentreprenor.glokala.net\/2018-2019\/wp-json\/wp\/v2\/pages\/854\/revisions\/1090"}],"up":[{"embeddable":true,"href":"https:\/\/samhallsentreprenor.glokala.net\/2018-2019\/wp-json\/wp\/v2\/pages\/850"}],"wp:attachment":[{"href":"https:\/\/samhallsentreprenor.glokala.net\/2018-2019\/wp-json\/wp\/v2\/media?parent=854"}],"curies":[{"name":"wp","href":"https:\/\/api.w.org\/{rel}","templated":true}]}}