{"id":867,"date":"2019-01-21T09:53:11","date_gmt":"2019-01-21T08:53:11","guid":{"rendered":"https:\/\/samhallsentreprenor.glokala.net\/2018-2019\/?page_id=867"},"modified":"2019-01-21T11:10:57","modified_gmt":"2019-01-21T10:10:57","slug":"v-4-intro-modul-3","status":"publish","type":"page","link":"https:\/\/samhallsentreprenor.glokala.net\/2018-2019\/modul-3\/v-4-intro-modul-3\/","title":{"rendered":"v 4 Intro till Modul 3"},"content":{"rendered":"\n<p><strong>Tid f\u00f6r inl\u00e4mning 21 jan,<\/strong> <a href=\"https:\/\/samhallsentreprenor.glokala.net\/2018-2019\/modul-2\/uppgift-5-exempel-pa-organisering\/\">uppgift 5 Exempel p\u00e5 organisering &#8211;><\/a><\/p>\n\n\n\n<p>::::::::::::::::::::<\/p>\n\n\n\n<p>V\u00e4lkommen till modul 3! <strong><a rel=\"noreferrer noopener\" aria-label=\"Introduktion till modulen (opens in a new tab)\" href=\"https:\/\/vimeo.com\/312476143\/406fda5028\" target=\"_blank\">Introduktion till modulen<\/a><\/strong> och veckans material som vi startar med:<\/p>\n\n\n\n<figure class=\"wp-block-embed-vimeo wp-block-embed is-type-video is-provider-vimeo wp-embed-aspect-16-9 wp-has-aspect-ratio\"><div class=\"wp-block-embed__wrapper\">\n<iframe loading=\"lazy\" title=\"Intro - Modul 3\" src=\"https:\/\/player.vimeo.com\/video\/312476143?h=406fda5028&amp;dnt=1&amp;app_id=122963\" width=\"500\" height=\"281\" frameborder=\"0\" allow=\"autoplay; fullscreen; picture-in-picture; clipboard-write\"><\/iframe>\n<\/div><\/figure>\n\n\n\n<p class=\"has-small-font-size\"><em>(Ernst Wigforss-citatet \u00e4r h\u00e4mtat ur <\/em><a rel=\"noreferrer noopener\" aria-label=\"den h\u00e4r artikeln p\u00e5 Aftonbladets kultursidor (opens in a new tab)\" href=\"https:\/\/www.aftonbladet.se\/kultur\/a\/1kaRaM\/darfor-kan-vansterpartiet-saga-nej-till-lofven\" target=\"_blank\"><em>den h\u00e4r artikeln av Olle Svenning p\u00e5 Aftonbladets kultursidor<\/em><\/a><em>, 12 januari 2019)<\/em><\/p>\n\n\n\n<p><strong><a href=\"https:\/\/samhallsentreprenor.glokala.net\/2018-2019\/modul-3\/\">Planering f\u00f6r Modul 3 &#8211; \u00f6versikt &#8211;&gt;<\/a><\/strong><\/p>\n\n\n\n<h2 class=\"wp-block-heading\">Video (15 min): <a href=\"https:\/\/www.ted.com\/talks\/kate_raworth_a_healthy_economy_should_be_designed_to_thrive_not_grow\" target=\"_blank\" rel=\"noreferrer noopener\">A healthy economy should be designed to thrive, not grow<\/a><\/h2>\n\n\n\n<p>Vi lyssnar till Kate Raworth n\u00e4r hon presenterar sin modell The Doughnut Economy \u2013 en modell f\u00f6r att beskriva en ekonomi inom planetens gr\u00e4nser.<\/p>\n\n\n\n<p>Syftet \u00e4r b\u00e5de att l\u00e4ra k\u00e4nna hennes arbete och de perspektiv hon presenterar, men det \u00e4r ocks\u00e5 ett tillf\u00e4lle att fundera \u00f6ver vilken systemf\u00f6r\u00e4ndring vi arbetar f\u00f6r p\u00e5 l\u00e4ngre sikt?<\/p>\n\n\n\n<p>Tips! Anv\u00e4nd engelska textningen f\u00f6r att l\u00e4ttare f\u00f6lja med.<\/p>\n\n\n\n<figure class=\"wp-block-embed-ted wp-block-embed is-type-video is-provider-ted wp-embed-aspect-16-9 wp-has-aspect-ratio\"><div class=\"wp-block-embed__wrapper\">\n<iframe loading=\"lazy\" title=\"Kate Raworth: A healthy economy should be designed to thrive, not grow\" src=\"https:\/\/embed.ted.com\/talks\/kate_raworth_a_healthy_economy_should_be_designed_to_thrive_not_grow\" width=\"500\" height=\"282\" frameborder=\"0\" scrolling=\"no\" webkitAllowFullScreen mozallowfullscreen allowFullScreen><\/iframe>\n<\/div><\/figure>\n\n\n\n<p><em>Kate Raworths bok gavs ut p\u00e5 svenska f\u00f6rra \u00e5ret: <\/em><a rel=\"noreferrer noopener\" href=\"https:\/\/www.daidalos.se\/donut-ekonomi-br-sju-principer-f%c3%b6r-en-framtida-ekonomi.htm\" target=\"_blank\"><em>Donutekonomi. Sju principer f\u00f6r en framtida ekonomi.<\/em><\/a><\/p>\n\n\n\n<h2 class=\"wp-block-heading\">Lyssna (30 min): <a rel=\"noreferrer noopener\" aria-label=\"Hur ska vi leva f\u00f6r att klara klimatkrisen? (opens in a new tab)\" href=\"https:\/\/sverigesradio.se\/avsnitt\/1189983\" target=\"_blank\">Hur ska vi leva f\u00f6r att klara klimatkrisen?<\/a><\/h2>\n\n\n\n<p>En till ing\u00e5ng i samtalet om hur ekonomin kan och beh\u00f6ver f\u00f6r\u00e4ndras \u00e4r ett radioreportage i Klotet (P1), om forskningsprojektet <strong><a rel=\"noreferrer noopener\" aria-label=\"Bortom BNP-tillv\u00e4xt (opens in a new tab)\" href=\"http:\/\/www.bortombnptillvaxt.se\/\" target=\"_blank\">Bortom BNP-tillv\u00e4xt<\/a><\/strong>. I programmet som s\u00e4ndes i slutet p\u00e5 november f\u00e5r vi ta del av fyra framtidsscenarier. Bland annat f\u00e5r vi f\u00f6lja med till caf\u00e9et Llama Lloyd i G\u00f6teborg som har en t\u00e4t koppling till kollaborativ ekonomi i G\u00f6teborg.<\/p>\n\n\n\n<p> De fyra scenarierna som har tagits fram i projektet har rubrikerna: <\/p>\n\n\n\n<ul class=\"wp-block-list\"><li> Lokal sj\u00e4lvf\u00f6rs\u00f6rjning<\/li><li> Kollaborativ ekonomi<\/li><li> Automatisering f\u00f6r livskvalit\u00e9<\/li><li> Cirkul\u00e4r ekonomi i v\u00e4lf\u00e4rdsstaten<\/li><\/ul>\n\n\n<p><iframe loading=\"lazy\" src=\"https:\/\/sverigesradio.se\/embed\/episode\/1189983\" width=\"100%\" height=\"150\" frameborder=\"0\"><\/iframe><\/p>\n\n\n<figure class=\"wp-block-image\"><a href=\"https:\/\/sverigesradio.se\/avsnitt\/1189983\" target=\"_blank\" rel=\"noreferrer noopener\"><img loading=\"lazy\" decoding=\"async\" width=\"1024\" height=\"572\" src=\"https:\/\/samhallsentreprenor.glokala.net\/2018-2019\/wp-content\/uploads\/2019\/01\/klotet_BortomBNP-1024x572.jpg\" alt=\"\" class=\"wp-image-869\" srcset=\"https:\/\/samhallsentreprenor.glokala.net\/2018-2019\/wp-content\/uploads\/2019\/01\/klotet_BortomBNP-1024x572.jpg 1024w, https:\/\/samhallsentreprenor.glokala.net\/2018-2019\/wp-content\/uploads\/2019\/01\/klotet_BortomBNP-500x279.jpg 500w, https:\/\/samhallsentreprenor.glokala.net\/2018-2019\/wp-content\/uploads\/2019\/01\/klotet_BortomBNP-768x429.jpg 768w, https:\/\/samhallsentreprenor.glokala.net\/2018-2019\/wp-content\/uploads\/2019\/01\/klotet_BortomBNP-624x349.jpg 624w, https:\/\/samhallsentreprenor.glokala.net\/2018-2019\/wp-content\/uploads\/2019\/01\/klotet_BortomBNP-128x72.jpg 128w, https:\/\/samhallsentreprenor.glokala.net\/2018-2019\/wp-content\/uploads\/2019\/01\/klotet_BortomBNP.jpg 1181w\" sizes=\"auto, (max-width: 1024px) 100vw, 1024px\" \/><\/a><\/figure>\n","protected":false},"excerpt":{"rendered":"<p>Tid f\u00f6r inl\u00e4mning 21 jan, uppgift 5 Exempel p\u00e5 organisering &#8211;> :::::::::::::::::::: V\u00e4lkommen till modul 3! Introduktion till modulen och veckans material som vi startar med: (Ernst Wigforss-citatet \u00e4r h\u00e4mtat ur den h\u00e4r artikeln av Olle Svenning p\u00e5 Aftonbladets kultursidor, 12 januari 2019) Planering f\u00f6r Modul 3 &#8211; \u00f6versikt &#8211;&gt; Video (15 min): A healthy [&hellip;]<\/p>\n","protected":false},"author":1,"featured_media":0,"parent":850,"menu_order":0,"comment_status":"open","ping_status":"closed","template":"","meta":{"_bbp_topic_count":0,"_bbp_reply_count":0,"_bbp_total_topic_count":0,"_bbp_total_reply_count":0,"_bbp_voice_count":0,"_bbp_anonymous_reply_count":0,"_bbp_topic_count_hidden":0,"_bbp_reply_count_hidden":0,"_bbp_forum_subforum_count":0,"footnotes":""},"class_list":["post-867","page","type-page","status-publish","hentry"],"_links":{"self":[{"href":"https:\/\/samhallsentreprenor.glokala.net\/2018-2019\/wp-json\/wp\/v2\/pages\/867","targetHints":{"allow":["GET"]}}],"collection":[{"href":"https:\/\/samhallsentreprenor.glokala.net\/2018-2019\/wp-json\/wp\/v2\/pages"}],"about":[{"href":"https:\/\/samhallsentreprenor.glokala.net\/2018-2019\/wp-json\/wp\/v2\/types\/page"}],"author":[{"embeddable":true,"href":"https:\/\/samhallsentreprenor.glokala.net\/2018-2019\/wp-json\/wp\/v2\/users\/1"}],"replies":[{"embeddable":true,"href":"https:\/\/samhallsentreprenor.glokala.net\/2018-2019\/wp-json\/wp\/v2\/comments?post=867"}],"version-history":[{"count":3,"href":"https:\/\/samhallsentreprenor.glokala.net\/2018-2019\/wp-json\/wp\/v2\/pages\/867\/revisions"}],"predecessor-version":[{"id":874,"href":"https:\/\/samhallsentreprenor.glokala.net\/2018-2019\/wp-json\/wp\/v2\/pages\/867\/revisions\/874"}],"up":[{"embeddable":true,"href":"https:\/\/samhallsentreprenor.glokala.net\/2018-2019\/wp-json\/wp\/v2\/pages\/850"}],"wp:attachment":[{"href":"https:\/\/samhallsentreprenor.glokala.net\/2018-2019\/wp-json\/wp\/v2\/media?parent=867"}],"curies":[{"name":"wp","href":"https:\/\/api.w.org\/{rel}","templated":true}]}}