{"id":1003,"date":"2019-10-28T09:46:42","date_gmt":"2019-10-28T08:46:42","guid":{"rendered":"https:\/\/samhallsentreprenor.glokala.net\/2019-2020\/?page_id=1003"},"modified":"2019-10-28T09:46:42","modified_gmt":"2019-10-28T08:46:42","slug":"v-44-projektledning-inom-samhallsentreprenorskap","status":"publish","type":"page","link":"https:\/\/samhallsentreprenor.glokala.net\/2019-2020\/v-44-projektledning-inom-samhallsentreprenorskap\/","title":{"rendered":"v 44 Projektledning inom samh\u00e4llsentrepren\u00f6rskap"},"content":{"rendered":"\n<h2 class=\"wp-block-heading\">Projektledning inom samh\u00e4llsentrepren\u00f6rskap<\/h2>\n\n\n\n<p>I veckans tema lyssnar vi p\u00e5 n\u00e5gra r\u00f6ster om projektledning och l\u00e4ser om exempel p\u00e5 projekt, och de utmaningar som projekten st\u00f6tte p\u00e5!<\/p>\n\n\n\n<h3 class=\"wp-block-heading\">Video: Tre r\u00f6ster<\/h3>\n\n\n\n<p> I f\u00f6ljande video (6:43min) ger tre personer sitt perspektiv p\u00e5 just projektledning inom samh\u00e4llsentrepren\u00f6rskap. De pratar alla tre om engagemanget som finns hos samh\u00e4llsentrepren\u00f6rer, och som ocks\u00e5 kr\u00e4vs f\u00f6r det arbete som bedrivs. De n\u00e4mner processen i ett projekt som inte handlar om att f\u00e4rdigst\u00e4lla t.ex. ett hus, att det inte \u00e4r en rak v\u00e4g.&nbsp; Hur ser du p\u00e5 det M\u00e5rten s\u00e4ger om att ta sig fr\u00e5n punkt A till X, k\u00e4nner du igen dig i de projektledningsprocesser du varit i, och som du kanske befinner dig i nu?<\/p>\n\n\n\n<figure class=\"wp-block-embed-vimeo wp-block-embed is-type-video is-provider-vimeo wp-embed-aspect-16-9 wp-has-aspect-ratio\"><div class=\"wp-block-embed__wrapper\">\n<iframe loading=\"lazy\" title=\"R\u00f6ster om projektledning inom she\" src=\"https:\/\/player.vimeo.com\/video\/6879519?dnt=1&amp;app_id=122963\" width=\"500\" height=\"275\" frameborder=\"0\" allow=\"autoplay; fullscreen; picture-in-picture; clipboard-write\"><\/iframe>\n<\/div><\/figure>\n\n\n\n<p><a href=\"https:\/\/docs.google.com\/document\/d\/1ktafjZU-Zqqc10XYGwk0ANRLn8EZ3yjqhJ_u_DVmOm4\/edit?usp=sharing\" target=\"_blank\" rel=\"noreferrer noopener\" aria-label=\"Talmanus till filmen finns p\u00e5 denna l\u00e4nk  (opens in a new tab)\">Talmanus till filmen finns p\u00e5 denna l\u00e4nk <\/a><\/p>\n\n\n\n<h2 class=\"wp-block-heading\">Att l\u00e4sa: Hur har andra g\u00e5tt till v\u00e4ga?<\/h2>\n\n\n\n<p>I boken &#8221;Publikt entrepren\u00f6rskap &#8211; det marginella g\u00f6rs centralt&#8221; f\u00e5r vi m\u00f6ta ett antal olika id\u00e9er som blivit verklighet. Hur gjorde de? Vilka motg\u00e5ngar m\u00f6tte de? Hur finansierades projekten?<\/p>\n\n\n\n<p><strong>L\u00e4s  texten om Stapelb\u00e4ddsparken i Kapitel 2 &#8221;N\u00e5gra utflykter&#8221;, sida 64-69, i:<\/strong> <strong><a rel=\"noreferrer noopener\" href=\"http:\/\/www.samhallsentreprenor.glokala.se\/arkiv\/Publikt_entreprenorskap_fbf_bok_small.pdf\" target=\"_blank\">Publikt entrepren\u00f6rskap \u2013 det marginella g\u00f6rs centralt (pdf)<\/a><\/strong>&nbsp;(2007), Bjerke, Bj\u00f6rn mfl. Resten av kapitlet och boken \u00e4r valbar f\u00f6rdjupning. <\/p>\n\n\n\n<figure class=\"wp-block-image alignnone size-full wp-image-510\"><img decoding=\"async\" src=\"https:\/\/samhallsentreprenor.glokala.net\/2018-2019\/wp-content\/uploads\/2018\/10\/stapelb\u00e4ddsparken.jpg\" alt=\"\" class=\"wp-image-510\"\/><figcaption>Stapelb\u00e4ddsparken, Malm\u00f6<\/figcaption><\/figure>\n\n\n\n<h4 class=\"wp-block-heading\">Diskussion: Vilka \u00e4r v\u00e5ra&nbsp;perspektiv?<\/h4>\n\n\n\n<p>Vilka tankar och fr\u00e5gor v\u00e4cks hos dig i l\u00e4sningen om Stapelb\u00e4dden och n\u00e4r du h\u00f6r Sofia, M\u00e5rten och Carl-Johan? <a rel=\"noreferrer noopener\" aria-label=\"NY L\u00c4NK! (opens in a new tab)\" href=\"https:\/\/samhallsentreprenor.glokala.net\/2019-2020\/grupper\/cafeet-kursforum\/forum\/topic\/v-44-diskussion-projektledning\/#post-1015\" target=\"_blank\">L\u00c4NK TILL FORUM.<\/a><\/p>\n\n\n\n<h4 class=\"wp-block-heading\">Utm\u00e4rkande drag i bokens sex olika exempel<\/h4>\n\n\n\n<p>F\u00f6r reflektion kopplat till l\u00e4sningen &#8211; en sammanst\u00e4llning av utm\u00e4rkande drag i bokens sex olika exempel p\u00e5 publikt entrepren\u00f6rskap:<br><a href=\"http:\/\/www.samhallsentreprenor.glokala.se\/wp-content\/uploads\/Projektledning_inom_she_exempel_publikt_entreprenorskap.pdf\" target=\"_blank\" rel=\"noreferrer noopener\">Projektledning_inom_samh\u00e4llsentrepren\u00f6rskap,&nbsp;exemplen i boken (pdf)<\/a><\/p>\n\n\n\n<h4 class=\"wp-block-heading\">Vanliga utmaningar f\u00f6r projektledning inom SHE (samh\u00e4llsentrepren\u00f6rskap)<\/h4>\n\n\n\n<p>F\u00f6r reflektion &#8211; utmaningar kopplat till projektledning inom denna typ av organisationer. Power Point fr\u00e5n Fredrik:<br><a href=\"https:\/\/samhallsentreprenor.glokala.net\/2018-2019\/wp-content\/uploads\/2018\/10\/GL_PL_inom-_she.pdf\" target=\"_blank\" rel=\"noreferrer noopener\">Utmaningar: projektledning \u2013 och&nbsp;samh\u00e4llsentrepren\u00f6rskap?&nbsp;(pdf)<\/a><\/p>\n","protected":false},"excerpt":{"rendered":"<p>Projektledning inom samh\u00e4llsentrepren\u00f6rskap I veckans tema lyssnar vi p\u00e5 n\u00e5gra r\u00f6ster om projektledning och l\u00e4ser om exempel p\u00e5 projekt, och de utmaningar som projekten st\u00f6tte p\u00e5! Video: Tre r\u00f6ster I f\u00f6ljande video (6:43min) ger tre personer sitt perspektiv p\u00e5 just projektledning inom samh\u00e4llsentrepren\u00f6rskap. De pratar alla tre om engagemanget som finns hos samh\u00e4llsentrepren\u00f6rer, och som [&hellip;]<\/p>\n","protected":false},"author":4,"featured_media":0,"parent":0,"menu_order":0,"comment_status":"closed","ping_status":"closed","template":"","meta":{"_bbp_topic_count":0,"_bbp_reply_count":0,"_bbp_total_topic_count":0,"_bbp_total_reply_count":0,"_bbp_voice_count":0,"_bbp_anonymous_reply_count":0,"_bbp_topic_count_hidden":0,"_bbp_reply_count_hidden":0,"_bbp_forum_subforum_count":0,"jetpack_post_was_ever_published":false,"footnotes":""},"class_list":["post-1003","page","type-page","status-publish","hentry"],"jetpack_sharing_enabled":true,"_links":{"self":[{"href":"https:\/\/samhallsentreprenor.glokala.net\/2019-2020\/wp-json\/wp\/v2\/pages\/1003","targetHints":{"allow":["GET"]}}],"collection":[{"href":"https:\/\/samhallsentreprenor.glokala.net\/2019-2020\/wp-json\/wp\/v2\/pages"}],"about":[{"href":"https:\/\/samhallsentreprenor.glokala.net\/2019-2020\/wp-json\/wp\/v2\/types\/page"}],"author":[{"embeddable":true,"href":"https:\/\/samhallsentreprenor.glokala.net\/2019-2020\/wp-json\/wp\/v2\/users\/4"}],"replies":[{"embeddable":true,"href":"https:\/\/samhallsentreprenor.glokala.net\/2019-2020\/wp-json\/wp\/v2\/comments?post=1003"}],"version-history":[{"count":0,"href":"https:\/\/samhallsentreprenor.glokala.net\/2019-2020\/wp-json\/wp\/v2\/pages\/1003\/revisions"}],"wp:attachment":[{"href":"https:\/\/samhallsentreprenor.glokala.net\/2019-2020\/wp-json\/wp\/v2\/media?parent=1003"}],"curies":[{"name":"wp","href":"https:\/\/api.w.org\/{rel}","templated":true}]}}