{"id":1026,"date":"2019-10-29T10:33:08","date_gmt":"2019-10-29T09:33:08","guid":{"rendered":"https:\/\/samhallsentreprenor.glokala.net\/2019-2020\/?page_id=1026"},"modified":"2020-01-20T10:50:54","modified_gmt":"2020-01-20T09:50:54","slug":"oversikt-modul-2","status":"publish","type":"page","link":"https:\/\/samhallsentreprenor.glokala.net\/2019-2020\/oversikt-modul-2\/","title":{"rendered":"\u00d6versikt Modul 2"},"content":{"rendered":"\n<p><strong>Tidsperiod modul 2:<\/strong> 4 november 2019 &#8211; 19 januari 2020 (v 45 &#8211; v 3)<\/p>\n\n\n\n<h2 class=\"wp-block-heading\">Inneh\u00e5ll under modulen:<\/h2>\n\n\n\n<p><strong>L\u00e4rande, ledarskap och gruppdynamik<\/strong><br>Bra ledarskap och ett bra gruppklimat vill alla ha \u2013 men vad betyder det egentligen? H\u00e4r diskuterar vi m\u00f6jligheter och sv\u00e5righeter, och tittar speciellt p\u00e5 s\u00e5dana saker som hur man kan arbeta med konflikthantering och skapa f\u00f6ruts\u00e4ttningar f\u00f6r l\u00e4rande n\u00e4r man driver ett projekt eller en verksamhet. En del aspekter \u00e4r generella och g\u00e4ller i alla grupper, men finns det ocks\u00e5 n\u00e5got som \u00e4r speciellt med detta n\u00e4r man arbetar med samh\u00e4llsentrepren\u00f6riella projekt och verksamheter?<\/p>\n\n\n\n<p><strong>Organisation och organisering<\/strong><br>Vad \u00e4r egentligen en organisation och hur organiserar man en verksamhet p\u00e5 b\u00e4sta s\u00e4tt? H\u00e4r lyfter vi fram b\u00e5de teorier och intressanta erfarenheter som vi diskuterar.<\/p>\n\n\n\n<h4 class=\"wp-block-heading\">Studiematerial<\/h4>\n\n\n\n<p>H\u00e4r hittar du det studiematerial som vi kommer att anv\u00e4nda. L\u00e4sanvisningar ges respektive vecka.<br><a href=\"https:\/\/samhallsentreprenor.glokala.net\/2019-2020\/studiematerial-modul-2\/\" target=\"_blank\" rel=\"noreferrer noopener\" aria-label=\"Studiematerial \u2013 modul 2 \u2192 (opens in a new tab)\">Studiematerial \u2013 modul 2 \u2192<\/a><\/p>\n\n\n\n<h4 class=\"wp-block-heading\">Modulens veckoteman<\/h4>\n\n\n\n<p><strong>Veckoteman november<\/strong><br><a rel=\"noreferrer noopener\" aria-label=\"v 45: Intro till modul 2 (opens in a new tab)\" href=\"https:\/\/samhallsentreprenor.glokala.net\/2019-2020\/v-45-intro-till-modul-2\/\" target=\"_blank\">v 45: Intro till modul 2<\/a>. Tid f\u00f6r kommentarer till <a rel=\"noreferrer noopener\" aria-label=\" (opens in a new tab)\" href=\"https:\/\/samhallsentreprenor.glokala.net\/2019-2020\/uppgift-3-perspektiv-pa-samhallsentreprenorskap\/\" target=\"_blank\">uppgift 3<\/a>.<br><a rel=\"noreferrer noopener\" aria-label=\"v 46: Ledarskap!? (opens in a new tab)\" href=\"https:\/\/samhallsentreprenor.glokala.net\/2019-2020\/v-46-ledarskap-uppgift-4\/\" target=\"_blank\">v 46: Ledarskap!?<\/a> + <a rel=\"noreferrer noopener\" aria-label=\"Uppgift 4: Reflektion kring ledarskap och gruppdynamik (opens in a new tab)\" href=\"https:\/\/samhallsentreprenor.glokala.net\/2019-2020\/grupper\/cafeet-kursforum\/forum\/topic\/uppgift-4-reflektion-kring-ledarskap-och-gruppdynamik\/\" target=\"_blank\">Uppgift 4: Reflektion kring ledarskap och gruppdynamik<\/a>. Inl\u00e4mning 25 nov.<br><a rel=\"noreferrer noopener\" aria-label=\"v 47: Gruppdynamik\n (opens in a new tab)\" href=\"https:\/\/samhallsentreprenor.glokala.net\/2019-2020\/v-47-gruppdynamik\/\" target=\"_blank\">v 47: Gruppdynamik<br><\/a><a rel=\"noreferrer noopener\" aria-label=\"v 48: Organisationsteori &amp; l\u00e4rande inom organisationer. (opens in a new tab)\" href=\"https:\/\/samhallsentreprenor.glokala.net\/2019-2020\/v-48-organisationsteori-larande-i-organisationer-uppgift-5-och-ett-tips\/\" target=\"_blank\">v 48: Organisationsteori &amp; l\u00e4rande inom organisationer.<\/a>  Intro <a rel=\"noreferrer noopener\" aria-label=\"Uppgift 5: Exempel p\u00e5 organisering. (opens in a new tab)\" href=\"https:\/\/samhallsentreprenor.glokala.net\/2019-2020\/uppgift-5-exempel-pa-organisering\/\" target=\"_blank\">Uppgift 5: Exempel p\u00e5 organisering.<\/a> Inl\u00e4mning 20 jan.<\/p>\n\n\n\n<p><strong>Veckoteman december<\/strong><br><a rel=\"noreferrer noopener\" aria-label=\"v 49: Organisering, exempel inom samh\u00e4llsentrepren\u00f6rskap\n (opens in a new tab)\" href=\"https:\/\/samhallsentreprenor.glokala.net\/2019-2020\/v-49-organisering-exempel-inom-samhallsentreprenorskap\/\" target=\"_blank\">v 49: Organisering, exempel inom samh\u00e4llsentrepren\u00f6rskap<br><\/a><a rel=\"noreferrer noopener\" aria-label=\"v 50: Ledarskap som samh\u00e4llsentrepren\u00f6r\n (opens in a new tab)\" href=\"https:\/\/samhallsentreprenor.glokala.net\/2019-2020\/v-50-ledarskap-som-samhallsentreprenor\/\" target=\"_blank\">v 50: Ledarskap som samh\u00e4llsentrepren\u00f6r<br><\/a><a href=\"https:\/\/samhallsentreprenor.glokala.net\/2019-2020\/v-51-konflikthantering\/\">v 51: Konflikthantering<\/a><br><a href=\"https:\/\/samhallsentreprenor.glokala.net\/2019-2020\/v-52-1-god-helg-och-lite-inspiration\/\">v 52: God jul + inspiration!<\/a><\/p>\n\n\n\n<p><strong>Veckoteman januari<\/strong><br>v 1: Tid f\u00f6r arbete med <a href=\"https:\/\/samhallsentreprenor.glokala.net\/2019-2020\/uppgift-5-exempel-pa-organisering\/\">uppgift 5<\/a><br><a href=\"https:\/\/samhallsentreprenor.glokala.net\/2019-2020\/v-2-csr-foretags-samhallsansvar\/\">v 2: Aktuella perspektiv<\/a> inom samh\u00e4llsentrepren\u00f6rskap<br><a href=\"https:\/\/samhallsentreprenor.glokala.net\/2019-2020\/v-3-tid-for-uppgift-5-inspiration\/\">v 3: Tid f\u00f6r uppgift 5 + inspiration<\/a><\/p>\n\n\n\n<h4 class=\"wp-block-heading\">Uppgifter<\/h4>\n\n\n\n<p>Under modul 2 genomf\u00f6r du uppgift 4 och 5.<\/p>\n\n\n\n<p><em><strong>Uppsamlingsdatum<\/strong> f\u00f6r uppgifterna under modul 2: 23 februari.<br><\/em><\/p>\n\n\n\n<figure class=\"wp-block-image\"><img decoding=\"async\" src=\"https:\/\/samhallsentreprenor.glokala.net\/2018-2019\/wp-content\/uploads\/2018\/10\/shot_1368113458517-1024x1022.jpg\" alt=\"\" class=\"wp-image-559\"\/><\/figure>\n","protected":false},"excerpt":{"rendered":"<p>Tidsperiod modul 2: 4 november 2019 &#8211; 19 januari 2020 (v 45 &#8211; v 3) Inneh\u00e5ll under modulen: L\u00e4rande, ledarskap och gruppdynamikBra ledarskap och ett bra gruppklimat vill alla ha \u2013 men vad betyder det egentligen? H\u00e4r diskuterar vi m\u00f6jligheter och sv\u00e5righeter, och tittar speciellt p\u00e5 s\u00e5dana saker som hur man kan arbeta med konflikthantering [&hellip;]<\/p>\n","protected":false},"author":3,"featured_media":0,"parent":0,"menu_order":0,"comment_status":"closed","ping_status":"closed","template":"","meta":{"_bbp_topic_count":0,"_bbp_reply_count":0,"_bbp_total_topic_count":0,"_bbp_total_reply_count":0,"_bbp_voice_count":0,"_bbp_anonymous_reply_count":0,"_bbp_topic_count_hidden":0,"_bbp_reply_count_hidden":0,"_bbp_forum_subforum_count":0,"jetpack_post_was_ever_published":false,"footnotes":""},"class_list":["post-1026","page","type-page","status-publish","hentry"],"jetpack_sharing_enabled":true,"_links":{"self":[{"href":"https:\/\/samhallsentreprenor.glokala.net\/2019-2020\/wp-json\/wp\/v2\/pages\/1026","targetHints":{"allow":["GET"]}}],"collection":[{"href":"https:\/\/samhallsentreprenor.glokala.net\/2019-2020\/wp-json\/wp\/v2\/pages"}],"about":[{"href":"https:\/\/samhallsentreprenor.glokala.net\/2019-2020\/wp-json\/wp\/v2\/types\/page"}],"author":[{"embeddable":true,"href":"https:\/\/samhallsentreprenor.glokala.net\/2019-2020\/wp-json\/wp\/v2\/users\/3"}],"replies":[{"embeddable":true,"href":"https:\/\/samhallsentreprenor.glokala.net\/2019-2020\/wp-json\/wp\/v2\/comments?post=1026"}],"version-history":[{"count":0,"href":"https:\/\/samhallsentreprenor.glokala.net\/2019-2020\/wp-json\/wp\/v2\/pages\/1026\/revisions"}],"wp:attachment":[{"href":"https:\/\/samhallsentreprenor.glokala.net\/2019-2020\/wp-json\/wp\/v2\/media?parent=1026"}],"curies":[{"name":"wp","href":"https:\/\/api.w.org\/{rel}","templated":true}]}}