{"id":1092,"date":"2019-11-05T08:27:57","date_gmt":"2019-11-05T07:27:57","guid":{"rendered":"https:\/\/samhallsentreprenor.glokala.net\/2019-2020\/?page_id=1092"},"modified":"2019-11-05T10:58:01","modified_gmt":"2019-11-05T09:58:01","slug":"v-45-intro-till-modul-2","status":"publish","type":"page","link":"https:\/\/samhallsentreprenor.glokala.net\/2019-2020\/v-45-intro-till-modul-2\/","title":{"rendered":"v 45 Intro till modul 2"},"content":{"rendered":"\n<h3 class=\"wp-block-heading\">V\u00e4lkommen till modul 2 &#8211; kursens andra del!<\/h3>\n\n\n\n<p class=\"has-background has-luminous-vivid-amber-background-color\">De kommande veckorna f\u00f6rdjupar vi oss inom omr\u00e5den som handlar om ledarskap och l\u00e4rande, gruppdynamik och organisering.<br><br>Vilken typ ledarskap beh\u00f6vs inom samh\u00e4llsentrepren\u00f6rskap? Hur kan vi hitta verktyg f\u00f6r att bottna i v\u00e5rt eget ledarskap? \u00c4r ledarskapet bara en fr\u00e5ga f\u00f6r den formellt utn\u00e4mnda ledaren \u2013 eller b\u00f6r vi se ansvaret f\u00f6r ledarskapet som en fr\u00e5ga f\u00f6r hela gruppen?<br><br>Hur kan vi skapa v\u00e4l fungerande samarbete i de grupper vi finns i? Vad g\u00f6r vi n\u00e4r det inte fungerar?<br><br>Hur organiserar sig verksamheter inom samh\u00e4llsentrepren\u00f6rskap?<br><br>Parallellt med att vi f\u00f6rdjupar oss inom dessa omr\u00e5den, kopplar vi det till de id\u00e9er och initiativ som ni jobbar med i era projekt. Du f\u00e5r g\u00e4rna ta kontakt med oss om du vill ha st\u00f6d i ditt projektutvecklande. <a href=\"https:\/\/samhallsentreprenor.glokala.net\/2019-2020\/grupper\/cafeet-kursforum\/forum\/topic\/tider-for-samtal-projektutveckling\/\" target=\"_blank\" rel=\"noreferrer noopener\" aria-label=\"H\u00e4r finns tider d\u00e5 vi finns tillg\u00e4ngliga (opens in a new tab)\">H\u00e4r finns tider d\u00e5 vi finns tillg\u00e4ngliga<\/a>. <br><br>Den h\u00e4r f\u00f6rsta veckan i modul 2 finns det tid f\u00f6r att ge kommentarer till <a rel=\"noreferrer noopener\" aria-label=\" (opens in a new tab)\" href=\"https:\/\/samhallsentreprenor.glokala.net\/2019-2020\/uppgift-3-perspektiv-pa-samhallsentreprenorskap\/\" target=\"_blank\">uppgift 3, Perspektiv p\u00e5 samh\u00e4llsentrepren\u00f6rskap<\/a>. Den 18 november ska kommentarerna vara klara. Instruktioner till kommentarerna samt gruppindelning finns i <a rel=\"noreferrer noopener\" aria-label=\"forumet (opens in a new tab)\" href=\"https:\/\/samhallsentreprenor.glokala.net\/2019-2020\/forum\/uppgift-3-perspektiv-pa-samhallsentreprenorskap\/\" target=\"_blank\">forumet<\/a>. <br><br>Vi vill ocks\u00e5 tipsa om <a rel=\"noreferrer noopener\" aria-label=\"Social Innovation Summit  (opens in a new tab)\" href=\"https:\/\/sisummit.se\/\" target=\"_blank\">Social Innovation Summit <\/a>som \u00e4ger rum n\u00e4sta vecka i Malm\u00f6 (12-13 november). Vi ska g\u00e5 &#8212; h\u00f6r av er om ni vill g\u00e5 med oss! En studentbiljett f\u00f6r b\u00e5da dagar kostar 1300. <\/p>\n\n\n\n<figure class=\"wp-block-image\"><img loading=\"lazy\" decoding=\"async\" width=\"1024\" height=\"472\" data-attachment-id=\"1043\" data-permalink=\"https:\/\/samhallsentreprenor.glokala.net\/2019-2020\/?attachment_id=1043\" data-orig-file=\"https:\/\/samhallsentreprenor.glokala.net\/2019-2020\/wp-content\/uploads\/2019\/10\/Ska\u0308rmavbild-2019-10-29-kl.-11.02.28.png\" data-orig-size=\"1248,575\" data-comments-opened=\"1\" data-image-meta=\"{&quot;aperture&quot;:&quot;0&quot;,&quot;credit&quot;:&quot;&quot;,&quot;camera&quot;:&quot;&quot;,&quot;caption&quot;:&quot;&quot;,&quot;created_timestamp&quot;:&quot;0&quot;,&quot;copyright&quot;:&quot;&quot;,&quot;focal_length&quot;:&quot;0&quot;,&quot;iso&quot;:&quot;0&quot;,&quot;shutter_speed&quot;:&quot;0&quot;,&quot;title&quot;:&quot;&quot;,&quot;orientation&quot;:&quot;0&quot;}\" data-image-title=\"Ska\u0308rmavbild-2019-10-29-kl.-11.02.28\" data-image-description=\"\" data-image-caption=\"\" data-large-file=\"https:\/\/samhallsentreprenor.glokala.net\/2019-2020\/wp-content\/uploads\/2019\/10\/Ska\u0308rmavbild-2019-10-29-kl.-11.02.28-1024x472.png\" src=\"https:\/\/samhallsentreprenor.glokala.net\/2019-2020\/wp-content\/uploads\/2019\/10\/Ska\u0308rmavbild-2019-10-29-kl.-11.02.28-1024x472.png\" alt=\"\" class=\"wp-image-1043\" srcset=\"https:\/\/samhallsentreprenor.glokala.net\/2019-2020\/wp-content\/uploads\/2019\/10\/Ska\u0308rmavbild-2019-10-29-kl.-11.02.28-1024x472.png 1024w, https:\/\/samhallsentreprenor.glokala.net\/2019-2020\/wp-content\/uploads\/2019\/10\/Ska\u0308rmavbild-2019-10-29-kl.-11.02.28-500x230.png 500w, https:\/\/samhallsentreprenor.glokala.net\/2019-2020\/wp-content\/uploads\/2019\/10\/Ska\u0308rmavbild-2019-10-29-kl.-11.02.28-768x354.png 768w, https:\/\/samhallsentreprenor.glokala.net\/2019-2020\/wp-content\/uploads\/2019\/10\/Ska\u0308rmavbild-2019-10-29-kl.-11.02.28-624x288.png 624w, https:\/\/samhallsentreprenor.glokala.net\/2019-2020\/wp-content\/uploads\/2019\/10\/Ska\u0308rmavbild-2019-10-29-kl.-11.02.28.png 1248w\" sizes=\"auto, (max-width: 1024px) 100vw, 1024px\" \/><figcaption><a href=\"https:\/\/sisummit.se\/\">https:\/\/sisummit.se\/<\/a><\/figcaption><\/figure>\n\n\n\n<p class=\"has-background has-luminous-vivid-amber-background-color\">Vi ser fram emot att g\u00e5 in i modul 2 med er!<br>\/Lisa &amp; Lone<br>:::::::::::::::::::::::::::<\/p>\n\n\n\n<h3 class=\"wp-block-heading\">M\u00f6jlighet: <a href=\"https:\/\/samhallsentreprenor.glokala.net\/2019-2020\/grupper\/cafeet-kursforum\/forum\/topic\/tider-for-samtal-projektutveckling\/\" target=\"_blank\" rel=\"noreferrer noopener\" aria-label=\"Tider f\u00f6r samtal - projektutveckling (opens in a new tab)\">Tider f\u00f6r samtal &#8211; projektutveckling<\/a><\/h3>\n\n\n\n<p>Vi finns tillg\u00e4ngliga f\u00f6r samtal om projekt och id\u00e9er, per telefon\/digitalt eller p\u00e5 plats i Malm\u00f6 f\u00f6r er som bor i n\u00e4rheten. Samtalstider hittar du i <a href=\"https:\/\/samhallsentreprenor.glokala.net\/2019-2020\/grupper\/cafeet-kursforum\/forum\/topic\/tider-for-samtal-projektutveckling\/\" target=\"_blank\" rel=\"noreferrer noopener\" aria-label=\"forum (opens in a new tab)\">forum<\/a>. <\/p>\n\n\n\n<p>Samtalet kan vara en m\u00f6jlighet f\u00f6r dig att reflektera kring var du befinner dig just nu och vilka n\u00e4sta steg du planerar i de projekt\/initiativ som du utvecklar.<\/p>\n\n\n\n<h3 class=\"wp-block-heading\">Tips! S\u00e5 h\u00e4r kommer du ig\u00e5ng med modul 2:<\/h3>\n\n\n\n<p><strong><a href=\"https:\/\/samhallsentreprenor.glokala.net\/2019-2020\/oversikt-modul-2\/\" target=\"_blank\" rel=\"noreferrer noopener\" aria-label=\" (opens in a new tab)\">1. L\u00e4s planering \u2013 \u00f6versikt modul 2. <\/a><\/strong><br>H\u00e4r kan du ta del av modulens inneh\u00e5ll, m\u00e5l och uppl\u00e4gg.<\/p>\n\n\n\n<p><strong><a href=\"https:\/\/samhallsentreprenor.glokala.net\/2019-2020\/studiematerial-modul-2\/\" target=\"_blank\" rel=\"noreferrer noopener\" aria-label=\"2. Kolla studiematerialet. \n (opens in a new tab)\">2. Kolla studiematerialet. <\/a><\/strong><a href=\"https:\/\/samhallsentreprenor.glokala.net\/2019-2020\/studiematerial-modul-2\/\" target=\"_blank\" rel=\"noreferrer noopener\" aria-label=\"2. Kolla studiematerialet. \n (opens in a new tab)\"><br><\/a>Under modulen anv\u00e4nder vi n\u00e5gra texter som du redan nu kan unders\u00f6ka om du \u00e4r nyfiken. L\u00e4sanvisningar g\u00f6rs respektive vecka.<br>Video- och ljudmaterial finns inte i listan \u00f6ver studiematerial, utan presenteras vecka f\u00f6r vecka.<\/p>\n\n\n\n<p><strong><a href=\"https:\/\/samhallsentreprenor.glokala.net\/2019-2020\/oversikt-modul-2\/\" target=\"_blank\" rel=\"noreferrer noopener\" aria-label=\" (opens in a new tab)\">3. Planera in tid f\u00f6r modulens veckoteman. <\/a><\/strong><br>Datumen finns i planering \u2013 \u00f6versikt.<\/p>\n\n\n\n<p><strong>4. Planera in tid f\u00f6r uppgifterna.<\/strong><br>S\u00e5 h\u00e4r ligger de olika uppgifternas inl\u00e4mningsdatum:<\/p>\n\n\n\n<p>Uppgift 4: Reflektion kring ledarskap &amp; gruppdynamik. Presenteras v 46. <br>Inl\u00e4mning: 25 november.<\/p>\n\n\n\n<p>Uppgift 5: Exempel p\u00e5 organisering. Presenteras v 48.<br>Inl\u00e4mning: 20 januari.<\/p>\n\n\n\n<p><strong>5. Fundera p\u00e5 hur du vill att dina veckor ska se ut.<\/strong><br>Vad har varit l\u00e4tt under modul 1, vad har varit sv\u00e5rt? Fundera g\u00e4rna vad du beh\u00f6ver f\u00f6r att forts\u00e4ttningen p\u00e5 kursen ska k\u00e4nnas kul och utvecklande. \u00c4r du lagom utmanad? Hur ser en bra vecka ut? Ta g\u00e4rna \u00f6vningarna i Ashokas metodbok till hj\u00e4lp.<\/p>\n\n\n\n<p><a href=\"https:\/\/drive.google.com\/file\/d\/0Bz9BvMpwLPLHV21DcGJPRnNJbVU\/view\" target=\"_blank\" rel=\"noreferrer noopener\">Ashokas metodguide: Det har aldrig varit l\u00e4ttare att f\u00f6r\u00e4ndra v\u00e4rlden (ladda ner pdf)<\/a><br>\u00d6vning 1: Min perfekta dag\/vecka \u2013 s. 118-119.<br>\u00d6vning 2: Lagom utmanad? \u2013 s. 120-121.<\/p>\n","protected":false},"excerpt":{"rendered":"<p>V\u00e4lkommen till modul 2 &#8211; kursens andra del! De kommande veckorna f\u00f6rdjupar vi oss inom omr\u00e5den som handlar om ledarskap och l\u00e4rande, gruppdynamik och organisering. Vilken typ ledarskap beh\u00f6vs inom samh\u00e4llsentrepren\u00f6rskap? Hur kan vi hitta verktyg f\u00f6r att bottna i v\u00e5rt eget ledarskap? \u00c4r ledarskapet bara en fr\u00e5ga f\u00f6r den formellt utn\u00e4mnda ledaren \u2013 eller [&hellip;]<\/p>\n","protected":false},"author":3,"featured_media":0,"parent":0,"menu_order":0,"comment_status":"closed","ping_status":"closed","template":"","meta":{"_bbp_topic_count":0,"_bbp_reply_count":0,"_bbp_total_topic_count":0,"_bbp_total_reply_count":0,"_bbp_voice_count":0,"_bbp_anonymous_reply_count":0,"_bbp_topic_count_hidden":0,"_bbp_reply_count_hidden":0,"_bbp_forum_subforum_count":0,"jetpack_post_was_ever_published":false,"footnotes":""},"class_list":["post-1092","page","type-page","status-publish","hentry"],"jetpack_sharing_enabled":true,"_links":{"self":[{"href":"https:\/\/samhallsentreprenor.glokala.net\/2019-2020\/wp-json\/wp\/v2\/pages\/1092","targetHints":{"allow":["GET"]}}],"collection":[{"href":"https:\/\/samhallsentreprenor.glokala.net\/2019-2020\/wp-json\/wp\/v2\/pages"}],"about":[{"href":"https:\/\/samhallsentreprenor.glokala.net\/2019-2020\/wp-json\/wp\/v2\/types\/page"}],"author":[{"embeddable":true,"href":"https:\/\/samhallsentreprenor.glokala.net\/2019-2020\/wp-json\/wp\/v2\/users\/3"}],"replies":[{"embeddable":true,"href":"https:\/\/samhallsentreprenor.glokala.net\/2019-2020\/wp-json\/wp\/v2\/comments?post=1092"}],"version-history":[{"count":0,"href":"https:\/\/samhallsentreprenor.glokala.net\/2019-2020\/wp-json\/wp\/v2\/pages\/1092\/revisions"}],"wp:attachment":[{"href":"https:\/\/samhallsentreprenor.glokala.net\/2019-2020\/wp-json\/wp\/v2\/media?parent=1092"}],"curies":[{"name":"wp","href":"https:\/\/api.w.org\/{rel}","templated":true}]}}