{"id":1135,"date":"2019-11-12T09:03:14","date_gmt":"2019-11-12T08:03:14","guid":{"rendered":"https:\/\/samhallsentreprenor.glokala.net\/2019-2020\/?page_id=1135"},"modified":"2019-11-15T10:55:04","modified_gmt":"2019-11-15T09:55:04","slug":"v-46-ledarskap-uppgift-4","status":"publish","type":"page","link":"https:\/\/samhallsentreprenor.glokala.net\/2019-2020\/v-46-ledarskap-uppgift-4\/","title":{"rendered":"v 46 Ledarskap + uppgift 4"},"content":{"rendered":"\n<p>Den h\u00e4r veckan fokuserar vi p\u00e5 ledarskap, med perspektiv fr\u00e5n Fredrik i en ljudf\u00f6rel\u00e4sning med tillh\u00f6rande Power Point. Samtidigt presenterar vi n\u00e4sta uppgift i kursen som knyter till an till den h\u00e4r och n\u00e4sta veckas tema: <strong><a href=\"https:\/\/samhallsentreprenor.glokala.net\/2019-2020\/grupper\/cafeet-kursforum\/forum\/topic\/uppgift-4-reflektion-kring-ledarskap-och-gruppdynamik\/\" target=\"_blank\" rel=\"noreferrer noopener\" aria-label=\"Uppgift 4 Reflektion kring ledarskap och gruppdynamik. (opens in a new tab)\">Uppgift 4 Reflektion kring ledarskap och gruppdynamik.<\/a><\/strong> Inl\u00e4mning 25 november.<\/p>\n\n\n\n<h2 class=\"wp-block-heading\">Ledarskap!?<\/h2>\n\n\n\n<div class=\"wp-block-image\"><figure class=\"alignleft is-resized\"><img loading=\"lazy\" decoding=\"async\" data-attachment-id=\"1150\" data-permalink=\"https:\/\/samhallsentreprenor.glokala.net\/2019-2020\/v-46-ledarskap-uppgift-4\/attachment\/img_4637\/\" data-orig-file=\"https:\/\/samhallsentreprenor.glokala.net\/2019-2020\/wp-content\/uploads\/2019\/11\/IMG_4637.jpg\" data-orig-size=\"959,1280\" data-comments-opened=\"1\" data-image-meta=\"{&quot;aperture&quot;:&quot;2.2&quot;,&quot;credit&quot;:&quot;&quot;,&quot;camera&quot;:&quot;iPhone 7&quot;,&quot;caption&quot;:&quot;&quot;,&quot;created_timestamp&quot;:&quot;1573461397&quot;,&quot;copyright&quot;:&quot;&quot;,&quot;focal_length&quot;:&quot;2.87&quot;,&quot;iso&quot;:&quot;64&quot;,&quot;shutter_speed&quot;:&quot;0.03030303030303&quot;,&quot;title&quot;:&quot;&quot;,&quot;orientation&quot;:&quot;1&quot;}\" data-image-title=\"IMG_4637\" data-image-description=\"\" data-image-caption=\"\" data-large-file=\"https:\/\/samhallsentreprenor.glokala.net\/2019-2020\/wp-content\/uploads\/2019\/11\/IMG_4637-767x1024.jpg\" src=\"https:\/\/samhallsentreprenor.glokala.net\/2019-2020\/wp-content\/uploads\/2019\/11\/IMG_4637-767x1024.jpg\" alt=\"\" class=\"wp-image-1150\" width=\"119\" height=\"158\" srcset=\"https:\/\/samhallsentreprenor.glokala.net\/2019-2020\/wp-content\/uploads\/2019\/11\/IMG_4637-767x1024.jpg 767w, https:\/\/samhallsentreprenor.glokala.net\/2019-2020\/wp-content\/uploads\/2019\/11\/IMG_4637-375x500.jpg 375w, https:\/\/samhallsentreprenor.glokala.net\/2019-2020\/wp-content\/uploads\/2019\/11\/IMG_4637-768x1025.jpg 768w, https:\/\/samhallsentreprenor.glokala.net\/2019-2020\/wp-content\/uploads\/2019\/11\/IMG_4637-624x833.jpg 624w, https:\/\/samhallsentreprenor.glokala.net\/2019-2020\/wp-content\/uploads\/2019\/11\/IMG_4637.jpg 959w\" sizes=\"auto, (max-width: 119px) 100vw, 119px\" \/><figcaption>Fredrik Bj\u00f6rk<\/figcaption><\/figure><\/div>\n\n\n\n<p>Ljudf\u00f6rel\u00e4sning med tillh\u00f6rande presentation. F\u00f6lj l\u00e4nken f\u00f6r att komma till ljudklippet: <a href=\"https:\/\/www.dropbox.com\/s\/b51bjpin9csyb2v\/Ledarskap.m4a?dl=0\" target=\"_blank\" rel=\"noreferrer noopener\" aria-label=\" (opens in a new tab)\">https:\/\/www.dropbox.com\/s\/b51bjpin9csyb2v\/Ledarskap.m4a?dl=0<\/a><\/p>\n\n\n\n<div class=\"wp-block-file\"><a href=\"https:\/\/samhallsentreprenor.glokala.net\/2019-2020\/wp-content\/uploads\/2019\/11\/SHE_OL108A_ledarskap_2019.pptx\">H\u00e4r kan du ladda ner presentationen: SHE_OL108A_ledarskap_2019<\/a><a href=\"https:\/\/samhallsentreprenor.glokala.net\/2019-2020\/wp-content\/uploads\/2019\/11\/SHE_OL108A_ledarskap_2019.pptx\" class=\"wp-block-file__button\" download>Ladda ner<\/a><\/div>\n\n\n\n<h3 class=\"wp-block-heading\">Valbar f\u00f6rdjupning\/l\u00e4s vidare<\/h3>\n\n\n\n<div class=\"wp-block-image\"><figure class=\"aligncenter is-resized\"><img loading=\"lazy\" decoding=\"async\" data-attachment-id=\"1151\" data-permalink=\"https:\/\/samhallsentreprenor.glokala.net\/2019-2020\/v-46-ledarskap-uppgift-4\/attachment\/ska%cc%88rmavbild-2019-11-11-kl-08-26-59\/\" data-orig-file=\"https:\/\/samhallsentreprenor.glokala.net\/2019-2020\/wp-content\/uploads\/2019\/11\/Ska\u0308rmavbild-2019-11-11-kl.-08.26.59.png\" data-orig-size=\"539,912\" data-comments-opened=\"1\" data-image-meta=\"{&quot;aperture&quot;:&quot;0&quot;,&quot;credit&quot;:&quot;&quot;,&quot;camera&quot;:&quot;&quot;,&quot;caption&quot;:&quot;&quot;,&quot;created_timestamp&quot;:&quot;0&quot;,&quot;copyright&quot;:&quot;&quot;,&quot;focal_length&quot;:&quot;0&quot;,&quot;iso&quot;:&quot;0&quot;,&quot;shutter_speed&quot;:&quot;0&quot;,&quot;title&quot;:&quot;&quot;,&quot;orientation&quot;:&quot;0&quot;}\" data-image-title=\"Ska\u0308rmavbild-2019-11-11-kl.-08.26.59\" data-image-description=\"\" data-image-caption=\"\" data-large-file=\"https:\/\/samhallsentreprenor.glokala.net\/2019-2020\/wp-content\/uploads\/2019\/11\/Ska\u0308rmavbild-2019-11-11-kl.-08.26.59.png\" src=\"https:\/\/samhallsentreprenor.glokala.net\/2019-2020\/wp-content\/uploads\/2019\/11\/Ska\u0308rmavbild-2019-11-11-kl.-08.26.59.png\" alt=\"\" class=\"wp-image-1151\" width=\"263\" height=\"438\"\/><\/figure><\/div>\n\n\n\n<p>Som valbar f\u00f6rdjupning inom \u00e4mnet ledarskap, l\u00e4s artikeln <em><a rel=\"noreferrer noopener\" aria-label=\"The Dawn of System Leadership (opens in a new tab)\" href=\"https:\/\/ssir.org\/articles\/entry\/the_dawn_of_system_leadership\" target=\"_blank\">The Dawn of System Leadership<\/a> <\/em>(p\u00e5 engelska) av Peter Senge, Hal Hamilton och John Kania.<\/p>\n\n\n\n<h3 class=\"wp-block-heading\">Uppgift 4: Reflektion kring ledarskap och gruppdynamik<\/h3>\n\n\n\n<p><strong>Inl\u00e4mning:<\/strong> 25 november i <a href=\"https:\/\/samhallsentreprenor.glokala.net\/2019-2020\/grupper\/cafeet-kursforum\/forum\/topic\/uppgift-4-reflektion-kring-ledarskap-och-gruppdynamik\/\" target=\"_blank\" rel=\"noreferrer noopener\" aria-label=\"forum f\u00f6r uppgiften (opens in a new tab)\">forum f\u00f6r uppgiften<\/a>.<\/p>\n\n\n\n<p><strong>Uppgift<\/strong>: Dela en reflektion i relation till Fredriks f\u00f6rel\u00e4sning om ledarskap (v 45) och materialet om gruppdynamik (v 46). <strong>V\u00e4lj ett par av fr\u00e5gorna nedan att fokusera p\u00e5.<\/strong><\/p>\n\n\n\n<ol class=\"wp-block-list\"><li>Hur ser ledarskapet ut i de sammanhang du finns och arbetar i?<\/li><li>Vilka \u00e4r dina erfarenheter av samspel i grupper\/teams (positiva eller negativa)? Det kan vara i ett nuvarande sammanhang eller tidigare erfarenheter (i projekt, jobb, skola, frivilliguppdrag eller andra situationer).<\/li><li>Har du erfarenhet av eller id\u00e9er p\u00e5 hur man kan hantera negativa upplevelser av ledarskap\/v\u00e4nda negativa grupprocesser?<\/li><li>Om du sj\u00e4lv skulle leda en grupp eller vara del av en grupp, vad skulle du vilja g\u00f6ra f\u00f6r att skapa en bra grupprocess?<\/li><\/ol>\n\n\n\n<p><strong>Omfattning och inl\u00e4mning:<\/strong> Skriv ca 1 A4-sida eller spela in ljud\/video, ca 5 min.<br>\u2013 L\u00e4gg till ett nytt \u00e4mne i uppgiftens forum: <a href=\"https:\/\/samhallsentreprenor.glokala.net\/2019-2020\/grupper\/cafeet-kursforum\/forum\/topic\/uppgift-4-reflektion-kring-ledarskap-och-gruppdynamik\/\">https:\/\/samhallsentreprenor.glokala.net\/2019-2020\/grupper\/cafeet-kursforum\/forum\/topic\/uppgift-4-reflektion-kring-ledarskap-och-gruppdynamik\/<\/a><br>\u2013 Skriv en titel som inneh\u00e5ller ditt namn Ex: Lisa \u2013 Reflektion<br>\u2013 L\u00e4mnar du in p\u00e5 annat s\u00e4tt \u00e4n genom text vill vi att du ocks\u00e5 kort beskriver hur man tar del av din presentation, i inl\u00e4gget eller med en bifogad fil.<br><br>Kontakta oss om du har n\u00e5gon fr\u00e5ga om hur du kan g\u00e5 tillv\u00e4ga f\u00f6r att l\u00e4mna in! Inl\u00e4mningsforumet \u00e4r \u00f6ppet f\u00f6r alla deltagare, men st\u00e4ngt f\u00f6r andra bes\u00f6kare.<\/p>\n\n\n\n<p><strong>Respons\/kommentarer: <\/strong>Efter inl\u00e4mningsdatumet kommer ni att delas in i grupper f\u00f6r att ge kommentarer till varandra.<\/p>\n","protected":false},"excerpt":{"rendered":"<p>Den h\u00e4r veckan fokuserar vi p\u00e5 ledarskap, med perspektiv fr\u00e5n Fredrik i en ljudf\u00f6rel\u00e4sning med tillh\u00f6rande Power Point. Samtidigt presenterar vi n\u00e4sta uppgift i kursen som knyter till an till den h\u00e4r och n\u00e4sta veckas tema: Uppgift 4 Reflektion kring ledarskap och gruppdynamik. Inl\u00e4mning 25 november. Ledarskap!? Ljudf\u00f6rel\u00e4sning med tillh\u00f6rande presentation. F\u00f6lj l\u00e4nken f\u00f6r att [&hellip;]<\/p>\n","protected":false},"author":3,"featured_media":0,"parent":0,"menu_order":0,"comment_status":"closed","ping_status":"closed","template":"","meta":{"_bbp_topic_count":0,"_bbp_reply_count":0,"_bbp_total_topic_count":0,"_bbp_total_reply_count":0,"_bbp_voice_count":0,"_bbp_anonymous_reply_count":0,"_bbp_topic_count_hidden":0,"_bbp_reply_count_hidden":0,"_bbp_forum_subforum_count":0,"jetpack_post_was_ever_published":false,"footnotes":""},"class_list":["post-1135","page","type-page","status-publish","hentry"],"jetpack_sharing_enabled":true,"_links":{"self":[{"href":"https:\/\/samhallsentreprenor.glokala.net\/2019-2020\/wp-json\/wp\/v2\/pages\/1135","targetHints":{"allow":["GET"]}}],"collection":[{"href":"https:\/\/samhallsentreprenor.glokala.net\/2019-2020\/wp-json\/wp\/v2\/pages"}],"about":[{"href":"https:\/\/samhallsentreprenor.glokala.net\/2019-2020\/wp-json\/wp\/v2\/types\/page"}],"author":[{"embeddable":true,"href":"https:\/\/samhallsentreprenor.glokala.net\/2019-2020\/wp-json\/wp\/v2\/users\/3"}],"replies":[{"embeddable":true,"href":"https:\/\/samhallsentreprenor.glokala.net\/2019-2020\/wp-json\/wp\/v2\/comments?post=1135"}],"version-history":[{"count":0,"href":"https:\/\/samhallsentreprenor.glokala.net\/2019-2020\/wp-json\/wp\/v2\/pages\/1135\/revisions"}],"wp:attachment":[{"href":"https:\/\/samhallsentreprenor.glokala.net\/2019-2020\/wp-json\/wp\/v2\/media?parent=1135"}],"curies":[{"name":"wp","href":"https:\/\/api.w.org\/{rel}","templated":true}]}}