{"id":1222,"date":"2019-11-25T15:23:57","date_gmt":"2019-11-25T14:23:57","guid":{"rendered":"https:\/\/samhallsentreprenor.glokala.net\/2019-2020\/?page_id=1222"},"modified":"2019-11-25T15:30:43","modified_gmt":"2019-11-25T14:30:43","slug":"v-48-organisationsteori-larande-i-organisationer-uppgift-5-och-ett-tips","status":"publish","type":"page","link":"https:\/\/samhallsentreprenor.glokala.net\/2019-2020\/v-48-organisationsteori-larande-i-organisationer-uppgift-5-och-ett-tips\/","title":{"rendered":"v 48 Organisationsteori &#038; l\u00e4rande i organisationer + uppgift 5 och ett tips!"},"content":{"rendered":"\n<h3 class=\"wp-block-heading\">Uppgift 5: Exempel p\u00e5 organisering<\/h3>\n\n\n\n<p>Unders\u00f6k ett projekt eller en verksamhet som du finner intressant. Hur har man organiserat sin verksamhet och varf\u00f6r? Att intervjua en eller flera personer fr\u00e5n det projekt\/verksamhet som du v\u00e4ljer att titta p\u00e5 \u00e4r ett bra s\u00e4tt att f\u00e5 underlag.<\/p>\n\n\n\n<p><strong><a rel=\"noreferrer noopener\" aria-label=\"L\u00e4s hela beskrivningen f\u00f6r uppgiften \u2192 (opens in a new tab)\" href=\"https:\/\/samhallsentreprenor.glokala.net\/2019-2020\/uppgift-5-exempel-pa-organisering\/\" target=\"_blank\">L\u00e4s hela beskrivningen f\u00f6r uppgiften \u2192<\/a> <\/strong><strong><a href=\"https:\/\/samhallsentreprenor.glokala.net\/2019-2020\/forum\/uppgift-5-exempel-pa-organisering\/\" target=\"_blank\" rel=\"noreferrer noopener\" aria-label=\"L\u00e4mna in den h\u00e4r senast 20 januari. (opens in a new tab)\">L\u00e4mna in den h\u00e4r senast 20 januari.<\/a><\/strong><\/p>\n\n\n\n<p>:::::::::::::::::::::::::::::::::::::::::::::::::::::::::::::::<\/p>\n\n\n\n<p><em>Denna vecka fokuserar p\u00e5 temat organisationsteori och l\u00e4rande i organisationer. Vi tar del av Fredriks f\u00f6rel\u00e4sningar och h\u00e4mtar \u00e4ven inspiration fr\u00e5n Frederic Laloux som pratar om nya s\u00e4tt att se p\u00e5 och leda traditionella organisationer<\/em>. <\/p>\n\n\n\n<h3 class=\"wp-block-heading\">Organisationsteori<\/h3>\n\n\n\n<p>H\u00e4r hittar du Fredriks presentation om organisationsteori med tillh\u00f6rande ljudpresentation: <\/p>\n\n\n\n<p><strong>Presentation i ljud<\/strong><br><a rel=\"noreferrer noopener\" aria-label=\"Ljudfil med Fredriks presentation. (opens in a new tab)\" href=\"https:\/\/www.dropbox.com\/s\/ionet51p9ihlq64\/Organisationsteori%20och%20organisering_191125.m4a?dl=0\" target=\"_blank\">Ljudfil med Fredriks presentation<\/a><\/p>\n\n\n\n<p><strong>Presentation i powerpoint och PDF<\/strong><br><a rel=\"noreferrer noopener\" aria-label=\"Organisationsteori (powerpoint-fil) (opens in a new tab)\" href=\"https:\/\/docs.google.com\/presentation\/d\/1lfH9nsFa2M9C9V3AxOV4yZcWcdCGU8Hruw_0U84_S-Y\/edit?usp=sharing\" target=\"_blank\">Organisationsteori (powerpoint-fil)<\/a><\/p>\n\n\n\n<div class=\"wp-block-file\"><a href=\"https:\/\/samhallsentreprenor.glokala.net\/2019-2020\/wp-content\/uploads\/2019\/11\/SHE_OL108A_org-teori.pdf\">Organisationsteori (pdf)<\/a><a href=\"https:\/\/samhallsentreprenor.glokala.net\/2019-2020\/wp-content\/uploads\/2019\/11\/SHE_OL108A_org-teori.pdf\" class=\"wp-block-file__button\" download>Ladda ner<\/a><\/div>\n\n\n\n<p><\/p>\n\n\n\n<h3 class=\"wp-block-heading\">F\u00f6rdjupning &#8211; inspiration: How to become a soulful organisation  med Frederic Laloux<\/h3>\n\n\n\n<p>H\u00f6r Frederic Laloux ber\u00e4tta om sin forskning p\u00e5 organisationer som f\u00f6rs\u00f6ker hitta nya organisationsstrukturer f\u00f6r att utvecklas i v\u00e5r komplexa moderna v\u00e4rld. <\/p>\n\n\n\n<figure class=\"wp-block-embed-youtube wp-block-embed is-type-video is-provider-youtube wp-embed-aspect-16-9 wp-has-aspect-ratio\"><div class=\"wp-block-embed__wrapper\">\n<iframe loading=\"lazy\" title=\"Frederic Laloux on Soulful Organisations\" width=\"500\" height=\"281\" src=\"https:\/\/www.youtube.com\/embed\/GxGGkrtKZaA?feature=oembed\" frameborder=\"0\" allow=\"accelerometer; autoplay; clipboard-write; encrypted-media; gyroscope; picture-in-picture; web-share\" referrerpolicy=\"strict-origin-when-cross-origin\" allowfullscreen><\/iframe>\n<\/div><\/figure>\n\n\n\n<h2 class=\"wp-block-heading\">Till sist: ett tips!<\/h2>\n\n\n\n<p>F\u00f6r de av er som HAR startat ett arbetsintegrerat socialt f\u00f6retag (ASF) erbjuder <a rel=\"noreferrer noopener\" aria-label=\"Sk\u00e5ne Coompanion  (opens in a new tab)\" href=\"https:\/\/skane.coompanion.se\/\" target=\"_blank\">Sk\u00e5ne Coompanion <\/a>ASF Akademin.  Programmet best\u00e5r av \u00e5tta tillf\u00e4llen \u00f6ver tv\u00e5 \u00e5r, men det finns ocks\u00e5 m\u00f6jlighet att ansluta nu i m\u00e5n av plats. Om ni \u00e4r intresserade av att veta mer kan ni kontakta Junaidah Minnhagen p\u00e5 Coompanion. E-post:&nbsp;<a rel=\"noreferrer noopener\" href=\"mailto:junaidah.minnhagen@coompanion.se\" target=\"_blank\">junaidah.minnhagen@coompanion.se<\/a> Tel: 0702 63 0947<\/p>\n","protected":false},"excerpt":{"rendered":"<p>Uppgift 5: Exempel p\u00e5 organisering Unders\u00f6k ett projekt eller en verksamhet som du finner intressant. Hur har man organiserat sin verksamhet och varf\u00f6r? Att intervjua en eller flera personer fr\u00e5n det projekt\/verksamhet som du v\u00e4ljer att titta p\u00e5 \u00e4r ett bra s\u00e4tt att f\u00e5 underlag. L\u00e4s hela beskrivningen f\u00f6r uppgiften \u2192 L\u00e4mna in den h\u00e4r [&hellip;]<\/p>\n","protected":false},"author":3,"featured_media":0,"parent":0,"menu_order":0,"comment_status":"closed","ping_status":"closed","template":"","meta":{"_bbp_topic_count":0,"_bbp_reply_count":0,"_bbp_total_topic_count":0,"_bbp_total_reply_count":0,"_bbp_voice_count":0,"_bbp_anonymous_reply_count":0,"_bbp_topic_count_hidden":0,"_bbp_reply_count_hidden":0,"_bbp_forum_subforum_count":0,"jetpack_post_was_ever_published":false,"footnotes":""},"class_list":["post-1222","page","type-page","status-publish","hentry"],"jetpack_sharing_enabled":true,"_links":{"self":[{"href":"https:\/\/samhallsentreprenor.glokala.net\/2019-2020\/wp-json\/wp\/v2\/pages\/1222","targetHints":{"allow":["GET"]}}],"collection":[{"href":"https:\/\/samhallsentreprenor.glokala.net\/2019-2020\/wp-json\/wp\/v2\/pages"}],"about":[{"href":"https:\/\/samhallsentreprenor.glokala.net\/2019-2020\/wp-json\/wp\/v2\/types\/page"}],"author":[{"embeddable":true,"href":"https:\/\/samhallsentreprenor.glokala.net\/2019-2020\/wp-json\/wp\/v2\/users\/3"}],"replies":[{"embeddable":true,"href":"https:\/\/samhallsentreprenor.glokala.net\/2019-2020\/wp-json\/wp\/v2\/comments?post=1222"}],"version-history":[{"count":0,"href":"https:\/\/samhallsentreprenor.glokala.net\/2019-2020\/wp-json\/wp\/v2\/pages\/1222\/revisions"}],"wp:attachment":[{"href":"https:\/\/samhallsentreprenor.glokala.net\/2019-2020\/wp-json\/wp\/v2\/media?parent=1222"}],"curies":[{"name":"wp","href":"https:\/\/api.w.org\/{rel}","templated":true}]}}