{"id":1224,"date":"2019-11-25T15:16:17","date_gmt":"2019-11-25T14:16:17","guid":{"rendered":"https:\/\/samhallsentreprenor.glokala.net\/2019-2020\/?page_id=1224"},"modified":"2020-01-20T10:53:29","modified_gmt":"2020-01-20T09:53:29","slug":"uppgift-5-exempel-pa-organisering","status":"publish","type":"page","link":"https:\/\/samhallsentreprenor.glokala.net\/2019-2020\/uppgift-5-exempel-pa-organisering\/","title":{"rendered":"Uppgift 5: Exempel p\u00e5 organisering"},"content":{"rendered":"\n<p><strong>Inl\u00e4mning: 20 januari i <a href=\"https:\/\/samhallsentreprenor.glokala.net\/2019-2020\/grupper\/uppgift-5-exempel-pa-organisering\/\" target=\"_blank\" rel=\"noreferrer noopener\" aria-label=\"uppgiftens forum (opens in a new tab)\">uppgiftens forum<\/a><br>Respons\/kommentarer: 21 januari \u2013 2 februari<\/strong><\/p>\n\n\n\n<p><strong>H\u00e4r kommer f\u00f6rst en skriftlig instruktion f\u00f6r uppgiften, l\u00e4ngre ner hittar du en ljudfil fr\u00e5n Fredrik d\u00e4r han introducerar uppgiften. <\/strong><br><br>Unders\u00f6k ett projekt eller en verksamhet som du finner intressant. Att intervjua en eller flera personer fr\u00e5n det projekt eller verksamhet som du v\u00e4ljer att titta p\u00e5 \u00e4r ett bra s\u00e4tt att f\u00e5 underlag. V\u00e4lj g\u00e4rna ett exempel som ligger n\u00e4ra de id\u00e9er som du sj\u00e4lv har. Ofta \u00e4r det v\u00e4rdefullt att ta del av erfarenheter fr\u00e5n de som g\u00f6r liknande saker.<\/p>\n\n\n\n<p><strong>F\u00f6rslag p\u00e5 fr\u00e5gest\u00e4llningar<\/strong><\/p>\n\n\n\n<ul class=\"wp-block-list\"><li>Hur har man organiserat sig och varf\u00f6r?<\/li><li>Vad har varit framg\u00e5ngsrikt?<\/li><li>Vilka sv\u00e5righeter finns?<\/li><li>Hur fungerar samspelet mellan de som \u00e4r involverade?<\/li><li>Har s\u00e4ttet att organisera verksamheten\/projektet f\u00f6r\u00e4ndrats \u00f6ver tid?<\/li><li>Vad har du inspirerats av? Vad vill du ta med dig in i dina egna projekt?<\/li><\/ul>\n\n\n\n<p>Utveckla g\u00e4rna fr\u00e5gest\u00e4llningarna utifr\u00e5n vad du vill l\u00e4ra dig mer om.<\/p>\n\n\n\n<blockquote class=\"wp-block-quote is-layout-flow wp-block-quote-is-layout-flow\"><p><strong>Tips p\u00e5 verksamheter att unders\u00f6ka:<\/strong><\/p><p><a href=\"http:\/\/socialinnovation.se\/100-sociala-innovationer-som-kan-forandra-sverige\/\" target=\"_blank\" rel=\"noreferrer noopener\">100 sociala innovationer &#8211; nationellt<\/a> (scrolla ner till listan med l\u00e4nkar)<br><a href=\"http:\/\/socialinnovationskane.se\/100-sociala-innovationer-skane\/\" target=\"_blank\" rel=\"noreferrer noopener\">100 sociala innovationer i Sk\u00e5ne<\/a><\/p><\/blockquote>\n\n\n\n<p><strong>Omfattning<\/strong><br>Du kan genomf\u00f6ra uppgiften sj\u00e4lv eller i samarbete med n\u00e5gon annan i kursen. Form f\u00f6r inl\u00e4mningen \u00e4r \u00f6ppen. Det g\u00e5r bra att anv\u00e4nda video, ljud, text eller en annan form du vill prova.<\/p>\n\n\n\n<p>Inl\u00e4mning i textform: 3-5 sidor.<\/p>\n\n\n\n<p>Inl\u00e4mning i form av video, ljudinspelning, bildspel, en blogg eller annat: Du f\u00e5r sj\u00e4lv g\u00f6ra en bed\u00f6mning, men en riktlinje f\u00f6r video- och ljudinspelningar kan vara att h\u00e5lla sig inom 15 minuter.<\/p>\n\n\n\n<p><a rel=\"noreferrer noopener\" aria-label=\"Ljudfil d\u00e4r Fredrik introducerar uppgiften (opens in a new tab)\" href=\"https:\/\/www.dropbox.com\/s\/ndi4ec26a0yd9ja\/Uppgift%205.m4a?dl=0\" target=\"_blank\">Ljudfil d\u00e4r Fredrik f\u00f6rdjupat introducerar uppgiften<\/a> (De sista 45 sekundrarna st\u00f6rs tyv\u00e4rr av  ett borrande ljud)<\/p>\n\n\n\n<p><strong>Inl\u00e4mning 20 januari:<br><\/strong>\u2013 L\u00e4gg till ett nytt \u00e4mne i <a href=\"https:\/\/samhallsentreprenor.glokala.net\/2019-2020\/grupper\/uppgift-5-exempel-pa-organisering\/\" target=\"_blank\" rel=\"noreferrer noopener\" aria-label=\"uppgiftens forum (opens in a new tab)\">uppgiftens forum<\/a><br>\u2013 Skriv en titel som inneh\u00e5ller ditt namn<br>\u2013 L\u00e4mnar du in p\u00e5 annat s\u00e4tt \u00e4n genom text vill vi att du ocks\u00e5 kort beskriver hur man tar del av din presentation, i inl\u00e4gget eller med en bifogad fil.<br>Kontakta oss om du har n\u00e5gon fr\u00e5ga om hur du kan g\u00e5 tillv\u00e4ga f\u00f6r att l\u00e4mna in!<br>Inl\u00e4mningsforumet \u00e4r \u00f6ppet f\u00f6r alla deltagare, men st\u00e4ngt f\u00f6r andra bes\u00f6kare.<\/p>\n\n\n\n<p><strong>Respons\/kommentarer:<\/strong> 21 januari \u2013 2 februari<br>I uppgiften ing\u00e5r att ge kommentarer till varandra. Kommentarer ger b\u00e5de v\u00e4rdefull respons och nya reflektioner. En indelning i grupper presenteras 21 januari.<br>Sista dag f\u00f6r kommentarer: 2 februari.<\/p>\n\n\n\n<p><strong>Fr\u00e5gor?\u00a0<\/strong>Kontakta g\u00e4rna August om du har n\u00e5gon fr\u00e5ga.<\/p>\n","protected":false},"excerpt":{"rendered":"<p>Inl\u00e4mning: 20 januari i uppgiftens forumRespons\/kommentarer: 21 januari \u2013 2 februari H\u00e4r kommer f\u00f6rst en skriftlig instruktion f\u00f6r uppgiften, l\u00e4ngre ner hittar du en ljudfil fr\u00e5n Fredrik d\u00e4r han introducerar uppgiften. Unders\u00f6k ett projekt eller en verksamhet som du finner intressant. Att intervjua en eller flera personer fr\u00e5n det projekt eller verksamhet som du v\u00e4ljer [&hellip;]<\/p>\n","protected":false},"author":3,"featured_media":0,"parent":0,"menu_order":0,"comment_status":"closed","ping_status":"closed","template":"","meta":{"_bbp_topic_count":0,"_bbp_reply_count":0,"_bbp_total_topic_count":0,"_bbp_total_reply_count":0,"_bbp_voice_count":0,"_bbp_anonymous_reply_count":0,"_bbp_topic_count_hidden":0,"_bbp_reply_count_hidden":0,"_bbp_forum_subforum_count":0,"footnotes":""},"class_list":["post-1224","page","type-page","status-publish","hentry"],"jetpack_sharing_enabled":true,"_links":{"self":[{"href":"https:\/\/samhallsentreprenor.glokala.net\/2019-2020\/wp-json\/wp\/v2\/pages\/1224","targetHints":{"allow":["GET"]}}],"collection":[{"href":"https:\/\/samhallsentreprenor.glokala.net\/2019-2020\/wp-json\/wp\/v2\/pages"}],"about":[{"href":"https:\/\/samhallsentreprenor.glokala.net\/2019-2020\/wp-json\/wp\/v2\/types\/page"}],"author":[{"embeddable":true,"href":"https:\/\/samhallsentreprenor.glokala.net\/2019-2020\/wp-json\/wp\/v2\/users\/3"}],"replies":[{"embeddable":true,"href":"https:\/\/samhallsentreprenor.glokala.net\/2019-2020\/wp-json\/wp\/v2\/comments?post=1224"}],"version-history":[{"count":0,"href":"https:\/\/samhallsentreprenor.glokala.net\/2019-2020\/wp-json\/wp\/v2\/pages\/1224\/revisions"}],"wp:attachment":[{"href":"https:\/\/samhallsentreprenor.glokala.net\/2019-2020\/wp-json\/wp\/v2\/media?parent=1224"}],"curies":[{"name":"wp","href":"https:\/\/api.w.org\/{rel}","templated":true}]}}