{"id":1306,"date":"2019-12-02T06:00:58","date_gmt":"2019-12-02T05:00:58","guid":{"rendered":"https:\/\/samhallsentreprenor.glokala.net\/2019-2020\/?page_id=1306"},"modified":"2019-11-27T12:53:59","modified_gmt":"2019-11-27T11:53:59","slug":"v-49-organisering-exempel-inom-samhallsentreprenorskap","status":"publish","type":"page","link":"https:\/\/samhallsentreprenor.glokala.net\/2019-2020\/v-49-organisering-exempel-inom-samhallsentreprenorskap\/","title":{"rendered":"v 49 Organisering &#8211; exempel inom samh\u00e4llsentrepren\u00f6rskap"},"content":{"rendered":"\n<p class=\"has-background has-very-light-gray-background-color\">I veckans tema m\u00f6ter vi exempel p\u00e5 verksamheter &amp; initiativ. Vi f\u00e5r ocks\u00e5 ta del av de v\u00e4rden som skapas av dessa f\u00f6r inblandade deltagare och f\u00f6r samh\u00e4llet runt omkring. <br>\u2192 Ta del av dokument\u00e4ren om Yalla Trappan, ett TED-talk (Better Blocks) och en intervju (Nour Habib fr\u00e5n Trygg R\u00e4tt).<br>\u2192 Vi som har m\u00f6jlighet deltar i ett webbinarium med titeln <em>Community Wealth Building<\/em> som h\u00e5lls i samband med Lokalekonomidagarna, p\u00e5 torsdag (5\/11) klockan 13.30 via videol\u00e4nk. <br>\u2192 Fr\u00e5gor f\u00f6r reflektion: Vilka l\u00e4rdomar g\u00e5r det att dra av hur de h\u00e4r olika verksamheterna har startats och hur de organiseras? Vilka intryck tar du fasta p\u00e5 n\u00e4r du tar del av materialet? <\/p>\n\n\n\n<h2 class=\"wp-block-heading\"><a href=\"https:\/\/www.youtube.com\/watch?v=mWe6Nhn5Crw\" target=\"_blank\" rel=\"noreferrer noopener\" aria-label=\"Yalla! Vi lever (opens in a new tab)\">Yalla! Vi lever<\/a><\/h2>\n\n\n\n<p>Yalla Trappan \u00e4r ett arbetsintegrerande socialt f\u00f6retag och kvinnokooperativ som drivs av en ideell f\u00f6rening p\u00e5 Roseng\u00e5rd i Malm\u00f6. F\u00f6reningen bildades v\u00e5ren 2009, som en forts\u00e4ttning p\u00e5 ett tidigare projekt.  Idag har Yalla Trappan \u00f6ver 35 anst\u00e4llda och tar \u00e4ven emot praktikanter f\u00f6r arbetslivsintroduktion i sina olika verksamhetsgrenar kaf\u00e9, catering, lokalv\u00e5rd, syatelj\u00e9 och konferensservice. L\u00e4s mer om Yalla Trappan p\u00e5 <a rel=\"noreferrer noopener\" aria-label=\"Yalla Trappan h\u00e4r (opens in a new tab)\" href=\"https:\/\/www.yallatrappan.com\/om\/\" target=\"_blank\">deras hemsida<\/a>. <\/p>\n\n\n\n<p><strong>Vi ser dokument\u00e4ren <\/strong><em><strong>Yalla! Vi lever<\/strong><\/em> (46 min), producerad av Marcus Lindberg &amp; Peter Malmgren, Mohave Media 2018.<\/p>\n\n\n\n<figure class=\"wp-block-embed-youtube wp-block-embed is-type-video is-provider-youtube wp-embed-aspect-16-9 wp-has-aspect-ratio\"><div class=\"wp-block-embed__wrapper\">\n<iframe loading=\"lazy\" title=\"YALLA! - Vi lever (Svensk undertext)\" width=\"500\" height=\"281\" src=\"https:\/\/www.youtube.com\/embed\/mWe6Nhn5Crw?feature=oembed\" frameborder=\"0\" allow=\"accelerometer; autoplay; clipboard-write; encrypted-media; gyroscope; picture-in-picture; web-share\" referrerpolicy=\"strict-origin-when-cross-origin\" allowfullscreen><\/iframe>\n<\/div><\/figure>\n\n\n\n<h2 class=\"wp-block-heading\">Better Block &#8212; Jason Roberts<\/h2>\n\n\n\n<blockquote class=\"wp-block-quote is-style-default is-layout-flow wp-block-quote-is-layout-flow\"><p><strong>\u201dYou don\u2019t have to have everything worked out\u201d<\/strong><\/p><cite>Jason Robert, grundare av projektet <a href=\"https:\/\/www.betterblock.org\/\" target=\"_blank\" rel=\"noreferrer noopener\" aria-label=\"Team Better Block (opens in a new tab)\">Team Better Block<\/a>. <\/cite><\/blockquote>\n\n\n\n<p>Jason Roberts b\u00f6rjade g\u00f6ra projekt p\u00e5 egen hand och tillsammans med v\u00e4nner, med kort startstr\u00e4cka, och har f\u00e5tt se flera stora id\u00e9er ta form. Kanske \u00e4r det ibland enklast att helt enkelt bara b\u00f6rja g\u00f6ra? Vi tittar p\u00e5 ett inspirerande tal med Jason. <br><br><strong>\u2192<\/strong> <strong><em>Tillg\u00e4nglighet: <\/em><\/strong><em>Jason pratar p\u00e5 engelska och i h\u00f6gt tempo, s\u00e5 det kan vara sv\u00e5rt att f\u00f6lja med. H\u00e4r finns tv\u00e5 hj\u00e4lpmedel. Du kan sakta ner tempot genom att trycka p\u00e5 kugghjulet nere i h\u00f6gra h\u00f6rnet av videospelaren, klicka vidare p\u00e5 &#8221;Uppspelningshastighet&#8221; och f\u00f6rslagsvis v\u00e4lja 0,75. Det andra du kan g\u00f6ra f\u00f6r att l\u00e4ttare h\u00e4nga med \u00e4r att anv\u00e4nda undertexter. Undertexter hittar du genom at klicka p\u00e5 symbolen precis till v\u00e4nster om kugghjulet. Dock \u00e4r de autogenererade och inte alltid helt korrekta. <\/em><br><br> <a rel=\"noreferrer noopener\" href=\"https:\/\/www.youtube.com\/watch?v=ntwqVDzdqAU\" target=\"_blank\">Video<\/a> (18 min):<\/p>\n\n\n\n<figure class=\"wp-block-embed-youtube wp-block-embed is-type-video is-provider-youtube wp-embed-aspect-16-9 wp-has-aspect-ratio\"><div class=\"wp-block-embed__wrapper\">\n<iframe loading=\"lazy\" title=\"How to build a better block: Jason Roberts at TEDxOU\" width=\"500\" height=\"281\" src=\"https:\/\/www.youtube.com\/embed\/ntwqVDzdqAU?feature=oembed\" frameborder=\"0\" allow=\"accelerometer; autoplay; clipboard-write; encrypted-media; gyroscope; picture-in-picture; web-share\" referrerpolicy=\"strict-origin-when-cross-origin\" allowfullscreen><\/iframe>\n<\/div><\/figure>\n\n\n\n<h2 class=\"wp-block-heading\">Trygg R\u00e4tt &#8212; Nour Habib<\/h2>\n\n\n\n<p>Nour Habib l\u00e4mnade livet som kriminell och startade f\u00f6reningen <a rel=\"noreferrer noopener\" aria-label=\"Trygg R\u00e4tt (opens in a new tab)\" href=\"http:\/\/tryggratt.se\/\" target=\"_blank\">Trygg R\u00e4tt<\/a> med m\u00e5let att hj\u00e4lpa ungdomar ut ur kriminalitet. I en samtid d\u00e4r m\u00e5nga av de f\u00f6reslagna l\u00f6sningarna p\u00e5 g\u00e4ngkriminalitet och v\u00e5ld handlar om h\u00e5rdare straff och fler poliser beh\u00f6vs organisationer som t\u00e4nker nytt och har andra l\u00f6sningar. Nour Habib vann <a rel=\"noreferrer noopener\" aria-label=\"Reach for Changes (opens in a new tab)\" href=\"http:\/\/sweden.reachforchange.org\/sv\/\" target=\"_blank\">Reach for Change<\/a>s pris <a rel=\"noreferrer noopener\" aria-label=\"Change Leaders 2020 (opens in a new tab)\" href=\"https:\/\/news.cision.com\/se\/reach-for-change\/r\/har-ar-finalisterna-till-reach-for-change-inkubator-2020,c2905484\" target=\"_blank\">Change Leader 2020<\/a> som delades ut under \u00e5rets <a rel=\"noreferrer noopener\" aria-label=\"Sisummit (opens in a new tab)\" href=\"https:\/\/sisummit.se\/\" target=\"_blank\">Sisummit<\/a>. Vi ser tv\u00e5 filmklipp, ett fr\u00e5n Nyhetsmorgon (7 min), d\u00e4r han ber\u00e4ttar om sin bakgrund och om f\u00f6reningen Trygg R\u00e4tt, och en fr\u00e5n Reach for Change (under en minut), med motivering till prisutdelningen. <\/p>\n\n\n\n<figure class=\"wp-block-embed-youtube wp-block-embed is-type-video is-provider-youtube wp-embed-aspect-16-9 wp-has-aspect-ratio\"><div class=\"wp-block-embed__wrapper\">\n<iframe loading=\"lazy\" title=\"&quot;Mamma ringde och sa att jag inte l\u00e4ngre var hennes son&quot; \u2013 d\u00e5 l\u00e4mnade han krim\u2026 - Nyhetsmorgon (TV4)\" width=\"500\" height=\"281\" src=\"https:\/\/www.youtube.com\/embed\/PXse3OMTZl0?feature=oembed\" frameborder=\"0\" allow=\"accelerometer; autoplay; clipboard-write; encrypted-media; gyroscope; picture-in-picture; web-share\" referrerpolicy=\"strict-origin-when-cross-origin\" allowfullscreen><\/iframe>\n<\/div><\/figure>\n\n\n\n<figure class=\"wp-block-video\"><video height=\"1080\" style=\"aspect-ratio: 1080 \/ 1080;\" width=\"1080\" controls src=\"https:\/\/samhallsentreprenor.glokala.net\/2019-2020\/wp-content\/uploads\/2019\/11\/1_1-Trygg-Ra\u0308tt.mp4\"><\/video><\/figure>\n\n\n\n<p>:::::::::::::::::::::::::::<\/p>\n\n\n\n<h2 class=\"wp-block-heading\">Webbinarium: Community wealth building\/utveckling av gemensamt v\u00e4lst\u00e5nd<\/h2>\n\n\n\n<div class=\"wp-block-image\"><figure class=\"alignright\"><img loading=\"lazy\" decoding=\"async\" width=\"145\" height=\"161\" data-attachment-id=\"1322\" data-permalink=\"https:\/\/samhallsentreprenor.glokala.net\/2019-2020\/v-49-organisering-exempel-inom-samhallsentreprenorskap\/attachment\/ska%cc%88rmavbild-2019-11-27-kl-12-29-23\/\" data-orig-file=\"https:\/\/samhallsentreprenor.glokala.net\/2019-2020\/wp-content\/uploads\/2019\/11\/Ska\u0308rmavbild-2019-11-27-kl.-12.29.23.png\" data-orig-size=\"145,161\" data-comments-opened=\"1\" data-image-meta=\"{&quot;aperture&quot;:&quot;0&quot;,&quot;credit&quot;:&quot;&quot;,&quot;camera&quot;:&quot;&quot;,&quot;caption&quot;:&quot;&quot;,&quot;created_timestamp&quot;:&quot;0&quot;,&quot;copyright&quot;:&quot;&quot;,&quot;focal_length&quot;:&quot;0&quot;,&quot;iso&quot;:&quot;0&quot;,&quot;shutter_speed&quot;:&quot;0&quot;,&quot;title&quot;:&quot;&quot;,&quot;orientation&quot;:&quot;0&quot;}\" data-image-title=\"Ska\u0308rmavbild-2019-11-27-kl.-12.29.23\" data-image-description=\"\" data-image-caption=\"\" data-large-file=\"https:\/\/samhallsentreprenor.glokala.net\/2019-2020\/wp-content\/uploads\/2019\/11\/Ska\u0308rmavbild-2019-11-27-kl.-12.29.23.png\" src=\"https:\/\/samhallsentreprenor.glokala.net\/2019-2020\/wp-content\/uploads\/2019\/11\/Ska\u0308rmavbild-2019-11-27-kl.-12.29.23.png\" alt=\"\" class=\"wp-image-1322\"\/><figcaption>Jonty Leibowitz<\/figcaption><\/figure><\/div>\n\n\n\n<p><a rel=\"noreferrer noopener\" aria-label=\"Lokalekonomidagarna (opens in a new tab)\" href=\"https:\/\/lokalekonomi.helasverige.se\/\" target=\"_blank\">Lokalekonomidagarna<\/a> 2019 g\u00e5r av stapeln i J\u00e4rvs\u00f6 i veckan. Vi som inte har m\u00f6jlighet att ta sig dit kan \u00e4nd\u00e5 ta del av en f\u00f6rel\u00e4sning med Jonty Leibowitz, forskare p\u00e5 <a rel=\"noreferrer noopener\" aria-label=\"Center for Local Economic Strategies (CLES) (opens in a new tab)\" href=\"https:\/\/cles.org.uk\/about-cles\/people\/jonty-leibowitz\/\" target=\"_blank\">Center for Local Economic Strategies (CLES)<\/a>, i vilket han pratar om Community Wealth Building, eller p\u00e5 svenska, utveckling av gemensamt v\u00e4lst\u00e5nd. <\/p>\n\n\n\n<p>\u2192 Webbinariet \u00e4ger rum p\u00e5 torsdag den 5\/12 klockan 13.30. Du deltar via det digitala m\u00f6tesverktyget Zoom, och  anm\u00e4ler dig <em>i f\u00f6rv\u00e4g<\/em> via <a rel=\"noreferrer noopener\" aria-label=\" (opens in a new tab)\" href=\"https:\/\/zoom.us\/webinar\/register\/WN_J6pP41ViRwKX2jLCg-OpOQ\" target=\"_blank\">den h\u00e4r l\u00e4nken<\/a>. Anm\u00e4lda kommer att f\u00e5 mer information fr\u00e5n Lokalekonomidagarna via email.<br>\u2192 Har du inte m\u00f6jlighet att delta? Du kan titta p\u00e5 f\u00f6rel\u00e4sning i efterhand p\u00e5 <a rel=\"noreferrer noopener\" aria-label=\"h\u00e4r (opens in a new tab)\" href=\"https:\/\/lokalekonomi.helasverige.se\/webbinarier\/\" target=\"_blank\">Lokalekonomidagarnas hemsida<\/a>. <\/p>\n\n\n\n<p><strong>Ordlista f\u00f6r Jonty Leibowitz f\u00f6rel\u00e4sning:<br><\/strong> Community wealth building = Lokal gemensam v\u00e4lst\u00e5ndsutveckling<br> Procurement = upphandling<br> Real living wage = en minimil\u00f6n som det g\u00e5r att leva p\u00e5<br> Credit union = kreditf\u00f6rening, medlemsbank<br> Council = kommun (som politisk organisation)\/kommunfullm\u00e4ktige<br> Municipality = kommun (som geografiskt omr\u00e5de)<br><br><em>Ovanst\u00e5ende ordlista \u00e4r tagen fr\u00e5n <a rel=\"noreferrer noopener\" aria-label=\"Lokalekonomidagarnas programblad (opens in a new tab)\" href=\"https:\/\/lokalekonomi.helasverige.se\/wp-content\/uploads\/Program-LEK2019.pdf\" target=\"_blank\">Lokalekonomidagarnas programblad<\/a><\/em>.<\/p>\n\n\n\n<p><strong>S\u00e5 vad inneb\u00e4r egentligen utveckling av gemensamt v\u00e4lst\u00e5nd?<br><\/strong>S\u00e5 h\u00e4r beskriver Center for Local Economic Strategies (CLES) konceptet:<\/p>\n\n\n\n<blockquote class=\"wp-block-quote is-layout-flow wp-block-quote-is-layout-flow\"><p>\u201dMed gemensam v\u00e4lst\u00e5ndsutveckling menar vi aktiviteter som g\u00f6r det m\u00f6jligt f\u00f6r platser att v\u00e4xa och utvecklas inifr\u00e5n, genom att utnyttja befintliga resurser p\u00e5 ett mer progressivt och f\u00f6rdelaktigt s\u00e4tt f\u00f6r lokalsamh\u00e4llet, vilket leder till en rad lokala ekonomiska, sociala och milj\u00f6m\u00e4ssiga f\u00f6rdelar. Vi fokuserar inte fr\u00e4mst p\u00e5 de stora f\u00f6retagen eller den nya industrins st\u00e4llning, utan erk\u00e4nner kraften i sm\u00e5f\u00f6retag, socialt f\u00f6retagande och folks vardagliga ekonomi. Vi \u00e4r inte bara intresserade av produktionstillv\u00e4xt, utan av v\u00e4lbefinnande och lyckliga liv. I den sociala sektorn har vi m\u00e5nga organisationer som utvecklar kooperativ och ekonomiska alternativ som s\u00e4kerst\u00e4ller att v\u00e4lst\u00e5nd \u00e4r mer f\u00f6rdelat och \u00e4gs av de m\u00e4nniskor som producerar rikedom.\u201d<\/p><cite>\u00d6versatt fr\u00e5n <a rel=\"noreferrer noopener\" href=\"https:\/\/cles.org.uk\/wp-content\/uploads\/2017\/02\/Community-WealthBuilding-through-Anchor-Institutions_01_02_17.pdf\" target=\"_blank\">\u201cCommunity Wealth Building through Anchor Institutions\u201d <\/a>(2017), Centre for Local Economic Strategies (CLES). Ovanst\u00e5ende stycke \u00e4r taget fr\u00e5n <a rel=\"noreferrer noopener\" href=\"https:\/\/lokalekonomi.helasverige.se\/wp-content\/uploads\/Program-LEK2019.pdf\" target=\"_blank\">Lokalekonomidagarnas programblad<\/a>.<\/cite><\/blockquote>\n\n\n\n<p>:::::::::::::::::::::::::::<\/p>\n\n\n\n<h2 class=\"wp-block-heading\">M\u00f6jlighet: <a href=\"https:\/\/samhallsentreprenor.glokala.net\/2018-2019\/grupper\/cafeet-kursforum\/forum\/topic\/tider-for-samtal-projektutveckling\/\" target=\"_blank\" rel=\"noreferrer noopener\">Tider f\u00f6r samtal \u2013 projektutveckling<\/a><\/h2>\n\n\n\n<p>Funderar du p\u00e5 n\u00e4sta steg i din id\u00e9utveckling eller hur ditt initiativ kan organiseras?<br>Vi finns tillg\u00e4ngliga f\u00f6r samtal om projekt och id\u00e9er, per telefon\/digitalt eller p\u00e5 plats i Malm\u00f6 f\u00f6r er som bor i n\u00e4rheten. <a rel=\"noreferrer noopener\" aria-label=\"L\u00e4s mer och se tider h\u00e4r \u2192 (opens in a new tab)\" href=\"https:\/\/samhallsentreprenor.glokala.net\/2019-2020\/grupper\/cafeet-kursforum\/forum\/topic\/tider-for-samtal-projektutveckling\/\" target=\"_blank\">L\u00e4s mer och se tider h\u00e4r \u2192<\/a><\/p>\n\n\n\n<p>Samtalet kan vara en m\u00f6jlighet f\u00f6r dig att reflektera kring var du befinner dig just nu och vilka n\u00e4sta steg du planerar i de projekt\/initiativ som du utvecklar.<\/p>\n\n\n\n<p>:::::::::::::::::::::::::::<\/p>\n\n\n\n<h2 class=\"wp-block-heading\">F\u00f6rdjupning: Olika organisationsformer<\/h2>\n\n\n\n<p>I Ashokas metodguide <strong><a href=\"https:\/\/drive.google.com\/file\/d\/0Bz9BvMpwLPLHV21DcGJPRnNJbVU\/view\" target=\"_blank\" rel=\"noreferrer noopener\">\u201dDet har aldrig varit l\u00e4ttare att f\u00f6r\u00e4ndra v\u00e4rlden\u201d<\/a><\/strong> (s. 84-87) hittar du en sammanfattning av olika juridiska organisationsformer i Sverige, och st\u00f6d f\u00f6r att fundera p\u00e5 om n\u00e5gon av dessa former passar ditt initiativ.<\/p>\n\n\n\n<blockquote class=\"wp-block-quote is-layout-flow wp-block-quote-is-layout-flow\"><p>Kommentarer (fr\u00e5n August) till metodguidens sammanst\u00e4llning:<br>&#8211; En kommentar till texten i metodguiden \u00e4r att det g\u00e5r utm\u00e4rkt att ha anst\u00e4llda i en ideell f\u00f6rening.<br>&#8211; Informell organisering n\u00e4mns inte men kan vara anv\u00e4ndbart: I en del fall passar det kanske b\u00e4ttre att organisera initiativ som ett n\u00e4tverk utan en formell organisation.<\/p><\/blockquote>\n","protected":false},"excerpt":{"rendered":"<p>I veckans tema m\u00f6ter vi exempel p\u00e5 verksamheter &amp; initiativ. Vi f\u00e5r ocks\u00e5 ta del av de v\u00e4rden som skapas av dessa f\u00f6r inblandade deltagare och f\u00f6r samh\u00e4llet runt omkring. \u2192 Ta del av dokument\u00e4ren om Yalla Trappan, ett TED-talk (Better Blocks) och en intervju (Nour Habib fr\u00e5n Trygg R\u00e4tt).\u2192 Vi som har m\u00f6jlighet deltar [&hellip;]<\/p>\n","protected":false},"author":3,"featured_media":0,"parent":0,"menu_order":0,"comment_status":"closed","ping_status":"closed","template":"","meta":{"_bbp_topic_count":0,"_bbp_reply_count":0,"_bbp_total_topic_count":0,"_bbp_total_reply_count":0,"_bbp_voice_count":0,"_bbp_anonymous_reply_count":0,"_bbp_topic_count_hidden":0,"_bbp_reply_count_hidden":0,"_bbp_forum_subforum_count":0,"jetpack_post_was_ever_published":false,"footnotes":""},"class_list":["post-1306","page","type-page","status-publish","hentry"],"jetpack_sharing_enabled":true,"_links":{"self":[{"href":"https:\/\/samhallsentreprenor.glokala.net\/2019-2020\/wp-json\/wp\/v2\/pages\/1306","targetHints":{"allow":["GET"]}}],"collection":[{"href":"https:\/\/samhallsentreprenor.glokala.net\/2019-2020\/wp-json\/wp\/v2\/pages"}],"about":[{"href":"https:\/\/samhallsentreprenor.glokala.net\/2019-2020\/wp-json\/wp\/v2\/types\/page"}],"author":[{"embeddable":true,"href":"https:\/\/samhallsentreprenor.glokala.net\/2019-2020\/wp-json\/wp\/v2\/users\/3"}],"replies":[{"embeddable":true,"href":"https:\/\/samhallsentreprenor.glokala.net\/2019-2020\/wp-json\/wp\/v2\/comments?post=1306"}],"version-history":[{"count":0,"href":"https:\/\/samhallsentreprenor.glokala.net\/2019-2020\/wp-json\/wp\/v2\/pages\/1306\/revisions"}],"wp:attachment":[{"href":"https:\/\/samhallsentreprenor.glokala.net\/2019-2020\/wp-json\/wp\/v2\/media?parent=1306"}],"curies":[{"name":"wp","href":"https:\/\/api.w.org\/{rel}","templated":true}]}}