{"id":133,"date":"2019-08-21T12:50:07","date_gmt":"2019-08-21T10:50:07","guid":{"rendered":"https:\/\/samhallsentreprenor.glokala.net\/2019-2020\/?page_id=133"},"modified":"2019-08-30T10:09:50","modified_gmt":"2019-08-30T08:09:50","slug":"praktisk-info-om-kursen","status":"publish","type":"page","link":"https:\/\/samhallsentreprenor.glokala.net\/2019-2020\/praktisk-info-om-kursen\/","title":{"rendered":"Praktisk info om kursen"},"content":{"rendered":"\n<p><strong>Terminstider<\/strong><br>Kursens terminstider \u00e4r f\u00f6ljande<br>HT2019: 2019-09-02&nbsp; \u2013&nbsp; 2020-01-03<br>VT2020: 2020-01-07&nbsp; \u2013&nbsp; 2020-06-05<\/p>\n\n\n\n<p><strong>CSN\/studiemedel<\/strong><br>Om du s\u00f6ker studiemedel\/bidrag f\u00f6r kursen: Du kan redan innan kursens start g\u00f6ra en ans\u00f6kan om CSN till kursen (se terminstider ovan). N\u00e4r kursen har startat beh\u00f6ver du sj\u00e4lv l\u00e4mna en studief\u00f6rs\u00e4kran till CSN. Har du n\u00e5gra fr\u00e5gor om CSN\/studiemedel f\u00e5r du g\u00e4rna ta direkt kontakt med Felicia Trellid som arbetar med dessa fr\u00e5gor p\u00e5 folkh\u00f6gskolan.<br>Felicia Trellid, felicia [at] glokala.se, 040-642 47 29, 0765-42 47 29<\/p>\n\n\n\n<p>OBS. I mitten av augusti \u00e4ndrade vi kurstiderna till de som st\u00e5r att l\u00e4sa ovan. Om du ans\u00f6kt om CSN tidigare under sommaren beh\u00f6ver du \u00e4ndra din ans\u00f6kan till de nya terminstiderna f\u00f6r att f\u00e5 studiemedel enligt de nya tiderna. <\/p>\n\n\n\n<p>L\u00e4s mer om studiest\u00f6d som studerande p\u00e5 folkh\u00f6gskola \u2013 l\u00e4nk till pdf: <a rel=\"noreferrer noopener\" aria-label=\"Studiestod_folkhogskolestuderande.pdf (opens in a new tab)\" href=\"https:\/\/www.folkhogskola.nu\/globalassets\/dokument-och-filer\/studiestod_folkhogskolestuderande.pdf\" target=\"_blank\">Studiestod_folkhogskolestuderande.pdf<\/a><\/p>\n\n\n\n<p><strong>Mecenatkort<\/strong><br>Om du ans\u00f6kt om studiemedel\/bidrag f\u00f6r kursen fr\u00e5n CSN s\u00e5 kommer CSN meddela Mecenat att du studerar denna termin och Mecenat kontaktar dig f\u00f6r att du ska aktivera ditt Mecenatkort, detta sker efter terminsstart.  Om du inte ans\u00f6kt om studiemedel\/bidrag f\u00f6r terminen men \u00e4nd\u00e5 vill ha ett Mecenatkort kan du kontakta Lisa Nissen, pedagog p\u00e5 kursen, s\u00e5 hj\u00e4lper hon dig med det. <\/p>\n\n\n\n<blockquote class=\"wp-block-quote is-layout-flow wp-block-quote-is-layout-flow\"><p><strong>Hur g\u00f6r jag om jag \u00e4r sjuk eller vabbar?<\/strong><br>N\u00e4r sjukdom eller VAB p\u00e5verkar dina studier meddelar du kursansvarig via e-post eller telefon.<br>Du ska du \u00e4ven g\u00f6ra en sjukanm\u00e4lan p\u00e5 f\u00f6ljande s\u00e4tt:<br> \u2013 N\u00e4r du \u00e4r sjuk ska du anm\u00e4la det omg\u00e5ende, helst f\u00f6rsta sjukdagen och senast sjunde dagen, till <a rel=\"noreferrer noopener\" href=\"https:\/\/www.forsakringskassan.se\/\" target=\"_blank\">F\u00f6rs\u00e4kringskassan<\/a>.<br> \u2013 N\u00e4r du \u00e4r hemma f\u00f6r v\u00e5rd av barn (VAB) ska du anm\u00e4la detta till CSN senast en vecka efter f\u00f6rsta v\u00e5rddagen.<br>Vid fr\u00e5nvaro p\u00e5 grund av sjukdom eller v\u00e5rd av barn som \u00f6verstiger en vecka kr\u00e4vs fullst\u00e4ndigt l\u00e4karintyg.<\/p><p><strong>Hur p\u00e5verkar fr\u00e5nvaro studiest\u00f6det?<\/strong><br>Du f\u00e5r studiemedel f\u00f6r studier p\u00e5 folkh\u00f6gskola n\u00e4r du studerar i kursens ordinarie takt. Om du har l\u00e5g studieaktivitet och h\u00f6g fr\u00e5nvaro riskerar du att bli avst\u00e4ngd eller utskriven, vilket p\u00e5verkar ditt studiemedel fr\u00e5n CSN. F\u00f6r att f\u00e5 studiemedel m\u00e5ste du kunna visa att du klarat av dina studier.<br>Veckor d\u00e5 du varit sjuk, och som F\u00f6rs\u00e4kringskassan har godk\u00e4nt, r\u00e4knas inte n\u00e4r CSN pr\u00f6var dina studieresultat. Detsamma g\u00e4ller v\u00e5rd av barn eller n\u00e4rst\u00e5ende, om du har anm\u00e4lt detta till CSN.<\/p><p><strong>Vad g\u00e4ller vid studieavbrott?<\/strong><br>Deltagare som vill avbryta sina studier meddelar detta till  kursansvarig. Om du har studiemedel fr\u00e5n CSN m\u00e5ste du \u00e4ven kontakta dem  och meddela ditt studieavbrott.<\/p><\/blockquote>\n\n\n\n<p><strong>Dina r\u00e4ttigheter som studerande<\/strong><br>Mer generell information om att studera p\u00e5 Glokala folkh\u00f6gskolan och dina r\u00e4ttigheter som deltagare finns \u00e4ven <a rel=\"noreferrer noopener\" href=\"https:\/\/www.glokala.se\/studerandeinfo\/\" target=\"_blank\">p\u00e5 glokala.se under Studerandeinfo<\/a>. D\u00e4r hittar du kontakt till <a href=\"https:\/\/www.glokala.se\/studerandeinfo\/kurator\/\" target=\"_blank\" rel=\"noreferrer noopener\" aria-label=\"v\u00e5r kurator (opens in a new tab)\">v\u00e5r kurator<\/a>, och de policydokument som styr hela folkh\u00f6gskolans verksamhet.<\/p>\n\n\n\n<p><strong>F\u00f6rv\u00e4ntningar p\u00e5 dig som deltagare<\/strong><br>En viktig utg\u00e5ngspunkt f\u00f6r kursen \u00e4r att ta vara p\u00e5 alla de tankar och kunskaper vi har tillsammans. En f\u00f6ruts\u00e4ttning \u00e4r att under \u00e5ret vara med och diskutera, dela dina tankar och erfarenheter. I flera uppgifter under \u00e5ret ing\u00e5r det att ge kommentarer till varandra, n\u00e5got som b\u00e5de \u00e4r l\u00e4rorikt och v\u00e4cker nya perspektiv. Vi f\u00f6rv\u00e4ntar oss att du kontinuerligt deltar genom diskussioner och genom kursens inl\u00e4mningsuppgifter.<br>Meddela kursansvarig om du beh\u00f6ver vara fr\u00e5nvarande under en period, till exempel f\u00f6r semester eller resa.<\/p>\n\n\n\n<p><strong>Intyg<\/strong><br>Du som deltar aktivt i majoriteten av kursens moment samt genomf\u00f6r kursens uppgifter har fullgjort kursen, och f\u00e5r vid kursens slut ett studieintyg.<br>Har du deltagit aktivt i kursen, men ej genomf\u00f6rt alla moment, f\u00e5r du ett kursintyg.<br>H\u00f6gskolemomenten kring projektledning (7,5 hp) ing\u00e5r som en del av folkh\u00f6gskolekursen, de uppgifter som examinerar h\u00f6gskoledelen kommer att presenteras under kurs\u00e5ret. Efter att ha genomg\u00e5tt kursen med godk\u00e4nt betyg, kan man ocks\u00e5 tillgodor\u00e4kna sig dessa h\u00f6gskolepo\u00e4ng.<\/p>\n\n\n\n<p><strong>Information om hur vi hanterar dina personuppgifter<\/strong><br>L\u00e4s mer om hur vi hanterar dina personuppgifter som deltagare i kursen:<a href=\"https:\/\/docs.google.com\/document\/d\/1FvEKZV7Xr_3_jFPUNPw26FLQj2JcsyJEOqJsEqRZdc8\/edit?usp=sharing\" target=\"_blank\" rel=\"noreferrer noopener\"> Information till deltagare i distanskurser ang\u00e5ende Dataskyddsf\u00f6rordningen \u2192<\/a><br>Vi skickar \u00e4ven denna information per e-post i b\u00f6rjan och i slutet av kursen.<\/p>\n\n\n\n<p><strong>Studieteknik och personlig arbetsmilj\u00f6<br><\/strong>Att l\u00e4sa en distanskurs ger m\u00f6jlighet att sj\u00e4lv planera n\u00e4r och hur du studerar. Den stora sj\u00e4lvst\u00e4ndigheten kan samtidigt vara en utmaning. Hur hittar en studiero och fokus? Vad \u00e4r viktigt att t\u00e4nka p\u00e5 n\u00e4r en sitter l\u00e5nga stunder framf\u00f6r en sk\u00e4rm? Vi har sammanst\u00e4llt n\u00e5gra tips, <a href=\"https:\/\/samhallsentreprenor.glokala.net\/2019-2020\/studieteknik-och-personlig-arbetsmiljo\/\">l\u00e4s vidare \u2192<\/a><\/p>\n\n\n\n<p><strong>St\u00f6d i dina studier<\/strong><br>Beh\u00f6ver du extra st\u00f6d i dina studier? Kontakta oss, s\u00e5 kan vi prata om vilka behov du har och hur vi kan jobba f\u00f6r att tillg\u00e4ngligg\u00f6ra material och kursinneh\u00e5ll f\u00f6r just dig. Det kan till exempel handla om att f\u00e5 tillg\u00e5ng till inl\u00e4sta texter, extra samtal med l\u00e4rare eller andra individuella anpassningar.<\/p>\n\n\n\n<p><\/p>\n\n\n\n<figure class=\"wp-block-image\"><img loading=\"lazy\" decoding=\"async\" width=\"1024\" height=\"768\" data-attachment-id=\"134\" data-permalink=\"https:\/\/samhallsentreprenor.glokala.net\/2019-2020\/praktisk-info-om-kursen\/attachment\/p1010831\/\" data-orig-file=\"https:\/\/samhallsentreprenor.glokala.net\/2019-2020\/wp-content\/uploads\/2019\/08\/P1010831.jpg\" data-orig-size=\"2560,1920\" data-comments-opened=\"1\" data-image-meta=\"{&quot;aperture&quot;:&quot;5.3&quot;,&quot;credit&quot;:&quot;&quot;,&quot;camera&quot;:&quot;DMC-TZ30&quot;,&quot;caption&quot;:&quot;&quot;,&quot;created_timestamp&quot;:&quot;1368115243&quot;,&quot;copyright&quot;:&quot;&quot;,&quot;focal_length&quot;:&quot;19.4&quot;,&quot;iso&quot;:&quot;400&quot;,&quot;shutter_speed&quot;:&quot;0.016666666666667&quot;,&quot;title&quot;:&quot;&quot;,&quot;orientation&quot;:&quot;1&quot;}\" data-image-title=\"P1010831\" data-image-description=\"\" data-image-caption=\"\" data-large-file=\"https:\/\/samhallsentreprenor.glokala.net\/2019-2020\/wp-content\/uploads\/2019\/08\/P1010831-1024x768.jpg\" src=\"https:\/\/samhallsentreprenor.glokala.net\/2019-2020\/wp-content\/uploads\/2019\/08\/P1010831-1024x768.jpg\" alt=\"\" class=\"wp-image-134\" srcset=\"https:\/\/samhallsentreprenor.glokala.net\/2019-2020\/wp-content\/uploads\/2019\/08\/P1010831-1024x768.jpg 1024w, https:\/\/samhallsentreprenor.glokala.net\/2019-2020\/wp-content\/uploads\/2019\/08\/P1010831-500x375.jpg 500w, https:\/\/samhallsentreprenor.glokala.net\/2019-2020\/wp-content\/uploads\/2019\/08\/P1010831-768x576.jpg 768w, https:\/\/samhallsentreprenor.glokala.net\/2019-2020\/wp-content\/uploads\/2019\/08\/P1010831-624x468.jpg 624w\" sizes=\"auto, (max-width: 1024px) 100vw, 1024px\" \/><\/figure>\n","protected":false},"excerpt":{"rendered":"<p>TerminstiderKursens terminstider \u00e4r f\u00f6ljandeHT2019: 2019-09-02&nbsp; \u2013&nbsp; 2020-01-03VT2020: 2020-01-07&nbsp; \u2013&nbsp; 2020-06-05 CSN\/studiemedelOm du s\u00f6ker studiemedel\/bidrag f\u00f6r kursen: Du kan redan innan kursens start g\u00f6ra en ans\u00f6kan om CSN till kursen (se terminstider ovan). N\u00e4r kursen har startat beh\u00f6ver du sj\u00e4lv l\u00e4mna en studief\u00f6rs\u00e4kran till CSN. Har du n\u00e5gra fr\u00e5gor om CSN\/studiemedel f\u00e5r du g\u00e4rna ta direkt [&hellip;]<\/p>\n","protected":false},"author":1,"featured_media":0,"parent":0,"menu_order":0,"comment_status":"open","ping_status":"closed","template":"","meta":{"_bbp_topic_count":0,"_bbp_reply_count":0,"_bbp_total_topic_count":0,"_bbp_total_reply_count":0,"_bbp_voice_count":0,"_bbp_anonymous_reply_count":0,"_bbp_topic_count_hidden":0,"_bbp_reply_count_hidden":0,"_bbp_forum_subforum_count":0,"jetpack_post_was_ever_published":false,"footnotes":""},"class_list":["post-133","page","type-page","status-publish","hentry"],"jetpack_sharing_enabled":true,"_links":{"self":[{"href":"https:\/\/samhallsentreprenor.glokala.net\/2019-2020\/wp-json\/wp\/v2\/pages\/133","targetHints":{"allow":["GET"]}}],"collection":[{"href":"https:\/\/samhallsentreprenor.glokala.net\/2019-2020\/wp-json\/wp\/v2\/pages"}],"about":[{"href":"https:\/\/samhallsentreprenor.glokala.net\/2019-2020\/wp-json\/wp\/v2\/types\/page"}],"author":[{"embeddable":true,"href":"https:\/\/samhallsentreprenor.glokala.net\/2019-2020\/wp-json\/wp\/v2\/users\/1"}],"replies":[{"embeddable":true,"href":"https:\/\/samhallsentreprenor.glokala.net\/2019-2020\/wp-json\/wp\/v2\/comments?post=133"}],"version-history":[{"count":0,"href":"https:\/\/samhallsentreprenor.glokala.net\/2019-2020\/wp-json\/wp\/v2\/pages\/133\/revisions"}],"wp:attachment":[{"href":"https:\/\/samhallsentreprenor.glokala.net\/2019-2020\/wp-json\/wp\/v2\/media?parent=133"}],"curies":[{"name":"wp","href":"https:\/\/api.w.org\/{rel}","templated":true}]}}