{"id":140,"date":"2019-08-21T12:55:37","date_gmt":"2019-08-21T10:55:37","guid":{"rendered":"https:\/\/samhallsentreprenor.glokala.net\/2019-2020\/?page_id=140"},"modified":"2019-08-23T09:37:48","modified_gmt":"2019-08-23T07:37:48","slug":"guide-till-plattformen","status":"publish","type":"page","link":"https:\/\/samhallsentreprenor.glokala.net\/2019-2020\/guide-till-plattformen\/","title":{"rendered":"Guide till plattformen"},"content":{"rendered":"\n<h3 class=\"wp-block-heading\">F\u00f6rsta steg:<\/h3>\n\n\n\n<ol class=\"wp-block-list\"><li><strong>Att logga in:<\/strong> P\u00e5 startsidan finns det ett f\u00e4lt f\u00f6r att logga in med de uppgifter vi har skickat till din e-post. Om du inte hittar eller kommer ih\u00e5g ditt l\u00f6senord kan du<strong> <a href=\"https:\/\/www.samhallsentreprenor.glokala.net\/2019-2020\/wp-login.php?action=lostpassword\" target=\"_blank\" rel=\"noreferrer noopener\" aria-label=\"f\u00e5 ett nytt h\u00e4r. (opens in a new tab)\">f\u00e5 ett nytt h\u00e4r.<\/a><\/strong><br>Som inloggad f\u00e5r du ett f\u00e4lt i toppen av sidan med rubriker, till h\u00f6ger finns \u201dHej, [ditt namn]\u201d. Under den rubriken finns flera alternativ f\u00f6r din profil p\u00e5 kursplattformen.<\/li><li><strong>Byt ditt l\u00f6senord<\/strong> till ett som du sj\u00e4lv best\u00e4mmer (om du inte redan gjort det). Du g\u00f6r detta genom att g\u00e5 in p\u00e5: Inst\u00e4llningar \u2192 Allm\u00e4nt.<\/li><li><strong>Profilbild.<\/strong> F\u00f6r att ladda upp en bild till din profil g\u00e5r du in p\u00e5 Profil \u2192 Byt profilbild. (Var ska man klicka? <a rel=\"noreferrer noopener\" href=\"https:\/\/samhallsentreprenor.glokala.net\/2018-2019\/wp-content\/uploads\/2018\/08\/screen_byt_profilbild.png\" target=\"_blank\">Se en sk\u00e4rmbild \u2192<\/a>)<br>Integritet: Profilbilden blir publikt synlig, \u00e4ven f\u00f6r den som inte \u00e4r inloggad p\u00e5 kursplattformen.<\/li><\/ol>\n\n\n\n<h3 class=\"wp-block-heading\">Att l\u00e4mna in uppgifter i forum:<\/h3>\n\n\n\n<p>F\u00f6r kursens inl\u00e4mningsuppgifter anv\u00e4nder vi forum d\u00e4r det finns m\u00f6jlighet att ge kommentarer till varandra. H\u00e4r \u00e4r n\u00e5gra praktiska tips f\u00f6r att l\u00e4mna in uppgifter.<\/p>\n\n\n\n<p>1) Logga in och navigera till den aktuella uppgiftens forum [se <a href=\"https:\/\/samhallsentreprenor.glokala.net\/2018-2019\/wp-content\/uploads\/2018\/09\/screen_menu_uppgift.png\" target=\"_blank\" rel=\"noreferrer noopener\">sk\u00e4rmbild<\/a>]<\/p>\n\n\n\n<p>2) Skapa ett nytt \u00e4mne f\u00f6r din uppgift &#8211; scrolla ner i forumet till &#8221;Skapa nytt \u00e4mne&#8221; [<a href=\"https:\/\/samhallsentreprenor.glokala.net\/2018-2019\/wp-content\/uploads\/2018\/09\/screen_skapa_nytt_amne.png\" target=\"_blank\" rel=\"noreferrer noopener\">sk\u00e4rmbild<\/a>]<\/p>\n\n\n\n<p>3) Skriv en \u00e4mnestitel som inneh\u00e5ller ditt namn f\u00f6r att g\u00f6ra det l\u00e4tt att hitta bland andra inl\u00e4mningar. Till exempel: August \u2013 Erfarenheter av projekt<\/p>\n\n\n\n<p>4) Ladda g\u00e4rna upp din inl\u00e4mning som en bifogad fil \u2013 skriv \u00e4ven n\u00e5got som kommentar i textrutan f\u00f6r att \u00e4mnet ska skapas. Bifogade filer kan g\u00e4rna vara i pdf-format, men andra vanliga format f\u00f6r textfiler och bildfiler g\u00e5r ocks\u00e5 bra. Max storlek f\u00f6r filer \u00e4r 10 mb. [<a href=\"https:\/\/samhallsentreprenor.glokala.net\/2018-2019\/wp-content\/uploads\/2018\/09\/screen_bifoga.png\" target=\"_blank\" rel=\"noreferrer noopener\">sk\u00e4rmbild &#8211; bifoga filer<\/a>]<\/p>\n\n\n\n<p>Det g\u00e5r ocks\u00e5 bra att skriva \/ kopiera in text f\u00f6r uppgiften direkt i textrutan.<br>Om du kopierar in text fr\u00e5n Word\/Office kan det ibland f\u00f6lja med o\u00f6nskad formatering av texten. Om det h\u00e4nder finns tv\u00e5 tips: Tryck p\u00e5 &#8221;<a href=\"https:\/\/samhallsentreprenor.glokala.net\/2018-2019\/wp-content\/uploads\/2018\/09\/screen_verktygsrad_formatering.png\" target=\"_blank\" rel=\"noreferrer noopener\">Verktygsrad p\u00e5\/av<\/a>&#8221;. Klistra in texten p\u00e5nytt efter att du har aktiverat &#8221;Klistra in som text&#8221;. Eller markera den text du beh\u00f6ver \u00e4ndra p\u00e5 och tryck &#8221;Rensa formatering&#8221;. [<a href=\"https:\/\/samhallsentreprenor.glokala.net\/2018-2019\/wp-content\/uploads\/2018\/09\/screen_verktygsrad_formatering.png\" target=\"_blank\" rel=\"noreferrer noopener\">sk\u00e4rmbild &#8211; verktygsrad p\u00e5\/av<\/a>]<\/p>\n\n\n\n<p>5) Avsluta med &#8221;Skicka&#8221;<\/p>\n\n\n\n<h3 class=\"wp-block-heading\">Bevakningsinst\u00e4llningar f\u00f6r forum:<\/h3>\n\n\n\n<p>Du kan v\u00e4lja att f\u00e5 e-postmeddelanden n\u00e4r det h\u00e4nder n\u00e5got nytt i inl\u00e4mningsforumen. Du v\u00e4ljer om och hur ofta du vill f\u00e5 e-post under &#8221;Bevakningsinst\u00e4llningar&#8221; i respektive forum. [<a href=\"https:\/\/samhallsentreprenor.glokala.net\/2018-2019\/wp-content\/uploads\/2018\/09\/screen_bevakningsinst.png\" target=\"_blank\" rel=\"noreferrer noopener\">sk\u00e4rmbild<\/a>]<\/p>\n\n\n\n<p>Vill du f\u00e5 uppdateringar till din e-post om nya kommentarer p\u00e5 just dina inl\u00e4mnade uppgifter kan du v\u00e4lja att kryssa i &#8221;Meddela mig via mail vid svar&#8221; n\u00e4r du skapar din inl\u00e4mning. [<a href=\"https:\/\/samhallsentreprenor.glokala.net\/2018-2019\/wp-content\/uploads\/2018\/09\/screen_meddela_svar.png\" target=\"_blank\" rel=\"noreferrer noopener\">sk\u00e4rmbild<\/a>]<\/p>\n","protected":false},"excerpt":{"rendered":"<p>F\u00f6rsta steg: Att logga in: P\u00e5 startsidan finns det ett f\u00e4lt f\u00f6r att logga in med de uppgifter vi har skickat till din e-post. Om du inte hittar eller kommer ih\u00e5g ditt l\u00f6senord kan du f\u00e5 ett nytt h\u00e4r.Som inloggad f\u00e5r du ett f\u00e4lt i toppen av sidan med rubriker, till h\u00f6ger finns \u201dHej, [ditt [&hellip;]<\/p>\n","protected":false},"author":1,"featured_media":0,"parent":0,"menu_order":0,"comment_status":"open","ping_status":"closed","template":"","meta":{"_bbp_topic_count":0,"_bbp_reply_count":0,"_bbp_total_topic_count":0,"_bbp_total_reply_count":0,"_bbp_voice_count":0,"_bbp_anonymous_reply_count":0,"_bbp_topic_count_hidden":0,"_bbp_reply_count_hidden":0,"_bbp_forum_subforum_count":0,"jetpack_post_was_ever_published":false,"footnotes":""},"class_list":["post-140","page","type-page","status-publish","hentry"],"jetpack_sharing_enabled":true,"_links":{"self":[{"href":"https:\/\/samhallsentreprenor.glokala.net\/2019-2020\/wp-json\/wp\/v2\/pages\/140","targetHints":{"allow":["GET"]}}],"collection":[{"href":"https:\/\/samhallsentreprenor.glokala.net\/2019-2020\/wp-json\/wp\/v2\/pages"}],"about":[{"href":"https:\/\/samhallsentreprenor.glokala.net\/2019-2020\/wp-json\/wp\/v2\/types\/page"}],"author":[{"embeddable":true,"href":"https:\/\/samhallsentreprenor.glokala.net\/2019-2020\/wp-json\/wp\/v2\/users\/1"}],"replies":[{"embeddable":true,"href":"https:\/\/samhallsentreprenor.glokala.net\/2019-2020\/wp-json\/wp\/v2\/comments?post=140"}],"version-history":[{"count":0,"href":"https:\/\/samhallsentreprenor.glokala.net\/2019-2020\/wp-json\/wp\/v2\/pages\/140\/revisions"}],"wp:attachment":[{"href":"https:\/\/samhallsentreprenor.glokala.net\/2019-2020\/wp-json\/wp\/v2\/media?parent=140"}],"curies":[{"name":"wp","href":"https:\/\/api.w.org\/{rel}","templated":true}]}}